{"id":1012,"date":"2019-04-14T14:58:19","date_gmt":"2019-04-14T14:58:19","guid":{"rendered":"https:\/\/eventcenter.se\/kalmar\/?page_id=1012"},"modified":"2026-04-23T13:20:24","modified_gmt":"2026-04-23T11:20:24","slug":"oppettider","status":"publish","type":"page","link":"https:\/\/eventcenter.se\/kalmar\/oppettider\/","title":{"rendered":"\u00d6PPETTIDER"},"content":{"rendered":"<div class=\"wpb-content-wrapper\"><p>[vc_row full_width=&#8221;stretch_row&#8221; content_placement=&#8221;top&#8221; bg_type=&#8221;image&#8221; css=&#8221;.vc_custom_1558279211385{padding-top: 250px !important;padding-bottom: 250px !important;background-image: url(https:\/\/eventcenter.se\/kalmar\/wp-content\/uploads\/2019\/05\/Entre-1920-500.jpg?id=1966) !important;}&#8221; el_class=&#8221;vc_hidden-xs&#8221;][vc_column offset=&#8221;vc_hidden-xs&#8221;][\/vc_column][\/vc_row][vc_row full_width=&#8221;stretch_row_content&#8221; content_placement=&#8221;top&#8221; bg_type=&#8221;image&#8221; css=&#8221;.vc_custom_1555254140537{padding-top: 450px !important;padding-bottom: 0px !important;background-image: url(https:\/\/eventcenter.se\/kalmar\/wp-content\/uploads\/2019\/03\/Knock-world-384-1.jpg?id=724) !important;}&#8221; el_class=&#8221;vc_hidden-lg vc_hidden-md vc_hidden-sm&#8221;][vc_column offset=&#8221;vc_hidden-xs&#8221;][\/vc_column][\/vc_row][vc_row bg_type=&#8221;image&#8221; parallax_style=&#8221;vcpb-default&#8221; bg_image_new=&#8221;id^1247|url^https:\/\/eventcenter.se\/kalmar\/wp-content\/uploads\/2019\/04\/menu-bg5.jpg|caption^null|alt^Eventcenter V\u00e4xj\u00f6 Restaurang Bowling Boule Biljard Background Event Center Knock em Down Event Center V\u00e4xj\u00f6 Restaurang Bowling Boule Biljard Knock em Down|title^null|description^null&#8221; bg_image_size=&#8221;initial&#8221; css=&#8221;.vc_custom_1555499124648{margin-top: -40px !important;margin-right: 0px !important;margin-left: 0px !important;background-color: #ffffff !important;background-position: 0 0 !important;background-repeat: repeat !important;}&#8221; el_class=&#8221;pinklft shadow zindexed&#8221;][vc_column width=&#8221;2\/3&#8243; css=&#8221;.vc_custom_1555788892337{padding-top: 10px !important;padding-bottom: 0px !important;padding-left: 44px !important;}&#8221;][vc_column_text css=&#8221;.vc_custom_1776943221900{padding-top: 20px !important;}&#8221;]<\/p>\n<h1 style=\"text-align: left;\"><span style=\"color: #cca402;\"><strong>\u00d6ppettider<\/strong><\/span><\/h1>\n<p><strong>M\u00e5ndag st\u00e4ngt<\/strong><\/p>\n<p><strong>Tisdag 15.45-22<\/strong><\/p>\n<p><strong>Onsdag 15.45-23<\/strong><\/p>\n<p><strong>Torsdag 15.45-23<\/strong><\/p>\n<p><strong>Fredag 15.45-02<\/strong><\/p>\n<p><strong>L\u00f6rdag 12.30-02<\/strong><\/p>\n<p><strong>S\u00f6ndag st\u00e4ngt<\/strong><\/p>\n<p><em>Fr\u00e5n kl.21 \u00e5lder 18 \u00e5r.<\/em>[\/vc_column_text][vc_empty_space height=&#8221;20px&#8221;][\/vc_column][vc_column width=&#8221;1\/3&#8243; css=&#8221;.vc_custom_1555788886529{margin-left: 22px !important;padding-top: 17px !important;padding-right: 10px !important;padding-bottom: 25px !important;}&#8221;]<style type=\"text\/css\" data-type=\"the7_shortcodes-inline-css\">#default-btn-99d60b5fced3da80fd926f9cbdab5964 {\n  border-radius: 1px;\n  font-size: 14px;\n  line-height: 16px;\n}\n.btn-shadow#default-btn-99d60b5fced3da80fd926f9cbdab5964 {\n  box-shadow: 0 1px 6px rgba(0,0,0,0.12);\n  transition: box-shadow 0.2s ease-out, opacity 0.45s;\n}\n.btn-shadow#default-btn-99d60b5fced3da80fd926f9cbdab5964:hover {\n  box-shadow: 0 5px 11px 0 rgba(0,0,0,0.18), 0 4px 15px 0 rgba(0,0,0,0.15);\n}\n.btn-3d#default-btn-99d60b5fced3da80fd926f9cbdab5964 {\n  box-shadow: 0px 2px 0px 0px #816b10;\n}\n.btn-3d#default-btn-99d60b5fced3da80fd926f9cbdab5964:hover {\n  box-shadow: 0px 2px 0px 0px #816b10;\n}\n.btn-flat#default-btn-99d60b5fced3da80fd926f9cbdab5964 {\n  box-shadow: none;\n}\n.btn-flat#default-btn-99d60b5fced3da80fd926f9cbdab5964:hover {\n  box-shadow: none;\n}\n#default-btn-99d60b5fced3da80fd926f9cbdab5964.ico-right-side > i {\n  margin-right: 0px;\n  margin-left: 8px;\n}\n#default-btn-99d60b5fced3da80fd926f9cbdab5964 > i {\n  margin-right: 8px;\n  font-size: 14px;\n}\n#default-btn-99d60b5fced3da80fd926f9cbdab5964:not(:hover) {\n  border-width: 0px;\n  color: #000000;\n  background: #cca402 !important;\n  padding: 12px 18px 12px 18px;\n}\n#default-btn-99d60b5fced3da80fd926f9cbdab5964:not(:hover) * {\n  color: #000000;\n}\n#default-btn-99d60b5fced3da80fd926f9cbdab5964:hover {\n  border-width: 0px;\n  background: #cca402 !important;\n  padding: 12px 18px 12px 18px;\n}\n#default-btn-99d60b5fced3da80fd926f9cbdab5964.ico-right-side > i {\n  margin-right: 0px;\n  margin-left: 8px;\n}\n#default-btn-99d60b5fced3da80fd926f9cbdab5964 > i {\n  margin-right: 8px;\n}<\/style><a href=\"https:\/\/boka.bokad.se\/eventcenter-kalmar\" class=\"default-btn-shortcode dt-btn rubberBand animate-element animation-builder link-hover-off btn-inline-left btn-flat  vc_custom_1709285985706\" target=\"_blank\" id=\"default-btn-99d60b5fced3da80fd926f9cbdab5964\" style=\"width:265px;\" rel=\"noopener\"><span>Boka nu<\/span><\/a>[vc_column_text css=&#8221;.vc_custom_1709285877339{padding-top: 10px !important;}&#8221;]<strong><span style=\"color: #999999;\">Kontakta oss via 0480-444230 <\/span><a href=\"mailto:kalmar@eventcenter.se\"><span style=\"color: #999999;\">kalmar@eventcenter.se<\/span><\/a><\/strong>[\/vc_column_text][vc_empty_space height=&#8221;20px&#8221;][vc_column_text css=&#8221;.vc_custom_1724935061421{padding-top: 5px !important;}&#8221;]<span style=\"color: #999999;\">Norra l\u00e5nggatan 9, <\/span><span style=\"color: #999999;\">392 32 Kalmar<\/span>[\/vc_column_text][\/vc_column][\/vc_row][vc_row disable_element=&#8221;yes&#8221; el_class=&#8221;teaserbx vc_hidden-lg vc_hidden-md vc_hidden-sm&#8221;][vc_column width=&#8221;1\/2&#8243;][\/vc_column][\/vc_row][vc_row][vc_column][\/vc_column][\/vc_row]<\/p>\n<\/div>","protected":false},"excerpt":{"rendered":"<p>[vc_row full_width=&#8221;stretch_row&#8221; content_placement=&#8221;top&#8221; bg_type=&#8221;image&#8221; css=&#8221;.vc_custom_1558279211385{padding-top: 250px !important;padding-bottom: 250px !important;background-image: url(https:\/\/eventcenter.se\/kalmar\/wp-content\/uploads\/2019\/05\/Entre-1920-500.jpg?id=1966) !important;}&#8221; el_class=&#8221;vc_hidden-xs&#8221;][vc_column offset=&#8221;vc_hidden-xs&#8221;][\/vc_column][\/vc_row][vc_row full_width=&#8221;stretch_row_content&#8221; content_placement=&#8221;top&#8221; bg_type=&#8221;image&#8221; css=&#8221;.vc_custom_1555254140537{padding-top: 450px !important;padding-bottom: 0px !important;background-image: url(https:\/\/eventcenter.se\/kalmar\/wp-content\/uploads\/2019\/03\/Knock-world-384-1.jpg?id=724) !important;}&#8221; el_class=&#8221;vc_hidden-lg vc_hidden-md vc_hidden-sm&#8221;][vc_column offset=&#8221;vc_hidden-xs&#8221;][\/vc_column][\/vc_row][vc_row bg_type=&#8221;image&#8221; parallax_style=&#8221;vcpb-default&#8221; bg_image_new=&#8221;id^1247|url^https:\/\/eventcenter.se\/kalmar\/wp-content\/uploads\/2019\/04\/menu-bg5.jpg|caption^null|alt^Eventcenter V\u00e4xj\u00f6 Restaurang Bowling Boule Biljard Background Event Center Knock em Down Event Center V\u00e4xj\u00f6 Restaurang Bowling Boule Biljard Knock em Down|title^null|description^null&#8221; bg_image_size=&#8221;initial&#8221; css=&#8221;.vc_custom_1555499124648{margin-top: -40px !important;margin-right:&hellip;<\/p>\n","protected":false},"author":3,"featured_media":0,"parent":0,"menu_order":0,"comment_status":"closed","ping_status":"closed","template":"","meta":{"footnotes":""},"class_list":["post-1012","page","type-page","status-publish","hentry","description-off"],"yoast_head":"<!-- This site is optimized with the Yoast SEO plugin v27.2 - https:\/\/yoast.com\/product\/yoast-seo-wordpress\/ -->\n<title>\u00d6PPETTIDER KALMAR - Knock &#039;em Down - Upplevelser i v\u00e4rldsklass<\/title>\n<meta name=\"description\" content=\"H\u00e4r hittar du \u00f6ppettider och kontaktuppgifter till Event Center Knock &#039;em Down i Kalmar. Hj\u00e4rtligt v\u00e4lkommen att kontakta oss.\" \/>\n<meta name=\"robots\" content=\"index, follow, max-snippet:-1, max-image-preview:large, max-video-preview:-1\" \/>\n<link rel=\"canonical\" href=\"https:\/\/eventcenter.se\/kalmar\/oppettider\/\" \/>\n<meta property=\"og:locale\" content=\"sv_SE\" \/>\n<meta property=\"og:type\" content=\"article\" \/>\n<meta property=\"og:title\" content=\"\u00d6PPETTIDER KALMAR - Knock &#039;em Down - Upplevelser i v\u00e4rldsklass\" \/>\n<meta property=\"og:description\" content=\"H\u00e4r hittar du \u00f6ppettider och kontaktuppgifter till Event Center Knock &#039;em Down i Kalmar. Hj\u00e4rtligt v\u00e4lkommen att kontakta oss.\" \/>\n<meta property=\"og:url\" content=\"https:\/\/eventcenter.se\/kalmar\/oppettider\/\" \/>\n<meta property=\"og:site_name\" content=\"Event Center Knock &#039;em Down\" \/>\n<meta property=\"article:modified_time\" content=\"2026-04-23T11:20:24+00:00\" \/>\n<meta name=\"twitter:card\" content=\"summary_large_image\" \/>\n<meta name=\"twitter:label1\" content=\"Ber\u00e4knad l\u00e4stid\" \/>\n\t<meta name=\"twitter:data1\" content=\"1 minut\" \/>\n<script type=\"application\/ld+json\" class=\"yoast-schema-graph\">{\"@context\":\"https:\/\/schema.org\",\"@graph\":[{\"@type\":\"WebPage\",\"@id\":\"https:\/\/eventcenter.se\/kalmar\/oppettider\/\",\"url\":\"https:\/\/eventcenter.se\/kalmar\/oppettider\/\",\"name\":\"\u00d6PPETTIDER KALMAR - Knock 'em Down - Upplevelser i v\u00e4rldsklass\",\"isPartOf\":{\"@id\":\"https:\/\/eventcenter.se\/kalmar\/#website\"},\"datePublished\":\"2019-04-14T14:58:19+00:00\",\"dateModified\":\"2026-04-23T11:20:24+00:00\",\"description\":\"H\u00e4r hittar du \u00f6ppettider och kontaktuppgifter till Event Center Knock 'em Down i Kalmar. Hj\u00e4rtligt v\u00e4lkommen att kontakta oss.\",\"breadcrumb\":{\"@id\":\"https:\/\/eventcenter.se\/kalmar\/oppettider\/#breadcrumb\"},\"inLanguage\":\"sv-SE\",\"potentialAction\":[{\"@type\":\"ReadAction\",\"target\":[\"https:\/\/eventcenter.se\/kalmar\/oppettider\/\"]}]},{\"@type\":\"BreadcrumbList\",\"@id\":\"https:\/\/eventcenter.se\/kalmar\/oppettider\/#breadcrumb\",\"itemListElement\":[{\"@type\":\"ListItem\",\"position\":1,\"name\":\"Home\",\"item\":\"https:\/\/eventcenter.se\/kalmar\/\"},{\"@type\":\"ListItem\",\"position\":2,\"name\":\"\u00d6PPETTIDER\"}]},{\"@type\":\"WebSite\",\"@id\":\"https:\/\/eventcenter.se\/kalmar\/#website\",\"url\":\"https:\/\/eventcenter.se\/kalmar\/\",\"name\":\"Event Center Knock 'em Down\",\"description\":\"Aktiviteter i v\u00c3\u00a4rldsklass\",\"potentialAction\":[{\"@type\":\"SearchAction\",\"target\":{\"@type\":\"EntryPoint\",\"urlTemplate\":\"https:\/\/eventcenter.se\/kalmar\/?s={search_term_string}\"},\"query-input\":{\"@type\":\"PropertyValueSpecification\",\"valueRequired\":true,\"valueName\":\"search_term_string\"}}],\"inLanguage\":\"sv-SE\"}]}<\/script>\n<!-- \/ Yoast SEO plugin. -->","yoast_head_json":{"title":"\u00d6PPETTIDER KALMAR - Knock 'em Down - Upplevelser i v\u00e4rldsklass","description":"H\u00e4r hittar du \u00f6ppettider och kontaktuppgifter till Event Center Knock 'em Down i Kalmar. Hj\u00e4rtligt v\u00e4lkommen att kontakta oss.","robots":{"index":"index","follow":"follow","max-snippet":"max-snippet:-1","max-image-preview":"max-image-preview:large","max-video-preview":"max-video-preview:-1"},"canonical":"https:\/\/eventcenter.se\/kalmar\/oppettider\/","og_locale":"sv_SE","og_type":"article","og_title":"\u00d6PPETTIDER KALMAR - Knock 'em Down - Upplevelser i v\u00e4rldsklass","og_description":"H\u00e4r hittar du \u00f6ppettider och kontaktuppgifter till Event Center Knock 'em Down i Kalmar. Hj\u00e4rtligt v\u00e4lkommen att kontakta oss.","og_url":"https:\/\/eventcenter.se\/kalmar\/oppettider\/","og_site_name":"Event Center Knock &#039;em Down","article_modified_time":"2026-04-23T11:20:24+00:00","twitter_card":"summary_large_image","twitter_misc":{"Ber\u00e4knad l\u00e4stid":"1 minut"},"schema":{"@context":"https:\/\/schema.org","@graph":[{"@type":"WebPage","@id":"https:\/\/eventcenter.se\/kalmar\/oppettider\/","url":"https:\/\/eventcenter.se\/kalmar\/oppettider\/","name":"\u00d6PPETTIDER KALMAR - Knock 'em Down - Upplevelser i v\u00e4rldsklass","isPartOf":{"@id":"https:\/\/eventcenter.se\/kalmar\/#website"},"datePublished":"2019-04-14T14:58:19+00:00","dateModified":"2026-04-23T11:20:24+00:00","description":"H\u00e4r hittar du \u00f6ppettider och kontaktuppgifter till Event Center Knock 'em Down i Kalmar. Hj\u00e4rtligt v\u00e4lkommen att kontakta oss.","breadcrumb":{"@id":"https:\/\/eventcenter.se\/kalmar\/oppettider\/#breadcrumb"},"inLanguage":"sv-SE","potentialAction":[{"@type":"ReadAction","target":["https:\/\/eventcenter.se\/kalmar\/oppettider\/"]}]},{"@type":"BreadcrumbList","@id":"https:\/\/eventcenter.se\/kalmar\/oppettider\/#breadcrumb","itemListElement":[{"@type":"ListItem","position":1,"name":"Home","item":"https:\/\/eventcenter.se\/kalmar\/"},{"@type":"ListItem","position":2,"name":"\u00d6PPETTIDER"}]},{"@type":"WebSite","@id":"https:\/\/eventcenter.se\/kalmar\/#website","url":"https:\/\/eventcenter.se\/kalmar\/","name":"Event Center Knock 'em Down","description":"Aktiviteter i v\u00c3\u00a4rldsklass","potentialAction":[{"@type":"SearchAction","target":{"@type":"EntryPoint","urlTemplate":"https:\/\/eventcenter.se\/kalmar\/?s={search_term_string}"},"query-input":{"@type":"PropertyValueSpecification","valueRequired":true,"valueName":"search_term_string"}}],"inLanguage":"sv-SE"}]}},"_links":{"self":[{"href":"https:\/\/eventcenter.se\/kalmar\/wp-json\/wp\/v2\/pages\/1012","targetHints":{"allow":["GET"]}}],"collection":[{"href":"https:\/\/eventcenter.se\/kalmar\/wp-json\/wp\/v2\/pages"}],"about":[{"href":"https:\/\/eventcenter.se\/kalmar\/wp-json\/wp\/v2\/types\/page"}],"author":[{"embeddable":true,"href":"https:\/\/eventcenter.se\/kalmar\/wp-json\/wp\/v2\/users\/3"}],"replies":[{"embeddable":true,"href":"https:\/\/eventcenter.se\/kalmar\/wp-json\/wp\/v2\/comments?post=1012"}],"version-history":[{"count":144,"href":"https:\/\/eventcenter.se\/kalmar\/wp-json\/wp\/v2\/pages\/1012\/revisions"}],"predecessor-version":[{"id":5981,"href":"https:\/\/eventcenter.se\/kalmar\/wp-json\/wp\/v2\/pages\/1012\/revisions\/5981"}],"wp:attachment":[{"href":"https:\/\/eventcenter.se\/kalmar\/wp-json\/wp\/v2\/media?parent=1012"}],"curies":[{"name":"wp","href":"https:\/\/api.w.org\/{rel}","templated":true}]}}