{"id":1101,"date":"2019-04-15T07:47:20","date_gmt":"2019-04-15T07:47:20","guid":{"rendered":"https:\/\/eventcenter.se\/kalmar\/?page_id=1101"},"modified":"2024-10-18T16:19:39","modified_gmt":"2024-10-18T14:19:39","slug":"arkad","status":"publish","type":"page","link":"https:\/\/eventcenter.se\/kalmar\/arkad\/","title":{"rendered":"ARKAD"},"content":{"rendered":"<div class=\"wpb-content-wrapper\"><p>[vc_row full_width=&#8221;stretch_row&#8221; content_placement=&#8221;top&#8221; bg_type=&#8221;image&#8221; css=&#8221;.vc_custom_1556651733757{padding-top: 250px !important;padding-bottom: 250px !important;background-image: url(https:\/\/eventcenter.se\/kalmar\/wp-content\/uploads\/2019\/04\/Arcade-1920-500.jpg?id=1610) !important;}&#8221; el_class=&#8221;vc_hidden-xs&#8221;][vc_column offset=&#8221;vc_hidden-xs&#8221;][\/vc_column][\/vc_row][vc_row full_width=&#8221;stretch_row_content&#8221; content_placement=&#8221;top&#8221; bg_type=&#8221;image&#8221; css=&#8221;.vc_custom_1556651851057{padding-top: 450px !important;padding-bottom: 0px !important;background-image: url(https:\/\/eventcenter.se\/kalmar\/wp-content\/uploads\/2019\/04\/Arcade-800-1185.jpg?id=1611) !important;}&#8221; el_class=&#8221;vc_hidden-lg vc_hidden-md vc_hidden-sm&#8221;][vc_column offset=&#8221;vc_hidden-xs&#8221;][\/vc_column][\/vc_row][vc_row bg_type=&#8221;image&#8221; parallax_style=&#8221;vcpb-default&#8221; bg_image_new=&#8221;id^1247|url^https:\/\/eventcenter.se\/kalmar\/wp-content\/uploads\/2019\/04\/menu-bg5.jpg|caption^Event Center Knock em Down V\u00e4xj\u00f6 Restaurang Bowling Boule Biljard Background Event Center V\u00e4xj\u00f6 Restaurang Bowling Boule Biljard Knock em Down|alt^Event Center Knock em Down V\u00e4xj\u00f6 Restaurang Bowling Boule Biljard Background Event Center V\u00e4xj\u00f6 Restaurang Bowling Boule Biljard Knock em Down The Challenge 3-kamp eventcenter|title^Event Center Knock em Down V\u00e4xj\u00f6 Restaurang Bowling Boule Biljard Background Event Center V\u00e4xj\u00f6 Restaurang Bowling Boule Biljard Knock em Down|description^Event Center Knock em Down V\u00e4xj\u00f6 Restaurang Bowling Boule Biljard Background Event Center V\u00e4xj\u00f6 Restaurang Bowling Boule Biljard Knock em Down&#8221; bg_image_size=&#8221;initial&#8221; css=&#8221;.vc_custom_1555772706212{margin-top: -40px !important;margin-right: 0px !important;margin-left: 0px !important;background-color: #ffffff !important;background-position: 0 0 !important;background-repeat: repeat !important;}&#8221; el_class=&#8221;pinklft shadow zindexed&#8221;][vc_column width=&#8221;2\/3&#8243; css=&#8221;.vc_custom_1554197063644{padding-top: 10px !important;padding-bottom: 0px !important;padding-left: 44px !important;}&#8221;][vc_column_text css=&#8221;.vc_custom_1729261176083{padding-top: 10px !important;}&#8221;]<\/p>\n<h1><span style=\"color: #cca402;\"><strong>Arkadspel i Kalmar<\/strong><\/span><\/h1>\n<p><strong>Du kanske gillar arkadspel, basket, airhockey, quiz eller andra spel? Kom f\u00f6rbi p\u00e5 en l\u00e4ttsam stund bland alla v\u00e5ra spel.<\/strong><\/p>\n<p><img loading=\"lazy\" decoding=\"async\" class=\"alignnone wp-image-5681 size-medium\" src=\"https:\/\/eventcenter.se\/kalmar\/wp-content\/uploads\/2024\/10\/Arkad-Kalmar-300x300.jpg\" alt=\"Arkad Kalmar\" width=\"300\" height=\"300\" srcset=\"https:\/\/eventcenter.se\/kalmar\/wp-content\/uploads\/2024\/10\/Arkad-Kalmar-300x300.jpg 300w, https:\/\/eventcenter.se\/kalmar\/wp-content\/uploads\/2024\/10\/Arkad-Kalmar-150x150.jpg 150w, https:\/\/eventcenter.se\/kalmar\/wp-content\/uploads\/2024\/10\/Arkad-Kalmar.jpg 384w\" sizes=\"auto, (max-width: 300px) 100vw, 300px\" \/><\/p>\n<p><em class=\"photoswipe-wrapper\">Event Center Knock \u2019em Down \u00e4r Kalmars Event- &amp; N\u00f6jescenter. Kombinera g\u00e4rna din tid med <a href=\"https:\/\/eventcenter.se\/kalmar\/restaurang\/\">mat<\/a>,\u00a0<a href=\"https:\/\/eventcenter.se\/kalmar\/aktiviteter\/\">fler aktiviteter<\/a>\u00a0och\u00a0<a href=\"https:\/\/eventcenter.se\/kalmar\/familjepaket\/\">kamper &amp; paket<\/a>\u00a0som \u00e4r specialdesignade f\u00f6r att ge dig och ditt s\u00e4llskap de b\u00e4sta upplevelserna.<\/em>[\/vc_column_text][vc_empty_space height=&#8221;10px&#8221;][\/vc_column][vc_column width=&#8221;1\/3&#8243; css=&#8221;.vc_custom_1555772716730{margin-left: 22px !important;padding-top: 17px !important;padding-right: 10px !important;padding-bottom: 25px !important;}&#8221;][vc_column_text css=&#8221;.vc_custom_1709286133056{padding-top: 10px !important;}&#8221;]<span style=\"color: #999999;\">Kontakta oss via <strong>0480-444230 <\/strong><\/span><strong><a href=\"mailto:kalmar@eventcenter.se\"><span style=\"color: #999999;\">kalmar@eventcenter.se<\/span><\/a><\/strong>[\/vc_column_text][vc_empty_space height=&#8221;20px&#8221;][vc_single_image image=&#8221;1647&#8243; img_size=&#8221;full&#8221; css=&#8221;.vc_custom_1558083345435{padding-right: 50px !important;}&#8221; image_hovers=&#8221;false&#8221;][\/vc_column][\/vc_row][vc_row disable_element=&#8221;yes&#8221; el_class=&#8221;teaserbx vc_hidden-lg vc_hidden-md vc_hidden-sm&#8221;][vc_column width=&#8221;1\/2&#8243;][\/vc_column][\/vc_row][vc_row][vc_column][vc_empty_space height=&#8221;00px&#8221;][\/vc_column][\/vc_row]<\/p>\n<\/div>","protected":false},"excerpt":{"rendered":"<p>[vc_row full_width=&#8221;stretch_row&#8221; content_placement=&#8221;top&#8221; bg_type=&#8221;image&#8221; css=&#8221;.vc_custom_1556651733757{padding-top: 250px !important;padding-bottom: 250px !important;background-image: url(https:\/\/eventcenter.se\/kalmar\/wp-content\/uploads\/2019\/04\/Arcade-1920-500.jpg?id=1610) !important;}&#8221; el_class=&#8221;vc_hidden-xs&#8221;][vc_column offset=&#8221;vc_hidden-xs&#8221;][\/vc_column][\/vc_row][vc_row full_width=&#8221;stretch_row_content&#8221; content_placement=&#8221;top&#8221; bg_type=&#8221;image&#8221; css=&#8221;.vc_custom_1556651851057{padding-top: 450px !important;padding-bottom: 0px !important;background-image: url(https:\/\/eventcenter.se\/kalmar\/wp-content\/uploads\/2019\/04\/Arcade-800-1185.jpg?id=1611) !important;}&#8221; el_class=&#8221;vc_hidden-lg vc_hidden-md vc_hidden-sm&#8221;][vc_column offset=&#8221;vc_hidden-xs&#8221;][\/vc_column][\/vc_row][vc_row bg_type=&#8221;image&#8221; parallax_style=&#8221;vcpb-default&#8221; bg_image_new=&#8221;id^1247|url^https:\/\/eventcenter.se\/kalmar\/wp-content\/uploads\/2019\/04\/menu-bg5.jpg|caption^Event Center Knock em Down V\u00e4xj\u00f6 Restaurang Bowling Boule Biljard Background Event Center V\u00e4xj\u00f6 Restaurang Bowling Boule Biljard Knock em Down|alt^Event Center Knock em Down V\u00e4xj\u00f6&hellip;<\/p>\n","protected":false},"author":3,"featured_media":0,"parent":0,"menu_order":0,"comment_status":"closed","ping_status":"closed","template":"","meta":{"footnotes":""},"class_list":["post-1101","page","type-page","status-publish","hentry","description-off"],"yoast_head":"<!-- This site is optimized with the Yoast SEO plugin v27.2 - https:\/\/yoast.com\/product\/yoast-seo-wordpress\/ -->\n<title>ARKAD KALMAR - Knock &#039;em Down - Upplevelser i v\u00c3\u00a4rldsklass<\/title>\n<meta name=\"description\" content=\"Arkadspel i Kalmar och m\u00c3\u00a4ngder av m\u00c3\u00b6jligheter. Arkad, basket, airhockey, dart eller s\u00c3\u00a4llskapsspel, vad gillar ditt s\u00c3\u00a4llskap?\" \/>\n<meta name=\"robots\" content=\"index, follow, max-snippet:-1, max-image-preview:large, max-video-preview:-1\" \/>\n<link rel=\"canonical\" href=\"https:\/\/eventcenter.se\/kalmar\/arkad\/\" \/>\n<meta property=\"og:locale\" content=\"sv_SE\" \/>\n<meta property=\"og:type\" content=\"article\" \/>\n<meta property=\"og:title\" content=\"ARKAD KALMAR - Knock &#039;em Down - Upplevelser i v\u00c3\u00a4rldsklass\" \/>\n<meta property=\"og:description\" content=\"Arkadspel i Kalmar och m\u00c3\u00a4ngder av m\u00c3\u00b6jligheter. Arkad, basket, airhockey, dart eller s\u00c3\u00a4llskapsspel, vad gillar ditt s\u00c3\u00a4llskap?\" \/>\n<meta property=\"og:url\" content=\"https:\/\/eventcenter.se\/kalmar\/arkad\/\" \/>\n<meta property=\"og:site_name\" content=\"Event Center Knock &#039;em Down\" \/>\n<meta property=\"article:modified_time\" content=\"2024-10-18T14:19:39+00:00\" \/>\n<meta property=\"og:image\" content=\"https:\/\/eventcenter.se\/kalmar\/wp-content\/uploads\/2024\/10\/Arkad-Kalmar-300x300.jpg\" \/>\n<meta name=\"twitter:card\" content=\"summary_large_image\" \/>\n<meta name=\"twitter:label1\" content=\"Ber\u00e4knad l\u00e4stid\" \/>\n\t<meta name=\"twitter:data1\" content=\"2 minuter\" \/>\n<script type=\"application\/ld+json\" class=\"yoast-schema-graph\">{\"@context\":\"https:\/\/schema.org\",\"@graph\":[{\"@type\":\"WebPage\",\"@id\":\"https:\/\/eventcenter.se\/kalmar\/arkad\/\",\"url\":\"https:\/\/eventcenter.se\/kalmar\/arkad\/\",\"name\":\"ARKAD KALMAR - Knock 'em Down - Upplevelser i v\u00c3\u00a4rldsklass\",\"isPartOf\":{\"@id\":\"https:\/\/eventcenter.se\/kalmar\/#website\"},\"primaryImageOfPage\":{\"@id\":\"https:\/\/eventcenter.se\/kalmar\/arkad\/#primaryimage\"},\"image\":{\"@id\":\"https:\/\/eventcenter.se\/kalmar\/arkad\/#primaryimage\"},\"thumbnailUrl\":\"https:\/\/eventcenter.se\/kalmar\/wp-content\/uploads\/2024\/10\/Arkad-Kalmar-300x300.jpg\",\"datePublished\":\"2019-04-15T07:47:20+00:00\",\"dateModified\":\"2024-10-18T14:19:39+00:00\",\"description\":\"Arkadspel i Kalmar och m\u00c3\u00a4ngder av m\u00c3\u00b6jligheter. Arkad, basket, airhockey, dart eller s\u00c3\u00a4llskapsspel, vad gillar ditt s\u00c3\u00a4llskap?\",\"breadcrumb\":{\"@id\":\"https:\/\/eventcenter.se\/kalmar\/arkad\/#breadcrumb\"},\"inLanguage\":\"sv-SE\",\"potentialAction\":[{\"@type\":\"ReadAction\",\"target\":[\"https:\/\/eventcenter.se\/kalmar\/arkad\/\"]}]},{\"@type\":\"ImageObject\",\"inLanguage\":\"sv-SE\",\"@id\":\"https:\/\/eventcenter.se\/kalmar\/arkad\/#primaryimage\",\"url\":\"https:\/\/eventcenter.se\/kalmar\/wp-content\/uploads\/2024\/10\/Arkad-Kalmar.jpg\",\"contentUrl\":\"https:\/\/eventcenter.se\/kalmar\/wp-content\/uploads\/2024\/10\/Arkad-Kalmar.jpg\",\"width\":384,\"height\":384,\"caption\":\"Arkad Kalmar\"},{\"@type\":\"BreadcrumbList\",\"@id\":\"https:\/\/eventcenter.se\/kalmar\/arkad\/#breadcrumb\",\"itemListElement\":[{\"@type\":\"ListItem\",\"position\":1,\"name\":\"Home\",\"item\":\"https:\/\/eventcenter.se\/kalmar\/\"},{\"@type\":\"ListItem\",\"position\":2,\"name\":\"ARKAD\"}]},{\"@type\":\"WebSite\",\"@id\":\"https:\/\/eventcenter.se\/kalmar\/#website\",\"url\":\"https:\/\/eventcenter.se\/kalmar\/\",\"name\":\"Event Center Knock 'em Down\",\"description\":\"Aktiviteter i v\u00c3\u00a4rldsklass\",\"potentialAction\":[{\"@type\":\"SearchAction\",\"target\":{\"@type\":\"EntryPoint\",\"urlTemplate\":\"https:\/\/eventcenter.se\/kalmar\/?s={search_term_string}\"},\"query-input\":{\"@type\":\"PropertyValueSpecification\",\"valueRequired\":true,\"valueName\":\"search_term_string\"}}],\"inLanguage\":\"sv-SE\"}]}<\/script>\n<!-- \/ Yoast SEO plugin. -->","yoast_head_json":{"title":"ARKAD KALMAR - Knock 'em Down - Upplevelser i v\u00c3\u00a4rldsklass","description":"Arkadspel i Kalmar och m\u00c3\u00a4ngder av m\u00c3\u00b6jligheter. Arkad, basket, airhockey, dart eller s\u00c3\u00a4llskapsspel, vad gillar ditt s\u00c3\u00a4llskap?","robots":{"index":"index","follow":"follow","max-snippet":"max-snippet:-1","max-image-preview":"max-image-preview:large","max-video-preview":"max-video-preview:-1"},"canonical":"https:\/\/eventcenter.se\/kalmar\/arkad\/","og_locale":"sv_SE","og_type":"article","og_title":"ARKAD KALMAR - Knock 'em Down - Upplevelser i v\u00c3\u00a4rldsklass","og_description":"Arkadspel i Kalmar och m\u00c3\u00a4ngder av m\u00c3\u00b6jligheter. Arkad, basket, airhockey, dart eller s\u00c3\u00a4llskapsspel, vad gillar ditt s\u00c3\u00a4llskap?","og_url":"https:\/\/eventcenter.se\/kalmar\/arkad\/","og_site_name":"Event Center Knock &#039;em Down","article_modified_time":"2024-10-18T14:19:39+00:00","og_image":[{"url":"https:\/\/eventcenter.se\/kalmar\/wp-content\/uploads\/2024\/10\/Arkad-Kalmar-300x300.jpg","type":"","width":"","height":""}],"twitter_card":"summary_large_image","twitter_misc":{"Ber\u00e4knad l\u00e4stid":"2 minuter"},"schema":{"@context":"https:\/\/schema.org","@graph":[{"@type":"WebPage","@id":"https:\/\/eventcenter.se\/kalmar\/arkad\/","url":"https:\/\/eventcenter.se\/kalmar\/arkad\/","name":"ARKAD KALMAR - Knock 'em Down - Upplevelser i v\u00c3\u00a4rldsklass","isPartOf":{"@id":"https:\/\/eventcenter.se\/kalmar\/#website"},"primaryImageOfPage":{"@id":"https:\/\/eventcenter.se\/kalmar\/arkad\/#primaryimage"},"image":{"@id":"https:\/\/eventcenter.se\/kalmar\/arkad\/#primaryimage"},"thumbnailUrl":"https:\/\/eventcenter.se\/kalmar\/wp-content\/uploads\/2024\/10\/Arkad-Kalmar-300x300.jpg","datePublished":"2019-04-15T07:47:20+00:00","dateModified":"2024-10-18T14:19:39+00:00","description":"Arkadspel i Kalmar och m\u00c3\u00a4ngder av m\u00c3\u00b6jligheter. Arkad, basket, airhockey, dart eller s\u00c3\u00a4llskapsspel, vad gillar ditt s\u00c3\u00a4llskap?","breadcrumb":{"@id":"https:\/\/eventcenter.se\/kalmar\/arkad\/#breadcrumb"},"inLanguage":"sv-SE","potentialAction":[{"@type":"ReadAction","target":["https:\/\/eventcenter.se\/kalmar\/arkad\/"]}]},{"@type":"ImageObject","inLanguage":"sv-SE","@id":"https:\/\/eventcenter.se\/kalmar\/arkad\/#primaryimage","url":"https:\/\/eventcenter.se\/kalmar\/wp-content\/uploads\/2024\/10\/Arkad-Kalmar.jpg","contentUrl":"https:\/\/eventcenter.se\/kalmar\/wp-content\/uploads\/2024\/10\/Arkad-Kalmar.jpg","width":384,"height":384,"caption":"Arkad Kalmar"},{"@type":"BreadcrumbList","@id":"https:\/\/eventcenter.se\/kalmar\/arkad\/#breadcrumb","itemListElement":[{"@type":"ListItem","position":1,"name":"Home","item":"https:\/\/eventcenter.se\/kalmar\/"},{"@type":"ListItem","position":2,"name":"ARKAD"}]},{"@type":"WebSite","@id":"https:\/\/eventcenter.se\/kalmar\/#website","url":"https:\/\/eventcenter.se\/kalmar\/","name":"Event Center Knock 'em Down","description":"Aktiviteter i v\u00c3\u00a4rldsklass","potentialAction":[{"@type":"SearchAction","target":{"@type":"EntryPoint","urlTemplate":"https:\/\/eventcenter.se\/kalmar\/?s={search_term_string}"},"query-input":{"@type":"PropertyValueSpecification","valueRequired":true,"valueName":"search_term_string"}}],"inLanguage":"sv-SE"}]}},"_links":{"self":[{"href":"https:\/\/eventcenter.se\/kalmar\/wp-json\/wp\/v2\/pages\/1101","targetHints":{"allow":["GET"]}}],"collection":[{"href":"https:\/\/eventcenter.se\/kalmar\/wp-json\/wp\/v2\/pages"}],"about":[{"href":"https:\/\/eventcenter.se\/kalmar\/wp-json\/wp\/v2\/types\/page"}],"author":[{"embeddable":true,"href":"https:\/\/eventcenter.se\/kalmar\/wp-json\/wp\/v2\/users\/3"}],"replies":[{"embeddable":true,"href":"https:\/\/eventcenter.se\/kalmar\/wp-json\/wp\/v2\/comments?post=1101"}],"version-history":[{"count":15,"href":"https:\/\/eventcenter.se\/kalmar\/wp-json\/wp\/v2\/pages\/1101\/revisions"}],"predecessor-version":[{"id":5684,"href":"https:\/\/eventcenter.se\/kalmar\/wp-json\/wp\/v2\/pages\/1101\/revisions\/5684"}],"wp:attachment":[{"href":"https:\/\/eventcenter.se\/kalmar\/wp-json\/wp\/v2\/media?parent=1101"}],"curies":[{"name":"wp","href":"https:\/\/api.w.org\/{rel}","templated":true}]}}