{"id":4343,"date":"2022-03-31T15:17:11","date_gmt":"2022-03-31T13:17:11","guid":{"rendered":"https:\/\/eventcenter.se\/kalmar\/?page_id=4343"},"modified":"2026-01-02T16:28:51","modified_gmt":"2026-01-02T15:28:51","slug":"superkampen","status":"publish","type":"page","link":"https:\/\/eventcenter.se\/kalmar\/superkampen\/","title":{"rendered":"SUPERKAMP"},"content":{"rendered":"<div class=\"wpb-content-wrapper\"><p>[vc_row full_width=&#8221;stretch_row&#8221; content_placement=&#8221;top&#8221; bg_type=&#8221;image&#8221; css=&#8221;.vc_custom_1648732756424{padding-top: 250px !important;padding-bottom: 250px !important;background-image: url(https:\/\/eventcenter.se\/kalmar\/wp-content\/uploads\/2022\/03\/Shuffleboard.jpg?id=4345) !important;}&#8221; el_class=&#8221;vc_hidden-xs&#8221;][vc_column offset=&#8221;vc_hidden-xs&#8221;][\/vc_column][\/vc_row][vc_row full_width=&#8221;stretch_row_content&#8221; content_placement=&#8221;top&#8221; bg_type=&#8221;image&#8221; css=&#8221;.vc_custom_1648732560496{padding-top: 450px !important;padding-bottom: 0px !important;background-image: url(https:\/\/eventcenter.se\/kalmar\/wp-content\/uploads\/2022\/03\/Shuffle-Norr-800-1185.jpg?id=4344) !important;}&#8221; el_class=&#8221;vc_hidden-lg vc_hidden-md vc_hidden-sm&#8221;][vc_column offset=&#8221;vc_hidden-xs&#8221;][\/vc_column][\/vc_row][vc_row bg_type=&#8221;image&#8221; parallax_style=&#8221;vcpb-default&#8221; bg_image_new=&#8221;id^1247|url^https:\/\/eventcenter.se\/kalmar\/wp-content\/uploads\/2019\/04\/menu-bg5.jpg|caption^null|alt^Eventcenter V\u00e4xj\u00f6 Restaurang Bowling Boule Biljard Background Event Center Knock em Down Event Center V\u00e4xj\u00f6 Restaurang Bowling Boule Biljard Knock em Down|title^null|description^null&#8221; bg_image_repeat=&#8221;repeat-y&#8221; bg_image_size=&#8221;initial&#8221; css=&#8221;.vc_custom_1555494843390{margin-top: -40px !important;margin-right: 0px !important;margin-left: 0px !important;background-color: #ffffff !important;}&#8221; el_class=&#8221;pinklft shadow zindexed&#8221;][vc_column width=&#8221;2\/3&#8243; css=&#8221;.vc_custom_1554197063644{padding-top: 10px !important;padding-bottom: 0px !important;padding-left: 44px !important;}&#8221;][vc_column_text css=&#8221;.vc_custom_1767367728850{padding-top: 15px !important;}&#8221;]<\/p>\n<h1><span style=\"color: #cca402;\"><strong>Superkampen<\/strong><\/span><\/h1>\n<p><strong>Det st\u00f6rsta och mest uppskattade paketet f\u00f6r f\u00f6retag och stora s\u00e4llskap.<\/strong><\/p>\n<p><a href=\"https:\/\/popupvaxjo\/\"><img loading=\"lazy\" decoding=\"async\" class=\"alignnone wp-image-4527\" src=\"https:\/\/eventcenter.se\/kalmar\/wp-content\/uploads\/2022\/10\/Boka.jpg\" alt=\"Boka\" width=\"200\" height=\"52\" srcset=\"https:\/\/eventcenter.se\/kalmar\/wp-content\/uploads\/2022\/10\/Boka.jpg 384w, https:\/\/eventcenter.se\/kalmar\/wp-content\/uploads\/2022\/10\/Boka-300x78.jpg 300w\" sizes=\"auto, (max-width: 200px) 100vw, 200px\" \/><\/a><\/p>\n<p>V\u00e5ra aktivitetsv\u00e4rdar tar hand om er genom kv\u00e4llen och bjuder p\u00e5 de mest utmanande aktiviteterna. Vinn \u00f6ver kollegorna i <a href=\"https:\/\/eventcenter.se\/kalmar\/the-challenge-vaxjo\/\">The Challenge<\/a>, <a href=\"https:\/\/eventcenter.se\/kalmar\/lasergame-vr\/\">VR-arena<\/a> och <a href=\"https:\/\/eventcenter.se\/kalmar\/shuffleboard-vaxjo\/\">Shuffleboard<\/a>. Superkampen \u00e4r det ultimata uppl\u00e4gget f\u00f6r att tr\u00e4na b\u00e5de teambuilding och kommunikation under gl\u00e4djefyllda former.<\/p>\n<p>Minst 8 personer<\/p>\n<p><strong>Pris per deltagare<\/strong><\/p>\n<p><strong>499 kr <\/strong>(399 kr ex. moms)<\/p>\n<p><strong>599 kr fre-l\u00f6r <\/strong>(479 kr ex. moms)<\/p>\n<p>&nbsp;<\/p>\n<p><strong>Buff\u00e9 &amp; S<\/strong><strong>uperkamp<\/strong><\/p>\n<p><strong>729 kr <\/strong>(611 kr ex. moms)<\/p>\n<p><strong>829 kr fre-l\u00f6r <\/strong>(691 kr ex. moms)<\/p>\n<p>&nbsp;<\/p>\n<p><strong>Ut\u00f6ka med bowling<\/strong><\/p>\n<p><strong><em>799 kr <\/em><\/strong><em>(677 kr ex. moms)<\/em><\/p>\n<p><strong><em>929 kr fre-l\u00f6r <\/em><\/strong><em>(785 kr ex. moms)<\/em><\/p>\n<p>&nbsp;<\/p>\n<p><em>*Beroende av dag serveras buff\u00e9n antingen i festv\u00e5ningen eller som en personlig buff\u00e9 direkt till ert bord i restaurangen.<\/em><\/p>\n<p><em><a class=\"dt-pswp-item\" href=\"https:\/\/eventcenter.se\/kalmar\/wp-content\/uploads\/2022\/03\/Laservr-John.jpg\" data-dt-img-description=\"\" data-large_image_width=\"384\" data-large_image_height=\"384\"><img loading=\"lazy\" decoding=\"async\" class=\"alignnone size-full wp-image-4351\" src=\"https:\/\/eventcenter.se\/kalmar\/wp-content\/uploads\/2022\/03\/Laservr-John.jpg\" alt=\"Lasergame VR\" width=\"384\" height=\"384\" srcset=\"https:\/\/eventcenter.se\/kalmar\/wp-content\/uploads\/2022\/03\/Laservr-John.jpg 384w, https:\/\/eventcenter.se\/kalmar\/wp-content\/uploads\/2022\/03\/Laservr-John-300x300.jpg 300w, https:\/\/eventcenter.se\/kalmar\/wp-content\/uploads\/2022\/03\/Laservr-John-150x150.jpg 150w\" sizes=\"auto, (max-width: 384px) 100vw, 384px\" \/><\/a><\/em>[\/vc_column_text][vc_empty_space height=&#8221;20px&#8221;][\/vc_column][vc_column width=&#8221;1\/3&#8243; css=&#8221;.vc_custom_1555765311939{margin-left: 22px !important;padding-top: 17px !important;padding-right: 10px !important;padding-bottom: 25px !important;}&#8221;][vc_column_text css=&#8221;.vc_custom_1709295496984{padding-top: 15px !important;}&#8221;]<span style=\"color: #999999;\">Boka via <strong>0480-444230<\/strong>\u00a0eller <\/span><strong><a href=\"mailto:kalmar@eventcenter.se\"><span style=\"color: #999999;\">kalmar@eventcenter.se<\/span><\/a><\/strong>[\/vc_column_text]<style type=\"text\/css\" data-type=\"the7_shortcodes-inline-css\">#default-btn-5aff2d78cc4c0a512283e05f572aa2bd {\n  border-radius: 1px;\n  font-size: 14px;\n  line-height: 16px;\n}\n.btn-shadow#default-btn-5aff2d78cc4c0a512283e05f572aa2bd {\n  box-shadow: 0 1px 6px rgba(0,0,0,0.12);\n  transition: box-shadow 0.2s ease-out, opacity 0.45s;\n}\n.btn-shadow#default-btn-5aff2d78cc4c0a512283e05f572aa2bd:hover {\n  box-shadow: 0 5px 11px 0 rgba(0,0,0,0.18), 0 4px 15px 0 rgba(0,0,0,0.15);\n}\n.btn-3d#default-btn-5aff2d78cc4c0a512283e05f572aa2bd {\n  box-shadow: 0px 2px 0px 0px #816b10;\n}\n.btn-3d#default-btn-5aff2d78cc4c0a512283e05f572aa2bd:hover {\n  box-shadow: 0px 2px 0px 0px #816b10;\n}\n.btn-flat#default-btn-5aff2d78cc4c0a512283e05f572aa2bd {\n  box-shadow: none;\n}\n.btn-flat#default-btn-5aff2d78cc4c0a512283e05f572aa2bd:hover {\n  box-shadow: none;\n}\n#default-btn-5aff2d78cc4c0a512283e05f572aa2bd.ico-right-side > i {\n  margin-right: 0px;\n  margin-left: 8px;\n}\n#default-btn-5aff2d78cc4c0a512283e05f572aa2bd > i {\n  margin-right: 8px;\n  font-size: 14px;\n}\n#default-btn-5aff2d78cc4c0a512283e05f572aa2bd:not(:hover) {\n  border-width: 0px;\n  color: #000000;\n  background: #cca402 !important;\n  padding: 12px 18px 12px 18px;\n}\n#default-btn-5aff2d78cc4c0a512283e05f572aa2bd:not(:hover) * {\n  color: #000000;\n}\n#default-btn-5aff2d78cc4c0a512283e05f572aa2bd:hover {\n  border-width: 0px;\n  background: #cca402 !important;\n  padding: 12px 18px 12px 18px;\n}\n#default-btn-5aff2d78cc4c0a512283e05f572aa2bd.ico-right-side > i {\n  margin-right: 0px;\n  margin-left: 8px;\n}\n#default-btn-5aff2d78cc4c0a512283e05f572aa2bd > i {\n  margin-right: 8px;\n}<\/style><a href=\"https:\/\/popupvaxjo\/\" class=\"default-btn-shortcode dt-btn rubberBand animate-element animation-builder link-hover-off btn-inline-left btn-flat  vc_custom_1668611596101\" id=\"default-btn-5aff2d78cc4c0a512283e05f572aa2bd\" style=\"width:265px;\"><span>Bokningsf\u00f6rfr\u00e5gan<\/span><\/a>[vc_empty_space height=&#8221;20px&#8221;][vc_single_image image=&#8221;4346&#8243; img_size=&#8221;full&#8221; css=&#8221;.vc_custom_1648732629099{padding-right: 50px !important;}&#8221; image_hovers=&#8221;false&#8221;][\/vc_column][\/vc_row][vc_row disable_element=&#8221;yes&#8221; el_class=&#8221;teaserbx vc_hidden-lg vc_hidden-md vc_hidden-sm&#8221;][vc_column width=&#8221;1\/2&#8243;][\/vc_column][\/vc_row][vc_row][vc_column][vc_empty_space height=&#8221;00px&#8221;][\/vc_column][\/vc_row]<\/p>\n<\/div>","protected":false},"excerpt":{"rendered":"<p>[vc_row full_width=&#8221;stretch_row&#8221; content_placement=&#8221;top&#8221; bg_type=&#8221;image&#8221; css=&#8221;.vc_custom_1648732756424{padding-top: 250px !important;padding-bottom: 250px !important;background-image: url(https:\/\/eventcenter.se\/kalmar\/wp-content\/uploads\/2022\/03\/Shuffleboard.jpg?id=4345) !important;}&#8221; el_class=&#8221;vc_hidden-xs&#8221;][vc_column offset=&#8221;vc_hidden-xs&#8221;][\/vc_column][\/vc_row][vc_row full_width=&#8221;stretch_row_content&#8221; content_placement=&#8221;top&#8221; bg_type=&#8221;image&#8221; css=&#8221;.vc_custom_1648732560496{padding-top: 450px !important;padding-bottom: 0px !important;background-image: url(https:\/\/eventcenter.se\/kalmar\/wp-content\/uploads\/2022\/03\/Shuffle-Norr-800-1185.jpg?id=4344) !important;}&#8221; el_class=&#8221;vc_hidden-lg vc_hidden-md vc_hidden-sm&#8221;][vc_column offset=&#8221;vc_hidden-xs&#8221;][\/vc_column][\/vc_row][vc_row bg_type=&#8221;image&#8221; parallax_style=&#8221;vcpb-default&#8221; bg_image_new=&#8221;id^1247|url^https:\/\/eventcenter.se\/kalmar\/wp-content\/uploads\/2019\/04\/menu-bg5.jpg|caption^null|alt^Eventcenter V\u00e4xj\u00f6 Restaurang Bowling Boule Biljard Background Event Center Knock em Down Event Center V\u00e4xj\u00f6 Restaurang Bowling Boule Biljard Knock em Down|title^null|description^null&#8221; bg_image_repeat=&#8221;repeat-y&#8221; bg_image_size=&#8221;initial&#8221; css=&#8221;.vc_custom_1555494843390{margin-top: -40px&hellip;<\/p>\n","protected":false},"author":3,"featured_media":0,"parent":0,"menu_order":0,"comment_status":"closed","ping_status":"closed","template":"","meta":{"footnotes":""},"class_list":["post-4343","page","type-page","status-publish","hentry","description-off"],"yoast_head":"<!-- This site is optimized with the Yoast SEO plugin v27.2 - https:\/\/yoast.com\/product\/yoast-seo-wordpress\/ -->\n<title>SUPERKAMP KALMAR - Knock &#039;em Down - Upplevelser i v\u00e4rldsklass<\/title>\n<meta name=\"description\" content=\"Vinn \u00f6ver kollegorna i The Challenge, VR-arena och Shuffleboard. V\u00e5ra aktivitetsv\u00e4rdar bjuder p\u00e5 de mest utmanande aktiviteterna.\" \/>\n<meta name=\"robots\" content=\"index, follow, max-snippet:-1, max-image-preview:large, max-video-preview:-1\" \/>\n<link rel=\"canonical\" href=\"https:\/\/eventcenter.se\/kalmar\/superkampen\/\" \/>\n<meta property=\"og:locale\" content=\"sv_SE\" \/>\n<meta property=\"og:type\" content=\"article\" \/>\n<meta property=\"og:title\" content=\"SUPERKAMP KALMAR - Knock &#039;em Down - Upplevelser i v\u00e4rldsklass\" \/>\n<meta property=\"og:description\" content=\"Vinn \u00f6ver kollegorna i The Challenge, VR-arena och Shuffleboard. V\u00e5ra aktivitetsv\u00e4rdar bjuder p\u00e5 de mest utmanande aktiviteterna.\" \/>\n<meta property=\"og:url\" content=\"https:\/\/eventcenter.se\/kalmar\/superkampen\/\" \/>\n<meta property=\"og:site_name\" content=\"Event Center Knock &#039;em Down\" \/>\n<meta property=\"article:modified_time\" content=\"2026-01-02T15:28:51+00:00\" \/>\n<meta property=\"og:image\" content=\"https:\/\/eventcenter.se\/kalmar\/wp-content\/uploads\/2022\/10\/Boka.jpg\" \/>\n\t<meta property=\"og:image:width\" content=\"384\" \/>\n\t<meta property=\"og:image:height\" content=\"100\" \/>\n\t<meta property=\"og:image:type\" content=\"image\/jpeg\" \/>\n<meta name=\"twitter:card\" content=\"summary_large_image\" \/>\n<meta name=\"twitter:label1\" content=\"Ber\u00e4knad l\u00e4stid\" \/>\n\t<meta name=\"twitter:data1\" content=\"2 minuter\" \/>\n<script type=\"application\/ld+json\" class=\"yoast-schema-graph\">{\"@context\":\"https:\/\/schema.org\",\"@graph\":[{\"@type\":\"WebPage\",\"@id\":\"https:\/\/eventcenter.se\/kalmar\/superkampen\/\",\"url\":\"https:\/\/eventcenter.se\/kalmar\/superkampen\/\",\"name\":\"SUPERKAMP KALMAR - Knock 'em Down - Upplevelser i v\u00e4rldsklass\",\"isPartOf\":{\"@id\":\"https:\/\/eventcenter.se\/kalmar\/#website\"},\"primaryImageOfPage\":{\"@id\":\"https:\/\/eventcenter.se\/kalmar\/superkampen\/#primaryimage\"},\"image\":{\"@id\":\"https:\/\/eventcenter.se\/kalmar\/superkampen\/#primaryimage\"},\"thumbnailUrl\":\"https:\/\/eventcenter.se\/kalmar\/wp-content\/uploads\/2022\/10\/Boka.jpg\",\"datePublished\":\"2022-03-31T13:17:11+00:00\",\"dateModified\":\"2026-01-02T15:28:51+00:00\",\"description\":\"Vinn \u00f6ver kollegorna i The Challenge, VR-arena och Shuffleboard. V\u00e5ra aktivitetsv\u00e4rdar bjuder p\u00e5 de mest utmanande aktiviteterna.\",\"breadcrumb\":{\"@id\":\"https:\/\/eventcenter.se\/kalmar\/superkampen\/#breadcrumb\"},\"inLanguage\":\"sv-SE\",\"potentialAction\":[{\"@type\":\"ReadAction\",\"target\":[\"https:\/\/eventcenter.se\/kalmar\/superkampen\/\"]}]},{\"@type\":\"ImageObject\",\"inLanguage\":\"sv-SE\",\"@id\":\"https:\/\/eventcenter.se\/kalmar\/superkampen\/#primaryimage\",\"url\":\"https:\/\/eventcenter.se\/kalmar\/wp-content\/uploads\/2022\/10\/Boka.jpg\",\"contentUrl\":\"https:\/\/eventcenter.se\/kalmar\/wp-content\/uploads\/2022\/10\/Boka.jpg\",\"width\":384,\"height\":100,\"caption\":\"Boka\"},{\"@type\":\"BreadcrumbList\",\"@id\":\"https:\/\/eventcenter.se\/kalmar\/superkampen\/#breadcrumb\",\"itemListElement\":[{\"@type\":\"ListItem\",\"position\":1,\"name\":\"Home\",\"item\":\"https:\/\/eventcenter.se\/kalmar\/\"},{\"@type\":\"ListItem\",\"position\":2,\"name\":\"SUPERKAMP\"}]},{\"@type\":\"WebSite\",\"@id\":\"https:\/\/eventcenter.se\/kalmar\/#website\",\"url\":\"https:\/\/eventcenter.se\/kalmar\/\",\"name\":\"Event Center Knock 'em Down\",\"description\":\"Aktiviteter i v\u00c3\u00a4rldsklass\",\"potentialAction\":[{\"@type\":\"SearchAction\",\"target\":{\"@type\":\"EntryPoint\",\"urlTemplate\":\"https:\/\/eventcenter.se\/kalmar\/?s={search_term_string}\"},\"query-input\":{\"@type\":\"PropertyValueSpecification\",\"valueRequired\":true,\"valueName\":\"search_term_string\"}}],\"inLanguage\":\"sv-SE\"}]}<\/script>\n<!-- \/ Yoast SEO plugin. -->","yoast_head_json":{"title":"SUPERKAMP KALMAR - Knock 'em Down - Upplevelser i v\u00e4rldsklass","description":"Vinn \u00f6ver kollegorna i The Challenge, VR-arena och Shuffleboard. V\u00e5ra aktivitetsv\u00e4rdar bjuder p\u00e5 de mest utmanande aktiviteterna.","robots":{"index":"index","follow":"follow","max-snippet":"max-snippet:-1","max-image-preview":"max-image-preview:large","max-video-preview":"max-video-preview:-1"},"canonical":"https:\/\/eventcenter.se\/kalmar\/superkampen\/","og_locale":"sv_SE","og_type":"article","og_title":"SUPERKAMP KALMAR - Knock 'em Down - Upplevelser i v\u00e4rldsklass","og_description":"Vinn \u00f6ver kollegorna i The Challenge, VR-arena och Shuffleboard. V\u00e5ra aktivitetsv\u00e4rdar bjuder p\u00e5 de mest utmanande aktiviteterna.","og_url":"https:\/\/eventcenter.se\/kalmar\/superkampen\/","og_site_name":"Event Center Knock &#039;em Down","article_modified_time":"2026-01-02T15:28:51+00:00","og_image":[{"width":384,"height":100,"url":"https:\/\/eventcenter.se\/kalmar\/wp-content\/uploads\/2022\/10\/Boka.jpg","type":"image\/jpeg"}],"twitter_card":"summary_large_image","twitter_misc":{"Ber\u00e4knad l\u00e4stid":"2 minuter"},"schema":{"@context":"https:\/\/schema.org","@graph":[{"@type":"WebPage","@id":"https:\/\/eventcenter.se\/kalmar\/superkampen\/","url":"https:\/\/eventcenter.se\/kalmar\/superkampen\/","name":"SUPERKAMP KALMAR - Knock 'em Down - Upplevelser i v\u00e4rldsklass","isPartOf":{"@id":"https:\/\/eventcenter.se\/kalmar\/#website"},"primaryImageOfPage":{"@id":"https:\/\/eventcenter.se\/kalmar\/superkampen\/#primaryimage"},"image":{"@id":"https:\/\/eventcenter.se\/kalmar\/superkampen\/#primaryimage"},"thumbnailUrl":"https:\/\/eventcenter.se\/kalmar\/wp-content\/uploads\/2022\/10\/Boka.jpg","datePublished":"2022-03-31T13:17:11+00:00","dateModified":"2026-01-02T15:28:51+00:00","description":"Vinn \u00f6ver kollegorna i The Challenge, VR-arena och Shuffleboard. V\u00e5ra aktivitetsv\u00e4rdar bjuder p\u00e5 de mest utmanande aktiviteterna.","breadcrumb":{"@id":"https:\/\/eventcenter.se\/kalmar\/superkampen\/#breadcrumb"},"inLanguage":"sv-SE","potentialAction":[{"@type":"ReadAction","target":["https:\/\/eventcenter.se\/kalmar\/superkampen\/"]}]},{"@type":"ImageObject","inLanguage":"sv-SE","@id":"https:\/\/eventcenter.se\/kalmar\/superkampen\/#primaryimage","url":"https:\/\/eventcenter.se\/kalmar\/wp-content\/uploads\/2022\/10\/Boka.jpg","contentUrl":"https:\/\/eventcenter.se\/kalmar\/wp-content\/uploads\/2022\/10\/Boka.jpg","width":384,"height":100,"caption":"Boka"},{"@type":"BreadcrumbList","@id":"https:\/\/eventcenter.se\/kalmar\/superkampen\/#breadcrumb","itemListElement":[{"@type":"ListItem","position":1,"name":"Home","item":"https:\/\/eventcenter.se\/kalmar\/"},{"@type":"ListItem","position":2,"name":"SUPERKAMP"}]},{"@type":"WebSite","@id":"https:\/\/eventcenter.se\/kalmar\/#website","url":"https:\/\/eventcenter.se\/kalmar\/","name":"Event Center Knock 'em Down","description":"Aktiviteter i v\u00c3\u00a4rldsklass","potentialAction":[{"@type":"SearchAction","target":{"@type":"EntryPoint","urlTemplate":"https:\/\/eventcenter.se\/kalmar\/?s={search_term_string}"},"query-input":{"@type":"PropertyValueSpecification","valueRequired":true,"valueName":"search_term_string"}}],"inLanguage":"sv-SE"}]}},"_links":{"self":[{"href":"https:\/\/eventcenter.se\/kalmar\/wp-json\/wp\/v2\/pages\/4343","targetHints":{"allow":["GET"]}}],"collection":[{"href":"https:\/\/eventcenter.se\/kalmar\/wp-json\/wp\/v2\/pages"}],"about":[{"href":"https:\/\/eventcenter.se\/kalmar\/wp-json\/wp\/v2\/types\/page"}],"author":[{"embeddable":true,"href":"https:\/\/eventcenter.se\/kalmar\/wp-json\/wp\/v2\/users\/3"}],"replies":[{"embeddable":true,"href":"https:\/\/eventcenter.se\/kalmar\/wp-json\/wp\/v2\/comments?post=4343"}],"version-history":[{"count":33,"href":"https:\/\/eventcenter.se\/kalmar\/wp-json\/wp\/v2\/pages\/4343\/revisions"}],"predecessor-version":[{"id":5962,"href":"https:\/\/eventcenter.se\/kalmar\/wp-json\/wp\/v2\/pages\/4343\/revisions\/5962"}],"wp:attachment":[{"href":"https:\/\/eventcenter.se\/kalmar\/wp-json\/wp\/v2\/media?parent=4343"}],"curies":[{"name":"wp","href":"https:\/\/api.w.org\/{rel}","templated":true}]}}