{"id":544,"date":"2019-03-26T09:09:15","date_gmt":"2019-03-26T09:09:15","guid":{"rendered":"https:\/\/eventcenter.se\/kalmar\/?page_id=544"},"modified":"2026-03-05T14:07:41","modified_gmt":"2026-03-05T13:07:41","slug":"restaurang","status":"publish","type":"page","link":"https:\/\/eventcenter.se\/kalmar\/restaurang\/","title":{"rendered":"RESTAURANG"},"content":{"rendered":"<div class=\"wpb-content-wrapper\"><p>[vc_row full_width=&#8221;stretch_row&#8221; content_placement=&#8221;top&#8221; bg_type=&#8221;image&#8221; css=&#8221;.vc_custom_1599901156087{padding-top: 250px !important;padding-bottom: 250px !important;background-image: url(https:\/\/eventcenter.se\/kalmar\/wp-content\/uploads\/2020\/08\/Cheers-Norr-1920-500.jpg?id=2971) !important;}&#8221; el_class=&#8221;vc_hidden-xs&#8221;][vc_column offset=&#8221;vc_hidden-xs&#8221;][\/vc_column][\/vc_row][vc_row full_width=&#8221;stretch_row_content&#8221; content_placement=&#8221;top&#8221; bg_type=&#8221;image&#8221; css=&#8221;.vc_custom_1599901173805{padding-top: 450px !important;padding-bottom: 0px !important;background-image: url(https:\/\/eventcenter.se\/kalmar\/wp-content\/uploads\/2020\/08\/Cheers-Norr-800-1185.jpg?id=2972) !important;}&#8221; el_class=&#8221;vc_hidden-lg vc_hidden-md vc_hidden-sm&#8221;][vc_column offset=&#8221;vc_hidden-xs&#8221;][\/vc_column][\/vc_row][vc_row bg_type=&#8221;image&#8221; parallax_style=&#8221;vcpb-default&#8221; bg_image_new=&#8221;id^1247|url^https:\/\/eventcenter.se\/kalmar\/wp-content\/uploads\/2019\/04\/menu-bg5.jpg|caption^null|alt^Eventcenter V\u00e4xj\u00f6 Restaurang Bowling Boule Biljard Background Event Center Knock em Down Event Center V\u00e4xj\u00f6 Restaurang Bowling Boule Biljard Knock em Down|title^null|description^null&#8221; bg_image_size=&#8221;initial&#8221; css=&#8221;.vc_custom_1555498899772{margin-top: -40px !important;margin-right: 0px !important;margin-left: 0px !important;background-color: #ffffff !important;background-position: 0 0 !important;background-repeat: repeat !important;}&#8221; el_class=&#8221;pinklft shadow zindexed&#8221;][vc_column width=&#8221;2\/3&#8243; css=&#8221;.vc_custom_1556024077904{padding-top: 12px !important;padding-bottom: 32px !important;padding-left: 34px !important;}&#8221;][vc_column_text css=&#8221;.vc_custom_1772716057124{padding-top: 10px !important;}&#8221;]<\/p>\n<h1><span style=\"color: #cca402;\"><strong>RESTAURANG KALMAR<\/strong><\/span><\/h1>\n<p data-start=\"298\" data-end=\"558\"><strong data-start=\"322\" data-end=\"360\">En smakupplevelse att samlas kring<\/strong><br data-start=\"360\" data-end=\"363\" \/>V\u00e4lkommen till restaurangen p\u00e5 Event Center i Kalmar. D\u00e4r mat, gemenskap och upplevelser m\u00f6ts. H\u00e4r \u00e4r maten inte bara en paus mellan aktiviteterna, utan en upplevelse i sig.<\/p>\n<p data-start=\"574\" data-end=\"743\">Vi serverar en varierad meny med r\u00e4tter f\u00f6r b\u00e5de stora och sm\u00e5 s\u00e4llskap. Perfekt att njuta av f\u00f6re eller efter bowling, shuffleboard eller utmaningar i The Challenge.<\/p>\n<p data-start=\"154\" data-end=\"362\"><b><a href=\"https:\/\/eventcenter.se\/kalmar\/wp-content\/uploads\/2026\/03\/Meny-kalmar-2026.jpg\"><img loading=\"lazy\" decoding=\"async\" class=\"alignnone wp-image-5975 size-full\" src=\"https:\/\/eventcenter.se\/kalmar\/wp-content\/uploads\/2026\/03\/Meny-kalmar-2026.jpg\" alt=\"Restaurang meny\" width=\"1000\" height=\"1415\" srcset=\"https:\/\/eventcenter.se\/kalmar\/wp-content\/uploads\/2026\/03\/Meny-kalmar-2026.jpg 1000w, https:\/\/eventcenter.se\/kalmar\/wp-content\/uploads\/2026\/03\/Meny-kalmar-2026-212x300.jpg 212w, https:\/\/eventcenter.se\/kalmar\/wp-content\/uploads\/2026\/03\/Meny-kalmar-2026-724x1024.jpg 724w, https:\/\/eventcenter.se\/kalmar\/wp-content\/uploads\/2026\/03\/Meny-kalmar-2026-768x1087.jpg 768w\" sizes=\"auto, (max-width: 1000px) 100vw, 1000px\" \/><\/a><\/b><\/p>\n<h3 data-start=\"750\" data-end=\"793\"><strong>Knock-buff\u00e9n<\/strong><\/h3>\n<p data-start=\"643\" data-end=\"681\">Uppt\u00e4ck Knock-buff\u00e9n, en gener\u00f6s och smakrik upplevelse som passar alla. I carving station st\u00e5r v\u00e5ra kockar redo med utvalda favoriter som sk\u00e4rs upp direkt p\u00e5 plats, och du f\u00e5r verkligen inte missa det stora efterr\u00e4ttsbordet. Perfekt f\u00f6r en avslappnad middag med familj, v\u00e4nner eller kollegor.<\/p>\n<p data-start=\"980\" data-end=\"1044\">Knock-buff\u00e9n serveras vanligtvis tisdag\u2013l\u00f6rdag fr\u00e5n kl. 17.00.<\/p>\n<p data-start=\"1110\" data-end=\"1127\"><strong>Till ert bord<\/strong><\/p>\n<p data-start=\"1128\" data-end=\"1330\">Under lugnare dagar, eller utanf\u00f6r buff\u00e9ns ordinarie tider, serverar vi ett urval av v\u00e5ra mest uppskattade r\u00e4tter fr\u00e5n Buff\u00e9n direkt till ert bord. Ett alternativ f\u00f6r en avslappnad middag i gott s\u00e4llskap.<\/p>\n<p><strong><a href=\"https:\/\/boka.bokad.se\/eventcenter-kalmar\/1\"><img loading=\"lazy\" decoding=\"async\" class=\"alignnone wp-image-4632 size-full\" src=\"https:\/\/eventcenter.se\/kalmar\/wp-content\/uploads\/2022\/11\/Boka-restaurang.jpg\" alt=\"\" width=\"960\" height=\"540\" srcset=\"https:\/\/eventcenter.se\/kalmar\/wp-content\/uploads\/2022\/11\/Boka-restaurang.jpg 960w, https:\/\/eventcenter.se\/kalmar\/wp-content\/uploads\/2022\/11\/Boka-restaurang-300x169.jpg 300w, https:\/\/eventcenter.se\/kalmar\/wp-content\/uploads\/2022\/11\/Boka-restaurang-768x432.jpg 768w\" sizes=\"auto, (max-width: 960px) 100vw, 960px\" \/><\/a><\/strong><\/p>\n<h3 data-start=\"1424\" data-end=\"1435\"><strong>Julbord &#8211; vinterns h\u00f6jdpunkt<\/strong><\/h3>\n<p data-start=\"1436\" data-end=\"1665\">Fr\u00e5n slutet av november fram till dagarna innan jul dukar vi upp Kalmars mest uppskattade julbord. Kombinera ett klassiskt julbord med aktiviteter och kamper f\u00f6r en helkv\u00e4ll hos oss. L\u00e4s mer om <strong><a href=\"https:\/\/eventcenter.se\/kalmar\/julbord\/\">Julbord hos Eventcenter<\/a><\/strong><\/p>\n<p><em><a href=\"https:\/\/eventcenter.se\/kalmar\/wp-content\/uploads\/2024\/02\/Foretagsevent-Norrkoping.jpg\"><img loading=\"lazy\" decoding=\"async\" class=\"alignnone wp-image-5399 size-full\" src=\"https:\/\/eventcenter.se\/kalmar\/wp-content\/uploads\/2024\/02\/Foretagsevent-Norrkoping.jpg\" alt=\"Julbord\" width=\"960\" height=\"540\" srcset=\"https:\/\/eventcenter.se\/kalmar\/wp-content\/uploads\/2024\/02\/Foretagsevent-Norrkoping.jpg 960w, https:\/\/eventcenter.se\/kalmar\/wp-content\/uploads\/2024\/02\/Foretagsevent-Norrkoping-300x169.jpg 300w, https:\/\/eventcenter.se\/kalmar\/wp-content\/uploads\/2024\/02\/Foretagsevent-Norrkoping-768x432.jpg 768w\" sizes=\"auto, (max-width: 960px) 100vw, 960px\" \/><\/a><\/em><em>Event Center Knock &#8217;em Down &#8211; Restaurang Kalmar. Passa p\u00e5 att kombinera upplevelsen av h\u00e4rlig mat och dryck med sp\u00e4nnande <a href=\"https:\/\/eventcenter.se\/kalmar\/foretagspaket\/\">kamper<\/a> och <a href=\"https:\/\/eventcenter.se\/kalmar\/aktiviteter\/\">aktiviteter<\/a>. Oavsett om du kommer till oss med familjen eller f\u00f6retaget har vi upplevelserna f\u00f6r dig!<\/em>[\/vc_column_text][\/vc_column][vc_column width=&#8221;1\/3&#8243; css=&#8221;.vc_custom_1556024034306{margin-left: 12px !important;padding-top: 17px !important;padding-bottom: 32px !important;}&#8221;]<style type=\"text\/css\" data-type=\"the7_shortcodes-inline-css\">#default-btn-fdc0d4b9eafdfbfa6b27544281a0ab1f {\n  border-radius: 1px;\n  font-size: 14px;\n  line-height: 16px;\n}\n.btn-shadow#default-btn-fdc0d4b9eafdfbfa6b27544281a0ab1f {\n  box-shadow: 0 1px 6px rgba(0,0,0,0.12);\n  transition: box-shadow 0.2s ease-out, opacity 0.45s;\n}\n.btn-shadow#default-btn-fdc0d4b9eafdfbfa6b27544281a0ab1f:hover {\n  box-shadow: 0 5px 11px 0 rgba(0,0,0,0.18), 0 4px 15px 0 rgba(0,0,0,0.15);\n}\n.btn-3d#default-btn-fdc0d4b9eafdfbfa6b27544281a0ab1f {\n  box-shadow: 0px 2px 0px 0px #816b10;\n}\n.btn-3d#default-btn-fdc0d4b9eafdfbfa6b27544281a0ab1f:hover {\n  box-shadow: 0px 2px 0px 0px #816b10;\n}\n.btn-flat#default-btn-fdc0d4b9eafdfbfa6b27544281a0ab1f {\n  box-shadow: none;\n}\n.btn-flat#default-btn-fdc0d4b9eafdfbfa6b27544281a0ab1f:hover {\n  box-shadow: none;\n}\n#default-btn-fdc0d4b9eafdfbfa6b27544281a0ab1f.ico-right-side > i {\n  margin-right: 0px;\n  margin-left: 8px;\n}\n#default-btn-fdc0d4b9eafdfbfa6b27544281a0ab1f > i {\n  margin-right: 8px;\n  font-size: 14px;\n}\n#default-btn-fdc0d4b9eafdfbfa6b27544281a0ab1f:not(:hover) {\n  border-width: 0px;\n  color: #000000;\n  background: #cca402 !important;\n  padding: 12px 18px 12px 18px;\n}\n#default-btn-fdc0d4b9eafdfbfa6b27544281a0ab1f:not(:hover) * {\n  color: #000000;\n}\n#default-btn-fdc0d4b9eafdfbfa6b27544281a0ab1f:hover {\n  border-width: 0px;\n  background: #cca402 !important;\n  padding: 12px 18px 12px 18px;\n}\n#default-btn-fdc0d4b9eafdfbfa6b27544281a0ab1f.ico-right-side > i {\n  margin-right: 0px;\n  margin-left: 8px;\n}\n#default-btn-fdc0d4b9eafdfbfa6b27544281a0ab1f > i {\n  margin-right: 8px;\n}<\/style><a href=\"https:\/\/boka.bokad.se\/eventcenter-kalmar\/1\" class=\"default-btn-shortcode dt-btn rubberBand animate-element animation-builder link-hover-off btn-inline-left btn-flat  vc_custom_1709287240992\" target=\"_blank\" id=\"default-btn-fdc0d4b9eafdfbfa6b27544281a0ab1f\" style=\"width:265px;\" rel=\"noopener\"><span>Boka nu<\/span><\/a>[vc_column_text css=&#8221;.vc_custom_1709287213964{padding-top: 10px !important;}&#8221;]<span style=\"color: #999999;\">Eller kontakta oss via 0480-444230 <a href=\"mailto:kalmar@eventcenter.se\">kalmar@eventcenter.se<\/a><\/span>[\/vc_column_text][vc_empty_space height=&#8221;22px&#8221;][vc_single_image image=&#8221;5676&#8243; img_size=&#8221;full&#8221; onclick=&#8221;img_link_large&#8221; css=&#8221;.vc_custom_1729259931459{padding-right: 50px !important;}&#8221; image_hovers=&#8221;false&#8221;][\/vc_column][\/vc_row][vc_row][vc_column][vc_empty_space height=&#8221;00px&#8221;][\/vc_column][\/vc_row]<\/p>\n<\/div>","protected":false},"excerpt":{"rendered":"<p>[vc_row full_width=&#8221;stretch_row&#8221; content_placement=&#8221;top&#8221; bg_type=&#8221;image&#8221; css=&#8221;.vc_custom_1599901156087{padding-top: 250px !important;padding-bottom: 250px !important;background-image: url(https:\/\/eventcenter.se\/kalmar\/wp-content\/uploads\/2020\/08\/Cheers-Norr-1920-500.jpg?id=2971) !important;}&#8221; el_class=&#8221;vc_hidden-xs&#8221;][vc_column offset=&#8221;vc_hidden-xs&#8221;][\/vc_column][\/vc_row][vc_row full_width=&#8221;stretch_row_content&#8221; content_placement=&#8221;top&#8221; bg_type=&#8221;image&#8221; css=&#8221;.vc_custom_1599901173805{padding-top: 450px !important;padding-bottom: 0px !important;background-image: url(https:\/\/eventcenter.se\/kalmar\/wp-content\/uploads\/2020\/08\/Cheers-Norr-800-1185.jpg?id=2972) !important;}&#8221; el_class=&#8221;vc_hidden-lg vc_hidden-md vc_hidden-sm&#8221;][vc_column offset=&#8221;vc_hidden-xs&#8221;][\/vc_column][\/vc_row][vc_row bg_type=&#8221;image&#8221; parallax_style=&#8221;vcpb-default&#8221; bg_image_new=&#8221;id^1247|url^https:\/\/eventcenter.se\/kalmar\/wp-content\/uploads\/2019\/04\/menu-bg5.jpg|caption^null|alt^Eventcenter V\u00e4xj\u00f6 Restaurang Bowling Boule Biljard Background Event Center Knock em Down Event Center V\u00e4xj\u00f6 Restaurang Bowling Boule Biljard Knock em Down|title^null|description^null&#8221; bg_image_size=&#8221;initial&#8221; css=&#8221;.vc_custom_1555498899772{margin-top: -40px !important;margin-right:&hellip;<\/p>\n","protected":false},"author":2,"featured_media":0,"parent":0,"menu_order":0,"comment_status":"closed","ping_status":"closed","template":"","meta":{"footnotes":""},"class_list":["post-544","page","type-page","status-publish","hentry","description-off"],"yoast_head":"<!-- This site is optimized with the Yoast SEO plugin v27.2 - https:\/\/yoast.com\/product\/yoast-seo-wordpress\/ -->\n<title>RESTAURANG KALMAR - Event Center - Upplevelser i v\u00e4rldsklass<\/title>\n<meta name=\"description\" content=\"Restaurang Kalmar. Mat &amp; dryck \u00e4r de viktiga pusselbitarna i v\u00e5rt koncept som f\u00f6rh\u00f6jer upplevelsen av aktiviteter och m\u00f6tet mellan m\u00e4nniskor.\" \/>\n<meta name=\"robots\" content=\"index, follow, max-snippet:-1, max-image-preview:large, max-video-preview:-1\" \/>\n<link rel=\"canonical\" href=\"https:\/\/eventcenter.se\/kalmar\/restaurang\/\" \/>\n<meta property=\"og:locale\" content=\"sv_SE\" \/>\n<meta property=\"og:type\" content=\"article\" \/>\n<meta property=\"og:title\" content=\"RESTAURANG KALMAR - Event Center - Upplevelser i v\u00e4rldsklass\" \/>\n<meta property=\"og:description\" content=\"Restaurang Kalmar. Mat &amp; dryck \u00e4r de viktiga pusselbitarna i v\u00e5rt koncept som f\u00f6rh\u00f6jer upplevelsen av aktiviteter och m\u00f6tet mellan m\u00e4nniskor.\" \/>\n<meta property=\"og:url\" content=\"https:\/\/eventcenter.se\/kalmar\/restaurang\/\" \/>\n<meta property=\"og:site_name\" content=\"Event Center Knock &#039;em Down\" \/>\n<meta property=\"article:modified_time\" content=\"2026-03-05T13:07:41+00:00\" \/>\n<meta property=\"og:image\" content=\"https:\/\/eventcenter.se\/kalmar\/wp-content\/uploads\/2026\/03\/Meny-kalmar-2026.jpg\" \/>\n\t<meta property=\"og:image:width\" content=\"1000\" \/>\n\t<meta property=\"og:image:height\" content=\"1415\" \/>\n\t<meta property=\"og:image:type\" content=\"image\/jpeg\" \/>\n<meta name=\"twitter:card\" content=\"summary_large_image\" \/>\n<meta name=\"twitter:label1\" content=\"Ber\u00e4knad l\u00e4stid\" \/>\n\t<meta name=\"twitter:data1\" content=\"3 minuter\" \/>\n<script type=\"application\/ld+json\" class=\"yoast-schema-graph\">{\"@context\":\"https:\/\/schema.org\",\"@graph\":[{\"@type\":\"WebPage\",\"@id\":\"https:\/\/eventcenter.se\/kalmar\/restaurang\/\",\"url\":\"https:\/\/eventcenter.se\/kalmar\/restaurang\/\",\"name\":\"RESTAURANG KALMAR - Event Center - Upplevelser i v\u00e4rldsklass\",\"isPartOf\":{\"@id\":\"https:\/\/eventcenter.se\/kalmar\/#website\"},\"primaryImageOfPage\":{\"@id\":\"https:\/\/eventcenter.se\/kalmar\/restaurang\/#primaryimage\"},\"image\":{\"@id\":\"https:\/\/eventcenter.se\/kalmar\/restaurang\/#primaryimage\"},\"thumbnailUrl\":\"https:\/\/eventcenter.se\/kalmar\/wp-content\/uploads\/2026\/03\/Meny-kalmar-2026.jpg\",\"datePublished\":\"2019-03-26T09:09:15+00:00\",\"dateModified\":\"2026-03-05T13:07:41+00:00\",\"description\":\"Restaurang Kalmar. Mat & dryck \u00e4r de viktiga pusselbitarna i v\u00e5rt koncept som f\u00f6rh\u00f6jer upplevelsen av aktiviteter och m\u00f6tet mellan m\u00e4nniskor.\",\"breadcrumb\":{\"@id\":\"https:\/\/eventcenter.se\/kalmar\/restaurang\/#breadcrumb\"},\"inLanguage\":\"sv-SE\",\"potentialAction\":[{\"@type\":\"ReadAction\",\"target\":[\"https:\/\/eventcenter.se\/kalmar\/restaurang\/\"]}]},{\"@type\":\"ImageObject\",\"inLanguage\":\"sv-SE\",\"@id\":\"https:\/\/eventcenter.se\/kalmar\/restaurang\/#primaryimage\",\"url\":\"https:\/\/eventcenter.se\/kalmar\/wp-content\/uploads\/2026\/03\/Meny-kalmar-2026.jpg\",\"contentUrl\":\"https:\/\/eventcenter.se\/kalmar\/wp-content\/uploads\/2026\/03\/Meny-kalmar-2026.jpg\"},{\"@type\":\"BreadcrumbList\",\"@id\":\"https:\/\/eventcenter.se\/kalmar\/restaurang\/#breadcrumb\",\"itemListElement\":[{\"@type\":\"ListItem\",\"position\":1,\"name\":\"Home\",\"item\":\"https:\/\/eventcenter.se\/kalmar\/\"},{\"@type\":\"ListItem\",\"position\":2,\"name\":\"RESTAURANG\"}]},{\"@type\":\"WebSite\",\"@id\":\"https:\/\/eventcenter.se\/kalmar\/#website\",\"url\":\"https:\/\/eventcenter.se\/kalmar\/\",\"name\":\"Event Center Knock 'em Down\",\"description\":\"Aktiviteter i v\u00c3\u00a4rldsklass\",\"potentialAction\":[{\"@type\":\"SearchAction\",\"target\":{\"@type\":\"EntryPoint\",\"urlTemplate\":\"https:\/\/eventcenter.se\/kalmar\/?s={search_term_string}\"},\"query-input\":{\"@type\":\"PropertyValueSpecification\",\"valueRequired\":true,\"valueName\":\"search_term_string\"}}],\"inLanguage\":\"sv-SE\"}]}<\/script>\n<!-- \/ Yoast SEO plugin. -->","yoast_head_json":{"title":"RESTAURANG KALMAR - Event Center - Upplevelser i v\u00e4rldsklass","description":"Restaurang Kalmar. Mat & dryck \u00e4r de viktiga pusselbitarna i v\u00e5rt koncept som f\u00f6rh\u00f6jer upplevelsen av aktiviteter och m\u00f6tet mellan m\u00e4nniskor.","robots":{"index":"index","follow":"follow","max-snippet":"max-snippet:-1","max-image-preview":"max-image-preview:large","max-video-preview":"max-video-preview:-1"},"canonical":"https:\/\/eventcenter.se\/kalmar\/restaurang\/","og_locale":"sv_SE","og_type":"article","og_title":"RESTAURANG KALMAR - Event Center - Upplevelser i v\u00e4rldsklass","og_description":"Restaurang Kalmar. Mat & dryck \u00e4r de viktiga pusselbitarna i v\u00e5rt koncept som f\u00f6rh\u00f6jer upplevelsen av aktiviteter och m\u00f6tet mellan m\u00e4nniskor.","og_url":"https:\/\/eventcenter.se\/kalmar\/restaurang\/","og_site_name":"Event Center Knock &#039;em Down","article_modified_time":"2026-03-05T13:07:41+00:00","og_image":[{"width":1000,"height":1415,"url":"https:\/\/eventcenter.se\/kalmar\/wp-content\/uploads\/2026\/03\/Meny-kalmar-2026.jpg","type":"image\/jpeg"}],"twitter_card":"summary_large_image","twitter_misc":{"Ber\u00e4knad l\u00e4stid":"3 minuter"},"schema":{"@context":"https:\/\/schema.org","@graph":[{"@type":"WebPage","@id":"https:\/\/eventcenter.se\/kalmar\/restaurang\/","url":"https:\/\/eventcenter.se\/kalmar\/restaurang\/","name":"RESTAURANG KALMAR - Event Center - Upplevelser i v\u00e4rldsklass","isPartOf":{"@id":"https:\/\/eventcenter.se\/kalmar\/#website"},"primaryImageOfPage":{"@id":"https:\/\/eventcenter.se\/kalmar\/restaurang\/#primaryimage"},"image":{"@id":"https:\/\/eventcenter.se\/kalmar\/restaurang\/#primaryimage"},"thumbnailUrl":"https:\/\/eventcenter.se\/kalmar\/wp-content\/uploads\/2026\/03\/Meny-kalmar-2026.jpg","datePublished":"2019-03-26T09:09:15+00:00","dateModified":"2026-03-05T13:07:41+00:00","description":"Restaurang Kalmar. Mat & dryck \u00e4r de viktiga pusselbitarna i v\u00e5rt koncept som f\u00f6rh\u00f6jer upplevelsen av aktiviteter och m\u00f6tet mellan m\u00e4nniskor.","breadcrumb":{"@id":"https:\/\/eventcenter.se\/kalmar\/restaurang\/#breadcrumb"},"inLanguage":"sv-SE","potentialAction":[{"@type":"ReadAction","target":["https:\/\/eventcenter.se\/kalmar\/restaurang\/"]}]},{"@type":"ImageObject","inLanguage":"sv-SE","@id":"https:\/\/eventcenter.se\/kalmar\/restaurang\/#primaryimage","url":"https:\/\/eventcenter.se\/kalmar\/wp-content\/uploads\/2026\/03\/Meny-kalmar-2026.jpg","contentUrl":"https:\/\/eventcenter.se\/kalmar\/wp-content\/uploads\/2026\/03\/Meny-kalmar-2026.jpg"},{"@type":"BreadcrumbList","@id":"https:\/\/eventcenter.se\/kalmar\/restaurang\/#breadcrumb","itemListElement":[{"@type":"ListItem","position":1,"name":"Home","item":"https:\/\/eventcenter.se\/kalmar\/"},{"@type":"ListItem","position":2,"name":"RESTAURANG"}]},{"@type":"WebSite","@id":"https:\/\/eventcenter.se\/kalmar\/#website","url":"https:\/\/eventcenter.se\/kalmar\/","name":"Event Center Knock 'em Down","description":"Aktiviteter i v\u00c3\u00a4rldsklass","potentialAction":[{"@type":"SearchAction","target":{"@type":"EntryPoint","urlTemplate":"https:\/\/eventcenter.se\/kalmar\/?s={search_term_string}"},"query-input":{"@type":"PropertyValueSpecification","valueRequired":true,"valueName":"search_term_string"}}],"inLanguage":"sv-SE"}]}},"_links":{"self":[{"href":"https:\/\/eventcenter.se\/kalmar\/wp-json\/wp\/v2\/pages\/544","targetHints":{"allow":["GET"]}}],"collection":[{"href":"https:\/\/eventcenter.se\/kalmar\/wp-json\/wp\/v2\/pages"}],"about":[{"href":"https:\/\/eventcenter.se\/kalmar\/wp-json\/wp\/v2\/types\/page"}],"author":[{"embeddable":true,"href":"https:\/\/eventcenter.se\/kalmar\/wp-json\/wp\/v2\/users\/2"}],"replies":[{"embeddable":true,"href":"https:\/\/eventcenter.se\/kalmar\/wp-json\/wp\/v2\/comments?post=544"}],"version-history":[{"count":102,"href":"https:\/\/eventcenter.se\/kalmar\/wp-json\/wp\/v2\/pages\/544\/revisions"}],"predecessor-version":[{"id":5976,"href":"https:\/\/eventcenter.se\/kalmar\/wp-json\/wp\/v2\/pages\/544\/revisions\/5976"}],"wp:attachment":[{"href":"https:\/\/eventcenter.se\/kalmar\/wp-json\/wp\/v2\/media?parent=544"}],"curies":[{"name":"wp","href":"https:\/\/api.w.org\/{rel}","templated":true}]}}