{"id":558,"date":"2019-03-26T09:20:09","date_gmt":"2019-03-26T09:20:09","guid":{"rendered":"https:\/\/eventcenter.se\/kalmar\/?page_id=558"},"modified":"2026-01-15T10:29:08","modified_gmt":"2026-01-15T09:29:08","slug":"barnkalas","status":"publish","type":"page","link":"https:\/\/eventcenter.se\/kalmar\/barnkalas\/","title":{"rendered":"BARNKALAS"},"content":{"rendered":"<div class=\"wpb-content-wrapper\"><p>[vc_row full_width=&#8221;stretch_row_content&#8221; bg_type=&#8221;image&#8221; css=&#8221;.vc_custom_1553954827025{margin-top: -70px !important;margin-right: 0px !important;margin-left: 0px !important;background: #ffffff url(https:\/\/eventcenter.se\/kalmar\/wp-content\/uploads\/2019\/03\/Barnkalas-1920-500.jpg?id=731) !important;background-position: 0 0 !important;background-repeat: repeat !important;}&#8221; el_class=&#8221;pinklft shadow zindexed&#8221;][vc_column css=&#8221;.vc_custom_1551966988916{padding-top: 50px !important;padding-bottom: 50px !important;padding-left: 44px !important;}&#8221;][vc_empty_space height=&#8221;300px&#8221;][\/vc_column][\/vc_row][vc_row bg_type=&#8221;image&#8221; parallax_style=&#8221;vcpb-default&#8221; bg_image_new=&#8221;id^1247|url^https:\/\/eventcenter.se\/kalmar\/wp-content\/uploads\/2019\/04\/menu-bg5.jpg|caption^Event Center Knock em Down V\u00e4xj\u00f6 Restaurang Bowling Boule Biljard Background Event Center V\u00e4xj\u00f6 Restaurang Bowling Boule Biljard Knock em Down|alt^Event Center Knock em Down V\u00e4xj\u00f6 Restaurang Bowling Boule Biljard Background Event Center V\u00e4xj\u00f6 Restaurang Bowling Boule Biljard Knock em Down The Challenge 3-kamp eventcenter|title^Event Center Knock em Down V\u00e4xj\u00f6 Restaurang Bowling Boule Biljard Background Event Center V\u00e4xj\u00f6 Restaurang Bowling Boule Biljard Knock em Down|description^Event Center Knock em Down V\u00e4xj\u00f6 Restaurang Bowling Boule Biljard Background Event Center V\u00e4xj\u00f6 Restaurang Bowling Boule Biljard Knock em Down&#8221; bg_image_size=&#8221;initial&#8221; css=&#8221;.vc_custom_1555769959574{margin-top: -40px !important;margin-right: 0px !important;margin-left: 0px !important;background: #ffffff url(https:\/\/eventcenter.se\/kalmar\/wp-content\/uploads\/2019\/03\/menu-bg.jpg?id=674) !important;background-position: 0 0 !important;background-repeat: repeat !important;}&#8221; el_class=&#8221;pinklft shadow zindexed&#8221;][vc_column width=&#8221;2\/3&#8243; css=&#8221;.vc_custom_1554197063644{padding-top: 10px !important;padding-bottom: 0px !important;padding-left: 44px !important;}&#8221;][vc_column_text css=&#8221;.vc_custom_1726754503278{padding-top: 10px !important;}&#8221;]<\/p>\n<h1><span style=\"color: #cca402;\"><strong>Barnkalas Kalmar<\/strong><\/span><\/h1>\n<p>F\u00f6r att boka kalaspaketen kontaktar du oss via epost eller telefon.<\/p>\n<p><a href=\"https:\/\/eventcenter.se\/kalmar\/wp-content\/uploads\/2024\/09\/Kalasinbjudan-Kalmar.jpg\">Ladda ner mall f\u00f6r inbjudan<\/a>[\/vc_column_text][vc_empty_space height=&#8221;20px&#8221;][\/vc_column][vc_column width=&#8221;1\/3&#8243; css=&#8221;.vc_custom_1555769975819{margin-left: 22px !important;padding-top: 12px !important;padding-bottom: 40px !important;}&#8221;]<style type=\"text\/css\" data-type=\"the7_shortcodes-inline-css\">#default-btn-20ca7d0c2903060af64a3186b81d83f6 {\n  border-radius: 1px;\n  font-size: 14px;\n  line-height: 16px;\n}\n.btn-shadow#default-btn-20ca7d0c2903060af64a3186b81d83f6 {\n  box-shadow: 0 1px 6px rgba(0,0,0,0.12);\n  transition: box-shadow 0.2s ease-out, opacity 0.45s;\n}\n.btn-shadow#default-btn-20ca7d0c2903060af64a3186b81d83f6:hover {\n  box-shadow: 0 5px 11px 0 rgba(0,0,0,0.18), 0 4px 15px 0 rgba(0,0,0,0.15);\n}\n.btn-3d#default-btn-20ca7d0c2903060af64a3186b81d83f6 {\n  box-shadow: 0px 2px 0px 0px #816b10;\n}\n.btn-3d#default-btn-20ca7d0c2903060af64a3186b81d83f6:hover {\n  box-shadow: 0px 2px 0px 0px #816b10;\n}\n.btn-flat#default-btn-20ca7d0c2903060af64a3186b81d83f6 {\n  box-shadow: none;\n}\n.btn-flat#default-btn-20ca7d0c2903060af64a3186b81d83f6:hover {\n  box-shadow: none;\n}\n#default-btn-20ca7d0c2903060af64a3186b81d83f6.ico-right-side > i {\n  margin-right: 0px;\n  margin-left: 8px;\n}\n#default-btn-20ca7d0c2903060af64a3186b81d83f6 > i {\n  margin-right: 8px;\n  font-size: 14px;\n}\n#default-btn-20ca7d0c2903060af64a3186b81d83f6:not(:hover) {\n  border-width: 0px;\n  color: #000000;\n  background: #cca402 !important;\n  padding: 12px 18px 12px 18px;\n}\n#default-btn-20ca7d0c2903060af64a3186b81d83f6:not(:hover) * {\n  color: #000000;\n}\n#default-btn-20ca7d0c2903060af64a3186b81d83f6:hover {\n  border-width: 0px;\n  background: #cca402 !important;\n  padding: 12px 18px 12px 18px;\n}\n#default-btn-20ca7d0c2903060af64a3186b81d83f6.ico-right-side > i {\n  margin-right: 0px;\n  margin-left: 8px;\n}\n#default-btn-20ca7d0c2903060af64a3186b81d83f6 > i {\n  margin-right: 8px;\n}<\/style><a href=\"https:\/\/popupvaxjo\/\" class=\"default-btn-shortcode dt-btn rubberBand animate-element animation-builder link-hover-off btn-inline-left btn-flat  vc_custom_1709293483365\" target=\"_blank\" id=\"default-btn-20ca7d0c2903060af64a3186b81d83f6\" style=\"width:265px;\" rel=\"noopener\"><span>Bokningsf\u00f6rfr\u00e5gan<\/span><\/a>[vc_column_text css=&#8221;.vc_custom_1709293499850{padding-top: 10px !important;}&#8221;]<span style=\"color: #999999;\">Eller kontakta oss via 0480-444230 <\/span><a href=\"mailto:kalmar@eventcenter.se\"><span style=\"color: #999999;\">kalmar@eventcenter.se<\/span><\/a>[\/vc_column_text][\/vc_column][\/vc_row][vc_row el_class=&#8221;teaserbx&#8221;][vc_column width=&#8221;1\/2&#8243;][vc_empty_space height=&#8221;20px&#8221;]<section class=\"shortcode-teaser img-full\"><div class=\"layzr-bg shortcode-teaser-img\"><img loading=\"lazy\" decoding=\"async\" class=\"lazy-load\" src=\"data:image\/svg+xml;charset=utf-8,%3Csvg xmlns%3D&#039;http%3A%2F%2Fwww.w3.org%2F2000%2Fsvg&#039; viewBox%3D&#039;0 0 384 384&#039;%2F%3E\" width=\"384\" height=\"384\" alt=\"Bowlingkalas\" data-srcset=\"https:\/\/eventcenter.se\/kalmar\/wp-content\/uploads\/2021\/04\/Bowlingkalas.jpg 384w\" data-src=\"https:\/\/eventcenter.se\/kalmar\/wp-content\/uploads\/2021\/04\/Bowlingkalas.jpg\" \/><\/div><div class=\"shortcode-teaser-content text-big\"><h3>Bowlingkalas<\/h3>\n<p><strong>Lilla paketet<\/strong><\/p>\n<p>1 timmes bowling<br \/>\nGlassparty<br \/>\nLyckohjul med vinst till alla barn!<\/p>\n<p>Pris: 189 kr\/barn<\/p>\n<p><strong>Stora paketet<\/strong><\/p>\n<p>Chicken nuggets<br \/>\n1 timmes bowling<br \/>\nGlassparty<br \/>\nLyckohjul med vinst till alla barn!<\/p>\n<p>Pris: 239 kr\/barn<\/p>\n<p><em>V\u00e5ra bowlingkalas \u00e4r rekommenderade fr\u00e5n 6 \u00e5r och vi \u00f6nskar att minst en f\u00f6r\u00e4lder per var sj\u00e4tte barn n\u00e4rvarar.<\/em><\/p>\n<\/div><span class=\"arrow\"><i class=\"fa fa-arrow-down\" aria-hidden=\"true\"><\/i><\/span><\/section><section class=\"shortcode-teaser img-full\"><div class=\"layzr-bg shortcode-teaser-img\"><img loading=\"lazy\" decoding=\"async\" class=\"lazy-load\" src=\"data:image\/svg+xml;charset=utf-8,%3Csvg xmlns%3D&#039;http%3A%2F%2Fwww.w3.org%2F2000%2Fsvg&#039; viewBox%3D&#039;0 0 384 384&#039;%2F%3E\" width=\"384\" height=\"384\" alt=\"The Challenge-kalas\" data-srcset=\"https:\/\/eventcenter.se\/kalmar\/wp-content\/uploads\/2021\/04\/The-Challenge-kalas.jpg 384w\" data-src=\"https:\/\/eventcenter.se\/kalmar\/wp-content\/uploads\/2021\/04\/The-Challenge-kalas.jpg\" \/><\/div><div class=\"shortcode-teaser-content text-big\"><h3>The Challenge-kalas<\/h3>\n<p><strong>Lilla paketet<\/strong><\/p>\n<p>The Challenge<br \/>\nGlassparty<br \/>\nLyckohjul med vinst till alla barn!<\/p>\n<p>Pris: 219 kr\/barn<\/p>\n<p><strong>Stora paketet<\/strong><\/p>\n<p>Chicken nuggets<br \/>\nThe Challenge<br \/>\nGlassparty<br \/>\nLyckohjul med vinst till alla barn!<\/p>\n<p>Pris: 269 kr\/barn<\/p>\n<p><em>The Challenge-kalas \u00e4r rekommenderat fr\u00e5n 10 \u00e5r och vi \u00f6nskar att minst en f\u00f6r\u00e4lder per var sj\u00e4tte barn n\u00e4rvarar.<\/em><\/p>\n<\/div><span class=\"arrow\"><i class=\"fa fa-arrow-down\" aria-hidden=\"true\"><\/i><\/span><\/section>[\/vc_column][vc_column width=&#8221;1\/2&#8243;][vc_empty_space height=&#8221;20px&#8221;]<section class=\"shortcode-teaser img-full\"><div class=\"layzr-bg shortcode-teaser-img\"><img loading=\"lazy\" decoding=\"async\" class=\"lazy-load\" src=\"data:image\/svg+xml;charset=utf-8,%3Csvg xmlns%3D&#039;http%3A%2F%2Fwww.w3.org%2F2000%2Fsvg&#039; viewBox%3D&#039;0 0 384 384&#039;%2F%3E\" width=\"384\" height=\"384\" alt=\"Airblaster\" data-srcset=\"https:\/\/eventcenter.se\/kalmar\/wp-content\/uploads\/2024\/11\/Airblaster.jpg 384w\" data-src=\"https:\/\/eventcenter.se\/kalmar\/wp-content\/uploads\/2024\/11\/Airblaster.jpg\" \/><\/div><div class=\"shortcode-teaser-content text-big\"><h3>Megakalas<\/h3>\n<p>\u201dN\u00e4r bara det b\u00e4sta \u00e4r gott nog\u201d. Megakalaset \u00e4r ett tre timmar l\u00e5ngt upplevelsekalas f\u00f6r dig och dina kompisar.<\/p>\n<p><strong>Ing\u00e5r<\/strong><\/p>\n<p>The Challenge \u2013 tio sp\u00e4nnande actionrum<\/p>\n<p>1 timmes bowling<br \/>\nChicken nuggets<br \/>\nGlassparty<br \/>\nLyckohjul med vinst till alla barn!<\/p>\n<p>Pris: 344 kr\/barn<\/p>\n<p><em>Megakalas bokas via telefon eller epost och \u00e4r rekommenderat fr\u00e5n 10 \u00e5r. Vi \u00f6nskar att minst en f\u00f6r\u00e4lder per var sj\u00e4tte barn n\u00e4rvarar vid kalaset.<\/em><\/p>\n<p>V\u00e4lkommen till Kalmars roligaste barnkalas, oavsett om du aldrig varit hos oss tidigare eller kommer ofta tillsammans med familjen kan vi garantera dig den ultimata upplevelsen i v\u00e5rt st\u00f6rsta paket f\u00f6r barnkalas!<\/p>\n<h3><\/h3>\n<\/div><span class=\"arrow\"><i class=\"fa fa-arrow-down\" aria-hidden=\"true\"><\/i><\/span><\/section>[\/vc_column][\/vc_row][vc_row][vc_column][vc_empty_space height=&#8221;00px&#8221;][\/vc_column][\/vc_row]<\/p>\n<\/div>","protected":false},"excerpt":{"rendered":"<p>[vc_row full_width=&#8221;stretch_row_content&#8221; bg_type=&#8221;image&#8221; css=&#8221;.vc_custom_1553954827025{margin-top: -70px !important;margin-right: 0px !important;margin-left: 0px !important;background: #ffffff url(https:\/\/eventcenter.se\/kalmar\/wp-content\/uploads\/2019\/03\/Barnkalas-1920-500.jpg?id=731) !important;background-position: 0 0 !important;background-repeat: repeat !important;}&#8221; el_class=&#8221;pinklft shadow zindexed&#8221;][vc_column css=&#8221;.vc_custom_1551966988916{padding-top: 50px !important;padding-bottom: 50px !important;padding-left: 44px !important;}&#8221;][vc_empty_space height=&#8221;300px&#8221;][\/vc_column][\/vc_row][vc_row bg_type=&#8221;image&#8221; parallax_style=&#8221;vcpb-default&#8221; bg_image_new=&#8221;id^1247|url^https:\/\/eventcenter.se\/kalmar\/wp-content\/uploads\/2019\/04\/menu-bg5.jpg|caption^Event Center Knock em Down V\u00e4xj\u00f6 Restaurang Bowling Boule Biljard Background Event Center V\u00e4xj\u00f6 Restaurang Bowling Boule Biljard Knock em Down|alt^Event Center Knock em&hellip;<\/p>\n","protected":false},"author":2,"featured_media":0,"parent":0,"menu_order":0,"comment_status":"closed","ping_status":"closed","template":"","meta":{"footnotes":""},"class_list":["post-558","page","type-page","status-publish","hentry","description-off"],"yoast_head":"<!-- This site is optimized with the Yoast SEO plugin v27.2 - https:\/\/yoast.com\/product\/yoast-seo-wordpress\/ -->\n<title>BARNKALAS KALMAR - Event Center - Upplevelser i v\u00e4rldsklass<\/title>\n<meta name=\"description\" content=\"Barnkalas i Kalmar hos Event Center Knock &#039;em Down \u00e4r en h\u00e4rlig blandning av gl\u00e4dje, enkelhet och sp\u00e4nnande aktiviteter f\u00f6r alla \u00e5ldrar.\" \/>\n<meta name=\"robots\" content=\"index, follow, max-snippet:-1, max-image-preview:large, max-video-preview:-1\" \/>\n<link rel=\"canonical\" href=\"https:\/\/eventcenter.se\/kalmar\/barnkalas\/\" \/>\n<meta property=\"og:locale\" content=\"sv_SE\" \/>\n<meta property=\"og:type\" content=\"article\" \/>\n<meta property=\"og:title\" content=\"BARNKALAS KALMAR - Event Center - Upplevelser i v\u00e4rldsklass\" \/>\n<meta property=\"og:description\" content=\"Barnkalas i Kalmar hos Event Center Knock &#039;em Down \u00e4r en h\u00e4rlig blandning av gl\u00e4dje, enkelhet och sp\u00e4nnande aktiviteter f\u00f6r alla \u00e5ldrar.\" \/>\n<meta property=\"og:url\" content=\"https:\/\/eventcenter.se\/kalmar\/barnkalas\/\" \/>\n<meta property=\"og:site_name\" content=\"Event Center Knock &#039;em Down\" \/>\n<meta property=\"article:modified_time\" content=\"2026-01-15T09:29:08+00:00\" \/>\n<meta name=\"twitter:card\" content=\"summary_large_image\" \/>\n<meta name=\"twitter:label1\" content=\"Ber\u00e4knad l\u00e4stid\" \/>\n\t<meta name=\"twitter:data1\" content=\"3 minuter\" \/>\n<script type=\"application\/ld+json\" class=\"yoast-schema-graph\">{\"@context\":\"https:\/\/schema.org\",\"@graph\":[{\"@type\":\"WebPage\",\"@id\":\"https:\/\/eventcenter.se\/kalmar\/barnkalas\/\",\"url\":\"https:\/\/eventcenter.se\/kalmar\/barnkalas\/\",\"name\":\"BARNKALAS KALMAR - Event Center - Upplevelser i v\u00e4rldsklass\",\"isPartOf\":{\"@id\":\"https:\/\/eventcenter.se\/kalmar\/#website\"},\"datePublished\":\"2019-03-26T09:20:09+00:00\",\"dateModified\":\"2026-01-15T09:29:08+00:00\",\"description\":\"Barnkalas i Kalmar hos Event Center Knock 'em Down \u00e4r en h\u00e4rlig blandning av gl\u00e4dje, enkelhet och sp\u00e4nnande aktiviteter f\u00f6r alla \u00e5ldrar.\",\"breadcrumb\":{\"@id\":\"https:\/\/eventcenter.se\/kalmar\/barnkalas\/#breadcrumb\"},\"inLanguage\":\"sv-SE\",\"potentialAction\":[{\"@type\":\"ReadAction\",\"target\":[\"https:\/\/eventcenter.se\/kalmar\/barnkalas\/\"]}]},{\"@type\":\"BreadcrumbList\",\"@id\":\"https:\/\/eventcenter.se\/kalmar\/barnkalas\/#breadcrumb\",\"itemListElement\":[{\"@type\":\"ListItem\",\"position\":1,\"name\":\"Home\",\"item\":\"https:\/\/eventcenter.se\/kalmar\/\"},{\"@type\":\"ListItem\",\"position\":2,\"name\":\"BARNKALAS\"}]},{\"@type\":\"WebSite\",\"@id\":\"https:\/\/eventcenter.se\/kalmar\/#website\",\"url\":\"https:\/\/eventcenter.se\/kalmar\/\",\"name\":\"Event Center Knock 'em Down\",\"description\":\"Aktiviteter i v\u00c3\u00a4rldsklass\",\"potentialAction\":[{\"@type\":\"SearchAction\",\"target\":{\"@type\":\"EntryPoint\",\"urlTemplate\":\"https:\/\/eventcenter.se\/kalmar\/?s={search_term_string}\"},\"query-input\":{\"@type\":\"PropertyValueSpecification\",\"valueRequired\":true,\"valueName\":\"search_term_string\"}}],\"inLanguage\":\"sv-SE\"}]}<\/script>\n<!-- \/ Yoast SEO plugin. -->","yoast_head_json":{"title":"BARNKALAS KALMAR - Event Center - Upplevelser i v\u00e4rldsklass","description":"Barnkalas i Kalmar hos Event Center Knock 'em Down \u00e4r en h\u00e4rlig blandning av gl\u00e4dje, enkelhet och sp\u00e4nnande aktiviteter f\u00f6r alla \u00e5ldrar.","robots":{"index":"index","follow":"follow","max-snippet":"max-snippet:-1","max-image-preview":"max-image-preview:large","max-video-preview":"max-video-preview:-1"},"canonical":"https:\/\/eventcenter.se\/kalmar\/barnkalas\/","og_locale":"sv_SE","og_type":"article","og_title":"BARNKALAS KALMAR - Event Center - Upplevelser i v\u00e4rldsklass","og_description":"Barnkalas i Kalmar hos Event Center Knock 'em Down \u00e4r en h\u00e4rlig blandning av gl\u00e4dje, enkelhet och sp\u00e4nnande aktiviteter f\u00f6r alla \u00e5ldrar.","og_url":"https:\/\/eventcenter.se\/kalmar\/barnkalas\/","og_site_name":"Event Center Knock &#039;em Down","article_modified_time":"2026-01-15T09:29:08+00:00","twitter_card":"summary_large_image","twitter_misc":{"Ber\u00e4knad l\u00e4stid":"3 minuter"},"schema":{"@context":"https:\/\/schema.org","@graph":[{"@type":"WebPage","@id":"https:\/\/eventcenter.se\/kalmar\/barnkalas\/","url":"https:\/\/eventcenter.se\/kalmar\/barnkalas\/","name":"BARNKALAS KALMAR - Event Center - Upplevelser i v\u00e4rldsklass","isPartOf":{"@id":"https:\/\/eventcenter.se\/kalmar\/#website"},"datePublished":"2019-03-26T09:20:09+00:00","dateModified":"2026-01-15T09:29:08+00:00","description":"Barnkalas i Kalmar hos Event Center Knock 'em Down \u00e4r en h\u00e4rlig blandning av gl\u00e4dje, enkelhet och sp\u00e4nnande aktiviteter f\u00f6r alla \u00e5ldrar.","breadcrumb":{"@id":"https:\/\/eventcenter.se\/kalmar\/barnkalas\/#breadcrumb"},"inLanguage":"sv-SE","potentialAction":[{"@type":"ReadAction","target":["https:\/\/eventcenter.se\/kalmar\/barnkalas\/"]}]},{"@type":"BreadcrumbList","@id":"https:\/\/eventcenter.se\/kalmar\/barnkalas\/#breadcrumb","itemListElement":[{"@type":"ListItem","position":1,"name":"Home","item":"https:\/\/eventcenter.se\/kalmar\/"},{"@type":"ListItem","position":2,"name":"BARNKALAS"}]},{"@type":"WebSite","@id":"https:\/\/eventcenter.se\/kalmar\/#website","url":"https:\/\/eventcenter.se\/kalmar\/","name":"Event Center Knock 'em Down","description":"Aktiviteter i v\u00c3\u00a4rldsklass","potentialAction":[{"@type":"SearchAction","target":{"@type":"EntryPoint","urlTemplate":"https:\/\/eventcenter.se\/kalmar\/?s={search_term_string}"},"query-input":{"@type":"PropertyValueSpecification","valueRequired":true,"valueName":"search_term_string"}}],"inLanguage":"sv-SE"}]}},"_links":{"self":[{"href":"https:\/\/eventcenter.se\/kalmar\/wp-json\/wp\/v2\/pages\/558","targetHints":{"allow":["GET"]}}],"collection":[{"href":"https:\/\/eventcenter.se\/kalmar\/wp-json\/wp\/v2\/pages"}],"about":[{"href":"https:\/\/eventcenter.se\/kalmar\/wp-json\/wp\/v2\/types\/page"}],"author":[{"embeddable":true,"href":"https:\/\/eventcenter.se\/kalmar\/wp-json\/wp\/v2\/users\/2"}],"replies":[{"embeddable":true,"href":"https:\/\/eventcenter.se\/kalmar\/wp-json\/wp\/v2\/comments?post=558"}],"version-history":[{"count":49,"href":"https:\/\/eventcenter.se\/kalmar\/wp-json\/wp\/v2\/pages\/558\/revisions"}],"predecessor-version":[{"id":5966,"href":"https:\/\/eventcenter.se\/kalmar\/wp-json\/wp\/v2\/pages\/558\/revisions\/5966"}],"wp:attachment":[{"href":"https:\/\/eventcenter.se\/kalmar\/wp-json\/wp\/v2\/media?parent=558"}],"curies":[{"name":"wp","href":"https:\/\/api.w.org\/{rel}","templated":true}]}}