{"id":5813,"date":"2025-05-09T15:19:07","date_gmt":"2025-05-09T13:19:07","guid":{"rendered":"https:\/\/eventcenter.se\/kalmar\/?page_id=5813"},"modified":"2026-01-02T16:30:45","modified_gmt":"2026-01-02T15:30:45","slug":"skolor","status":"publish","type":"page","link":"https:\/\/eventcenter.se\/kalmar\/skolor\/","title":{"rendered":"SKOLA &#038; F\u00d6RENINGAR"},"content":{"rendered":"<div class=\"wpb-content-wrapper\"><p>[vc_row full_width=&#8221;stretch_row&#8221; content_placement=&#8221;top&#8221; bg_type=&#8221;image&#8221; css=&#8221;.vc_custom_1746796703139{padding-top: 250px !important;padding-bottom: 250px !important;background-image: url(https:\/\/eventcenter.se\/kalmar\/wp-content\/uploads\/2025\/05\/exklusivt-knock-1920-500-scaled.jpg?id=5814) !important;}&#8221; el_class=&#8221;vc_hidden-xs&#8221;][vc_column offset=&#8221;vc_hidden-xs&#8221;][\/vc_column][\/vc_row][vc_row full_width=&#8221;stretch_row_content&#8221; content_placement=&#8221;top&#8221; bg_type=&#8221;image&#8221; css=&#8221;.vc_custom_1746796738471{padding-top: 450px !important;padding-bottom: 0px !important;background-image: url(https:\/\/eventcenter.se\/kalmar\/wp-content\/uploads\/2025\/05\/exklusivt.mobilanpassat.jpg?id=5815) !important;}&#8221; el_class=&#8221;vc_hidden-lg vc_hidden-md vc_hidden-sm&#8221;][vc_column offset=&#8221;vc_hidden-xs&#8221;][\/vc_column][\/vc_row][vc_row bg_type=&#8221;image&#8221; parallax_style=&#8221;vcpb-default&#8221; bg_image_new=&#8221;id^1247|url^https:\/\/eventcenter.se\/kalmar\/wp-content\/uploads\/2019\/04\/menu-bg5.jpg|caption^Event Center Knock em Down V\u00e4xj\u00f6 Restaurang Bowling Boule Biljard Background Event Center V\u00e4xj\u00f6 Restaurang Bowling Boule Biljard Knock em Down|alt^Event Center Knock em Down V\u00e4xj\u00f6 Restaurang Bowling Boule Biljard Background Event Center V\u00e4xj\u00f6 Restaurang Bowling Boule Biljard Knock em Down The Challenge 3-kamp eventcenter|title^Event Center Knock em Down V\u00e4xj\u00f6 Restaurang Bowling Boule Biljard Background Event Center V\u00e4xj\u00f6 Restaurang Bowling Boule Biljard Knock em Down|description^Event Center Knock em Down V\u00e4xj\u00f6 Restaurang Bowling Boule Biljard Background Event Center V\u00e4xj\u00f6 Restaurang Bowling Boule Biljard Knock em Down&#8221; bg_image_size=&#8221;initial&#8221; css=&#8221;.vc_custom_1555773093897{margin-top: -40px !important;margin-right: 0px !important;margin-left: 0px !important;background-color: #ffffff !important;background-position: 0 0 !important;background-repeat: repeat !important;}&#8221; el_class=&#8221;pinklft shadow zindexed&#8221;][vc_column width=&#8221;2\/3&#8243; css=&#8221;.vc_custom_1554197063644{padding-top: 10px !important;padding-bottom: 0px !important;padding-left: 44px !important;}&#8221;][vc_column_text css=&#8221;.vc_custom_1767367841689{padding-top: 10px !important;}&#8221;]<\/p>\n<h1><span style=\"color: #cca402;\"><strong>Skolor &amp; F\u00f6reningar<\/strong><\/span><\/h1>\n<p><strong>Letar du efter n\u00e5got extra roligt till \u00e5rets avslutning? Vi har satt ihop tre olika paketl\u00f6sningar f\u00f6r b\u00e5de skolklasser och f\u00f6reningar d\u00e4r ditt s\u00e4llskap f\u00e5r uppleva de b\u00e4sta aktiviteterna!<\/strong><\/p>\n<p><a href=\"https:\/\/popupvaxjo\/\"><img loading=\"lazy\" decoding=\"async\" class=\"alignnone wp-image-4527\" src=\"https:\/\/eventcenter.se\/kalmar\/wp-content\/uploads\/2022\/10\/Boka-300x78.jpg\" alt=\"Boka\" width=\"200\" height=\"52\" srcset=\"https:\/\/eventcenter.se\/kalmar\/wp-content\/uploads\/2022\/10\/Boka-300x78.jpg 300w, https:\/\/eventcenter.se\/kalmar\/wp-content\/uploads\/2022\/10\/Boka.jpg 384w\" sizes=\"auto, (max-width: 200px) 100vw, 200px\" \/><\/a><\/p>\n<p><strong>Brons 325 kr\/pp <\/strong><em>(minst 15 pers)<\/em><br \/>\n<em>\u2013\u00a0<\/em>Bowling<em><br \/>\n\u200b-\u00a0<\/em>Lunch<em>\u00a0\u201dmake your own burger\u201d<br \/>\n\u2013\u00a0<\/em>Glass<em><br \/>\n<\/em><strong>Totalt 2 h av aktiviteter, mat &amp; n\u00f6je!<\/strong><\/p>\n<p>&nbsp;<\/p>\n<p><strong>Silver 525 kr\/pp <\/strong><em>(minst 10 pers)<\/em><br \/>\n<em>\u2013\u00a0<\/em>The Challenge<em>\u00a0\u201ddigitala f\u00e5ngarna p\u00e5 fortet\u201d med 10 actionrum<br \/>\n\u2013\u00a0<\/em>Bowling<em><br \/>\n\u2013\u00a0<\/em>Arkadspel<em><br \/>\n\u200b-\u00a0<\/em>Lunch<em>\u00a0\u201dmake your own burger\u201d<br \/>\n\u2013\u00a0<\/em>Glass<em><br \/>\n<\/em><strong>Totalt 3,5 h av aktiviteter, mat &amp; n\u00f6je!<\/strong><\/p>\n<p>&nbsp;<\/p>\n<p><strong>Guld 695 kr\/pp <\/strong><em>(minst 10 pers)<\/em><br \/>\n<em>\u2013\u00a0<\/em>3-kamp<em> inkl. bowling, shuffleboard och Lasergame VR med egen aktivitetsv\u00e4rd<br \/>\n\u2013\u00a0<\/em>The Challenge<em>\u00a0\u201ddigitala f\u00e5ngarna p\u00e5 fortet\u201d med 10 actionrum<br \/>\n\u2013\u00a0<\/em>Arkadspel<em><br \/>\n\u200b-\u00a0<\/em>Lunch<em>\u00a0\u201dmake your own burger\u201d<br \/>\n\u2013\u00a0<\/em>Glass<em><br \/>\n<\/em><strong>Totalt 4,5 h av aktiviteter, mat &amp; n\u00f6je!<\/strong>[\/vc_column_text][vc_empty_space height=&#8221;20px&#8221;][\/vc_column][vc_column width=&#8221;1\/3&#8243; css=&#8221;.vc_custom_1555773103909{margin-left: 22px !important;padding-top: 17px !important;padding-right: 10px !important;padding-bottom: 25px !important;}&#8221;][vc_column_text css=&#8221;.vc_custom_1709294087394{padding-top: 10px !important;}&#8221;]<span style=\"color: #999999;\">Kontakta oss via <strong>0480-444230<\/strong> eller <\/span><strong><a href=\"mailto:kalmar@eventcenter.se\"><span style=\"color: #999999;\">kalmar@eventcenter.se<\/span><\/a><\/strong>[\/vc_column_text]<style type=\"text\/css\" data-type=\"the7_shortcodes-inline-css\">#default-btn-dc1aae610a91ac6f5f2f011d69521f95 {\n  border-radius: 1px;\n  font-size: 14px;\n  line-height: 16px;\n}\n.btn-shadow#default-btn-dc1aae610a91ac6f5f2f011d69521f95 {\n  box-shadow: 0 1px 6px rgba(0,0,0,0.12);\n  transition: box-shadow 0.2s ease-out, opacity 0.45s;\n}\n.btn-shadow#default-btn-dc1aae610a91ac6f5f2f011d69521f95:hover {\n  box-shadow: 0 5px 11px 0 rgba(0,0,0,0.18), 0 4px 15px 0 rgba(0,0,0,0.15);\n}\n.btn-3d#default-btn-dc1aae610a91ac6f5f2f011d69521f95 {\n  box-shadow: 0px 2px 0px 0px #816b10;\n}\n.btn-3d#default-btn-dc1aae610a91ac6f5f2f011d69521f95:hover {\n  box-shadow: 0px 2px 0px 0px #816b10;\n}\n.btn-flat#default-btn-dc1aae610a91ac6f5f2f011d69521f95 {\n  box-shadow: none;\n}\n.btn-flat#default-btn-dc1aae610a91ac6f5f2f011d69521f95:hover {\n  box-shadow: none;\n}\n#default-btn-dc1aae610a91ac6f5f2f011d69521f95.ico-right-side > i {\n  margin-right: 0px;\n  margin-left: 8px;\n}\n#default-btn-dc1aae610a91ac6f5f2f011d69521f95 > i {\n  margin-right: 8px;\n  font-size: 14px;\n}\n#default-btn-dc1aae610a91ac6f5f2f011d69521f95:not(:hover) {\n  border-width: 0px;\n  color: #000000;\n  background: #cca402 !important;\n  padding: 12px 18px 12px 18px;\n}\n#default-btn-dc1aae610a91ac6f5f2f011d69521f95:not(:hover) * {\n  color: #000000;\n}\n#default-btn-dc1aae610a91ac6f5f2f011d69521f95:hover {\n  border-width: 0px;\n  background: #cca402 !important;\n  padding: 12px 18px 12px 18px;\n}\n#default-btn-dc1aae610a91ac6f5f2f011d69521f95.ico-right-side > i {\n  margin-right: 0px;\n  margin-left: 8px;\n}\n#default-btn-dc1aae610a91ac6f5f2f011d69521f95 > i {\n  margin-right: 8px;\n}<\/style><a href=\"https:\/\/popupvaxjo\/\" class=\"default-btn-shortcode dt-btn rubberBand animate-element animation-builder link-hover-off btn-inline-left btn-flat  vc_custom_1668605468425\" id=\"default-btn-dc1aae610a91ac6f5f2f011d69521f95\" style=\"width:265px;\"><span>Bokningsf\u00f6rfr\u00e5gan<\/span><\/a>[vc_empty_space height=&#8221;20px&#8221;][vc_single_image image=&#8221;5019&#8243; img_size=&#8221;full&#8221; css=&#8221;.vc_custom_1746796639449{padding-right: 50px !important;}&#8221; image_hovers=&#8221;false&#8221;][\/vc_column][\/vc_row][vc_row disable_element=&#8221;yes&#8221; el_class=&#8221;teaserbx vc_hidden-xs&#8221;][vc_column width=&#8221;1\/2&#8243;][\/vc_column][vc_column width=&#8221;1\/2&#8243;][\/vc_column][\/vc_row][vc_row disable_element=&#8221;yes&#8221;][vc_column][vc_empty_space height=&#8221;00px&#8221;][\/vc_column][\/vc_row][vc_row el_class=&#8221;teaserbx vc_hidden-lg vc_hidden-md vc_hidden-sm&#8221;][vc_column width=&#8221;1\/2&#8243;][\/vc_column][vc_column width=&#8221;1\/2&#8243;][\/vc_column][\/vc_row]<\/p>\n<\/div>","protected":false},"excerpt":{"rendered":"<p>[vc_row full_width=&#8221;stretch_row&#8221; content_placement=&#8221;top&#8221; bg_type=&#8221;image&#8221; css=&#8221;.vc_custom_1746796703139{padding-top: 250px !important;padding-bottom: 250px !important;background-image: url(https:\/\/eventcenter.se\/kalmar\/wp-content\/uploads\/2025\/05\/exklusivt-knock-1920-500-scaled.jpg?id=5814) !important;}&#8221; el_class=&#8221;vc_hidden-xs&#8221;][vc_column offset=&#8221;vc_hidden-xs&#8221;][\/vc_column][\/vc_row][vc_row full_width=&#8221;stretch_row_content&#8221; content_placement=&#8221;top&#8221; bg_type=&#8221;image&#8221; css=&#8221;.vc_custom_1746796738471{padding-top: 450px !important;padding-bottom: 0px !important;background-image: url(https:\/\/eventcenter.se\/kalmar\/wp-content\/uploads\/2025\/05\/exklusivt.mobilanpassat.jpg?id=5815) !important;}&#8221; el_class=&#8221;vc_hidden-lg vc_hidden-md vc_hidden-sm&#8221;][vc_column offset=&#8221;vc_hidden-xs&#8221;][\/vc_column][\/vc_row][vc_row bg_type=&#8221;image&#8221; parallax_style=&#8221;vcpb-default&#8221; bg_image_new=&#8221;id^1247|url^https:\/\/eventcenter.se\/kalmar\/wp-content\/uploads\/2019\/04\/menu-bg5.jpg|caption^Event Center Knock em Down V\u00e4xj\u00f6 Restaurang Bowling Boule Biljard Background Event Center V\u00e4xj\u00f6 Restaurang Bowling Boule Biljard Knock em Down|alt^Event Center Knock em Down V\u00e4xj\u00f6&hellip;<\/p>\n","protected":false},"author":3,"featured_media":0,"parent":0,"menu_order":0,"comment_status":"closed","ping_status":"closed","template":"","meta":{"footnotes":""},"class_list":["post-5813","page","type-page","status-publish","hentry","description-off"],"yoast_head":"<!-- This site is optimized with the Yoast SEO plugin v27.2 - https:\/\/yoast.com\/product\/yoast-seo-wordpress\/ -->\n<title>SKOLA &amp; F\u00d6RENINGAR KALMAR - Teambuilding - Upplevelser i v\u00e4rldsklass<\/title>\n<meta name=\"description\" content=\"Konferens Kalmar. En roligare konferens. L\u00e5t oss ge er n\u00e5got ut\u00f6ver det vanliga och f\u00f6rvandla er konferens till en upplevelse!\" \/>\n<meta name=\"robots\" content=\"index, follow, max-snippet:-1, max-image-preview:large, max-video-preview:-1\" \/>\n<link rel=\"canonical\" href=\"https:\/\/eventcenter.se\/kalmar\/skolor\/\" \/>\n<meta property=\"og:locale\" content=\"sv_SE\" \/>\n<meta property=\"og:type\" content=\"article\" \/>\n<meta property=\"og:title\" content=\"SKOLA &amp; F\u00d6RENINGAR KALMAR - Teambuilding - Upplevelser i v\u00e4rldsklass\" \/>\n<meta property=\"og:description\" content=\"Konferens Kalmar. En roligare konferens. L\u00e5t oss ge er n\u00e5got ut\u00f6ver det vanliga och f\u00f6rvandla er konferens till en upplevelse!\" \/>\n<meta property=\"og:url\" content=\"https:\/\/eventcenter.se\/kalmar\/skolor\/\" \/>\n<meta property=\"og:site_name\" content=\"Event Center Knock &#039;em Down\" \/>\n<meta property=\"article:modified_time\" content=\"2026-01-02T15:30:45+00:00\" \/>\n<meta property=\"og:image\" content=\"https:\/\/eventcenter.se\/kalmar\/wp-content\/uploads\/2022\/10\/Boka.jpg\" \/>\n\t<meta property=\"og:image:width\" content=\"384\" \/>\n\t<meta property=\"og:image:height\" content=\"100\" \/>\n\t<meta property=\"og:image:type\" content=\"image\/jpeg\" \/>\n<meta name=\"twitter:card\" content=\"summary_large_image\" \/>\n<meta name=\"twitter:label1\" content=\"Ber\u00e4knad l\u00e4stid\" \/>\n\t<meta name=\"twitter:data1\" content=\"2 minuter\" \/>\n<script type=\"application\/ld+json\" class=\"yoast-schema-graph\">{\"@context\":\"https:\/\/schema.org\",\"@graph\":[{\"@type\":\"WebPage\",\"@id\":\"https:\/\/eventcenter.se\/kalmar\/skolor\/\",\"url\":\"https:\/\/eventcenter.se\/kalmar\/skolor\/\",\"name\":\"SKOLA & F\u00d6RENINGAR KALMAR - Teambuilding - Upplevelser i v\u00e4rldsklass\",\"isPartOf\":{\"@id\":\"https:\/\/eventcenter.se\/kalmar\/#website\"},\"primaryImageOfPage\":{\"@id\":\"https:\/\/eventcenter.se\/kalmar\/skolor\/#primaryimage\"},\"image\":{\"@id\":\"https:\/\/eventcenter.se\/kalmar\/skolor\/#primaryimage\"},\"thumbnailUrl\":\"https:\/\/eventcenter.se\/kalmar\/wp-content\/uploads\/2022\/10\/Boka-300x78.jpg\",\"datePublished\":\"2025-05-09T13:19:07+00:00\",\"dateModified\":\"2026-01-02T15:30:45+00:00\",\"description\":\"Konferens Kalmar. En roligare konferens. L\u00e5t oss ge er n\u00e5got ut\u00f6ver det vanliga och f\u00f6rvandla er konferens till en upplevelse!\",\"breadcrumb\":{\"@id\":\"https:\/\/eventcenter.se\/kalmar\/skolor\/#breadcrumb\"},\"inLanguage\":\"sv-SE\",\"potentialAction\":[{\"@type\":\"ReadAction\",\"target\":[\"https:\/\/eventcenter.se\/kalmar\/skolor\/\"]}]},{\"@type\":\"ImageObject\",\"inLanguage\":\"sv-SE\",\"@id\":\"https:\/\/eventcenter.se\/kalmar\/skolor\/#primaryimage\",\"url\":\"https:\/\/eventcenter.se\/kalmar\/wp-content\/uploads\/2022\/10\/Boka.jpg\",\"contentUrl\":\"https:\/\/eventcenter.se\/kalmar\/wp-content\/uploads\/2022\/10\/Boka.jpg\",\"width\":384,\"height\":100,\"caption\":\"Boka\"},{\"@type\":\"BreadcrumbList\",\"@id\":\"https:\/\/eventcenter.se\/kalmar\/skolor\/#breadcrumb\",\"itemListElement\":[{\"@type\":\"ListItem\",\"position\":1,\"name\":\"Home\",\"item\":\"https:\/\/eventcenter.se\/kalmar\/\"},{\"@type\":\"ListItem\",\"position\":2,\"name\":\"SKOLA &#038; F\u00d6RENINGAR\"}]},{\"@type\":\"WebSite\",\"@id\":\"https:\/\/eventcenter.se\/kalmar\/#website\",\"url\":\"https:\/\/eventcenter.se\/kalmar\/\",\"name\":\"Event Center Knock 'em Down\",\"description\":\"Aktiviteter i v\u00c3\u00a4rldsklass\",\"potentialAction\":[{\"@type\":\"SearchAction\",\"target\":{\"@type\":\"EntryPoint\",\"urlTemplate\":\"https:\/\/eventcenter.se\/kalmar\/?s={search_term_string}\"},\"query-input\":{\"@type\":\"PropertyValueSpecification\",\"valueRequired\":true,\"valueName\":\"search_term_string\"}}],\"inLanguage\":\"sv-SE\"}]}<\/script>\n<!-- \/ Yoast SEO plugin. -->","yoast_head_json":{"title":"SKOLA & F\u00d6RENINGAR KALMAR - Teambuilding - Upplevelser i v\u00e4rldsklass","description":"Konferens Kalmar. En roligare konferens. L\u00e5t oss ge er n\u00e5got ut\u00f6ver det vanliga och f\u00f6rvandla er konferens till en upplevelse!","robots":{"index":"index","follow":"follow","max-snippet":"max-snippet:-1","max-image-preview":"max-image-preview:large","max-video-preview":"max-video-preview:-1"},"canonical":"https:\/\/eventcenter.se\/kalmar\/skolor\/","og_locale":"sv_SE","og_type":"article","og_title":"SKOLA & F\u00d6RENINGAR KALMAR - Teambuilding - Upplevelser i v\u00e4rldsklass","og_description":"Konferens Kalmar. En roligare konferens. L\u00e5t oss ge er n\u00e5got ut\u00f6ver det vanliga och f\u00f6rvandla er konferens till en upplevelse!","og_url":"https:\/\/eventcenter.se\/kalmar\/skolor\/","og_site_name":"Event Center Knock &#039;em Down","article_modified_time":"2026-01-02T15:30:45+00:00","og_image":[{"width":384,"height":100,"url":"https:\/\/eventcenter.se\/kalmar\/wp-content\/uploads\/2022\/10\/Boka.jpg","type":"image\/jpeg"}],"twitter_card":"summary_large_image","twitter_misc":{"Ber\u00e4knad l\u00e4stid":"2 minuter"},"schema":{"@context":"https:\/\/schema.org","@graph":[{"@type":"WebPage","@id":"https:\/\/eventcenter.se\/kalmar\/skolor\/","url":"https:\/\/eventcenter.se\/kalmar\/skolor\/","name":"SKOLA & F\u00d6RENINGAR KALMAR - Teambuilding - Upplevelser i v\u00e4rldsklass","isPartOf":{"@id":"https:\/\/eventcenter.se\/kalmar\/#website"},"primaryImageOfPage":{"@id":"https:\/\/eventcenter.se\/kalmar\/skolor\/#primaryimage"},"image":{"@id":"https:\/\/eventcenter.se\/kalmar\/skolor\/#primaryimage"},"thumbnailUrl":"https:\/\/eventcenter.se\/kalmar\/wp-content\/uploads\/2022\/10\/Boka-300x78.jpg","datePublished":"2025-05-09T13:19:07+00:00","dateModified":"2026-01-02T15:30:45+00:00","description":"Konferens Kalmar. En roligare konferens. L\u00e5t oss ge er n\u00e5got ut\u00f6ver det vanliga och f\u00f6rvandla er konferens till en upplevelse!","breadcrumb":{"@id":"https:\/\/eventcenter.se\/kalmar\/skolor\/#breadcrumb"},"inLanguage":"sv-SE","potentialAction":[{"@type":"ReadAction","target":["https:\/\/eventcenter.se\/kalmar\/skolor\/"]}]},{"@type":"ImageObject","inLanguage":"sv-SE","@id":"https:\/\/eventcenter.se\/kalmar\/skolor\/#primaryimage","url":"https:\/\/eventcenter.se\/kalmar\/wp-content\/uploads\/2022\/10\/Boka.jpg","contentUrl":"https:\/\/eventcenter.se\/kalmar\/wp-content\/uploads\/2022\/10\/Boka.jpg","width":384,"height":100,"caption":"Boka"},{"@type":"BreadcrumbList","@id":"https:\/\/eventcenter.se\/kalmar\/skolor\/#breadcrumb","itemListElement":[{"@type":"ListItem","position":1,"name":"Home","item":"https:\/\/eventcenter.se\/kalmar\/"},{"@type":"ListItem","position":2,"name":"SKOLA &#038; F\u00d6RENINGAR"}]},{"@type":"WebSite","@id":"https:\/\/eventcenter.se\/kalmar\/#website","url":"https:\/\/eventcenter.se\/kalmar\/","name":"Event Center Knock 'em Down","description":"Aktiviteter i v\u00c3\u00a4rldsklass","potentialAction":[{"@type":"SearchAction","target":{"@type":"EntryPoint","urlTemplate":"https:\/\/eventcenter.se\/kalmar\/?s={search_term_string}"},"query-input":{"@type":"PropertyValueSpecification","valueRequired":true,"valueName":"search_term_string"}}],"inLanguage":"sv-SE"}]}},"_links":{"self":[{"href":"https:\/\/eventcenter.se\/kalmar\/wp-json\/wp\/v2\/pages\/5813","targetHints":{"allow":["GET"]}}],"collection":[{"href":"https:\/\/eventcenter.se\/kalmar\/wp-json\/wp\/v2\/pages"}],"about":[{"href":"https:\/\/eventcenter.se\/kalmar\/wp-json\/wp\/v2\/types\/page"}],"author":[{"embeddable":true,"href":"https:\/\/eventcenter.se\/kalmar\/wp-json\/wp\/v2\/users\/3"}],"replies":[{"embeddable":true,"href":"https:\/\/eventcenter.se\/kalmar\/wp-json\/wp\/v2\/comments?post=5813"}],"version-history":[{"count":4,"href":"https:\/\/eventcenter.se\/kalmar\/wp-json\/wp\/v2\/pages\/5813\/revisions"}],"predecessor-version":[{"id":5963,"href":"https:\/\/eventcenter.se\/kalmar\/wp-json\/wp\/v2\/pages\/5813\/revisions\/5963"}],"wp:attachment":[{"href":"https:\/\/eventcenter.se\/kalmar\/wp-json\/wp\/v2\/media?parent=5813"}],"curies":[{"name":"wp","href":"https:\/\/api.w.org\/{rel}","templated":true}]}}