{"id":3650,"date":"2021-04-16T10:58:11","date_gmt":"2021-04-16T08:58:11","guid":{"rendered":"https:\/\/eventcenter.se\/vaxjo\/?page_id=3650"},"modified":"2024-06-05T11:20:53","modified_gmt":"2024-06-05T09:20:53","slug":"evenemang-vaxjo","status":"publish","type":"page","link":"https:\/\/eventcenter.se\/vaxjo\/evenemang-vaxjo\/","title":{"rendered":"EVENEMANGSKALENDER"},"content":{"rendered":"<div class=\"wpb-content-wrapper\"><p>[vc_row full_width=&#8221;stretch_row&#8221; content_placement=&#8221;top&#8221; bg_type=&#8221;image&#8221; css=&#8221;.vc_custom_1618564601655{padding-top: 250px !important;padding-bottom: 250px !important;background-image: url(https:\/\/eventcenter.se\/vaxjo\/wp-content\/uploads\/2021\/04\/Blurry-restaurang.jpg?id=3658) !important;}&#8221; el_class=&#8221;vc_hidden-xs&#8221;][vc_column offset=&#8221;vc_hidden-xs&#8221;][\/vc_column][\/vc_row][vc_row full_width=&#8221;stretch_row_content&#8221; content_placement=&#8221;top&#8221; bg_type=&#8221;image&#8221; css=&#8221;.vc_custom_1618564774561{padding-top: 450px !important;padding-bottom: 0px !important;background-image: url(https:\/\/eventcenter.se\/vaxjo\/wp-content\/uploads\/2021\/04\/Blurry-resturant.jpg?id=3660) !important;}&#8221; el_class=&#8221;vc_hidden-lg vc_hidden-md vc_hidden-sm&#8221;][vc_column offset=&#8221;vc_hidden-xs&#8221;][\/vc_column][\/vc_row][vc_row bg_type=&#8221;image&#8221; parallax_style=&#8221;vcpb-default&#8221; bg_image_new=&#8221;id^1247|url^https:\/\/eventcenter.se\/vaxjo\/wp-content\/uploads\/2019\/04\/menu-bg5.jpg|caption^Event Center Knock em Down V\u00e4xj\u00f6 Restaurang Bowling Boule Biljard Background Event Center V\u00e4xj\u00f6 Restaurang Bowling Boule Biljard Knock em Down|alt^Event Center Knock em Down V\u00e4xj\u00f6 Restaurang Bowling Boule Biljard Background Event Center V\u00e4xj\u00f6 Restaurang Bowling Boule Biljard Knock em Down The Challenge 3-kamp eventcenter|title^Event Center Knock em Down V\u00e4xj\u00f6 Restaurang Bowling Boule Biljard Background Event Center V\u00e4xj\u00f6 Restaurang Bowling Boule Biljard Knock em Down|description^Event Center Knock em Down V\u00e4xj\u00f6 Restaurang Bowling Boule Biljard Background Event Center V\u00e4xj\u00f6 Restaurang Bowling Boule Biljard Knock em Down&#8221; bg_image_size=&#8221;initial&#8221; css=&#8221;.vc_custom_1555773093897{margin-top: -40px !important;margin-right: 0px !important;margin-left: 0px !important;background-color: #ffffff !important;background-position: 0 0 !important;background-repeat: repeat !important;}&#8221; el_class=&#8221;pinklft shadow zindexed&#8221;][vc_column width=&#8221;2\/3&#8243; css=&#8221;.vc_custom_1554197063644{padding-top: 10px !important;padding-bottom: 0px !important;padding-left: 44px !important;}&#8221;][vc_column_text css=&#8221;.vc_custom_1717579241620{padding-top: 10px !important;}&#8221;]<\/p>\n<h1><span style=\"color: #cca402;\"><strong>Evenemang V\u00e4xj\u00f6<\/strong><\/span><\/h1>\n<p><strong>Torsdag 6\/6 kl.16 &#8211; Whiskyprovning med Mackmyra<\/strong><\/p>\n<p><strong>Fredag 7\/6 kl.18 &#8211; Musikquiz p\u00e5 uteserveringen<\/strong><\/p>\n<p><strong>L\u00f6rdag 8\/6 &#8211; DJ-kv\u00e4ll (uteservering 19-22, bowling 22-01)<\/strong><\/p>\n<p><strong>Onsdag 12\/6 kl.16 &#8211; Whiskyprovning med Mackmyra<\/strong><\/p>\n<p><strong>Fredag 14\/6\u00a0 kl.18 &#8211; Musikquiz p\u00e5 uteserveringen<\/strong><\/p>\n<p><strong>L\u00f6rdag 15\/6 &#8211; DJ-kv\u00e4ll (uteservering 19-22, bowling 22-01)<\/strong><\/p>\n<p><strong>Fredag 28\/6 kl.18 &#8211; Musikquiz p\u00e5 uteserveringen<\/strong><\/p>\n<p><strong>L\u00f6rdag 29\/6 &#8211; DJ-kv\u00e4ll (uteservering 19-22, bowling 22-01)<\/strong><\/p>\n<p><strong>Fredag 5\/7 kl.18 &#8211; Musikquiz p\u00e5 uteserveringen<\/strong><\/p>\n<p><strong>L\u00f6rdag 6\/7<\/strong><strong> &#8211; DJ-kv\u00e4ll (uteservering 19-22, bowling 22-01)<\/strong><\/p>\n<p><strong>Fredag 12\/7\u00a0 kl.18 &#8211; Musikquiz p\u00e5 uteserveringen<\/strong><\/p>\n<p><strong>L\u00f6rdag 13\/7 &#8211; DJ-kv\u00e4ll (uteservering 19-22, bowling 22-01)<\/strong><\/p>\n<p><strong>Fredag 19\/7 kl.18 &#8211; Musikquiz p\u00e5 uteserveringen<\/strong><\/p>\n<p><strong>L\u00f6rdag 20\/7 &#8211; DJ-kv\u00e4ll (uteservering 19-22, bowling 22-01)<\/strong><\/p>\n<p><strong>Fredag 26\/7 kl.18 &#8211; Musikquiz p\u00e5 uteserveringen<\/strong><\/p>\n<p><strong>L\u00f6rdag 27\/7 &#8211; DJ-kv\u00e4ll (uteservering 19-22, bowling 22-01)<\/strong><\/p>\n<p><strong>Fredag 2\/8 kl.18 &#8211; Musikquiz p\u00e5 uteserveringen<\/strong><\/p>\n<p><strong>L\u00f6rdag 3\/8 &#8211; DJ-kv\u00e4ll (uteservering 19-22, bowling 22-01)<\/strong><\/p>\n<p><strong>Fredag 9\/8 kl.18 &#8211; Musikquiz p\u00e5 uteserveringen<\/strong><\/p>\n<p><strong>L\u00f6rdag 10\/8 &#8211; DJ-kv\u00e4ll (uteservering 19-22, bowling 22-01)<\/strong><\/p>\n<p><strong>Fredag 16\/8 kl.18 &#8211; Musikquiz s\u00e4songsavslutning p\u00e5 Karl-Oskar dagarna<\/strong><\/p>\n<p><strong>L\u00f6rdag 24\/8 kl.16 &#8211; Tjejkv\u00e4ll<\/strong>[\/vc_column_text][vc_empty_space height=&#8221;20px&#8221;][\/vc_column][vc_column width=&#8221;1\/3&#8243; css=&#8221;.vc_custom_1584598254299{margin-left: 22px !important;padding-top: 17px !important;padding-right: 50px !important;padding-bottom: 25px !important;}&#8221;][vc_column_text css=&#8221;.vc_custom_1716292769501{padding-top: 10px !important;}&#8221;]F\u00f6r mer information och anm\u00e4lan kontakta oss p\u00e5 0470-122 22 eller <a href=\"mailto:vaxjo@eventcenter.se\">vaxjo@eventcenter.se<\/a>[\/vc_column_text][vc_empty_space height=&#8221;20px&#8221; css=&#8221;.vc_custom_1587398978849{background-image: url(https:\/\/eventcenter.se\/vaxjo\/wp-content\/uploads\/2020\/04\/Exklusivt-mitten.png?id=2690) !important;}&#8221;][vc_single_image image=&#8221;2690&#8243; img_size=&#8221;full&#8221; css=&#8221;.vc_custom_1618564552921{padding-right: 50px !important;}&#8221; image_hovers=&#8221;false&#8221;][\/vc_column][\/vc_row][vc_row disable_element=&#8221;yes&#8221; el_class=&#8221;teaserbx vc_hidden-xs&#8221;][vc_column width=&#8221;1\/2&#8243;][\/vc_column][vc_column width=&#8221;1\/2&#8243;][\/vc_column][\/vc_row][vc_row disable_element=&#8221;yes&#8221;][vc_column][vc_empty_space height=&#8221;00px&#8221;][\/vc_column][\/vc_row][vc_row el_class=&#8221;teaserbx vc_hidden-lg vc_hidden-md vc_hidden-sm&#8221;][vc_column width=&#8221;1\/2&#8243;][\/vc_column][vc_column width=&#8221;1\/2&#8243;][\/vc_column][\/vc_row]<\/p>\n<\/div>","protected":false},"excerpt":{"rendered":"<p>[vc_row full_width=&#8221;stretch_row&#8221; content_placement=&#8221;top&#8221; bg_type=&#8221;image&#8221; css=&#8221;.vc_custom_1618564601655{padding-top: 250px !important;padding-bottom: 250px !important;background-image: url(https:\/\/eventcenter.se\/vaxjo\/wp-content\/uploads\/2021\/04\/Blurry-restaurang.jpg?id=3658) !important;}&#8221; el_class=&#8221;vc_hidden-xs&#8221;][vc_column offset=&#8221;vc_hidden-xs&#8221;][\/vc_column][\/vc_row][vc_row full_width=&#8221;stretch_row_content&#8221; content_placement=&#8221;top&#8221; bg_type=&#8221;image&#8221; css=&#8221;.vc_custom_1618564774561{padding-top: 450px !important;padding-bottom: 0px !important;background-image: url(https:\/\/eventcenter.se\/vaxjo\/wp-content\/uploads\/2021\/04\/Blurry-resturant.jpg?id=3660) !important;}&#8221; el_class=&#8221;vc_hidden-lg vc_hidden-md vc_hidden-sm&#8221;][vc_column offset=&#8221;vc_hidden-xs&#8221;][\/vc_column][\/vc_row][vc_row bg_type=&#8221;image&#8221; parallax_style=&#8221;vcpb-default&#8221; bg_image_new=&#8221;id^1247|url^https:\/\/eventcenter.se\/vaxjo\/wp-content\/uploads\/2019\/04\/menu-bg5.jpg|caption^Event Center Knock em Down V\u00e4xj\u00f6 Restaurang Bowling Boule Biljard Background Event Center V\u00e4xj\u00f6 Restaurang Bowling Boule Biljard Knock em Down|alt^Event Center Knock em Down V\u00e4xj\u00f6&hellip;<\/p>\n","protected":false},"author":3,"featured_media":0,"parent":0,"menu_order":0,"comment_status":"closed","ping_status":"closed","template":"","meta":{"footnotes":""},"class_list":["post-3650","page","type-page","status-publish","hentry","description-off"],"yoast_head":"<!-- This site is optimized with the Yoast SEO plugin v27.2 - https:\/\/yoast.com\/product\/yoast-seo-wordpress\/ -->\n<title>EVENEMANGSKALENDER V\u00c4XJ\u00d6 - Knock &#039;em Down - Upplevelser i v\u00e4rldsklass<\/title>\n<meta name=\"description\" content=\"H\u00e4r hittar du aktuell evenemangskalender f\u00f6r Knock &#039;em Down i V\u00e4xj\u00f6. H\u00e4rligt rymlig eventyta med senaste tekniken och egen bar.\" \/>\n<meta name=\"robots\" content=\"index, follow, max-snippet:-1, max-image-preview:large, max-video-preview:-1\" \/>\n<link rel=\"canonical\" href=\"https:\/\/eventcenter.se\/vaxjo\/evenemang-vaxjo\/\" \/>\n<meta property=\"og:locale\" content=\"sv_SE\" \/>\n<meta property=\"og:type\" content=\"article\" \/>\n<meta property=\"og:title\" content=\"EVENEMANGSKALENDER V\u00c4XJ\u00d6 - Knock &#039;em Down - Upplevelser i v\u00e4rldsklass\" \/>\n<meta property=\"og:description\" content=\"H\u00e4r hittar du aktuell evenemangskalender f\u00f6r Knock &#039;em Down i V\u00e4xj\u00f6. H\u00e4rligt rymlig eventyta med senaste tekniken och egen bar.\" \/>\n<meta property=\"og:url\" content=\"https:\/\/eventcenter.se\/vaxjo\/evenemang-vaxjo\/\" \/>\n<meta property=\"og:site_name\" content=\"Event Center Knock &#039;em Down\" \/>\n<meta property=\"article:modified_time\" content=\"2024-06-05T09:20:53+00:00\" \/>\n<meta name=\"twitter:card\" content=\"summary_large_image\" \/>\n<meta name=\"twitter:label1\" content=\"Ber\u00e4knad l\u00e4stid\" \/>\n\t<meta name=\"twitter:data1\" content=\"2 minuter\" \/>\n<script type=\"application\/ld+json\" class=\"yoast-schema-graph\">{\"@context\":\"https:\/\/schema.org\",\"@graph\":[{\"@type\":\"WebPage\",\"@id\":\"https:\/\/eventcenter.se\/vaxjo\/evenemang-vaxjo\/\",\"url\":\"https:\/\/eventcenter.se\/vaxjo\/evenemang-vaxjo\/\",\"name\":\"EVENEMANGSKALENDER V\u00c4XJ\u00d6 - Knock 'em Down - Upplevelser i v\u00e4rldsklass\",\"isPartOf\":{\"@id\":\"https:\/\/eventcenter.se\/vaxjo\/#website\"},\"datePublished\":\"2021-04-16T08:58:11+00:00\",\"dateModified\":\"2024-06-05T09:20:53+00:00\",\"description\":\"H\u00e4r hittar du aktuell evenemangskalender f\u00f6r Knock 'em Down i V\u00e4xj\u00f6. H\u00e4rligt rymlig eventyta med senaste tekniken och egen bar.\",\"breadcrumb\":{\"@id\":\"https:\/\/eventcenter.se\/vaxjo\/evenemang-vaxjo\/#breadcrumb\"},\"inLanguage\":\"sv-SE\",\"potentialAction\":[{\"@type\":\"ReadAction\",\"target\":[\"https:\/\/eventcenter.se\/vaxjo\/evenemang-vaxjo\/\"]}]},{\"@type\":\"BreadcrumbList\",\"@id\":\"https:\/\/eventcenter.se\/vaxjo\/evenemang-vaxjo\/#breadcrumb\",\"itemListElement\":[{\"@type\":\"ListItem\",\"position\":1,\"name\":\"Home\",\"item\":\"https:\/\/eventcenter.se\/vaxjo\/\"},{\"@type\":\"ListItem\",\"position\":2,\"name\":\"EVENEMANGSKALENDER\"}]},{\"@type\":\"WebSite\",\"@id\":\"https:\/\/eventcenter.se\/vaxjo\/#website\",\"url\":\"https:\/\/eventcenter.se\/vaxjo\/\",\"name\":\"Event Center Knock &#039;em Down\",\"description\":\"Ger dig upplevelser i v\u00e4rldsklass\",\"potentialAction\":[{\"@type\":\"SearchAction\",\"target\":{\"@type\":\"EntryPoint\",\"urlTemplate\":\"https:\/\/eventcenter.se\/vaxjo\/?s={search_term_string}\"},\"query-input\":{\"@type\":\"PropertyValueSpecification\",\"valueRequired\":true,\"valueName\":\"search_term_string\"}}],\"inLanguage\":\"sv-SE\"}]}<\/script>\n<!-- \/ Yoast SEO plugin. -->","yoast_head_json":{"title":"EVENEMANGSKALENDER V\u00c4XJ\u00d6 - Knock 'em Down - Upplevelser i v\u00e4rldsklass","description":"H\u00e4r hittar du aktuell evenemangskalender f\u00f6r Knock 'em Down i V\u00e4xj\u00f6. H\u00e4rligt rymlig eventyta med senaste tekniken och egen bar.","robots":{"index":"index","follow":"follow","max-snippet":"max-snippet:-1","max-image-preview":"max-image-preview:large","max-video-preview":"max-video-preview:-1"},"canonical":"https:\/\/eventcenter.se\/vaxjo\/evenemang-vaxjo\/","og_locale":"sv_SE","og_type":"article","og_title":"EVENEMANGSKALENDER V\u00c4XJ\u00d6 - Knock 'em Down - Upplevelser i v\u00e4rldsklass","og_description":"H\u00e4r hittar du aktuell evenemangskalender f\u00f6r Knock 'em Down i V\u00e4xj\u00f6. H\u00e4rligt rymlig eventyta med senaste tekniken och egen bar.","og_url":"https:\/\/eventcenter.se\/vaxjo\/evenemang-vaxjo\/","og_site_name":"Event Center Knock &#039;em Down","article_modified_time":"2024-06-05T09:20:53+00:00","twitter_card":"summary_large_image","twitter_misc":{"Ber\u00e4knad l\u00e4stid":"2 minuter"},"schema":{"@context":"https:\/\/schema.org","@graph":[{"@type":"WebPage","@id":"https:\/\/eventcenter.se\/vaxjo\/evenemang-vaxjo\/","url":"https:\/\/eventcenter.se\/vaxjo\/evenemang-vaxjo\/","name":"EVENEMANGSKALENDER V\u00c4XJ\u00d6 - Knock 'em Down - Upplevelser i v\u00e4rldsklass","isPartOf":{"@id":"https:\/\/eventcenter.se\/vaxjo\/#website"},"datePublished":"2021-04-16T08:58:11+00:00","dateModified":"2024-06-05T09:20:53+00:00","description":"H\u00e4r hittar du aktuell evenemangskalender f\u00f6r Knock 'em Down i V\u00e4xj\u00f6. H\u00e4rligt rymlig eventyta med senaste tekniken och egen bar.","breadcrumb":{"@id":"https:\/\/eventcenter.se\/vaxjo\/evenemang-vaxjo\/#breadcrumb"},"inLanguage":"sv-SE","potentialAction":[{"@type":"ReadAction","target":["https:\/\/eventcenter.se\/vaxjo\/evenemang-vaxjo\/"]}]},{"@type":"BreadcrumbList","@id":"https:\/\/eventcenter.se\/vaxjo\/evenemang-vaxjo\/#breadcrumb","itemListElement":[{"@type":"ListItem","position":1,"name":"Home","item":"https:\/\/eventcenter.se\/vaxjo\/"},{"@type":"ListItem","position":2,"name":"EVENEMANGSKALENDER"}]},{"@type":"WebSite","@id":"https:\/\/eventcenter.se\/vaxjo\/#website","url":"https:\/\/eventcenter.se\/vaxjo\/","name":"Event Center Knock &#039;em Down","description":"Ger dig upplevelser i v\u00e4rldsklass","potentialAction":[{"@type":"SearchAction","target":{"@type":"EntryPoint","urlTemplate":"https:\/\/eventcenter.se\/vaxjo\/?s={search_term_string}"},"query-input":{"@type":"PropertyValueSpecification","valueRequired":true,"valueName":"search_term_string"}}],"inLanguage":"sv-SE"}]}},"_links":{"self":[{"href":"https:\/\/eventcenter.se\/vaxjo\/wp-json\/wp\/v2\/pages\/3650","targetHints":{"allow":["GET"]}}],"collection":[{"href":"https:\/\/eventcenter.se\/vaxjo\/wp-json\/wp\/v2\/pages"}],"about":[{"href":"https:\/\/eventcenter.se\/vaxjo\/wp-json\/wp\/v2\/types\/page"}],"author":[{"embeddable":true,"href":"https:\/\/eventcenter.se\/vaxjo\/wp-json\/wp\/v2\/users\/3"}],"replies":[{"embeddable":true,"href":"https:\/\/eventcenter.se\/vaxjo\/wp-json\/wp\/v2\/comments?post=3650"}],"version-history":[{"count":87,"href":"https:\/\/eventcenter.se\/vaxjo\/wp-json\/wp\/v2\/pages\/3650\/revisions"}],"predecessor-version":[{"id":5403,"href":"https:\/\/eventcenter.se\/vaxjo\/wp-json\/wp\/v2\/pages\/3650\/revisions\/5403"}],"wp:attachment":[{"href":"https:\/\/eventcenter.se\/vaxjo\/wp-json\/wp\/v2\/media?parent=3650"}],"curies":[{"name":"wp","href":"https:\/\/api.w.org\/{rel}","templated":true}]}}