{"id":4282,"date":"2022-03-19T13:25:29","date_gmt":"2022-03-19T12:25:29","guid":{"rendered":"https:\/\/eventcenter.se\/vaxjo\/?page_id=4282"},"modified":"2024-11-19T10:24:49","modified_gmt":"2024-11-19T09:24:49","slug":"lasergame-vr","status":"publish","type":"page","link":"https:\/\/eventcenter.se\/vaxjo\/lasergame-vr\/","title":{"rendered":"LASERGAME VR"},"content":{"rendered":"<div class=\"wpb-content-wrapper\"><p>[vc_row full_width=&#8221;stretch_row&#8221; content_placement=&#8221;top&#8221; bg_type=&#8221;image&#8221; css=&#8221;.vc_custom_1647689711360{padding-top: 250px !important;padding-bottom: 250px !important;background-image: url(https:\/\/eventcenter.se\/vaxjo\/wp-content\/uploads\/2022\/03\/VR-laser-game-1.jpg?id=4284) !important;}&#8221; el_class=&#8221;vc_hidden-xs&#8221;][vc_column offset=&#8221;vc_hidden-xs&#8221;][\/vc_column][\/vc_row][vc_row full_width=&#8221;stretch_row_content&#8221; content_placement=&#8221;top&#8221; bg_type=&#8221;image&#8221; css=&#8221;.vc_custom_1647689676628{padding-top: 450px !important;padding-bottom: 0px !important;background-image: url(https:\/\/eventcenter.se\/vaxjo\/wp-content\/uploads\/2022\/03\/VR-laser-game.jpg?id=4283) !important;}&#8221; el_class=&#8221;vc_hidden-lg vc_hidden-md vc_hidden-sm&#8221;][vc_column offset=&#8221;vc_hidden-xs&#8221;][\/vc_column][\/vc_row][vc_row bg_type=&#8221;image&#8221; parallax_style=&#8221;vcpb-default&#8221; bg_image_new=&#8221;id^1247|url^https:\/\/eventcenter.se\/vaxjo\/wp-content\/uploads\/2019\/04\/menu-bg5.jpg|caption^Event Center Knock em Down V\u00e4xj\u00f6 Restaurang Bowling Boule Biljard Background Event Center V\u00e4xj\u00f6 Restaurang Bowling Boule Biljard Knock em Down|alt^Event Center Knock em Down V\u00e4xj\u00f6 Restaurang Bowling Boule Biljard Background Event Center V\u00e4xj\u00f6 Restaurang Bowling Boule Biljard Knock em Down The Challenge 3-kamp eventcenter|title^Event Center Knock em Down V\u00e4xj\u00f6 Restaurang Bowling Boule Biljard Background Event Center V\u00e4xj\u00f6 Restaurang Bowling Boule Biljard Knock em Down|description^Event Center Knock em Down V\u00e4xj\u00f6 Restaurang Bowling Boule Biljard Background Event Center V\u00e4xj\u00f6 Restaurang Bowling Boule Biljard Knock em Down&#8221; bg_image_size=&#8221;initial&#8221; css=&#8221;.vc_custom_1555772115026{margin-top: -40px !important;margin-right: 0px !important;margin-left: 0px !important;background-color: #ffffff !important;background-position: 0 0 !important;background-repeat: repeat !important;}&#8221; el_class=&#8221;pinklft shadow zindexed&#8221;][vc_column width=&#8221;2\/3&#8243; css=&#8221;.vc_custom_1554197063644{padding-top: 10px !important;padding-bottom: 0px !important;padding-left: 44px !important;}&#8221;][vc_column_text css=&#8221;.vc_custom_1732008267886{padding-top: 10px !important;}&#8221;]<\/p>\n<h1><span style=\"color: #cca402;\"><strong>Lasergame VR<\/strong><\/span><\/h1>\n<h4>Vill du prova n\u00e5got riktigt h\u00e4ftig?<\/h4>\n<p><strong>VR-arenan \u00e4r den f\u00f6rsta av sitt slag i Europa som ger dig chansen att uppleva VERSUS, ett virtuellt lasergame, tillsammans med dina v\u00e4nner.<\/strong><\/p>\n<p>Pris: 139 kr per person (2-6 spelare per omg\u00e5ng)<br \/>\n<em>Rekommenderat fr\u00e5n 10 \u00e5r, m\u00e5lsman ansvarar f\u00f6r minder\u00e5riga<\/em><\/p>\n<p><a href=\"https:\/\/knockvaxjo.bokad.se\/s\/5\"><img loading=\"lazy\" decoding=\"async\" class=\"alignnone size-full wp-image-4608\" src=\"https:\/\/eventcenter.se\/vaxjo\/wp-content\/uploads\/2022\/11\/Boka-lasergamevr.jpg\" alt=\"Boka lasergame\" width=\"960\" height=\"540\" srcset=\"https:\/\/eventcenter.se\/vaxjo\/wp-content\/uploads\/2022\/11\/Boka-lasergamevr.jpg 960w, https:\/\/eventcenter.se\/vaxjo\/wp-content\/uploads\/2022\/11\/Boka-lasergamevr-300x169.jpg 300w, https:\/\/eventcenter.se\/vaxjo\/wp-content\/uploads\/2022\/11\/Boka-lasergamevr-768x432.jpg 768w\" sizes=\"auto, (max-width: 960px) 100vw, 960px\" \/><\/a><\/p>\n<p>60 kvm \u00f6ppen spelyta d\u00e4r du f\u00f6rs\u00f6ker vinna \u00f6ver dina motspelare i ett klassiskt men virtuellt lasergame. V\u00e4lj mellan att spela i lag eller &#8221;alla mot alla&#8221;. Totala upplevelsen <strong>p\u00e5g\u00e5r i ca. 20 minuter inklusive instruktioner.<\/strong><\/p>\n<p>&nbsp;<\/p>\n<p><strong>Specialturnering 60 min: 1495 kr f\u00f6r upp till 12 personer. <\/strong>(bokning via telefon eller epost)<\/p>\n<p>Vid st\u00f6rre s\u00e4llskap rekommenderas<strong> <a href=\"https:\/\/eventcenter.se\/vaxjo\/superkampen\/\">Superkampen!<\/a><\/strong>[\/vc_column_text][vc_video link=&#8221;https:\/\/youtu.be\/k_P8aVcc_Wc&#8221; css=&#8221;&#8221;][vc_column_text css=&#8221;&#8221;]<em>Event Center Knock \u2019em Down \u00e4r V\u00e4xj\u00f6s Event- &amp; N\u00f6jescenter. Kombinera g\u00e4rna din tid hos oss med <a href=\"https:\/\/eventcenter.se\/vaxjo\/restaurang-vaxjo\/\">mat<\/a>,\u00a0<a href=\"https:\/\/eventcenter.se\/vaxjo\/aktiviteter-vaxjo\/\">fler aktiviteter<\/a> och uppskattade <a href=\"https:\/\/eventcenter.se\/vaxjo\/kamper-paket\/\">kamper &amp; paket<\/a>.<\/em>[\/vc_column_text][vc_empty_space height=&#8221;10px&#8221;][\/vc_column][vc_column width=&#8221;1\/3&#8243; css=&#8221;.vc_custom_1555772124884{margin-left: 22px !important;padding-top: 17px !important;padding-right: 10px !important;padding-bottom: 25px !important;}&#8221;]<style type=\"text\/css\" data-type=\"the7_shortcodes-inline-css\">#default-btn-89228d1b40158f3d26b614ee07d62def {\n  border-radius: 1px;\n  font-size: 14px;\n  line-height: 16px;\n}\n.btn-shadow#default-btn-89228d1b40158f3d26b614ee07d62def {\n  box-shadow: 0 1px 6px rgba(0,0,0,0.12);\n  transition: box-shadow 0.2s ease-out, opacity 0.45s;\n}\n.btn-shadow#default-btn-89228d1b40158f3d26b614ee07d62def:hover {\n  box-shadow: 0 5px 11px 0 rgba(0,0,0,0.18), 0 4px 15px 0 rgba(0,0,0,0.15);\n}\n.btn-3d#default-btn-89228d1b40158f3d26b614ee07d62def {\n  box-shadow: 0px 2px 0px 0px #816b10;\n}\n.btn-3d#default-btn-89228d1b40158f3d26b614ee07d62def:hover {\n  box-shadow: 0px 2px 0px 0px #816b10;\n}\n.btn-flat#default-btn-89228d1b40158f3d26b614ee07d62def {\n  box-shadow: none;\n}\n.btn-flat#default-btn-89228d1b40158f3d26b614ee07d62def:hover {\n  box-shadow: none;\n}\n#default-btn-89228d1b40158f3d26b614ee07d62def.ico-right-side > i {\n  margin-right: 0px;\n  margin-left: 8px;\n}\n#default-btn-89228d1b40158f3d26b614ee07d62def > i {\n  margin-right: 8px;\n  font-size: 14px;\n}\n#default-btn-89228d1b40158f3d26b614ee07d62def:not(:hover) {\n  border-width: 0px;\n  color: #000000;\n  background: #cca402 !important;\n  padding: 12px 18px 12px 18px;\n}\n#default-btn-89228d1b40158f3d26b614ee07d62def:not(:hover) * {\n  color: #000000;\n}\n#default-btn-89228d1b40158f3d26b614ee07d62def:hover {\n  border-width: 0px;\n  background: #cca402 !important;\n  padding: 12px 18px 12px 18px;\n}\n#default-btn-89228d1b40158f3d26b614ee07d62def.ico-right-side > i {\n  margin-right: 0px;\n  margin-left: 8px;\n}\n#default-btn-89228d1b40158f3d26b614ee07d62def > i {\n  margin-right: 8px;\n}<\/style><a href=\"https:\/\/knockvaxjo.bokad.se\/s\/5\" class=\"default-btn-shortcode dt-btn rubberBand animate-element animation-builder link-hover-off btn-inline-left btn-flat  vc_custom_1668605671469\" target=\"_blank\" id=\"default-btn-89228d1b40158f3d26b614ee07d62def\" style=\"width:265px;\" rel=\"noopener\"><span>Boka nu<\/span><\/a>[vc_column_text css=&#8221;.vc_custom_1578047598528{padding-top: 10px !important;}&#8221;]<span style=\"color: #999999;\">Eller kontakta oss via 0470-122 22 <\/span><a href=\"mailto:vaxjo@eventcenter.se\"><span style=\"color: #999999;\">vaxjo@eventcenter.se<\/span><\/a>[\/vc_column_text][vc_empty_space height=&#8221;20px&#8221;][vc_single_image image=&#8221;4382&#8243; img_size=&#8221;full&#8221; onclick=&#8221;img_link_large&#8221; css=&#8221;.vc_custom_1649065334594{padding-right: 50px !important;}&#8221; image_hovers=&#8221;false&#8221;][\/vc_column][\/vc_row][vc_row disable_element=&#8221;yes&#8221; el_class=&#8221;teaserbx vc_hidden-lg vc_hidden-md vc_hidden-sm&#8221;][vc_column width=&#8221;1\/2&#8243;][\/vc_column][\/vc_row][vc_row][vc_column][vc_empty_space height=&#8221;00px&#8221;][\/vc_column][\/vc_row][vc_row][vc_column][\/vc_column][\/vc_row][vc_row][vc_column][\/vc_column][\/vc_row]<\/p>\n<\/div>","protected":false},"excerpt":{"rendered":"<p>[vc_row full_width=&#8221;stretch_row&#8221; content_placement=&#8221;top&#8221; bg_type=&#8221;image&#8221; css=&#8221;.vc_custom_1647689711360{padding-top: 250px !important;padding-bottom: 250px !important;background-image: url(https:\/\/eventcenter.se\/vaxjo\/wp-content\/uploads\/2022\/03\/VR-laser-game-1.jpg?id=4284) !important;}&#8221; el_class=&#8221;vc_hidden-xs&#8221;][vc_column offset=&#8221;vc_hidden-xs&#8221;][\/vc_column][\/vc_row][vc_row full_width=&#8221;stretch_row_content&#8221; content_placement=&#8221;top&#8221; bg_type=&#8221;image&#8221; css=&#8221;.vc_custom_1647689676628{padding-top: 450px !important;padding-bottom: 0px !important;background-image: url(https:\/\/eventcenter.se\/vaxjo\/wp-content\/uploads\/2022\/03\/VR-laser-game.jpg?id=4283) !important;}&#8221; el_class=&#8221;vc_hidden-lg vc_hidden-md vc_hidden-sm&#8221;][vc_column offset=&#8221;vc_hidden-xs&#8221;][\/vc_column][\/vc_row][vc_row bg_type=&#8221;image&#8221; parallax_style=&#8221;vcpb-default&#8221; bg_image_new=&#8221;id^1247|url^https:\/\/eventcenter.se\/vaxjo\/wp-content\/uploads\/2019\/04\/menu-bg5.jpg|caption^Event Center Knock em Down V\u00e4xj\u00f6 Restaurang Bowling Boule Biljard Background Event Center V\u00e4xj\u00f6 Restaurang Bowling Boule Biljard Knock em Down|alt^Event Center Knock em Down V\u00e4xj\u00f6&hellip;<\/p>\n","protected":false},"author":3,"featured_media":0,"parent":0,"menu_order":0,"comment_status":"closed","ping_status":"closed","template":"","meta":{"footnotes":""},"class_list":["post-4282","page","type-page","status-publish","hentry","description-off"],"yoast_head":"<!-- This site is optimized with the Yoast SEO plugin v27.2 - https:\/\/yoast.com\/product\/yoast-seo-wordpress\/ -->\n<title>LASERGAME VR V\u00c4XJ\u00d6 - Knock &#039;em Down - Upplevelser i v\u00e4rldsklass<\/title>\n<meta name=\"description\" content=\"Laser game VR i V\u00e4xj\u00f6. VR-arenan \u00e4r den f\u00f6rsta av sitt slag i Sverige och ger dig chansen att uppleva ett virtuellt laser game.\" \/>\n<meta name=\"robots\" content=\"index, follow, max-snippet:-1, max-image-preview:large, max-video-preview:-1\" \/>\n<link rel=\"canonical\" href=\"https:\/\/eventcenter.se\/vaxjo\/lasergame-vr\/\" \/>\n<meta property=\"og:locale\" content=\"sv_SE\" \/>\n<meta property=\"og:type\" content=\"article\" \/>\n<meta property=\"og:title\" content=\"LASERGAME VR V\u00c4XJ\u00d6 - Knock &#039;em Down - Upplevelser i v\u00e4rldsklass\" \/>\n<meta property=\"og:description\" content=\"Laser game VR i V\u00e4xj\u00f6. VR-arenan \u00e4r den f\u00f6rsta av sitt slag i Sverige och ger dig chansen att uppleva ett virtuellt laser game.\" \/>\n<meta property=\"og:url\" content=\"https:\/\/eventcenter.se\/vaxjo\/lasergame-vr\/\" \/>\n<meta property=\"og:site_name\" content=\"Event Center Knock &#039;em Down\" \/>\n<meta property=\"article:modified_time\" content=\"2024-11-19T09:24:49+00:00\" \/>\n<meta property=\"og:image\" content=\"https:\/\/eventcenter.se\/vaxjo\/wp-content\/uploads\/2022\/11\/Boka-lasergamevr.jpg\" \/>\n<meta name=\"twitter:card\" content=\"summary_large_image\" \/>\n<meta name=\"twitter:label1\" content=\"Ber\u00e4knad l\u00e4stid\" \/>\n\t<meta name=\"twitter:data1\" content=\"3 minuter\" \/>\n<script type=\"application\/ld+json\" class=\"yoast-schema-graph\">{\"@context\":\"https:\/\/schema.org\",\"@graph\":[{\"@type\":\"WebPage\",\"@id\":\"https:\/\/eventcenter.se\/vaxjo\/lasergame-vr\/\",\"url\":\"https:\/\/eventcenter.se\/vaxjo\/lasergame-vr\/\",\"name\":\"LASERGAME VR V\u00c4XJ\u00d6 - Knock 'em Down - Upplevelser i v\u00e4rldsklass\",\"isPartOf\":{\"@id\":\"https:\/\/eventcenter.se\/vaxjo\/#website\"},\"primaryImageOfPage\":{\"@id\":\"https:\/\/eventcenter.se\/vaxjo\/lasergame-vr\/#primaryimage\"},\"image\":{\"@id\":\"https:\/\/eventcenter.se\/vaxjo\/lasergame-vr\/#primaryimage\"},\"thumbnailUrl\":\"https:\/\/eventcenter.se\/vaxjo\/wp-content\/uploads\/2022\/11\/Boka-lasergamevr.jpg\",\"datePublished\":\"2022-03-19T12:25:29+00:00\",\"dateModified\":\"2024-11-19T09:24:49+00:00\",\"description\":\"Laser game VR i V\u00e4xj\u00f6. VR-arenan \u00e4r den f\u00f6rsta av sitt slag i Sverige och ger dig chansen att uppleva ett virtuellt laser game.\",\"breadcrumb\":{\"@id\":\"https:\/\/eventcenter.se\/vaxjo\/lasergame-vr\/#breadcrumb\"},\"inLanguage\":\"sv-SE\",\"potentialAction\":[{\"@type\":\"ReadAction\",\"target\":[\"https:\/\/eventcenter.se\/vaxjo\/lasergame-vr\/\"]}]},{\"@type\":\"ImageObject\",\"inLanguage\":\"sv-SE\",\"@id\":\"https:\/\/eventcenter.se\/vaxjo\/lasergame-vr\/#primaryimage\",\"url\":\"https:\/\/eventcenter.se\/vaxjo\/wp-content\/uploads\/2022\/11\/Boka-lasergamevr.jpg\",\"contentUrl\":\"https:\/\/eventcenter.se\/vaxjo\/wp-content\/uploads\/2022\/11\/Boka-lasergamevr.jpg\",\"width\":960,\"height\":540,\"caption\":\"Boka lasergame\"},{\"@type\":\"BreadcrumbList\",\"@id\":\"https:\/\/eventcenter.se\/vaxjo\/lasergame-vr\/#breadcrumb\",\"itemListElement\":[{\"@type\":\"ListItem\",\"position\":1,\"name\":\"Home\",\"item\":\"https:\/\/eventcenter.se\/vaxjo\/\"},{\"@type\":\"ListItem\",\"position\":2,\"name\":\"LASERGAME VR\"}]},{\"@type\":\"WebSite\",\"@id\":\"https:\/\/eventcenter.se\/vaxjo\/#website\",\"url\":\"https:\/\/eventcenter.se\/vaxjo\/\",\"name\":\"Event Center Knock &#039;em Down\",\"description\":\"Ger dig upplevelser i v\u00e4rldsklass\",\"potentialAction\":[{\"@type\":\"SearchAction\",\"target\":{\"@type\":\"EntryPoint\",\"urlTemplate\":\"https:\/\/eventcenter.se\/vaxjo\/?s={search_term_string}\"},\"query-input\":{\"@type\":\"PropertyValueSpecification\",\"valueRequired\":true,\"valueName\":\"search_term_string\"}}],\"inLanguage\":\"sv-SE\"}]}<\/script>\n<!-- \/ Yoast SEO plugin. -->","yoast_head_json":{"title":"LASERGAME VR V\u00c4XJ\u00d6 - Knock 'em Down - Upplevelser i v\u00e4rldsklass","description":"Laser game VR i V\u00e4xj\u00f6. VR-arenan \u00e4r den f\u00f6rsta av sitt slag i Sverige och ger dig chansen att uppleva ett virtuellt laser game.","robots":{"index":"index","follow":"follow","max-snippet":"max-snippet:-1","max-image-preview":"max-image-preview:large","max-video-preview":"max-video-preview:-1"},"canonical":"https:\/\/eventcenter.se\/vaxjo\/lasergame-vr\/","og_locale":"sv_SE","og_type":"article","og_title":"LASERGAME VR V\u00c4XJ\u00d6 - Knock 'em Down - Upplevelser i v\u00e4rldsklass","og_description":"Laser game VR i V\u00e4xj\u00f6. VR-arenan \u00e4r den f\u00f6rsta av sitt slag i Sverige och ger dig chansen att uppleva ett virtuellt laser game.","og_url":"https:\/\/eventcenter.se\/vaxjo\/lasergame-vr\/","og_site_name":"Event Center Knock &#039;em Down","article_modified_time":"2024-11-19T09:24:49+00:00","og_image":[{"url":"https:\/\/eventcenter.se\/vaxjo\/wp-content\/uploads\/2022\/11\/Boka-lasergamevr.jpg","type":"","width":"","height":""}],"twitter_card":"summary_large_image","twitter_misc":{"Ber\u00e4knad l\u00e4stid":"3 minuter"},"schema":{"@context":"https:\/\/schema.org","@graph":[{"@type":"WebPage","@id":"https:\/\/eventcenter.se\/vaxjo\/lasergame-vr\/","url":"https:\/\/eventcenter.se\/vaxjo\/lasergame-vr\/","name":"LASERGAME VR V\u00c4XJ\u00d6 - Knock 'em Down - Upplevelser i v\u00e4rldsklass","isPartOf":{"@id":"https:\/\/eventcenter.se\/vaxjo\/#website"},"primaryImageOfPage":{"@id":"https:\/\/eventcenter.se\/vaxjo\/lasergame-vr\/#primaryimage"},"image":{"@id":"https:\/\/eventcenter.se\/vaxjo\/lasergame-vr\/#primaryimage"},"thumbnailUrl":"https:\/\/eventcenter.se\/vaxjo\/wp-content\/uploads\/2022\/11\/Boka-lasergamevr.jpg","datePublished":"2022-03-19T12:25:29+00:00","dateModified":"2024-11-19T09:24:49+00:00","description":"Laser game VR i V\u00e4xj\u00f6. VR-arenan \u00e4r den f\u00f6rsta av sitt slag i Sverige och ger dig chansen att uppleva ett virtuellt laser game.","breadcrumb":{"@id":"https:\/\/eventcenter.se\/vaxjo\/lasergame-vr\/#breadcrumb"},"inLanguage":"sv-SE","potentialAction":[{"@type":"ReadAction","target":["https:\/\/eventcenter.se\/vaxjo\/lasergame-vr\/"]}]},{"@type":"ImageObject","inLanguage":"sv-SE","@id":"https:\/\/eventcenter.se\/vaxjo\/lasergame-vr\/#primaryimage","url":"https:\/\/eventcenter.se\/vaxjo\/wp-content\/uploads\/2022\/11\/Boka-lasergamevr.jpg","contentUrl":"https:\/\/eventcenter.se\/vaxjo\/wp-content\/uploads\/2022\/11\/Boka-lasergamevr.jpg","width":960,"height":540,"caption":"Boka lasergame"},{"@type":"BreadcrumbList","@id":"https:\/\/eventcenter.se\/vaxjo\/lasergame-vr\/#breadcrumb","itemListElement":[{"@type":"ListItem","position":1,"name":"Home","item":"https:\/\/eventcenter.se\/vaxjo\/"},{"@type":"ListItem","position":2,"name":"LASERGAME VR"}]},{"@type":"WebSite","@id":"https:\/\/eventcenter.se\/vaxjo\/#website","url":"https:\/\/eventcenter.se\/vaxjo\/","name":"Event Center Knock &#039;em Down","description":"Ger dig upplevelser i v\u00e4rldsklass","potentialAction":[{"@type":"SearchAction","target":{"@type":"EntryPoint","urlTemplate":"https:\/\/eventcenter.se\/vaxjo\/?s={search_term_string}"},"query-input":{"@type":"PropertyValueSpecification","valueRequired":true,"valueName":"search_term_string"}}],"inLanguage":"sv-SE"}]}},"_links":{"self":[{"href":"https:\/\/eventcenter.se\/vaxjo\/wp-json\/wp\/v2\/pages\/4282","targetHints":{"allow":["GET"]}}],"collection":[{"href":"https:\/\/eventcenter.se\/vaxjo\/wp-json\/wp\/v2\/pages"}],"about":[{"href":"https:\/\/eventcenter.se\/vaxjo\/wp-json\/wp\/v2\/types\/page"}],"author":[{"embeddable":true,"href":"https:\/\/eventcenter.se\/vaxjo\/wp-json\/wp\/v2\/users\/3"}],"replies":[{"embeddable":true,"href":"https:\/\/eventcenter.se\/vaxjo\/wp-json\/wp\/v2\/comments?post=4282"}],"version-history":[{"count":52,"href":"https:\/\/eventcenter.se\/vaxjo\/wp-json\/wp\/v2\/pages\/4282\/revisions"}],"predecessor-version":[{"id":5531,"href":"https:\/\/eventcenter.se\/vaxjo\/wp-json\/wp\/v2\/pages\/4282\/revisions\/5531"}],"wp:attachment":[{"href":"https:\/\/eventcenter.se\/vaxjo\/wp-json\/wp\/v2\/media?parent=4282"}],"curies":[{"name":"wp","href":"https:\/\/api.w.org\/{rel}","templated":true}]}}