{"id":5048,"date":"2023-07-19T11:17:11","date_gmt":"2023-07-19T09:17:11","guid":{"rendered":"https:\/\/eventcenter.se\/vaxjo\/?page_id=5048"},"modified":"2026-01-02T09:08:45","modified_gmt":"2026-01-02T08:08:45","slug":"dart-vaxjo","status":"publish","type":"page","link":"https:\/\/eventcenter.se\/vaxjo\/dart-vaxjo\/","title":{"rendered":"DART"},"content":{"rendered":"<div class=\"wpb-content-wrapper\"><p>[vc_row full_width=&#8221;stretch_row&#8221; content_placement=&#8221;top&#8221; bg_type=&#8221;image&#8221; css=&#8221;.vc_custom_1712316508753{padding-top: 250px !important;padding-bottom: 250px !important;background-image: url(https:\/\/eventcenter.se\/vaxjo\/wp-content\/uploads\/2024\/04\/AR-dart-1.jpg?id=5336) !important;}&#8221; el_class=&#8221;vc_hidden-xs&#8221;][vc_column offset=&#8221;vc_hidden-xs&#8221;][\/vc_column][\/vc_row][vc_row full_width=&#8221;stretch_row_content&#8221; content_placement=&#8221;top&#8221; bg_type=&#8221;image&#8221; css=&#8221;.vc_custom_1712318199810{padding-top: 450px !important;padding-bottom: 0px !important;background-image: url(https:\/\/eventcenter.se\/vaxjo\/wp-content\/uploads\/2024\/04\/ARDART.jpg?id=5340) !important;}&#8221; el_class=&#8221;vc_hidden-lg vc_hidden-md vc_hidden-sm&#8221;][vc_column offset=&#8221;vc_hidden-xs&#8221;][\/vc_column][\/vc_row][vc_row bg_type=&#8221;image&#8221; parallax_style=&#8221;vcpb-default&#8221; bg_image_new=&#8221;id^1247|url^https:\/\/eventcenter.se\/vaxjo\/wp-content\/uploads\/2019\/04\/menu-bg5.jpg|caption^Event Center Knock em Down V\u00e4xj\u00f6 Restaurang Bowling Boule Biljard Background Event Center V\u00e4xj\u00f6 Restaurang Bowling Boule Biljard Knock em Down|alt^Event Center Knock em Down V\u00e4xj\u00f6 Restaurang Bowling Boule Biljard Background Event Center V\u00e4xj\u00f6 Restaurang Bowling Boule Biljard Knock em Down The Challenge 3-kamp eventcenter|title^Event Center Knock em Down V\u00e4xj\u00f6 Restaurang Bowling Boule Biljard Background Event Center V\u00e4xj\u00f6 Restaurang Bowling Boule Biljard Knock em Down|description^Event Center Knock em Down V\u00e4xj\u00f6 Restaurang Bowling Boule Biljard Background Event Center V\u00e4xj\u00f6 Restaurang Bowling Boule Biljard Knock em Down&#8221; bg_image_size=&#8221;initial&#8221; css=&#8221;.vc_custom_1555772458400{margin-top: -40px !important;margin-right: 0px !important;margin-left: 0px !important;background-color: #ffffff !important;background-position: 0 0 !important;background-repeat: repeat !important;}&#8221; el_class=&#8221;pinklft shadow zindexed&#8221;][vc_column width=&#8221;2\/3&#8243; css=&#8221;.vc_custom_1554197063644{padding-top: 10px !important;padding-bottom: 0px !important;padding-left: 44px !important;}&#8221;][vc_column_text css=&#8221;.vc_custom_1767341322888{padding-top: 10px !important;}&#8221;]<\/p>\n<h1><span style=\"color: #cca402;\"><strong>Interaktiv Dart<\/strong><\/span><\/h1>\n<p><strong>Dartavdelningen inneh\u00e5ller tv\u00e5 olika upplevelser som b\u00e5da anv\u00e4nder den senaste teknikern inom sina omr\u00e5den.<\/strong><\/p>\n<p><iframe loading=\"lazy\" title=\"YouTube video player\" src=\"https:\/\/www.youtube.com\/embed\/Z3zz7H_akKM?si=ugtCsiESs6iMuD9s\" width=\"560\" height=\"315\" frameborder=\"0\" allowfullscreen=\"allowfullscreen\"><\/iframe><\/p>\n<p><strong>AR-DART <\/strong>\u00e4r ett helt revolutionerande s\u00e4tt att spela dart som du bara m\u00e5ste prova tillsammans med dina v\u00e4nner. Upplev spel som Killer, Robin Hood och Disco wall.<\/p>\n<p><strong>Pris 299 kr tavla\/h<\/strong><\/p>\n<p><em>*Game Night 50% rabatt g\u00e4ller p\u00e5 denna aktivitet fr\u00e5n kl.23<\/em><\/p>\n<p>&nbsp;<\/p>\n<p><iframe loading=\"lazy\" title=\"YouTube video player\" src=\"https:\/\/www.youtube.com\/embed\/NesGZ5qxlto?si=zC2OUGfTpznYMj0c\" width=\"560\" height=\"315\" frameborder=\"0\" allowfullscreen=\"allowfullscreen\"><\/iframe><\/p>\n<p><strong>Scolia dart <\/strong>ger en utm\u00e4rkt upplevelsen f\u00f6r den inbitna dartspelaren som vill spela traditionell dart med automatisk po\u00e4ngr\u00e4kning.<\/p>\n<p><strong>199 kr tavla\/h<\/strong><br \/>\n<strong>129 kr tavla\/30 min<\/strong> (endast drop in vid halvtimmesspel)<\/p>\n<p><em>*Game Night 50% rabatt g\u00e4ller p\u00e5 denna aktivitet fr\u00e5n kl.23<\/em><\/p>\n<p>&nbsp;<\/p>\n<p><strong><a href=\"https:\/\/knockvaxjo.bokad.se\/s\/7\"><img loading=\"lazy\" decoding=\"async\" class=\"alignnone wp-image-5332\" src=\"https:\/\/eventcenter.se\/vaxjo\/wp-content\/uploads\/2024\/04\/Boka-AR-dart.jpg\" alt=\"AR-Dart\" width=\"560\" height=\"315\" srcset=\"https:\/\/eventcenter.se\/vaxjo\/wp-content\/uploads\/2024\/04\/Boka-AR-dart.jpg 960w, https:\/\/eventcenter.se\/vaxjo\/wp-content\/uploads\/2024\/04\/Boka-AR-dart-300x169.jpg 300w, https:\/\/eventcenter.se\/vaxjo\/wp-content\/uploads\/2024\/04\/Boka-AR-dart-768x432.jpg 768w\" sizes=\"auto, (max-width: 560px) 100vw, 560px\" \/><\/a><\/strong><br \/>\n<em class=\"photoswipe-wrapper\">Event Center Knock \u2019em Down \u00e4r V\u00e4xj\u00f6s Event- &amp; N\u00f6jescenter. Kombinera g\u00e4rna din tid med\u00a0<a href=\"https:\/\/eventcenter.se\/vaxjo\/restaurang-vaxjo\/\">mat<\/a>,\u00a0<a href=\"https:\/\/eventcenter.se\/vaxjo\/aktiviteter-vaxjo\/\">fler aktiviteter<\/a>\u00a0och\u00a0<a href=\"https:\/\/eventcenter.se\/vaxjo\/kamper-paket\/\">kamper &amp; paket<\/a>\u00a0som \u00e4r specialdesignade f\u00f6r att ge dig och ditt s\u00e4llskap de b\u00e4sta upplevelserna.<\/em>[\/vc_column_text][vc_empty_space height=&#8221;10px&#8221;][\/vc_column][vc_column width=&#8221;1\/3&#8243; css=&#8221;.vc_custom_1555772471319{margin-left: 22px !important;padding-top: 17px !important;padding-right: 10px !important;padding-bottom: 25px !important;}&#8221;]<style type=\"text\/css\" data-type=\"the7_shortcodes-inline-css\">#default-btn-3458ade8741be7ab2b8a61fca5fa1f19 {\n  border-radius: 1px;\n  font-size: 14px;\n  line-height: 16px;\n}\n.btn-shadow#default-btn-3458ade8741be7ab2b8a61fca5fa1f19 {\n  box-shadow: 0 1px 6px rgba(0,0,0,0.12);\n  transition: box-shadow 0.2s ease-out, opacity 0.45s;\n}\n.btn-shadow#default-btn-3458ade8741be7ab2b8a61fca5fa1f19:hover {\n  box-shadow: 0 5px 11px 0 rgba(0,0,0,0.18), 0 4px 15px 0 rgba(0,0,0,0.15);\n}\n.btn-3d#default-btn-3458ade8741be7ab2b8a61fca5fa1f19 {\n  box-shadow: 0px 2px 0px 0px #816b10;\n}\n.btn-3d#default-btn-3458ade8741be7ab2b8a61fca5fa1f19:hover {\n  box-shadow: 0px 2px 0px 0px #816b10;\n}\n.btn-flat#default-btn-3458ade8741be7ab2b8a61fca5fa1f19 {\n  box-shadow: none;\n}\n.btn-flat#default-btn-3458ade8741be7ab2b8a61fca5fa1f19:hover {\n  box-shadow: none;\n}\n#default-btn-3458ade8741be7ab2b8a61fca5fa1f19.ico-right-side > i {\n  margin-right: 0px;\n  margin-left: 8px;\n}\n#default-btn-3458ade8741be7ab2b8a61fca5fa1f19 > i {\n  margin-right: 8px;\n  font-size: 14px;\n}\n#default-btn-3458ade8741be7ab2b8a61fca5fa1f19:not(:hover) {\n  border-width: 0px;\n  color: #000000;\n  background: #cca402 !important;\n  padding: 12px 18px 12px 18px;\n}\n#default-btn-3458ade8741be7ab2b8a61fca5fa1f19:not(:hover) * {\n  color: #000000;\n}\n#default-btn-3458ade8741be7ab2b8a61fca5fa1f19:hover {\n  border-width: 0px;\n  background: #cca402 !important;\n  padding: 12px 18px 12px 18px;\n}\n#default-btn-3458ade8741be7ab2b8a61fca5fa1f19.ico-right-side > i {\n  margin-right: 0px;\n  margin-left: 8px;\n}\n#default-btn-3458ade8741be7ab2b8a61fca5fa1f19 > i {\n  margin-right: 8px;\n}<\/style><a href=\"https:\/\/knockvaxjo.bokad.se\/s\/7\" class=\"default-btn-shortcode dt-btn rubberBand animate-element animation-builder link-hover-off btn-inline-left btn-flat  vc_custom_1692867710200\" target=\"_blank\" id=\"default-btn-3458ade8741be7ab2b8a61fca5fa1f19\" style=\"width:265px;\" rel=\"noopener\"><span>Boka nu<\/span><\/a>[vc_column_text css=&#8221;.vc_custom_1623398292966{padding-top: 10px !important;}&#8221;]<span style=\"color: #999999;\">Eller kontakta oss via 0470-122 22, <\/span><a href=\"mailto:vaxjo@eventcenter.se\"><span style=\"color: #999999;\">vaxjo@eventcenter.se<\/span><\/a>[\/vc_column_text][vc_empty_space height=&#8221;20px&#8221;][vc_single_image image=&#8221;5166&#8243; img_size=&#8221;full&#8221; css=&#8221;.vc_custom_1693481529726{padding-right: 50px !important;}&#8221; image_hovers=&#8221;false&#8221;][\/vc_column][\/vc_row][vc_row disable_element=&#8221;yes&#8221; el_class=&#8221;teaserbx vc_hidden-lg vc_hidden-md vc_hidden-sm&#8221;][vc_column width=&#8221;1\/2&#8243;][\/vc_column][\/vc_row][vc_row][vc_column][vc_empty_space height=&#8221;00px&#8221;][\/vc_column][\/vc_row]<\/p>\n<\/div>","protected":false},"excerpt":{"rendered":"<p>[vc_row full_width=&#8221;stretch_row&#8221; content_placement=&#8221;top&#8221; bg_type=&#8221;image&#8221; css=&#8221;.vc_custom_1712316508753{padding-top: 250px !important;padding-bottom: 250px !important;background-image: url(https:\/\/eventcenter.se\/vaxjo\/wp-content\/uploads\/2024\/04\/AR-dart-1.jpg?id=5336) !important;}&#8221; el_class=&#8221;vc_hidden-xs&#8221;][vc_column offset=&#8221;vc_hidden-xs&#8221;][\/vc_column][\/vc_row][vc_row full_width=&#8221;stretch_row_content&#8221; content_placement=&#8221;top&#8221; bg_type=&#8221;image&#8221; css=&#8221;.vc_custom_1712318199810{padding-top: 450px !important;padding-bottom: 0px !important;background-image: url(https:\/\/eventcenter.se\/vaxjo\/wp-content\/uploads\/2024\/04\/ARDART.jpg?id=5340) !important;}&#8221; el_class=&#8221;vc_hidden-lg vc_hidden-md vc_hidden-sm&#8221;][vc_column offset=&#8221;vc_hidden-xs&#8221;][\/vc_column][\/vc_row][vc_row bg_type=&#8221;image&#8221; parallax_style=&#8221;vcpb-default&#8221; bg_image_new=&#8221;id^1247|url^https:\/\/eventcenter.se\/vaxjo\/wp-content\/uploads\/2019\/04\/menu-bg5.jpg|caption^Event Center Knock em Down V\u00e4xj\u00f6 Restaurang Bowling Boule Biljard Background Event Center V\u00e4xj\u00f6 Restaurang Bowling Boule Biljard Knock em Down|alt^Event Center Knock em Down V\u00e4xj\u00f6&hellip;<\/p>\n","protected":false},"author":3,"featured_media":0,"parent":0,"menu_order":0,"comment_status":"closed","ping_status":"closed","template":"","meta":{"footnotes":""},"class_list":["post-5048","page","type-page","status-publish","hentry","description-off"],"yoast_head":"<!-- This site is optimized with the Yoast SEO plugin v27.2 - https:\/\/yoast.com\/product\/yoast-seo-wordpress\/ -->\n<title>DART VAXJO - Knock &#039;em Down - Upplevelser i v\u00e4rldsklass<\/title>\n<meta name=\"description\" content=\"Dart V\u00e4xj\u00f6. Scolia elektronisk dart med \u00e4kta pilar tar ditt dartspelande till en ny niv\u00e5. De b\u00e4sta upplevelserna finns hos Knock &#039;em Down.\" \/>\n<meta name=\"robots\" content=\"index, follow, max-snippet:-1, max-image-preview:large, max-video-preview:-1\" \/>\n<link rel=\"canonical\" href=\"https:\/\/eventcenter.se\/vaxjo\/dart-vaxjo\/\" \/>\n<meta property=\"og:locale\" content=\"sv_SE\" \/>\n<meta property=\"og:type\" content=\"article\" \/>\n<meta property=\"og:title\" content=\"DART VAXJO - Knock &#039;em Down - Upplevelser i v\u00e4rldsklass\" \/>\n<meta property=\"og:description\" content=\"Dart V\u00e4xj\u00f6. Scolia elektronisk dart med \u00e4kta pilar tar ditt dartspelande till en ny niv\u00e5. De b\u00e4sta upplevelserna finns hos Knock &#039;em Down.\" \/>\n<meta property=\"og:url\" content=\"https:\/\/eventcenter.se\/vaxjo\/dart-vaxjo\/\" \/>\n<meta property=\"og:site_name\" content=\"Event Center Knock &#039;em Down\" \/>\n<meta property=\"article:modified_time\" content=\"2026-01-02T08:08:45+00:00\" \/>\n<meta property=\"og:image\" content=\"https:\/\/eventcenter.se\/vaxjo\/wp-content\/uploads\/2024\/04\/Boka-AR-dart.jpg\" \/>\n\t<meta property=\"og:image:width\" content=\"960\" \/>\n\t<meta property=\"og:image:height\" content=\"540\" \/>\n\t<meta property=\"og:image:type\" content=\"image\/jpeg\" \/>\n<meta name=\"twitter:card\" content=\"summary_large_image\" \/>\n<meta name=\"twitter:label1\" content=\"Ber\u00e4knad l\u00e4stid\" \/>\n\t<meta name=\"twitter:data1\" content=\"2 minuter\" \/>\n<script type=\"application\/ld+json\" class=\"yoast-schema-graph\">{\"@context\":\"https:\/\/schema.org\",\"@graph\":[{\"@type\":\"WebPage\",\"@id\":\"https:\/\/eventcenter.se\/vaxjo\/dart-vaxjo\/\",\"url\":\"https:\/\/eventcenter.se\/vaxjo\/dart-vaxjo\/\",\"name\":\"DART VAXJO - Knock 'em Down - Upplevelser i v\u00e4rldsklass\",\"isPartOf\":{\"@id\":\"https:\/\/eventcenter.se\/vaxjo\/#website\"},\"primaryImageOfPage\":{\"@id\":\"https:\/\/eventcenter.se\/vaxjo\/dart-vaxjo\/#primaryimage\"},\"image\":{\"@id\":\"https:\/\/eventcenter.se\/vaxjo\/dart-vaxjo\/#primaryimage\"},\"thumbnailUrl\":\"https:\/\/eventcenter.se\/vaxjo\/wp-content\/uploads\/2024\/04\/Boka-AR-dart.jpg\",\"datePublished\":\"2023-07-19T09:17:11+00:00\",\"dateModified\":\"2026-01-02T08:08:45+00:00\",\"description\":\"Dart V\u00e4xj\u00f6. Scolia elektronisk dart med \u00e4kta pilar tar ditt dartspelande till en ny niv\u00e5. De b\u00e4sta upplevelserna finns hos Knock 'em Down.\",\"breadcrumb\":{\"@id\":\"https:\/\/eventcenter.se\/vaxjo\/dart-vaxjo\/#breadcrumb\"},\"inLanguage\":\"sv-SE\",\"potentialAction\":[{\"@type\":\"ReadAction\",\"target\":[\"https:\/\/eventcenter.se\/vaxjo\/dart-vaxjo\/\"]}]},{\"@type\":\"ImageObject\",\"inLanguage\":\"sv-SE\",\"@id\":\"https:\/\/eventcenter.se\/vaxjo\/dart-vaxjo\/#primaryimage\",\"url\":\"https:\/\/eventcenter.se\/vaxjo\/wp-content\/uploads\/2024\/04\/Boka-AR-dart.jpg\",\"contentUrl\":\"https:\/\/eventcenter.se\/vaxjo\/wp-content\/uploads\/2024\/04\/Boka-AR-dart.jpg\",\"width\":960,\"height\":540,\"caption\":\"AR-Dart\"},{\"@type\":\"BreadcrumbList\",\"@id\":\"https:\/\/eventcenter.se\/vaxjo\/dart-vaxjo\/#breadcrumb\",\"itemListElement\":[{\"@type\":\"ListItem\",\"position\":1,\"name\":\"Home\",\"item\":\"https:\/\/eventcenter.se\/vaxjo\/\"},{\"@type\":\"ListItem\",\"position\":2,\"name\":\"DART\"}]},{\"@type\":\"WebSite\",\"@id\":\"https:\/\/eventcenter.se\/vaxjo\/#website\",\"url\":\"https:\/\/eventcenter.se\/vaxjo\/\",\"name\":\"Event Center Knock &#039;em Down\",\"description\":\"Ger dig upplevelser i v\u00e4rldsklass\",\"potentialAction\":[{\"@type\":\"SearchAction\",\"target\":{\"@type\":\"EntryPoint\",\"urlTemplate\":\"https:\/\/eventcenter.se\/vaxjo\/?s={search_term_string}\"},\"query-input\":{\"@type\":\"PropertyValueSpecification\",\"valueRequired\":true,\"valueName\":\"search_term_string\"}}],\"inLanguage\":\"sv-SE\"}]}<\/script>\n<!-- \/ Yoast SEO plugin. -->","yoast_head_json":{"title":"DART VAXJO - Knock 'em Down - Upplevelser i v\u00e4rldsklass","description":"Dart V\u00e4xj\u00f6. Scolia elektronisk dart med \u00e4kta pilar tar ditt dartspelande till en ny niv\u00e5. De b\u00e4sta upplevelserna finns hos Knock 'em Down.","robots":{"index":"index","follow":"follow","max-snippet":"max-snippet:-1","max-image-preview":"max-image-preview:large","max-video-preview":"max-video-preview:-1"},"canonical":"https:\/\/eventcenter.se\/vaxjo\/dart-vaxjo\/","og_locale":"sv_SE","og_type":"article","og_title":"DART VAXJO - Knock 'em Down - Upplevelser i v\u00e4rldsklass","og_description":"Dart V\u00e4xj\u00f6. Scolia elektronisk dart med \u00e4kta pilar tar ditt dartspelande till en ny niv\u00e5. De b\u00e4sta upplevelserna finns hos Knock 'em Down.","og_url":"https:\/\/eventcenter.se\/vaxjo\/dart-vaxjo\/","og_site_name":"Event Center Knock &#039;em Down","article_modified_time":"2026-01-02T08:08:45+00:00","og_image":[{"width":960,"height":540,"url":"https:\/\/eventcenter.se\/vaxjo\/wp-content\/uploads\/2024\/04\/Boka-AR-dart.jpg","type":"image\/jpeg"}],"twitter_card":"summary_large_image","twitter_misc":{"Ber\u00e4knad l\u00e4stid":"2 minuter"},"schema":{"@context":"https:\/\/schema.org","@graph":[{"@type":"WebPage","@id":"https:\/\/eventcenter.se\/vaxjo\/dart-vaxjo\/","url":"https:\/\/eventcenter.se\/vaxjo\/dart-vaxjo\/","name":"DART VAXJO - Knock 'em Down - Upplevelser i v\u00e4rldsklass","isPartOf":{"@id":"https:\/\/eventcenter.se\/vaxjo\/#website"},"primaryImageOfPage":{"@id":"https:\/\/eventcenter.se\/vaxjo\/dart-vaxjo\/#primaryimage"},"image":{"@id":"https:\/\/eventcenter.se\/vaxjo\/dart-vaxjo\/#primaryimage"},"thumbnailUrl":"https:\/\/eventcenter.se\/vaxjo\/wp-content\/uploads\/2024\/04\/Boka-AR-dart.jpg","datePublished":"2023-07-19T09:17:11+00:00","dateModified":"2026-01-02T08:08:45+00:00","description":"Dart V\u00e4xj\u00f6. Scolia elektronisk dart med \u00e4kta pilar tar ditt dartspelande till en ny niv\u00e5. De b\u00e4sta upplevelserna finns hos Knock 'em Down.","breadcrumb":{"@id":"https:\/\/eventcenter.se\/vaxjo\/dart-vaxjo\/#breadcrumb"},"inLanguage":"sv-SE","potentialAction":[{"@type":"ReadAction","target":["https:\/\/eventcenter.se\/vaxjo\/dart-vaxjo\/"]}]},{"@type":"ImageObject","inLanguage":"sv-SE","@id":"https:\/\/eventcenter.se\/vaxjo\/dart-vaxjo\/#primaryimage","url":"https:\/\/eventcenter.se\/vaxjo\/wp-content\/uploads\/2024\/04\/Boka-AR-dart.jpg","contentUrl":"https:\/\/eventcenter.se\/vaxjo\/wp-content\/uploads\/2024\/04\/Boka-AR-dart.jpg","width":960,"height":540,"caption":"AR-Dart"},{"@type":"BreadcrumbList","@id":"https:\/\/eventcenter.se\/vaxjo\/dart-vaxjo\/#breadcrumb","itemListElement":[{"@type":"ListItem","position":1,"name":"Home","item":"https:\/\/eventcenter.se\/vaxjo\/"},{"@type":"ListItem","position":2,"name":"DART"}]},{"@type":"WebSite","@id":"https:\/\/eventcenter.se\/vaxjo\/#website","url":"https:\/\/eventcenter.se\/vaxjo\/","name":"Event Center Knock &#039;em Down","description":"Ger dig upplevelser i v\u00e4rldsklass","potentialAction":[{"@type":"SearchAction","target":{"@type":"EntryPoint","urlTemplate":"https:\/\/eventcenter.se\/vaxjo\/?s={search_term_string}"},"query-input":{"@type":"PropertyValueSpecification","valueRequired":true,"valueName":"search_term_string"}}],"inLanguage":"sv-SE"}]}},"_links":{"self":[{"href":"https:\/\/eventcenter.se\/vaxjo\/wp-json\/wp\/v2\/pages\/5048","targetHints":{"allow":["GET"]}}],"collection":[{"href":"https:\/\/eventcenter.se\/vaxjo\/wp-json\/wp\/v2\/pages"}],"about":[{"href":"https:\/\/eventcenter.se\/vaxjo\/wp-json\/wp\/v2\/types\/page"}],"author":[{"embeddable":true,"href":"https:\/\/eventcenter.se\/vaxjo\/wp-json\/wp\/v2\/users\/3"}],"replies":[{"embeddable":true,"href":"https:\/\/eventcenter.se\/vaxjo\/wp-json\/wp\/v2\/comments?post=5048"}],"version-history":[{"count":39,"href":"https:\/\/eventcenter.se\/vaxjo\/wp-json\/wp\/v2\/pages\/5048\/revisions"}],"predecessor-version":[{"id":6133,"href":"https:\/\/eventcenter.se\/vaxjo\/wp-json\/wp\/v2\/pages\/5048\/revisions\/6133"}],"wp:attachment":[{"href":"https:\/\/eventcenter.se\/vaxjo\/wp-json\/wp\/v2\/media?parent=5048"}],"curies":[{"name":"wp","href":"https:\/\/api.w.org\/{rel}","templated":true}]}}