{"id":5090,"date":"2023-08-10T11:51:54","date_gmt":"2023-08-10T09:51:54","guid":{"rendered":"https:\/\/eventcenter.se\/vaxjo\/?page_id=5090"},"modified":"2024-05-25T09:37:33","modified_gmt":"2024-05-25T07:37:33","slug":"rodeo","status":"publish","type":"page","link":"https:\/\/eventcenter.se\/vaxjo\/rodeo\/","title":{"rendered":"RODEO"},"content":{"rendered":"<div class=\"wpb-content-wrapper\"><p>[vc_row full_width=&#8221;stretch_row&#8221; content_placement=&#8221;top&#8221; bg_type=&#8221;image&#8221; css=&#8221;.vc_custom_1699360544969{padding-top: 250px !important;padding-bottom: 250px !important;background-image: url(https:\/\/eventcenter.se\/vaxjo\/wp-content\/uploads\/2023\/11\/Rodeo-tjur.jpg?id=5251) !important;}&#8221; el_class=&#8221;vc_hidden-xs&#8221;][vc_column offset=&#8221;vc_hidden-xs&#8221;][\/vc_column][\/vc_row][vc_row full_width=&#8221;stretch_row_content&#8221; content_placement=&#8221;top&#8221; bg_type=&#8221;image&#8221; css=&#8221;.vc_custom_1693811384378{padding-top: 450px !important;padding-bottom: 0px !important;background-image: url(https:\/\/eventcenter.se\/vaxjo\/wp-content\/uploads\/2023\/09\/Rodeo-1.jpg?id=5178) !important;}&#8221; el_class=&#8221;vc_hidden-lg vc_hidden-md vc_hidden-sm&#8221;][vc_column offset=&#8221;vc_hidden-xs&#8221;][\/vc_column][\/vc_row][vc_row bg_type=&#8221;image&#8221; parallax_style=&#8221;vcpb-default&#8221; bg_image_new=&#8221;id^1247|url^https:\/\/eventcenter.se\/vaxjo\/wp-content\/uploads\/2019\/04\/menu-bg5.jpg|caption^Event Center Knock em Down V\u00e4xj\u00f6 Restaurang Bowling Boule Biljard Background Event Center V\u00e4xj\u00f6 Restaurang Bowling Boule Biljard Knock em Down|alt^Event Center Knock em Down V\u00e4xj\u00f6 Restaurang Bowling Boule Biljard Background Event Center V\u00e4xj\u00f6 Restaurang Bowling Boule Biljard Knock em Down The Challenge 3-kamp eventcenter|title^Event Center Knock em Down V\u00e4xj\u00f6 Restaurang Bowling Boule Biljard Background Event Center V\u00e4xj\u00f6 Restaurang Bowling Boule Biljard Knock em Down|description^Event Center Knock em Down V\u00e4xj\u00f6 Restaurang Bowling Boule Biljard Background Event Center V\u00e4xj\u00f6 Restaurang Bowling Boule Biljard Knock em Down&#8221; bg_image_size=&#8221;initial&#8221; css=&#8221;.vc_custom_1555772458400{margin-top: -40px !important;margin-right: 0px !important;margin-left: 0px !important;background-color: #ffffff !important;background-position: 0 0 !important;background-repeat: repeat !important;}&#8221; el_class=&#8221;pinklft shadow zindexed&#8221;][vc_column width=&#8221;2\/3&#8243; css=&#8221;.vc_custom_1554197063644{padding-top: 10px !important;padding-bottom: 0px !important;padding-left: 44px !important;}&#8221;][vc_column_text css=&#8221;.vc_custom_1716622615842{padding-top: 10px !important;}&#8221;]<\/p>\n<h1><span style=\"color: #cca402;\"><strong>Rodeo Tjurridning<\/strong><\/span><\/h1>\n<p><strong>V\u00e5gar du ta p\u00e5 dig hatten och utmana den klassiska tjuren?<\/strong><\/p>\n<p><strong>50 kr per \u00e5ktur<\/strong> (rek. fr\u00e5n 8 \u00e5r)<\/p>\n<p>Vill ditt s\u00e4llskap f\u00f6rl\u00e4nga upplevelsen och avg\u00f6ra som \u00e4r den b\u00e4sta cowboyen, l\u00e4s mer om <a href=\"https:\/\/eventcenter.se\/vaxjo\/cowboykamp\/\">Cowboykampen!<\/a><\/p>\n<p><iframe loading=\"lazy\" title=\"YouTube video player\" src=\"https:\/\/www.youtube.com\/embed\/ajk0iN7gjIk?si=QiZi-9DPW9T-8Tig\" width=\"560\" height=\"315\" frameborder=\"0\" allowfullscreen=\"allowfullscreen\"><\/iframe><\/p>\n<p>V\u00e5r mest fysiskt kr\u00e4vande aktivitet d\u00e4r du f\u00f6rs\u00f6ker klara dig kvar p\u00e5 den mekaniska tjuren s\u00e5 l\u00e4nge det bara \u00e4r m\u00f6jligt. Har du vad som kr\u00e4vs f\u00f6r att sl\u00e5 rekordet? All \u00e5kning sker p\u00e5 egen risk.<\/p>\n<p><em class=\"photoswipe-wrapper\"><a href=\"mailto:vaxjo@eventcenter.se\"><img loading=\"lazy\" decoding=\"async\" class=\"alignnone wp-image-5092 size-full\" src=\"https:\/\/eventcenter.se\/vaxjo\/wp-content\/uploads\/2023\/08\/Rodeo.jpg\" alt=\"Rodeo\" width=\"560\" height=\"315\" srcset=\"https:\/\/eventcenter.se\/vaxjo\/wp-content\/uploads\/2023\/08\/Rodeo.jpg 960w, https:\/\/eventcenter.se\/vaxjo\/wp-content\/uploads\/2023\/08\/Rodeo-300x169.jpg 300w, https:\/\/eventcenter.se\/vaxjo\/wp-content\/uploads\/2023\/08\/Rodeo-768x432.jpg 768w\" sizes=\"auto, (max-width: 560px) 100vw, 560px\" \/><\/a><\/em><\/p>\n<p><em class=\"photoswipe-wrapper\">Event Center Knock \u2019em Down \u00e4r V\u00e4xj\u00f6s Event- &amp; N\u00f6jescenter. Kombinera g\u00e4rna din tid med <a href=\"https:\/\/eventcenter.se\/vaxjo\/restaurang-vaxjo\/\">mat &amp; dryck<\/a> samt <a href=\"https:\/\/eventcenter.se\/vaxjo\/kamper-paket\/\">kamper &amp; paket<\/a>\u00a0som \u00e4r specialdesignade f\u00f6r att ge dig och ditt s\u00e4llskap de b\u00e4sta upplevelserna.<\/em>[\/vc_column_text][vc_empty_space height=&#8221;10px&#8221;][\/vc_column][vc_column width=&#8221;1\/3&#8243; css=&#8221;.vc_custom_1555772471319{margin-left: 22px !important;padding-top: 17px !important;padding-right: 10px !important;padding-bottom: 25px !important;}&#8221;][vc_column_text css=&#8221;.vc_custom_1691655772951{padding-top: 10px !important;}&#8221;]<span style=\"color: #999999;\">Boka turnering via 0470-122 22, <\/span><a href=\"mailto:vaxjo@eventcenter.se\"><span style=\"color: #999999;\">vaxjo@eventcenter.se<\/span><\/a>[\/vc_column_text][vc_empty_space height=&#8221;20px&#8221;][vc_single_image image=&#8221;5096&#8243; img_size=&#8221;full&#8221; css=&#8221;.vc_custom_1691655811111{padding-right: 50px !important;}&#8221; image_hovers=&#8221;false&#8221;][\/vc_column][\/vc_row][vc_row disable_element=&#8221;yes&#8221; el_class=&#8221;teaserbx vc_hidden-lg vc_hidden-md vc_hidden-sm&#8221;][vc_column width=&#8221;1\/2&#8243;][\/vc_column][\/vc_row][vc_row][vc_column][vc_empty_space height=&#8221;00px&#8221;][\/vc_column][\/vc_row]<\/p>\n<\/div>","protected":false},"excerpt":{"rendered":"<p>[vc_row full_width=&#8221;stretch_row&#8221; content_placement=&#8221;top&#8221; bg_type=&#8221;image&#8221; css=&#8221;.vc_custom_1699360544969{padding-top: 250px !important;padding-bottom: 250px !important;background-image: url(https:\/\/eventcenter.se\/vaxjo\/wp-content\/uploads\/2023\/11\/Rodeo-tjur.jpg?id=5251) !important;}&#8221; el_class=&#8221;vc_hidden-xs&#8221;][vc_column offset=&#8221;vc_hidden-xs&#8221;][\/vc_column][\/vc_row][vc_row full_width=&#8221;stretch_row_content&#8221; content_placement=&#8221;top&#8221; bg_type=&#8221;image&#8221; css=&#8221;.vc_custom_1693811384378{padding-top: 450px !important;padding-bottom: 0px !important;background-image: url(https:\/\/eventcenter.se\/vaxjo\/wp-content\/uploads\/2023\/09\/Rodeo-1.jpg?id=5178) !important;}&#8221; el_class=&#8221;vc_hidden-lg vc_hidden-md vc_hidden-sm&#8221;][vc_column offset=&#8221;vc_hidden-xs&#8221;][\/vc_column][\/vc_row][vc_row bg_type=&#8221;image&#8221; parallax_style=&#8221;vcpb-default&#8221; bg_image_new=&#8221;id^1247|url^https:\/\/eventcenter.se\/vaxjo\/wp-content\/uploads\/2019\/04\/menu-bg5.jpg|caption^Event Center Knock em Down V\u00e4xj\u00f6 Restaurang Bowling Boule Biljard Background Event Center V\u00e4xj\u00f6 Restaurang Bowling Boule Biljard Knock em Down|alt^Event Center Knock em Down V\u00e4xj\u00f6&hellip;<\/p>\n","protected":false},"author":3,"featured_media":0,"parent":0,"menu_order":0,"comment_status":"closed","ping_status":"closed","template":"","meta":{"footnotes":""},"class_list":["post-5090","page","type-page","status-publish","hentry","description-off"],"yoast_head":"<!-- This site is optimized with the Yoast SEO plugin v27.2 - https:\/\/yoast.com\/product\/yoast-seo-wordpress\/ -->\n<title>RODEO VAXJO - Knock &#039;em Down - Upplevelser i v\u00e4rldsklass<\/title>\n<meta name=\"description\" content=\"Upplev rodeo tjurridning i V\u00e4xj\u00f6. Utmana dina p\u00e5 v\u00e4nner p\u00e5 en fysiskt kr\u00e4vande och rolig utmaning som ni sent gl\u00f6mmer.\" \/>\n<meta name=\"robots\" content=\"index, follow, max-snippet:-1, max-image-preview:large, max-video-preview:-1\" \/>\n<link rel=\"canonical\" href=\"https:\/\/eventcenter.se\/vaxjo\/rodeo\/\" \/>\n<meta property=\"og:locale\" content=\"sv_SE\" \/>\n<meta property=\"og:type\" content=\"article\" \/>\n<meta property=\"og:title\" content=\"RODEO VAXJO - Knock &#039;em Down - Upplevelser i v\u00e4rldsklass\" \/>\n<meta property=\"og:description\" content=\"Upplev rodeo tjurridning i V\u00e4xj\u00f6. Utmana dina p\u00e5 v\u00e4nner p\u00e5 en fysiskt kr\u00e4vande och rolig utmaning som ni sent gl\u00f6mmer.\" \/>\n<meta property=\"og:url\" content=\"https:\/\/eventcenter.se\/vaxjo\/rodeo\/\" \/>\n<meta property=\"og:site_name\" content=\"Event Center Knock &#039;em Down\" \/>\n<meta property=\"article:modified_time\" content=\"2024-05-25T07:37:33+00:00\" \/>\n<meta property=\"og:image\" content=\"https:\/\/eventcenter.se\/vaxjo\/wp-content\/uploads\/2023\/08\/Rodeo.jpg\" \/>\n<meta name=\"twitter:card\" content=\"summary_large_image\" \/>\n<meta name=\"twitter:label1\" content=\"Ber\u00e4knad l\u00e4stid\" \/>\n\t<meta name=\"twitter:data1\" content=\"2 minuter\" \/>\n<script type=\"application\/ld+json\" class=\"yoast-schema-graph\">{\"@context\":\"https:\/\/schema.org\",\"@graph\":[{\"@type\":\"WebPage\",\"@id\":\"https:\/\/eventcenter.se\/vaxjo\/rodeo\/\",\"url\":\"https:\/\/eventcenter.se\/vaxjo\/rodeo\/\",\"name\":\"RODEO VAXJO - Knock 'em Down - Upplevelser i v\u00e4rldsklass\",\"isPartOf\":{\"@id\":\"https:\/\/eventcenter.se\/vaxjo\/#website\"},\"primaryImageOfPage\":{\"@id\":\"https:\/\/eventcenter.se\/vaxjo\/rodeo\/#primaryimage\"},\"image\":{\"@id\":\"https:\/\/eventcenter.se\/vaxjo\/rodeo\/#primaryimage\"},\"thumbnailUrl\":\"https:\/\/eventcenter.se\/vaxjo\/wp-content\/uploads\/2023\/08\/Rodeo.jpg\",\"datePublished\":\"2023-08-10T09:51:54+00:00\",\"dateModified\":\"2024-05-25T07:37:33+00:00\",\"description\":\"Upplev rodeo tjurridning i V\u00e4xj\u00f6. Utmana dina p\u00e5 v\u00e4nner p\u00e5 en fysiskt kr\u00e4vande och rolig utmaning som ni sent gl\u00f6mmer.\",\"breadcrumb\":{\"@id\":\"https:\/\/eventcenter.se\/vaxjo\/rodeo\/#breadcrumb\"},\"inLanguage\":\"sv-SE\",\"potentialAction\":[{\"@type\":\"ReadAction\",\"target\":[\"https:\/\/eventcenter.se\/vaxjo\/rodeo\/\"]}]},{\"@type\":\"ImageObject\",\"inLanguage\":\"sv-SE\",\"@id\":\"https:\/\/eventcenter.se\/vaxjo\/rodeo\/#primaryimage\",\"url\":\"https:\/\/eventcenter.se\/vaxjo\/wp-content\/uploads\/2023\/08\/Rodeo.jpg\",\"contentUrl\":\"https:\/\/eventcenter.se\/vaxjo\/wp-content\/uploads\/2023\/08\/Rodeo.jpg\",\"width\":960,\"height\":540,\"caption\":\"Rodeo\"},{\"@type\":\"BreadcrumbList\",\"@id\":\"https:\/\/eventcenter.se\/vaxjo\/rodeo\/#breadcrumb\",\"itemListElement\":[{\"@type\":\"ListItem\",\"position\":1,\"name\":\"Home\",\"item\":\"https:\/\/eventcenter.se\/vaxjo\/\"},{\"@type\":\"ListItem\",\"position\":2,\"name\":\"RODEO\"}]},{\"@type\":\"WebSite\",\"@id\":\"https:\/\/eventcenter.se\/vaxjo\/#website\",\"url\":\"https:\/\/eventcenter.se\/vaxjo\/\",\"name\":\"Event Center Knock &#039;em Down\",\"description\":\"Ger dig upplevelser i v\u00e4rldsklass\",\"potentialAction\":[{\"@type\":\"SearchAction\",\"target\":{\"@type\":\"EntryPoint\",\"urlTemplate\":\"https:\/\/eventcenter.se\/vaxjo\/?s={search_term_string}\"},\"query-input\":{\"@type\":\"PropertyValueSpecification\",\"valueRequired\":true,\"valueName\":\"search_term_string\"}}],\"inLanguage\":\"sv-SE\"}]}<\/script>\n<!-- \/ Yoast SEO plugin. -->","yoast_head_json":{"title":"RODEO VAXJO - Knock 'em Down - Upplevelser i v\u00e4rldsklass","description":"Upplev rodeo tjurridning i V\u00e4xj\u00f6. Utmana dina p\u00e5 v\u00e4nner p\u00e5 en fysiskt kr\u00e4vande och rolig utmaning som ni sent gl\u00f6mmer.","robots":{"index":"index","follow":"follow","max-snippet":"max-snippet:-1","max-image-preview":"max-image-preview:large","max-video-preview":"max-video-preview:-1"},"canonical":"https:\/\/eventcenter.se\/vaxjo\/rodeo\/","og_locale":"sv_SE","og_type":"article","og_title":"RODEO VAXJO - Knock 'em Down - Upplevelser i v\u00e4rldsklass","og_description":"Upplev rodeo tjurridning i V\u00e4xj\u00f6. Utmana dina p\u00e5 v\u00e4nner p\u00e5 en fysiskt kr\u00e4vande och rolig utmaning som ni sent gl\u00f6mmer.","og_url":"https:\/\/eventcenter.se\/vaxjo\/rodeo\/","og_site_name":"Event Center Knock &#039;em Down","article_modified_time":"2024-05-25T07:37:33+00:00","og_image":[{"url":"https:\/\/eventcenter.se\/vaxjo\/wp-content\/uploads\/2023\/08\/Rodeo.jpg","type":"","width":"","height":""}],"twitter_card":"summary_large_image","twitter_misc":{"Ber\u00e4knad l\u00e4stid":"2 minuter"},"schema":{"@context":"https:\/\/schema.org","@graph":[{"@type":"WebPage","@id":"https:\/\/eventcenter.se\/vaxjo\/rodeo\/","url":"https:\/\/eventcenter.se\/vaxjo\/rodeo\/","name":"RODEO VAXJO - Knock 'em Down - Upplevelser i v\u00e4rldsklass","isPartOf":{"@id":"https:\/\/eventcenter.se\/vaxjo\/#website"},"primaryImageOfPage":{"@id":"https:\/\/eventcenter.se\/vaxjo\/rodeo\/#primaryimage"},"image":{"@id":"https:\/\/eventcenter.se\/vaxjo\/rodeo\/#primaryimage"},"thumbnailUrl":"https:\/\/eventcenter.se\/vaxjo\/wp-content\/uploads\/2023\/08\/Rodeo.jpg","datePublished":"2023-08-10T09:51:54+00:00","dateModified":"2024-05-25T07:37:33+00:00","description":"Upplev rodeo tjurridning i V\u00e4xj\u00f6. Utmana dina p\u00e5 v\u00e4nner p\u00e5 en fysiskt kr\u00e4vande och rolig utmaning som ni sent gl\u00f6mmer.","breadcrumb":{"@id":"https:\/\/eventcenter.se\/vaxjo\/rodeo\/#breadcrumb"},"inLanguage":"sv-SE","potentialAction":[{"@type":"ReadAction","target":["https:\/\/eventcenter.se\/vaxjo\/rodeo\/"]}]},{"@type":"ImageObject","inLanguage":"sv-SE","@id":"https:\/\/eventcenter.se\/vaxjo\/rodeo\/#primaryimage","url":"https:\/\/eventcenter.se\/vaxjo\/wp-content\/uploads\/2023\/08\/Rodeo.jpg","contentUrl":"https:\/\/eventcenter.se\/vaxjo\/wp-content\/uploads\/2023\/08\/Rodeo.jpg","width":960,"height":540,"caption":"Rodeo"},{"@type":"BreadcrumbList","@id":"https:\/\/eventcenter.se\/vaxjo\/rodeo\/#breadcrumb","itemListElement":[{"@type":"ListItem","position":1,"name":"Home","item":"https:\/\/eventcenter.se\/vaxjo\/"},{"@type":"ListItem","position":2,"name":"RODEO"}]},{"@type":"WebSite","@id":"https:\/\/eventcenter.se\/vaxjo\/#website","url":"https:\/\/eventcenter.se\/vaxjo\/","name":"Event Center Knock &#039;em Down","description":"Ger dig upplevelser i v\u00e4rldsklass","potentialAction":[{"@type":"SearchAction","target":{"@type":"EntryPoint","urlTemplate":"https:\/\/eventcenter.se\/vaxjo\/?s={search_term_string}"},"query-input":{"@type":"PropertyValueSpecification","valueRequired":true,"valueName":"search_term_string"}}],"inLanguage":"sv-SE"}]}},"_links":{"self":[{"href":"https:\/\/eventcenter.se\/vaxjo\/wp-json\/wp\/v2\/pages\/5090","targetHints":{"allow":["GET"]}}],"collection":[{"href":"https:\/\/eventcenter.se\/vaxjo\/wp-json\/wp\/v2\/pages"}],"about":[{"href":"https:\/\/eventcenter.se\/vaxjo\/wp-json\/wp\/v2\/types\/page"}],"author":[{"embeddable":true,"href":"https:\/\/eventcenter.se\/vaxjo\/wp-json\/wp\/v2\/users\/3"}],"replies":[{"embeddable":true,"href":"https:\/\/eventcenter.se\/vaxjo\/wp-json\/wp\/v2\/comments?post=5090"}],"version-history":[{"count":30,"href":"https:\/\/eventcenter.se\/vaxjo\/wp-json\/wp\/v2\/pages\/5090\/revisions"}],"predecessor-version":[{"id":5396,"href":"https:\/\/eventcenter.se\/vaxjo\/wp-json\/wp\/v2\/pages\/5090\/revisions\/5396"}],"wp:attachment":[{"href":"https:\/\/eventcenter.se\/vaxjo\/wp-json\/wp\/v2\/media?parent=5090"}],"curies":[{"name":"wp","href":"https:\/\/api.w.org\/{rel}","templated":true}]}}