{"id":5099,"date":"2023-08-10T11:44:16","date_gmt":"2023-08-10T09:44:16","guid":{"rendered":"https:\/\/eventcenter.se\/vaxjo\/?page_id=5099"},"modified":"2024-11-20T16:44:52","modified_gmt":"2024-11-20T15:44:52","slug":"cowboykamp","status":"publish","type":"page","link":"https:\/\/eventcenter.se\/vaxjo\/cowboykamp\/","title":{"rendered":"COWBOYKAMP"},"content":{"rendered":"<div class=\"wpb-content-wrapper\"><p>[vc_row full_width=&#8221;stretch_row&#8221; content_placement=&#8221;top&#8221; bg_type=&#8221;image&#8221; css=&#8221;.vc_custom_1691660639967{padding-top: 250px !important;padding-bottom: 250px !important;background-image: url(https:\/\/eventcenter.se\/vaxjo\/wp-content\/uploads\/2023\/08\/Rodeo.png?id=5094) !important;}&#8221; el_class=&#8221;vc_hidden-xs&#8221;][vc_column offset=&#8221;vc_hidden-xs&#8221;][\/vc_column][\/vc_row][vc_row full_width=&#8221;stretch_row_content&#8221; content_placement=&#8221;top&#8221; bg_type=&#8221;image&#8221; css=&#8221;.vc_custom_1693814163117{padding-top: 450px !important;padding-bottom: 0px !important;background-image: url(https:\/\/eventcenter.se\/vaxjo\/wp-content\/uploads\/2023\/08\/Rodeo-1.jpg?id=5093) !important;}&#8221; el_class=&#8221;vc_hidden-lg vc_hidden-md vc_hidden-sm&#8221;][vc_column offset=&#8221;vc_hidden-xs&#8221;][\/vc_column][\/vc_row][vc_row bg_type=&#8221;image&#8221; parallax_style=&#8221;vcpb-default&#8221; bg_image_new=&#8221;id^1247|url^https:\/\/eventcenter.se\/vaxjo\/wp-content\/uploads\/2019\/04\/menu-bg5.jpg|caption^null|alt^Eventcenter V\u00e4xj\u00f6 Restaurang Bowling Boule Biljard Background Event Center Knock em Down Event Center V\u00e4xj\u00f6 Restaurang Bowling Boule Biljard Knock em Down|title^null|description^null&#8221; bg_image_repeat=&#8221;repeat-y&#8221; bg_image_size=&#8221;initial&#8221; css=&#8221;.vc_custom_1555494843390{margin-top: -40px !important;margin-right: 0px !important;margin-left: 0px !important;background-color: #ffffff !important;}&#8221; el_class=&#8221;pinklft shadow zindexed&#8221;][vc_column width=&#8221;2\/3&#8243; css=&#8221;.vc_custom_1554197063644{padding-top: 10px !important;padding-bottom: 0px !important;padding-left: 44px !important;}&#8221;][vc_column_text css=&#8221;.vc_custom_1732117343414{padding-top: 15px !important;}&#8221;]<\/p>\n<h1><span style=\"color: #cca402;\"><strong>Cowboykampen<\/strong><\/span><\/h1>\n<p><strong>Vem \u00e4r s\u00e4llskapets b\u00e4sta cowboy? I cowboykampen utmanar ni varandra fysiskt i b\u00e5de rodeo tjurridning och pilkastning men \u00e4ven virtuellt i b\u00e5gskytte mot zombies.<\/strong><\/p>\n<p><a href=\"https:\/\/popupvaxjo\/\"><img loading=\"lazy\" decoding=\"async\" class=\"alignnone wp-image-4527\" src=\"https:\/\/eventcenter.se\/vaxjo\/wp-content\/uploads\/2022\/10\/Boka-300x78.jpg\" alt=\"Boka\" width=\"200\" height=\"52\" srcset=\"https:\/\/eventcenter.se\/vaxjo\/wp-content\/uploads\/2022\/10\/Boka-300x78.jpg 300w, https:\/\/eventcenter.se\/vaxjo\/wp-content\/uploads\/2022\/10\/Boka.jpg 384w\" sizes=\"auto, (max-width: 200px) 100vw, 200px\" \/><\/a><\/p>\n<p>Cowboykampen passar perfekt f\u00f6r s\u00e4llskap som gillar fysiska utmaningar och \u00e4r d\u00e4rf\u00f6r ett bra alternativ f\u00f6r b\u00e5de m\u00f6hippor och svensexor. Kampen inkluderar en egen v\u00e4rd och tar upp till en och en halv timma att genomf\u00f6ra. Passar f\u00f6r mellan 5-15 deltagare.<\/p>\n<p><strong>Pris per deltagare<\/strong><\/p>\n<p><strong>369 kr <\/strong>(295 kr ex. moms)<\/p>\n<p><strong>469 kr fre-l\u00f6r <\/strong>(375 kr ex. moms)<\/p>\n<p>&nbsp;<\/p>\n<p><strong>Buff\u00e9 &amp; Cowboykamp<\/strong><\/p>\n<p><strong>569 kr <\/strong>(483 kr ex. moms)<\/p>\n<p><strong>669 kr fre-l\u00f6r <\/strong>(563 kr ex. moms)<\/p>\n<p>&nbsp;<\/p>\n<p><iframe loading=\"lazy\" title=\"YouTube video player\" src=\"https:\/\/www.youtube.com\/embed\/ajk0iN7gjIk?si=JZb4QRr3_dnkCH9f\" width=\"560\" height=\"315\" frameborder=\"0\" allowfullscreen=\"allowfullscreen\"><\/iframe>[\/vc_column_text][vc_empty_space height=&#8221;20px&#8221;][\/vc_column][vc_column width=&#8221;1\/3&#8243; css=&#8221;.vc_custom_1555765311939{margin-left: 22px !important;padding-top: 17px !important;padding-right: 10px !important;padding-bottom: 25px !important;}&#8221;]<style type=\"text\/css\" data-type=\"the7_shortcodes-inline-css\">#default-btn-44001345a6918dcfb308bc2a5337f19e {\n  border-radius: 1px;\n  font-size: 14px;\n  line-height: 16px;\n}\n.btn-shadow#default-btn-44001345a6918dcfb308bc2a5337f19e {\n  box-shadow: 0 1px 6px rgba(0,0,0,0.12);\n  transition: box-shadow 0.2s ease-out, opacity 0.45s;\n}\n.btn-shadow#default-btn-44001345a6918dcfb308bc2a5337f19e:hover {\n  box-shadow: 0 5px 11px 0 rgba(0,0,0,0.18), 0 4px 15px 0 rgba(0,0,0,0.15);\n}\n.btn-3d#default-btn-44001345a6918dcfb308bc2a5337f19e {\n  box-shadow: 0px 2px 0px 0px #816b10;\n}\n.btn-3d#default-btn-44001345a6918dcfb308bc2a5337f19e:hover {\n  box-shadow: 0px 2px 0px 0px #816b10;\n}\n.btn-flat#default-btn-44001345a6918dcfb308bc2a5337f19e {\n  box-shadow: none;\n}\n.btn-flat#default-btn-44001345a6918dcfb308bc2a5337f19e:hover {\n  box-shadow: none;\n}\n#default-btn-44001345a6918dcfb308bc2a5337f19e.ico-right-side > i {\n  margin-right: 0px;\n  margin-left: 8px;\n}\n#default-btn-44001345a6918dcfb308bc2a5337f19e > i {\n  margin-right: 8px;\n  font-size: 14px;\n}\n#default-btn-44001345a6918dcfb308bc2a5337f19e:not(:hover) {\n  border-width: 0px;\n  color: #000000;\n  background: #cca402 !important;\n  padding: 12px 18px 12px 18px;\n}\n#default-btn-44001345a6918dcfb308bc2a5337f19e:not(:hover) * {\n  color: #000000;\n}\n#default-btn-44001345a6918dcfb308bc2a5337f19e:hover {\n  border-width: 0px;\n  background: #cca402 !important;\n  padding: 12px 18px 12px 18px;\n}\n#default-btn-44001345a6918dcfb308bc2a5337f19e.ico-right-side > i {\n  margin-right: 0px;\n  margin-left: 8px;\n}\n#default-btn-44001345a6918dcfb308bc2a5337f19e > i {\n  margin-right: 8px;\n}<\/style><a href=\"https:\/\/popupvaxjo\/\" class=\"default-btn-shortcode dt-btn rubberBand animate-element animation-builder link-hover-off btn-inline-left btn-flat  vc_custom_1685689332735\" target=\"_blank\" id=\"default-btn-44001345a6918dcfb308bc2a5337f19e\" rel=\"noopener\"><span>Bokningsf\u00f6rfr\u00e5gan<\/span><\/a>[vc_column_text css=&#8221;.vc_custom_1578047457212{padding-top: 15px !important;}&#8221;]<span style=\"color: #999999;\">Eller kontakta oss via 0470-122 22 <\/span><a href=\"mailto:vaxjo@eventcenter.se\"><span style=\"color: #999999;\">vaxjo@eventcenter.se<\/span><\/a>[\/vc_column_text][vc_empty_space height=&#8221;20px&#8221;][vc_single_image image=&#8221;5155&#8243; img_size=&#8221;full&#8221; css=&#8221;.vc_custom_1693481950614{padding-right: 50px !important;}&#8221; image_hovers=&#8221;false&#8221;][\/vc_column][\/vc_row][vc_row disable_element=&#8221;yes&#8221; el_class=&#8221;teaserbx vc_hidden-lg vc_hidden-md vc_hidden-sm&#8221;][vc_column width=&#8221;1\/2&#8243;][\/vc_column][\/vc_row][vc_row][vc_column][vc_empty_space height=&#8221;00px&#8221;][\/vc_column][\/vc_row]<\/p>\n<\/div>","protected":false},"excerpt":{"rendered":"<p>[vc_row full_width=&#8221;stretch_row&#8221; content_placement=&#8221;top&#8221; bg_type=&#8221;image&#8221; css=&#8221;.vc_custom_1691660639967{padding-top: 250px !important;padding-bottom: 250px !important;background-image: url(https:\/\/eventcenter.se\/vaxjo\/wp-content\/uploads\/2023\/08\/Rodeo.png?id=5094) !important;}&#8221; el_class=&#8221;vc_hidden-xs&#8221;][vc_column offset=&#8221;vc_hidden-xs&#8221;][\/vc_column][\/vc_row][vc_row full_width=&#8221;stretch_row_content&#8221; content_placement=&#8221;top&#8221; bg_type=&#8221;image&#8221; css=&#8221;.vc_custom_1693814163117{padding-top: 450px !important;padding-bottom: 0px !important;background-image: url(https:\/\/eventcenter.se\/vaxjo\/wp-content\/uploads\/2023\/08\/Rodeo-1.jpg?id=5093) !important;}&#8221; el_class=&#8221;vc_hidden-lg vc_hidden-md vc_hidden-sm&#8221;][vc_column offset=&#8221;vc_hidden-xs&#8221;][\/vc_column][\/vc_row][vc_row bg_type=&#8221;image&#8221; parallax_style=&#8221;vcpb-default&#8221; bg_image_new=&#8221;id^1247|url^https:\/\/eventcenter.se\/vaxjo\/wp-content\/uploads\/2019\/04\/menu-bg5.jpg|caption^null|alt^Eventcenter V\u00e4xj\u00f6 Restaurang Bowling Boule Biljard Background Event Center Knock em Down Event Center V\u00e4xj\u00f6 Restaurang Bowling Boule Biljard Knock em Down|title^null|description^null&#8221; bg_image_repeat=&#8221;repeat-y&#8221; bg_image_size=&#8221;initial&#8221; css=&#8221;.vc_custom_1555494843390{margin-top: -40px&hellip;<\/p>\n","protected":false},"author":3,"featured_media":0,"parent":0,"menu_order":0,"comment_status":"closed","ping_status":"closed","template":"","meta":{"footnotes":""},"class_list":["post-5099","page","type-page","status-publish","hentry","description-off"],"yoast_head":"<!-- This site is optimized with the Yoast SEO plugin v27.2 - https:\/\/yoast.com\/product\/yoast-seo-wordpress\/ -->\n<title>Cowboykamp - Knock &#039;em Down - Upplevelser i v\u00e4rldsklass<\/title>\n<meta name=\"description\" content=\"B\u00e4sta cowboyen i V\u00e4xj\u00f6. Cowboykampen \u00e4r den perfekta utmaningen f\u00f6r b\u00e5de m\u00f6hippor och svensexor. Upplev bl.a klassisk rodeo tjurridning\" \/>\n<meta name=\"robots\" content=\"index, follow, max-snippet:-1, max-image-preview:large, max-video-preview:-1\" \/>\n<link rel=\"canonical\" href=\"https:\/\/eventcenter.se\/vaxjo\/cowboykamp\/\" \/>\n<meta property=\"og:locale\" content=\"sv_SE\" \/>\n<meta property=\"og:type\" content=\"article\" \/>\n<meta property=\"og:title\" content=\"Cowboykamp - Knock &#039;em Down - Upplevelser i v\u00e4rldsklass\" \/>\n<meta property=\"og:description\" content=\"B\u00e4sta cowboyen i V\u00e4xj\u00f6. Cowboykampen \u00e4r den perfekta utmaningen f\u00f6r b\u00e5de m\u00f6hippor och svensexor. Upplev bl.a klassisk rodeo tjurridning\" \/>\n<meta property=\"og:url\" content=\"https:\/\/eventcenter.se\/vaxjo\/cowboykamp\/\" \/>\n<meta property=\"og:site_name\" content=\"Event Center Knock &#039;em Down\" \/>\n<meta property=\"article:modified_time\" content=\"2024-11-20T15:44:52+00:00\" \/>\n<meta property=\"og:image\" content=\"https:\/\/eventcenter.se\/vaxjo\/wp-content\/uploads\/2022\/10\/Boka-300x78.jpg\" \/>\n<meta name=\"twitter:card\" content=\"summary_large_image\" \/>\n<meta name=\"twitter:label1\" content=\"Ber\u00e4knad l\u00e4stid\" \/>\n\t<meta name=\"twitter:data1\" content=\"2 minuter\" \/>\n<script type=\"application\/ld+json\" class=\"yoast-schema-graph\">{\"@context\":\"https:\/\/schema.org\",\"@graph\":[{\"@type\":\"WebPage\",\"@id\":\"https:\/\/eventcenter.se\/vaxjo\/cowboykamp\/\",\"url\":\"https:\/\/eventcenter.se\/vaxjo\/cowboykamp\/\",\"name\":\"Cowboykamp - Knock 'em Down - Upplevelser i v\u00e4rldsklass\",\"isPartOf\":{\"@id\":\"https:\/\/eventcenter.se\/vaxjo\/#website\"},\"primaryImageOfPage\":{\"@id\":\"https:\/\/eventcenter.se\/vaxjo\/cowboykamp\/#primaryimage\"},\"image\":{\"@id\":\"https:\/\/eventcenter.se\/vaxjo\/cowboykamp\/#primaryimage\"},\"thumbnailUrl\":\"https:\/\/eventcenter.se\/vaxjo\/wp-content\/uploads\/2022\/10\/Boka-300x78.jpg\",\"datePublished\":\"2023-08-10T09:44:16+00:00\",\"dateModified\":\"2024-11-20T15:44:52+00:00\",\"description\":\"B\u00e4sta cowboyen i V\u00e4xj\u00f6. Cowboykampen \u00e4r den perfekta utmaningen f\u00f6r b\u00e5de m\u00f6hippor och svensexor. Upplev bl.a klassisk rodeo tjurridning\",\"breadcrumb\":{\"@id\":\"https:\/\/eventcenter.se\/vaxjo\/cowboykamp\/#breadcrumb\"},\"inLanguage\":\"sv-SE\",\"potentialAction\":[{\"@type\":\"ReadAction\",\"target\":[\"https:\/\/eventcenter.se\/vaxjo\/cowboykamp\/\"]}]},{\"@type\":\"ImageObject\",\"inLanguage\":\"sv-SE\",\"@id\":\"https:\/\/eventcenter.se\/vaxjo\/cowboykamp\/#primaryimage\",\"url\":\"https:\/\/eventcenter.se\/vaxjo\/wp-content\/uploads\/2022\/10\/Boka.jpg\",\"contentUrl\":\"https:\/\/eventcenter.se\/vaxjo\/wp-content\/uploads\/2022\/10\/Boka.jpg\",\"width\":384,\"height\":100,\"caption\":\"Boka\"},{\"@type\":\"BreadcrumbList\",\"@id\":\"https:\/\/eventcenter.se\/vaxjo\/cowboykamp\/#breadcrumb\",\"itemListElement\":[{\"@type\":\"ListItem\",\"position\":1,\"name\":\"Home\",\"item\":\"https:\/\/eventcenter.se\/vaxjo\/\"},{\"@type\":\"ListItem\",\"position\":2,\"name\":\"COWBOYKAMP\"}]},{\"@type\":\"WebSite\",\"@id\":\"https:\/\/eventcenter.se\/vaxjo\/#website\",\"url\":\"https:\/\/eventcenter.se\/vaxjo\/\",\"name\":\"Event Center Knock &#039;em Down\",\"description\":\"Ger dig upplevelser i v\u00e4rldsklass\",\"potentialAction\":[{\"@type\":\"SearchAction\",\"target\":{\"@type\":\"EntryPoint\",\"urlTemplate\":\"https:\/\/eventcenter.se\/vaxjo\/?s={search_term_string}\"},\"query-input\":{\"@type\":\"PropertyValueSpecification\",\"valueRequired\":true,\"valueName\":\"search_term_string\"}}],\"inLanguage\":\"sv-SE\"}]}<\/script>\n<!-- \/ Yoast SEO plugin. -->","yoast_head_json":{"title":"Cowboykamp - Knock 'em Down - Upplevelser i v\u00e4rldsklass","description":"B\u00e4sta cowboyen i V\u00e4xj\u00f6. Cowboykampen \u00e4r den perfekta utmaningen f\u00f6r b\u00e5de m\u00f6hippor och svensexor. Upplev bl.a klassisk rodeo tjurridning","robots":{"index":"index","follow":"follow","max-snippet":"max-snippet:-1","max-image-preview":"max-image-preview:large","max-video-preview":"max-video-preview:-1"},"canonical":"https:\/\/eventcenter.se\/vaxjo\/cowboykamp\/","og_locale":"sv_SE","og_type":"article","og_title":"Cowboykamp - Knock 'em Down - Upplevelser i v\u00e4rldsklass","og_description":"B\u00e4sta cowboyen i V\u00e4xj\u00f6. Cowboykampen \u00e4r den perfekta utmaningen f\u00f6r b\u00e5de m\u00f6hippor och svensexor. Upplev bl.a klassisk rodeo tjurridning","og_url":"https:\/\/eventcenter.se\/vaxjo\/cowboykamp\/","og_site_name":"Event Center Knock &#039;em Down","article_modified_time":"2024-11-20T15:44:52+00:00","og_image":[{"url":"https:\/\/eventcenter.se\/vaxjo\/wp-content\/uploads\/2022\/10\/Boka-300x78.jpg","type":"","width":"","height":""}],"twitter_card":"summary_large_image","twitter_misc":{"Ber\u00e4knad l\u00e4stid":"2 minuter"},"schema":{"@context":"https:\/\/schema.org","@graph":[{"@type":"WebPage","@id":"https:\/\/eventcenter.se\/vaxjo\/cowboykamp\/","url":"https:\/\/eventcenter.se\/vaxjo\/cowboykamp\/","name":"Cowboykamp - Knock 'em Down - Upplevelser i v\u00e4rldsklass","isPartOf":{"@id":"https:\/\/eventcenter.se\/vaxjo\/#website"},"primaryImageOfPage":{"@id":"https:\/\/eventcenter.se\/vaxjo\/cowboykamp\/#primaryimage"},"image":{"@id":"https:\/\/eventcenter.se\/vaxjo\/cowboykamp\/#primaryimage"},"thumbnailUrl":"https:\/\/eventcenter.se\/vaxjo\/wp-content\/uploads\/2022\/10\/Boka-300x78.jpg","datePublished":"2023-08-10T09:44:16+00:00","dateModified":"2024-11-20T15:44:52+00:00","description":"B\u00e4sta cowboyen i V\u00e4xj\u00f6. Cowboykampen \u00e4r den perfekta utmaningen f\u00f6r b\u00e5de m\u00f6hippor och svensexor. Upplev bl.a klassisk rodeo tjurridning","breadcrumb":{"@id":"https:\/\/eventcenter.se\/vaxjo\/cowboykamp\/#breadcrumb"},"inLanguage":"sv-SE","potentialAction":[{"@type":"ReadAction","target":["https:\/\/eventcenter.se\/vaxjo\/cowboykamp\/"]}]},{"@type":"ImageObject","inLanguage":"sv-SE","@id":"https:\/\/eventcenter.se\/vaxjo\/cowboykamp\/#primaryimage","url":"https:\/\/eventcenter.se\/vaxjo\/wp-content\/uploads\/2022\/10\/Boka.jpg","contentUrl":"https:\/\/eventcenter.se\/vaxjo\/wp-content\/uploads\/2022\/10\/Boka.jpg","width":384,"height":100,"caption":"Boka"},{"@type":"BreadcrumbList","@id":"https:\/\/eventcenter.se\/vaxjo\/cowboykamp\/#breadcrumb","itemListElement":[{"@type":"ListItem","position":1,"name":"Home","item":"https:\/\/eventcenter.se\/vaxjo\/"},{"@type":"ListItem","position":2,"name":"COWBOYKAMP"}]},{"@type":"WebSite","@id":"https:\/\/eventcenter.se\/vaxjo\/#website","url":"https:\/\/eventcenter.se\/vaxjo\/","name":"Event Center Knock &#039;em Down","description":"Ger dig upplevelser i v\u00e4rldsklass","potentialAction":[{"@type":"SearchAction","target":{"@type":"EntryPoint","urlTemplate":"https:\/\/eventcenter.se\/vaxjo\/?s={search_term_string}"},"query-input":{"@type":"PropertyValueSpecification","valueRequired":true,"valueName":"search_term_string"}}],"inLanguage":"sv-SE"}]}},"_links":{"self":[{"href":"https:\/\/eventcenter.se\/vaxjo\/wp-json\/wp\/v2\/pages\/5099","targetHints":{"allow":["GET"]}}],"collection":[{"href":"https:\/\/eventcenter.se\/vaxjo\/wp-json\/wp\/v2\/pages"}],"about":[{"href":"https:\/\/eventcenter.se\/vaxjo\/wp-json\/wp\/v2\/types\/page"}],"author":[{"embeddable":true,"href":"https:\/\/eventcenter.se\/vaxjo\/wp-json\/wp\/v2\/users\/3"}],"replies":[{"embeddable":true,"href":"https:\/\/eventcenter.se\/vaxjo\/wp-json\/wp\/v2\/comments?post=5099"}],"version-history":[{"count":17,"href":"https:\/\/eventcenter.se\/vaxjo\/wp-json\/wp\/v2\/pages\/5099\/revisions"}],"predecessor-version":[{"id":5554,"href":"https:\/\/eventcenter.se\/vaxjo\/wp-json\/wp\/v2\/pages\/5099\/revisions\/5554"}],"wp:attachment":[{"href":"https:\/\/eventcenter.se\/vaxjo\/wp-json\/wp\/v2\/media?parent=5099"}],"curies":[{"name":"wp","href":"https:\/\/api.w.org\/{rel}","templated":true}]}}