{"id":551,"date":"2019-03-26T09:13:17","date_gmt":"2019-03-26T09:13:17","guid":{"rendered":"https:\/\/eventcenter.se\/vaxjo\/?page_id=551"},"modified":"2022-11-16T14:15:55","modified_gmt":"2022-11-16T13:15:55","slug":"foretagsevent-vaxjo","status":"publish","type":"page","link":"https:\/\/eventcenter.se\/vaxjo\/foretagsevent-vaxjo\/","title":{"rendered":"F\u00d6RETAGSEVENT"},"content":{"rendered":"<div class=\"wpb-content-wrapper\"><p>[vc_row full_width=&#8221;stretch_row&#8221; content_placement=&#8221;top&#8221; bg_type=&#8221;image&#8221; css=&#8221;.vc_custom_1599901278184{padding-top: 250px !important;padding-bottom: 250px !important;background-image: url(https:\/\/eventcenter.se\/vaxjo\/wp-content\/uploads\/2020\/08\/Cheers-Norr-1920-500.jpg?id=2971) !important;}&#8221; el_class=&#8221;vc_hidden-xs&#8221;][vc_column offset=&#8221;vc_hidden-xs&#8221;][\/vc_column][\/vc_row][vc_row full_width=&#8221;stretch_row_content&#8221; content_placement=&#8221;top&#8221; bg_type=&#8221;image&#8221; css=&#8221;.vc_custom_1659959171814{padding-top: 450px !important;padding-bottom: 0px !important;background-image: url(https:\/\/eventcenter.se\/vaxjo\/wp-content\/uploads\/2022\/08\/Malin.jpg?id=4486) !important;}&#8221; el_class=&#8221;vc_hidden-lg vc_hidden-md vc_hidden-sm&#8221;][vc_column offset=&#8221;vc_hidden-xs&#8221;][\/vc_column][\/vc_row][vc_row bg_type=&#8221;image&#8221; parallax_style=&#8221;vcpb-default&#8221; bg_image_new=&#8221;id^1247|url^https:\/\/eventcenter.se\/vaxjo\/wp-content\/uploads\/2019\/04\/menu-bg5.jpg|caption^null|alt^Eventcenter V\u00e4xj\u00f6 Restaurang Bowling Boule Biljard Background Event Center Knock em Down Event Center V\u00e4xj\u00f6 Restaurang Bowling Boule Biljard Knock em Down|title^null|description^null&#8221; bg_image_size=&#8221;initial&#8221; css=&#8221;.vc_custom_1555499045648{margin-top: -40px !important;margin-right: 0px !important;margin-left: 0px !important;background-color: #ffffff !important;background-position: 0 0 !important;background-repeat: repeat !important;}&#8221; el_class=&#8221;pinklft shadow zindexed&#8221;][vc_column width=&#8221;2\/3&#8243; css=&#8221;.vc_custom_1554197063644{padding-top: 10px !important;padding-bottom: 0px !important;padding-left: 44px !important;}&#8221;][vc_column_text css=&#8221;.vc_custom_1668604551876{padding-top: 5px !important;}&#8221;]<\/p>\n<h1><span style=\"color: #cca402;\"><strong>F\u00f6retagsevent V\u00e4xj\u00f6<\/strong><\/span><\/h1>\n<p><strong>Alltifr\u00e5n konferens, kickoff och julbord till flera st\u00e4rkande och utmanande gruppaktiviteter.<\/strong><\/p>\n<p><a href=\"https:\/\/popupvaxjo\/\"><img loading=\"lazy\" decoding=\"async\" class=\"alignnone wp-image-4527\" src=\"https:\/\/eventcenter.se\/vaxjo\/wp-content\/uploads\/2022\/10\/Boka-300x78.jpg\" alt=\"Boka\" width=\"200\" height=\"52\" srcset=\"https:\/\/eventcenter.se\/vaxjo\/wp-content\/uploads\/2022\/10\/Boka-300x78.jpg 300w, https:\/\/eventcenter.se\/vaxjo\/wp-content\/uploads\/2022\/10\/Boka.jpg 384w\" sizes=\"auto, (max-width: 200px) 100vw, 200px\" \/><\/a><\/p>\n<p>Filosofin \u00e4r att ge helhetsupplevelser d\u00e4r du som f\u00f6retagsledare och HR-ansvarig kan slappna av och k\u00e4nna att vi tar hand om er, fr\u00e5n n\u00e4r n\u00e4r ditt s\u00e4llskap kommer in genom d\u00f6rren tills ni g\u00e5r hem f\u00f6r kv\u00e4llen. Vi \u00e4r vana att ta emot alltifr\u00e5n det lilla f\u00f6retaget till s\u00e4llskap <strong>upp till 500 personer.<\/strong><\/p>\n<p><a class=\"dt-pswp-item\" href=\"https:\/\/eventcenter.se\/vaxjo\/wp-content\/uploads\/2022\/08\/Foretagsevent-VXO.jpg\" data-dt-img-description=\"\" data-large_image_width=\"960\" data-large_image_height=\"540\"><img loading=\"lazy\" decoding=\"async\" class=\"alignnone size-full wp-image-4488\" src=\"https:\/\/eventcenter.se\/vaxjo\/wp-content\/uploads\/2022\/08\/Foretagsevent-VXO.jpg\" alt=\"Foretagsevent Vaxjo\" width=\"960\" height=\"540\" srcset=\"https:\/\/eventcenter.se\/vaxjo\/wp-content\/uploads\/2022\/08\/Foretagsevent-VXO.jpg 960w, https:\/\/eventcenter.se\/vaxjo\/wp-content\/uploads\/2022\/08\/Foretagsevent-VXO-300x169.jpg 300w, https:\/\/eventcenter.se\/vaxjo\/wp-content\/uploads\/2022\/08\/Foretagsevent-VXO-768x432.jpg 768w\" sizes=\"auto, (max-width: 960px) 100vw, 960px\" \/><\/a><\/p>\n<p><strong><a href=\"https:\/\/eventcenter.se\/vaxjo\/kamper-paket-vaxjo\/\">Paket f\u00f6r f\u00f6retag och st\u00f6rre s\u00e4llskap<\/a><\/strong><\/p>\n<p>&nbsp;<\/p>\n<p><strong>Ert n\u00e4sta f\u00f6retagsevent<\/strong><\/p>\n<p>F\u00f6rena nytta med n\u00f6je och l\u00e5t oss ta hand om er n\u00e4sta f\u00f6retagstr\u00e4ff i V\u00e4xj\u00f6. 3000 m2 av o\u00e4ndliga utsikter att underh\u00e5lla grupper och s\u00e4llskap. H\u00f6r av dig s\u00e5 ber\u00e4ttar vi mer om alla m\u00f6jligheter f\u00f6r en riktigt lyckad och trevlig tillst\u00e4llning tillsammans!<\/p>\n<p><strong><a class=\"dt-pswp-item\" href=\"https:\/\/eventcenter.se\/vaxjo\/wp-content\/uploads\/2022\/02\/Foretagsevent.jpg\" data-dt-img-description=\"\" data-large_image_width=\"960\" data-large_image_height=\"540\"><img loading=\"lazy\" decoding=\"async\" class=\"alignnone wp-image-4264 size-full\" src=\"https:\/\/eventcenter.se\/vaxjo\/wp-content\/uploads\/2022\/02\/Foretagsevent.jpg\" alt=\"Foretagsevent\" width=\"960\" height=\"540\" srcset=\"https:\/\/eventcenter.se\/vaxjo\/wp-content\/uploads\/2022\/02\/Foretagsevent.jpg 960w, https:\/\/eventcenter.se\/vaxjo\/wp-content\/uploads\/2022\/02\/Foretagsevent-300x169.jpg 300w, https:\/\/eventcenter.se\/vaxjo\/wp-content\/uploads\/2022\/02\/Foretagsevent-768x432.jpg 768w\" sizes=\"auto, (max-width: 960px) 100vw, 960px\" \/><\/a><\/strong><\/p>\n<p><em>Kickoff, firmafest och f\u00f6retagsevent i V\u00e4xj\u00f6 \u2013 Att kombinera f\u00f6retagsfesten med god <a href=\"https:\/\/eventcenter.se\/vaxjo\/restaurang-vaxjo\/\">mat<\/a> och <a href=\"https:\/\/eventcenter.se\/vaxjo\/aktiviteter-vaxjo\/\">aktiviteter f\u00f6r teambuilding<\/a> st\u00e4rker sammanh\u00e5llningen inom gruppen. Kontakta oss s\u00e5 ber\u00e4ttar vi mer om alla m\u00f6jligheter.<\/em>[\/vc_column_text][vc_empty_space][\/vc_column][vc_column width=&#8221;1\/3&#8243; css=&#8221;.vc_custom_1555766446573{margin-left: 22px !important;padding-top: 17px !important;padding-right: 10px !important;padding-bottom: 25px !important;}&#8221;][vc_column_text css=&#8221;.vc_custom_1668604520317{padding-top: 5px !important;}&#8221;]<span style=\"color: #999999;\">Kontakta oss via <strong>0470-122 22<\/strong> eller <\/span><strong><a href=\"mailto:vaxjo@eventcenter.se\"><span style=\"color: #999999;\">vaxjo@eventcenter.se<\/span><\/a><\/strong>[\/vc_column_text]<style type=\"text\/css\" data-type=\"the7_shortcodes-inline-css\">#default-btn-4051d37ce8a14bf44820e8379a0854e5 {\n  border-radius: 1px;\n  font-size: 14px;\n  line-height: 16px;\n}\n.btn-shadow#default-btn-4051d37ce8a14bf44820e8379a0854e5 {\n  box-shadow: 0 1px 6px rgba(0,0,0,0.12);\n  transition: box-shadow 0.2s ease-out, opacity 0.45s;\n}\n.btn-shadow#default-btn-4051d37ce8a14bf44820e8379a0854e5:hover {\n  box-shadow: 0 5px 11px 0 rgba(0,0,0,0.18), 0 4px 15px 0 rgba(0,0,0,0.15);\n}\n.btn-3d#default-btn-4051d37ce8a14bf44820e8379a0854e5 {\n  box-shadow: 0px 2px 0px 0px #816b10;\n}\n.btn-3d#default-btn-4051d37ce8a14bf44820e8379a0854e5:hover {\n  box-shadow: 0px 2px 0px 0px #816b10;\n}\n.btn-flat#default-btn-4051d37ce8a14bf44820e8379a0854e5 {\n  box-shadow: none;\n}\n.btn-flat#default-btn-4051d37ce8a14bf44820e8379a0854e5:hover {\n  box-shadow: none;\n}\n#default-btn-4051d37ce8a14bf44820e8379a0854e5.ico-right-side > i {\n  margin-right: 0px;\n  margin-left: 8px;\n}\n#default-btn-4051d37ce8a14bf44820e8379a0854e5 > i {\n  margin-right: 8px;\n  font-size: 14px;\n}\n#default-btn-4051d37ce8a14bf44820e8379a0854e5:not(:hover) {\n  border-width: 0px;\n  color: #000000;\n  background: #cca402 !important;\n  padding: 12px 18px 12px 18px;\n}\n#default-btn-4051d37ce8a14bf44820e8379a0854e5:not(:hover) * {\n  color: #000000;\n}\n#default-btn-4051d37ce8a14bf44820e8379a0854e5:hover {\n  border-width: 0px;\n  background: #cca402 !important;\n  padding: 12px 18px 12px 18px;\n}\n#default-btn-4051d37ce8a14bf44820e8379a0854e5.ico-right-side > i {\n  margin-right: 0px;\n  margin-left: 8px;\n}\n#default-btn-4051d37ce8a14bf44820e8379a0854e5 > i {\n  margin-right: 8px;\n}<\/style><a href=\"https:\/\/popupvaxjo\/\" class=\"default-btn-shortcode dt-btn rubberBand animate-element animation-builder link-hover-off btn-inline-left btn-flat  vc_custom_1668604532344\" id=\"default-btn-4051d37ce8a14bf44820e8379a0854e5\" style=\"width:265px;\"><span>Bokningsf\u00f6rfr\u00e5gan<\/span><\/a>[vc_empty_space height=&#8221;50px&#8221;][\/vc_column][\/vc_row][vc_row el_class=&#8221;teaserbx vc_hidden-xs&#8221;][vc_column width=&#8221;1\/2&#8243;][\/vc_column][vc_column width=&#8221;1\/2&#8243;][vc_empty_space height=&#8221;20px&#8221;][\/vc_column][\/vc_row][vc_row el_class=&#8221;teaserbx vc_hidden-lg vc_hidden-md vc_hidden-sm&#8221;][vc_column width=&#8221;1\/2&#8243;][vc_empty_space height=&#8221;20px&#8221;][\/vc_column][vc_column width=&#8221;1\/2&#8243;][\/vc_column][\/vc_row][vc_row disable_element=&#8221;yes&#8221; el_class=&#8221;teaserbx vc_hidden-lg vc_hidden-md vc_hidden-sm&#8221;][vc_column width=&#8221;1\/2&#8243;][\/vc_column][vc_column width=&#8221;1\/2&#8243;][\/vc_column][\/vc_row][vc_row][vc_column][vc_empty_space height=&#8221;00px&#8221;][\/vc_column][\/vc_row]<\/p>\n<\/div>","protected":false},"excerpt":{"rendered":"<p>[vc_row full_width=&#8221;stretch_row&#8221; content_placement=&#8221;top&#8221; bg_type=&#8221;image&#8221; css=&#8221;.vc_custom_1599901278184{padding-top: 250px !important;padding-bottom: 250px !important;background-image: url(https:\/\/eventcenter.se\/vaxjo\/wp-content\/uploads\/2020\/08\/Cheers-Norr-1920-500.jpg?id=2971) !important;}&#8221; el_class=&#8221;vc_hidden-xs&#8221;][vc_column offset=&#8221;vc_hidden-xs&#8221;][\/vc_column][\/vc_row][vc_row full_width=&#8221;stretch_row_content&#8221; content_placement=&#8221;top&#8221; bg_type=&#8221;image&#8221; css=&#8221;.vc_custom_1659959171814{padding-top: 450px !important;padding-bottom: 0px !important;background-image: url(https:\/\/eventcenter.se\/vaxjo\/wp-content\/uploads\/2022\/08\/Malin.jpg?id=4486) !important;}&#8221; el_class=&#8221;vc_hidden-lg vc_hidden-md vc_hidden-sm&#8221;][vc_column offset=&#8221;vc_hidden-xs&#8221;][\/vc_column][\/vc_row][vc_row bg_type=&#8221;image&#8221; parallax_style=&#8221;vcpb-default&#8221; bg_image_new=&#8221;id^1247|url^https:\/\/eventcenter.se\/vaxjo\/wp-content\/uploads\/2019\/04\/menu-bg5.jpg|caption^null|alt^Eventcenter V\u00e4xj\u00f6 Restaurang Bowling Boule Biljard Background Event Center Knock em Down Event Center V\u00e4xj\u00f6 Restaurang Bowling Boule Biljard Knock em Down|title^null|description^null&#8221; bg_image_size=&#8221;initial&#8221; css=&#8221;.vc_custom_1555499045648{margin-top: -40px !important;margin-right:&hellip;<\/p>\n","protected":false},"author":2,"featured_media":0,"parent":0,"menu_order":0,"comment_status":"closed","ping_status":"closed","template":"","meta":{"footnotes":""},"class_list":["post-551","page","type-page","status-publish","hentry","description-off"],"yoast_head":"<!-- This site is optimized with the Yoast SEO plugin v27.2 - https:\/\/yoast.com\/product\/yoast-seo-wordpress\/ -->\n<title>F\u00d6RETAGSEVENT V\u00c4XJ\u00d6 - Knock &#039;em Down - Upplevelser i v\u00e4rldsklass<\/title>\n<meta name=\"description\" content=\"F\u00f6retagsevent i V\u00e4xj\u00f6, kickoff, teambuilding, konferens, julbord och firmafest \u2013 vi erbjuder de b\u00e4sta eventen f\u00f6r alla tillf\u00e4llen\" \/>\n<meta name=\"robots\" content=\"index, follow, max-snippet:-1, max-image-preview:large, max-video-preview:-1\" \/>\n<link rel=\"canonical\" href=\"https:\/\/eventcenter.se\/vaxjo\/foretagsevent-vaxjo\/\" \/>\n<meta property=\"og:locale\" content=\"sv_SE\" \/>\n<meta property=\"og:type\" content=\"article\" \/>\n<meta property=\"og:title\" content=\"F\u00d6RETAGSEVENT V\u00c4XJ\u00d6 - Knock &#039;em Down - Upplevelser i v\u00e4rldsklass\" \/>\n<meta property=\"og:description\" content=\"F\u00f6retagsevent i V\u00e4xj\u00f6, kickoff, teambuilding, konferens, julbord och firmafest \u2013 vi erbjuder de b\u00e4sta eventen f\u00f6r alla tillf\u00e4llen\" \/>\n<meta property=\"og:url\" content=\"https:\/\/eventcenter.se\/vaxjo\/foretagsevent-vaxjo\/\" \/>\n<meta property=\"og:site_name\" content=\"Event Center Knock &#039;em Down\" \/>\n<meta property=\"article:modified_time\" content=\"2022-11-16T13:15:55+00:00\" \/>\n<meta property=\"og:image\" content=\"https:\/\/eventcenter.se\/vaxjo\/wp-content\/uploads\/2022\/10\/Boka-300x78.jpg\" \/>\n<meta name=\"twitter:card\" content=\"summary_large_image\" \/>\n<meta name=\"twitter:label1\" content=\"Ber\u00e4knad l\u00e4stid\" \/>\n\t<meta name=\"twitter:data1\" content=\"3 minuter\" \/>\n<script type=\"application\/ld+json\" class=\"yoast-schema-graph\">{\"@context\":\"https:\/\/schema.org\",\"@graph\":[{\"@type\":\"WebPage\",\"@id\":\"https:\/\/eventcenter.se\/vaxjo\/foretagsevent-vaxjo\/\",\"url\":\"https:\/\/eventcenter.se\/vaxjo\/foretagsevent-vaxjo\/\",\"name\":\"F\u00d6RETAGSEVENT V\u00c4XJ\u00d6 - Knock 'em Down - Upplevelser i v\u00e4rldsklass\",\"isPartOf\":{\"@id\":\"https:\/\/eventcenter.se\/vaxjo\/#website\"},\"primaryImageOfPage\":{\"@id\":\"https:\/\/eventcenter.se\/vaxjo\/foretagsevent-vaxjo\/#primaryimage\"},\"image\":{\"@id\":\"https:\/\/eventcenter.se\/vaxjo\/foretagsevent-vaxjo\/#primaryimage\"},\"thumbnailUrl\":\"https:\/\/eventcenter.se\/vaxjo\/wp-content\/uploads\/2022\/10\/Boka-300x78.jpg\",\"datePublished\":\"2019-03-26T09:13:17+00:00\",\"dateModified\":\"2022-11-16T13:15:55+00:00\",\"description\":\"F\u00f6retagsevent i V\u00e4xj\u00f6, kickoff, teambuilding, konferens, julbord och firmafest \u2013 vi erbjuder de b\u00e4sta eventen f\u00f6r alla tillf\u00e4llen\",\"breadcrumb\":{\"@id\":\"https:\/\/eventcenter.se\/vaxjo\/foretagsevent-vaxjo\/#breadcrumb\"},\"inLanguage\":\"sv-SE\",\"potentialAction\":[{\"@type\":\"ReadAction\",\"target\":[\"https:\/\/eventcenter.se\/vaxjo\/foretagsevent-vaxjo\/\"]}]},{\"@type\":\"ImageObject\",\"inLanguage\":\"sv-SE\",\"@id\":\"https:\/\/eventcenter.se\/vaxjo\/foretagsevent-vaxjo\/#primaryimage\",\"url\":\"https:\/\/eventcenter.se\/vaxjo\/wp-content\/uploads\/2022\/10\/Boka.jpg\",\"contentUrl\":\"https:\/\/eventcenter.se\/vaxjo\/wp-content\/uploads\/2022\/10\/Boka.jpg\",\"width\":384,\"height\":100,\"caption\":\"Boka\"},{\"@type\":\"BreadcrumbList\",\"@id\":\"https:\/\/eventcenter.se\/vaxjo\/foretagsevent-vaxjo\/#breadcrumb\",\"itemListElement\":[{\"@type\":\"ListItem\",\"position\":1,\"name\":\"Home\",\"item\":\"https:\/\/eventcenter.se\/vaxjo\/\"},{\"@type\":\"ListItem\",\"position\":2,\"name\":\"F\u00d6RETAGSEVENT\"}]},{\"@type\":\"WebSite\",\"@id\":\"https:\/\/eventcenter.se\/vaxjo\/#website\",\"url\":\"https:\/\/eventcenter.se\/vaxjo\/\",\"name\":\"Event Center Knock &#039;em Down\",\"description\":\"Ger dig upplevelser i v\u00e4rldsklass\",\"potentialAction\":[{\"@type\":\"SearchAction\",\"target\":{\"@type\":\"EntryPoint\",\"urlTemplate\":\"https:\/\/eventcenter.se\/vaxjo\/?s={search_term_string}\"},\"query-input\":{\"@type\":\"PropertyValueSpecification\",\"valueRequired\":true,\"valueName\":\"search_term_string\"}}],\"inLanguage\":\"sv-SE\"}]}<\/script>\n<!-- \/ Yoast SEO plugin. -->","yoast_head_json":{"title":"F\u00d6RETAGSEVENT V\u00c4XJ\u00d6 - Knock 'em Down - Upplevelser i v\u00e4rldsklass","description":"F\u00f6retagsevent i V\u00e4xj\u00f6, kickoff, teambuilding, konferens, julbord och firmafest \u2013 vi erbjuder de b\u00e4sta eventen f\u00f6r alla tillf\u00e4llen","robots":{"index":"index","follow":"follow","max-snippet":"max-snippet:-1","max-image-preview":"max-image-preview:large","max-video-preview":"max-video-preview:-1"},"canonical":"https:\/\/eventcenter.se\/vaxjo\/foretagsevent-vaxjo\/","og_locale":"sv_SE","og_type":"article","og_title":"F\u00d6RETAGSEVENT V\u00c4XJ\u00d6 - Knock 'em Down - Upplevelser i v\u00e4rldsklass","og_description":"F\u00f6retagsevent i V\u00e4xj\u00f6, kickoff, teambuilding, konferens, julbord och firmafest \u2013 vi erbjuder de b\u00e4sta eventen f\u00f6r alla tillf\u00e4llen","og_url":"https:\/\/eventcenter.se\/vaxjo\/foretagsevent-vaxjo\/","og_site_name":"Event Center Knock &#039;em Down","article_modified_time":"2022-11-16T13:15:55+00:00","og_image":[{"url":"https:\/\/eventcenter.se\/vaxjo\/wp-content\/uploads\/2022\/10\/Boka-300x78.jpg","type":"","width":"","height":""}],"twitter_card":"summary_large_image","twitter_misc":{"Ber\u00e4knad l\u00e4stid":"3 minuter"},"schema":{"@context":"https:\/\/schema.org","@graph":[{"@type":"WebPage","@id":"https:\/\/eventcenter.se\/vaxjo\/foretagsevent-vaxjo\/","url":"https:\/\/eventcenter.se\/vaxjo\/foretagsevent-vaxjo\/","name":"F\u00d6RETAGSEVENT V\u00c4XJ\u00d6 - Knock 'em Down - Upplevelser i v\u00e4rldsklass","isPartOf":{"@id":"https:\/\/eventcenter.se\/vaxjo\/#website"},"primaryImageOfPage":{"@id":"https:\/\/eventcenter.se\/vaxjo\/foretagsevent-vaxjo\/#primaryimage"},"image":{"@id":"https:\/\/eventcenter.se\/vaxjo\/foretagsevent-vaxjo\/#primaryimage"},"thumbnailUrl":"https:\/\/eventcenter.se\/vaxjo\/wp-content\/uploads\/2022\/10\/Boka-300x78.jpg","datePublished":"2019-03-26T09:13:17+00:00","dateModified":"2022-11-16T13:15:55+00:00","description":"F\u00f6retagsevent i V\u00e4xj\u00f6, kickoff, teambuilding, konferens, julbord och firmafest \u2013 vi erbjuder de b\u00e4sta eventen f\u00f6r alla tillf\u00e4llen","breadcrumb":{"@id":"https:\/\/eventcenter.se\/vaxjo\/foretagsevent-vaxjo\/#breadcrumb"},"inLanguage":"sv-SE","potentialAction":[{"@type":"ReadAction","target":["https:\/\/eventcenter.se\/vaxjo\/foretagsevent-vaxjo\/"]}]},{"@type":"ImageObject","inLanguage":"sv-SE","@id":"https:\/\/eventcenter.se\/vaxjo\/foretagsevent-vaxjo\/#primaryimage","url":"https:\/\/eventcenter.se\/vaxjo\/wp-content\/uploads\/2022\/10\/Boka.jpg","contentUrl":"https:\/\/eventcenter.se\/vaxjo\/wp-content\/uploads\/2022\/10\/Boka.jpg","width":384,"height":100,"caption":"Boka"},{"@type":"BreadcrumbList","@id":"https:\/\/eventcenter.se\/vaxjo\/foretagsevent-vaxjo\/#breadcrumb","itemListElement":[{"@type":"ListItem","position":1,"name":"Home","item":"https:\/\/eventcenter.se\/vaxjo\/"},{"@type":"ListItem","position":2,"name":"F\u00d6RETAGSEVENT"}]},{"@type":"WebSite","@id":"https:\/\/eventcenter.se\/vaxjo\/#website","url":"https:\/\/eventcenter.se\/vaxjo\/","name":"Event Center Knock &#039;em Down","description":"Ger dig upplevelser i v\u00e4rldsklass","potentialAction":[{"@type":"SearchAction","target":{"@type":"EntryPoint","urlTemplate":"https:\/\/eventcenter.se\/vaxjo\/?s={search_term_string}"},"query-input":{"@type":"PropertyValueSpecification","valueRequired":true,"valueName":"search_term_string"}}],"inLanguage":"sv-SE"}]}},"_links":{"self":[{"href":"https:\/\/eventcenter.se\/vaxjo\/wp-json\/wp\/v2\/pages\/551","targetHints":{"allow":["GET"]}}],"collection":[{"href":"https:\/\/eventcenter.se\/vaxjo\/wp-json\/wp\/v2\/pages"}],"about":[{"href":"https:\/\/eventcenter.se\/vaxjo\/wp-json\/wp\/v2\/types\/page"}],"author":[{"embeddable":true,"href":"https:\/\/eventcenter.se\/vaxjo\/wp-json\/wp\/v2\/users\/2"}],"replies":[{"embeddable":true,"href":"https:\/\/eventcenter.se\/vaxjo\/wp-json\/wp\/v2\/comments?post=551"}],"version-history":[{"count":78,"href":"https:\/\/eventcenter.se\/vaxjo\/wp-json\/wp\/v2\/pages\/551\/revisions"}],"predecessor-version":[{"id":4592,"href":"https:\/\/eventcenter.se\/vaxjo\/wp-json\/wp\/v2\/pages\/551\/revisions\/4592"}],"wp:attachment":[{"href":"https:\/\/eventcenter.se\/vaxjo\/wp-json\/wp\/v2\/media?parent=551"}],"curies":[{"name":"wp","href":"https:\/\/api.w.org\/{rel}","templated":true}]}}