{"id":5742,"date":"2025-05-07T12:55:47","date_gmt":"2025-05-07T10:55:47","guid":{"rendered":"https:\/\/eventcenter.se\/vaxjo\/?page_id=5742"},"modified":"2026-01-02T09:04:05","modified_gmt":"2026-01-02T08:04:05","slug":"shufflebowling","status":"publish","type":"page","link":"https:\/\/eventcenter.se\/vaxjo\/shufflebowling\/","title":{"rendered":"SHUFFLEBOWLING"},"content":{"rendered":"<div class=\"wpb-content-wrapper\"><p>[vc_row full_width=&#8221;stretch_row&#8221; content_placement=&#8221;top&#8221; bg_type=&#8221;image&#8221; css=&#8221;.vc_custom_1746616886901{padding-top: 250px !important;padding-bottom: 250px !important;background-image: url(https:\/\/eventcenter.se\/vaxjo\/wp-content\/uploads\/2025\/05\/Shufflekaglor.jpg?id=5751) !important;}&#8221; el_class=&#8221;vc_hidden-xs&#8221;][vc_column offset=&#8221;vc_hidden-xs&#8221;][\/vc_column][\/vc_row][vc_row full_width=&#8221;stretch_row_content&#8221; content_placement=&#8221;top&#8221; bg_type=&#8221;image&#8221; css=&#8221;.vc_custom_1746616710802{padding-top: 450px !important;padding-bottom: 0px !important;background-image: url(https:\/\/eventcenter.se\/vaxjo\/wp-content\/uploads\/2025\/05\/Shufflebowling-1.jpg?id=5748) !important;}&#8221; el_class=&#8221;vc_hidden-lg vc_hidden-md vc_hidden-sm&#8221;][vc_column offset=&#8221;vc_hidden-xs&#8221;][\/vc_column][\/vc_row][vc_row bg_type=&#8221;image&#8221; parallax_style=&#8221;vcpb-default&#8221; bg_image_new=&#8221;id^1247|url^https:\/\/eventcenter.se\/vaxjo\/wp-content\/uploads\/2019\/04\/menu-bg5.jpg|caption^Event Center Knock em Down V\u00e4xj\u00f6 Restaurang Bowling Boule Biljard Background Event Center V\u00e4xj\u00f6 Restaurang Bowling Boule Biljard Knock em Down|alt^Event Center Knock em Down V\u00e4xj\u00f6 Restaurang Bowling Boule Biljard Background Event Center V\u00e4xj\u00f6 Restaurang Bowling Boule Biljard Knock em Down The Challenge 3-kamp eventcenter|title^Event Center Knock em Down V\u00e4xj\u00f6 Restaurang Bowling Boule Biljard Background Event Center V\u00e4xj\u00f6 Restaurang Bowling Boule Biljard Knock em Down|description^Event Center Knock em Down V\u00e4xj\u00f6 Restaurang Bowling Boule Biljard Background Event Center V\u00e4xj\u00f6 Restaurang Bowling Boule Biljard Knock em Down&#8221; bg_image_size=&#8221;initial&#8221; css=&#8221;.vc_custom_1555771234105{margin-top: -40px !important;margin-right: 0px !important;margin-left: 0px !important;background-color: #ffffff !important;background-position: 0 0 !important;background-repeat: repeat !important;}&#8221; el_class=&#8221;pinklft shadow zindexed&#8221;][vc_column width=&#8221;2\/3&#8243; css=&#8221;.vc_custom_1554197063644{padding-top: 10px !important;padding-bottom: 0px !important;padding-left: 44px !important;}&#8221;][vc_column_text css=&#8221;.vc_custom_1767341040743{padding-top: 10px !important;padding-bottom: 10px !important;}&#8221;]<\/p>\n<h1><span style=\"color: #cca402;\"><strong>V\u00e4rldens f\u00f6rsta Shufflebowling<\/strong><\/span><\/h1>\n<p><strong>Shufflebowling \u00e4r en helt ny aktivitet \u2013 och du hittar den exklusivt hos Knock &#8217;em Down. K\u00e4nslan p\u00e5minner om klassisk bowling, men i ett helt nytt format. En upplevelse du inte hittar n\u00e5gon annanstans!<\/strong><\/p>\n<p>329 kr bana\/h<br \/>\n429 kr bana\/h fre-l\u00f6r (g\u00e4ller \u00e4ven helgdagar)<\/p>\n<p><em>*Game Night 50% rabatt g\u00e4ller p\u00e5 denna aktivitet fr\u00e5n kl.23<\/em>[\/vc_column_text][vc_video link=&#8221;https:\/\/youtu.be\/G0zWs1PKJJo&#8221; css=&#8221;&#8221;][vc_column_text css=&#8221;.vc_custom_1746689544913{padding-top: 20px !important;}&#8221;]<strong>Hur funkar det?<\/strong><\/p>\n<p class=\"\" data-start=\"504\" data-end=\"856\">Shufflebowling spelas p\u00e5 ett shuffleboard d\u00e4r du glider iv\u00e4g shufflepuckar mot bowlingk\u00e4glor. K\u00e4glorna st\u00e4lls upp automatiskt av en k\u00e4gelmaskin, precis som i traditionell bowling. Spelet f\u00f6ljer samma regler \u2013 10 rutor, 2 f\u00f6rs\u00f6k per ruta \u2013 men ist\u00e4llet f\u00f6r att rulla ett klot anv\u00e4nder du k\u00e4nsla och precision f\u00f6r att sl\u00e5 ner s\u00e5 m\u00e5nga k\u00e4glor som m\u00f6jligt.<\/p>\n<p class=\"\" data-start=\"858\" data-end=\"973\">Upplevelsen liknar vanlig bowling, men med en ny, rolig twist som passar alla.<\/p>\n<p>&nbsp;<\/p>\n<p><em><strong><a href=\"https:\/\/knockvaxjo.bokad.se\/s\/8\"><img loading=\"lazy\" decoding=\"async\" class=\"alignnone wp-image-5771 size-full\" src=\"https:\/\/eventcenter.se\/vaxjo\/wp-content\/uploads\/2025\/05\/Boka-Shufflebowling-2.jpg\" alt=\"Boka shufflebowling\" width=\"960\" height=\"540\" srcset=\"https:\/\/eventcenter.se\/vaxjo\/wp-content\/uploads\/2025\/05\/Boka-Shufflebowling-2.jpg 960w, https:\/\/eventcenter.se\/vaxjo\/wp-content\/uploads\/2025\/05\/Boka-Shufflebowling-2-300x169.jpg 300w, https:\/\/eventcenter.se\/vaxjo\/wp-content\/uploads\/2025\/05\/Boka-Shufflebowling-2-768x432.jpg 768w\" sizes=\"auto, (max-width: 960px) 100vw, 960px\" \/><\/a><\/strong><\/em><\/p>\n<p><strong>Perfekt f\u00f6r kompisg\u00e4ng och sociala stunder<\/strong><\/p>\n<p class=\"\" data-start=\"1023\" data-end=\"1245\">Shufflebowling \u00e4r framf\u00f6r allt perfekt f\u00f6r kompisg\u00e4ng som vill spela, ha kul och ta n\u00e5got gott att dricka tillsammans. Det \u00e4r en aktivitet som bjuder p\u00e5 b\u00e5de t\u00e4vling och skratt \u2013 och passar utm\u00e4rkt f\u00f6r en kv\u00e4ll med v\u00e4nner, kollegor eller familjen.<\/p>\n<p class=\"\" data-start=\"1381\" data-end=\"1460\">Spelet kan spelas av upp till 6 personer samtidigt<\/p>\n<p>[\/vc_column_text][vc_empty_space height=&#8221;10px&#8221;][\/vc_column][vc_column width=&#8221;1\/3&#8243; css=&#8221;.vc_custom_1555771249524{margin-left: 22px !important;padding-top: 17px !important;padding-right: 10px !important;padding-bottom: 25px !important;}&#8221;]<style type=\"text\/css\" data-type=\"the7_shortcodes-inline-css\">#default-btn-50968c6f2a58929bbf1f28ce5c842429 {\n  border-radius: 1px;\n  font-size: 14px;\n  line-height: 16px;\n}\n.btn-shadow#default-btn-50968c6f2a58929bbf1f28ce5c842429 {\n  box-shadow: 0 1px 6px rgba(0,0,0,0.12);\n  transition: box-shadow 0.2s ease-out, opacity 0.45s;\n}\n.btn-shadow#default-btn-50968c6f2a58929bbf1f28ce5c842429:hover {\n  box-shadow: 0 5px 11px 0 rgba(0,0,0,0.18), 0 4px 15px 0 rgba(0,0,0,0.15);\n}\n.btn-3d#default-btn-50968c6f2a58929bbf1f28ce5c842429 {\n  box-shadow: 0px 2px 0px 0px #816b10;\n}\n.btn-3d#default-btn-50968c6f2a58929bbf1f28ce5c842429:hover {\n  box-shadow: 0px 2px 0px 0px #816b10;\n}\n.btn-flat#default-btn-50968c6f2a58929bbf1f28ce5c842429 {\n  box-shadow: none;\n}\n.btn-flat#default-btn-50968c6f2a58929bbf1f28ce5c842429:hover {\n  box-shadow: none;\n}\n#default-btn-50968c6f2a58929bbf1f28ce5c842429.ico-right-side > i {\n  margin-right: 0px;\n  margin-left: 8px;\n}\n#default-btn-50968c6f2a58929bbf1f28ce5c842429 > i {\n  margin-right: 8px;\n  font-size: 14px;\n}\n#default-btn-50968c6f2a58929bbf1f28ce5c842429:not(:hover) {\n  border-width: 0px;\n  color: #000000;\n  background: #cca402 !important;\n  padding: 12px 18px 12px 18px;\n}\n#default-btn-50968c6f2a58929bbf1f28ce5c842429:not(:hover) * {\n  color: #000000;\n}\n#default-btn-50968c6f2a58929bbf1f28ce5c842429:hover {\n  border-width: 0px;\n  background: #cca402 !important;\n  padding: 12px 18px 12px 18px;\n}\n#default-btn-50968c6f2a58929bbf1f28ce5c842429.ico-right-side > i {\n  margin-right: 0px;\n  margin-left: 8px;\n}\n#default-btn-50968c6f2a58929bbf1f28ce5c842429 > i {\n  margin-right: 8px;\n}<\/style><a href=\"https:\/\/knockvaxjo.bokad.se\/s\/8\" class=\"default-btn-shortcode dt-btn rubberBand animate-element animation-builder link-hover-off btn-inline-left btn-flat  vc_custom_1746618504114\" target=\"_blank\" id=\"default-btn-50968c6f2a58929bbf1f28ce5c842429\" style=\"width:265px;\" rel=\"noopener\"><span>Boka nu<\/span><\/a>[vc_column_text css=&#8221;.vc_custom_1578046699244{padding-top: 10px !important;}&#8221;]<span style=\"color: #999999;\">Eller kontakta oss via 0470-122 22 <\/span><a href=\"mailto:vaxjo@eventcenter.se\"><span style=\"color: #999999;\">vaxjo@eventcenter.se<\/span><\/a>[\/vc_column_text][vc_empty_space height=&#8221;10px&#8221;][vc_single_image image=&#8221;5759&#8243; img_size=&#8221;full&#8221; css=&#8221;.vc_custom_1746617556394{padding-right: 50px !important;}&#8221; image_hovers=&#8221;false&#8221;][\/vc_column][\/vc_row][vc_row disable_element=&#8221;yes&#8221; el_class=&#8221;teaserbx vc_hidden-xs&#8221;][vc_column width=&#8221;1\/2&#8243;][\/vc_column][vc_column width=&#8221;1\/2&#8243;][vc_empty_space height=&#8221;50px&#8221;][\/vc_column][\/vc_row][vc_row disable_element=&#8221;yes&#8221; el_class=&#8221;teaserbx vc_hidden-lg vc_hidden-md vc_hidden-sm&#8221;][vc_column width=&#8221;1\/2&#8243;][vc_empty_space height=&#8221;50px&#8221;][\/vc_column][vc_column width=&#8221;1\/2&#8243;][\/vc_column][\/vc_row][vc_row][vc_column][vc_empty_space height=&#8221;00px&#8221;][\/vc_column][\/vc_row][vc_row][vc_column][\/vc_column][\/vc_row]<\/p>\n<\/div>","protected":false},"excerpt":{"rendered":"<p>[vc_row full_width=&#8221;stretch_row&#8221; content_placement=&#8221;top&#8221; bg_type=&#8221;image&#8221; css=&#8221;.vc_custom_1746616886901{padding-top: 250px !important;padding-bottom: 250px !important;background-image: url(https:\/\/eventcenter.se\/vaxjo\/wp-content\/uploads\/2025\/05\/Shufflekaglor.jpg?id=5751) !important;}&#8221; el_class=&#8221;vc_hidden-xs&#8221;][vc_column offset=&#8221;vc_hidden-xs&#8221;][\/vc_column][\/vc_row][vc_row full_width=&#8221;stretch_row_content&#8221; content_placement=&#8221;top&#8221; bg_type=&#8221;image&#8221; css=&#8221;.vc_custom_1746616710802{padding-top: 450px !important;padding-bottom: 0px !important;background-image: url(https:\/\/eventcenter.se\/vaxjo\/wp-content\/uploads\/2025\/05\/Shufflebowling-1.jpg?id=5748) !important;}&#8221; el_class=&#8221;vc_hidden-lg vc_hidden-md vc_hidden-sm&#8221;][vc_column offset=&#8221;vc_hidden-xs&#8221;][\/vc_column][\/vc_row][vc_row bg_type=&#8221;image&#8221; parallax_style=&#8221;vcpb-default&#8221; bg_image_new=&#8221;id^1247|url^https:\/\/eventcenter.se\/vaxjo\/wp-content\/uploads\/2019\/04\/menu-bg5.jpg|caption^Event Center Knock em Down V\u00e4xj\u00f6 Restaurang Bowling Boule Biljard Background Event Center V\u00e4xj\u00f6 Restaurang Bowling Boule Biljard Knock em Down|alt^Event Center Knock em Down V\u00e4xj\u00f6&hellip;<\/p>\n","protected":false},"author":3,"featured_media":0,"parent":0,"menu_order":0,"comment_status":"closed","ping_status":"closed","template":"","meta":{"footnotes":""},"class_list":["post-5742","page","type-page","status-publish","hentry","description-off"],"yoast_head":"<!-- This site is optimized with the Yoast SEO plugin v27.2 - https:\/\/yoast.com\/product\/yoast-seo-wordpress\/ -->\n<title>SHUFFLEBOWLING - Knock &#039;em Down - Upplevelser i v\u00e4rldsklass<\/title>\n<meta name=\"description\" content=\"Shufflebowling \u00e4r en helt ny aktivitet \u2013 och du hittar den exklusivt hos Knock \u2019em Down. En upplevelse du inte hittar n\u00e5gon annanstans.\" \/>\n<meta name=\"robots\" content=\"index, follow, max-snippet:-1, max-image-preview:large, max-video-preview:-1\" \/>\n<link rel=\"canonical\" href=\"https:\/\/eventcenter.se\/vaxjo\/shufflebowling\/\" \/>\n<meta property=\"og:locale\" content=\"sv_SE\" \/>\n<meta property=\"og:type\" content=\"article\" \/>\n<meta property=\"og:title\" content=\"SHUFFLEBOWLING - Knock &#039;em Down - Upplevelser i v\u00e4rldsklass\" \/>\n<meta property=\"og:description\" content=\"Shufflebowling \u00e4r en helt ny aktivitet \u2013 och du hittar den exklusivt hos Knock \u2019em Down. En upplevelse du inte hittar n\u00e5gon annanstans.\" \/>\n<meta property=\"og:url\" content=\"https:\/\/eventcenter.se\/vaxjo\/shufflebowling\/\" \/>\n<meta property=\"og:site_name\" content=\"Event Center Knock &#039;em Down\" \/>\n<meta property=\"article:modified_time\" content=\"2026-01-02T08:04:05+00:00\" \/>\n<meta property=\"og:image\" content=\"https:\/\/eventcenter.se\/vaxjo\/wp-content\/uploads\/2025\/05\/Boka-Shufflebowling-2.jpg\" \/>\n\t<meta property=\"og:image:width\" content=\"960\" \/>\n\t<meta property=\"og:image:height\" content=\"540\" \/>\n\t<meta property=\"og:image:type\" content=\"image\/jpeg\" \/>\n<meta name=\"twitter:card\" content=\"summary_large_image\" \/>\n<meta name=\"twitter:label1\" content=\"Ber\u00e4knad l\u00e4stid\" \/>\n\t<meta name=\"twitter:data1\" content=\"3 minuter\" \/>\n<script type=\"application\/ld+json\" class=\"yoast-schema-graph\">{\"@context\":\"https:\/\/schema.org\",\"@graph\":[{\"@type\":\"WebPage\",\"@id\":\"https:\/\/eventcenter.se\/vaxjo\/shufflebowling\/\",\"url\":\"https:\/\/eventcenter.se\/vaxjo\/shufflebowling\/\",\"name\":\"SHUFFLEBOWLING - Knock 'em Down - Upplevelser i v\u00e4rldsklass\",\"isPartOf\":{\"@id\":\"https:\/\/eventcenter.se\/vaxjo\/#website\"},\"primaryImageOfPage\":{\"@id\":\"https:\/\/eventcenter.se\/vaxjo\/shufflebowling\/#primaryimage\"},\"image\":{\"@id\":\"https:\/\/eventcenter.se\/vaxjo\/shufflebowling\/#primaryimage\"},\"thumbnailUrl\":\"https:\/\/eventcenter.se\/vaxjo\/wp-content\/uploads\/2025\/05\/Boka-Shufflebowling-2.jpg\",\"datePublished\":\"2025-05-07T10:55:47+00:00\",\"dateModified\":\"2026-01-02T08:04:05+00:00\",\"description\":\"Shufflebowling \u00e4r en helt ny aktivitet \u2013 och du hittar den exklusivt hos Knock \u2019em Down. En upplevelse du inte hittar n\u00e5gon annanstans.\",\"breadcrumb\":{\"@id\":\"https:\/\/eventcenter.se\/vaxjo\/shufflebowling\/#breadcrumb\"},\"inLanguage\":\"sv-SE\",\"potentialAction\":[{\"@type\":\"ReadAction\",\"target\":[\"https:\/\/eventcenter.se\/vaxjo\/shufflebowling\/\"]}]},{\"@type\":\"ImageObject\",\"inLanguage\":\"sv-SE\",\"@id\":\"https:\/\/eventcenter.se\/vaxjo\/shufflebowling\/#primaryimage\",\"url\":\"https:\/\/eventcenter.se\/vaxjo\/wp-content\/uploads\/2025\/05\/Boka-Shufflebowling-2.jpg\",\"contentUrl\":\"https:\/\/eventcenter.se\/vaxjo\/wp-content\/uploads\/2025\/05\/Boka-Shufflebowling-2.jpg\",\"width\":960,\"height\":540,\"caption\":\"Boka shufflebowling\"},{\"@type\":\"BreadcrumbList\",\"@id\":\"https:\/\/eventcenter.se\/vaxjo\/shufflebowling\/#breadcrumb\",\"itemListElement\":[{\"@type\":\"ListItem\",\"position\":1,\"name\":\"Home\",\"item\":\"https:\/\/eventcenter.se\/vaxjo\/\"},{\"@type\":\"ListItem\",\"position\":2,\"name\":\"SHUFFLEBOWLING\"}]},{\"@type\":\"WebSite\",\"@id\":\"https:\/\/eventcenter.se\/vaxjo\/#website\",\"url\":\"https:\/\/eventcenter.se\/vaxjo\/\",\"name\":\"Event Center Knock &#039;em Down\",\"description\":\"Ger dig upplevelser i v\u00e4rldsklass\",\"potentialAction\":[{\"@type\":\"SearchAction\",\"target\":{\"@type\":\"EntryPoint\",\"urlTemplate\":\"https:\/\/eventcenter.se\/vaxjo\/?s={search_term_string}\"},\"query-input\":{\"@type\":\"PropertyValueSpecification\",\"valueRequired\":true,\"valueName\":\"search_term_string\"}}],\"inLanguage\":\"sv-SE\"}]}<\/script>\n<!-- \/ Yoast SEO plugin. -->","yoast_head_json":{"title":"SHUFFLEBOWLING - Knock 'em Down - Upplevelser i v\u00e4rldsklass","description":"Shufflebowling \u00e4r en helt ny aktivitet \u2013 och du hittar den exklusivt hos Knock \u2019em Down. En upplevelse du inte hittar n\u00e5gon annanstans.","robots":{"index":"index","follow":"follow","max-snippet":"max-snippet:-1","max-image-preview":"max-image-preview:large","max-video-preview":"max-video-preview:-1"},"canonical":"https:\/\/eventcenter.se\/vaxjo\/shufflebowling\/","og_locale":"sv_SE","og_type":"article","og_title":"SHUFFLEBOWLING - Knock 'em Down - Upplevelser i v\u00e4rldsklass","og_description":"Shufflebowling \u00e4r en helt ny aktivitet \u2013 och du hittar den exklusivt hos Knock \u2019em Down. En upplevelse du inte hittar n\u00e5gon annanstans.","og_url":"https:\/\/eventcenter.se\/vaxjo\/shufflebowling\/","og_site_name":"Event Center Knock &#039;em Down","article_modified_time":"2026-01-02T08:04:05+00:00","og_image":[{"width":960,"height":540,"url":"https:\/\/eventcenter.se\/vaxjo\/wp-content\/uploads\/2025\/05\/Boka-Shufflebowling-2.jpg","type":"image\/jpeg"}],"twitter_card":"summary_large_image","twitter_misc":{"Ber\u00e4knad l\u00e4stid":"3 minuter"},"schema":{"@context":"https:\/\/schema.org","@graph":[{"@type":"WebPage","@id":"https:\/\/eventcenter.se\/vaxjo\/shufflebowling\/","url":"https:\/\/eventcenter.se\/vaxjo\/shufflebowling\/","name":"SHUFFLEBOWLING - Knock 'em Down - Upplevelser i v\u00e4rldsklass","isPartOf":{"@id":"https:\/\/eventcenter.se\/vaxjo\/#website"},"primaryImageOfPage":{"@id":"https:\/\/eventcenter.se\/vaxjo\/shufflebowling\/#primaryimage"},"image":{"@id":"https:\/\/eventcenter.se\/vaxjo\/shufflebowling\/#primaryimage"},"thumbnailUrl":"https:\/\/eventcenter.se\/vaxjo\/wp-content\/uploads\/2025\/05\/Boka-Shufflebowling-2.jpg","datePublished":"2025-05-07T10:55:47+00:00","dateModified":"2026-01-02T08:04:05+00:00","description":"Shufflebowling \u00e4r en helt ny aktivitet \u2013 och du hittar den exklusivt hos Knock \u2019em Down. En upplevelse du inte hittar n\u00e5gon annanstans.","breadcrumb":{"@id":"https:\/\/eventcenter.se\/vaxjo\/shufflebowling\/#breadcrumb"},"inLanguage":"sv-SE","potentialAction":[{"@type":"ReadAction","target":["https:\/\/eventcenter.se\/vaxjo\/shufflebowling\/"]}]},{"@type":"ImageObject","inLanguage":"sv-SE","@id":"https:\/\/eventcenter.se\/vaxjo\/shufflebowling\/#primaryimage","url":"https:\/\/eventcenter.se\/vaxjo\/wp-content\/uploads\/2025\/05\/Boka-Shufflebowling-2.jpg","contentUrl":"https:\/\/eventcenter.se\/vaxjo\/wp-content\/uploads\/2025\/05\/Boka-Shufflebowling-2.jpg","width":960,"height":540,"caption":"Boka shufflebowling"},{"@type":"BreadcrumbList","@id":"https:\/\/eventcenter.se\/vaxjo\/shufflebowling\/#breadcrumb","itemListElement":[{"@type":"ListItem","position":1,"name":"Home","item":"https:\/\/eventcenter.se\/vaxjo\/"},{"@type":"ListItem","position":2,"name":"SHUFFLEBOWLING"}]},{"@type":"WebSite","@id":"https:\/\/eventcenter.se\/vaxjo\/#website","url":"https:\/\/eventcenter.se\/vaxjo\/","name":"Event Center Knock &#039;em Down","description":"Ger dig upplevelser i v\u00e4rldsklass","potentialAction":[{"@type":"SearchAction","target":{"@type":"EntryPoint","urlTemplate":"https:\/\/eventcenter.se\/vaxjo\/?s={search_term_string}"},"query-input":{"@type":"PropertyValueSpecification","valueRequired":true,"valueName":"search_term_string"}}],"inLanguage":"sv-SE"}]}},"_links":{"self":[{"href":"https:\/\/eventcenter.se\/vaxjo\/wp-json\/wp\/v2\/pages\/5742","targetHints":{"allow":["GET"]}}],"collection":[{"href":"https:\/\/eventcenter.se\/vaxjo\/wp-json\/wp\/v2\/pages"}],"about":[{"href":"https:\/\/eventcenter.se\/vaxjo\/wp-json\/wp\/v2\/types\/page"}],"author":[{"embeddable":true,"href":"https:\/\/eventcenter.se\/vaxjo\/wp-json\/wp\/v2\/users\/3"}],"replies":[{"embeddable":true,"href":"https:\/\/eventcenter.se\/vaxjo\/wp-json\/wp\/v2\/comments?post=5742"}],"version-history":[{"count":26,"href":"https:\/\/eventcenter.se\/vaxjo\/wp-json\/wp\/v2\/pages\/5742\/revisions"}],"predecessor-version":[{"id":6129,"href":"https:\/\/eventcenter.se\/vaxjo\/wp-json\/wp\/v2\/pages\/5742\/revisions\/6129"}],"wp:attachment":[{"href":"https:\/\/eventcenter.se\/vaxjo\/wp-json\/wp\/v2\/media?parent=5742"}],"curies":[{"name":"wp","href":"https:\/\/api.w.org\/{rel}","templated":true}]}}