{"id":845,"date":"2019-04-11T05:36:01","date_gmt":"2019-04-11T05:36:01","guid":{"rendered":"https:\/\/eventcenter.se\/vaxjo\/?page_id=845"},"modified":"2025-12-31T11:23:01","modified_gmt":"2025-12-31T10:23:01","slug":"julbord-vaxjo","status":"publish","type":"page","link":"https:\/\/eventcenter.se\/vaxjo\/julbord-vaxjo\/","title":{"rendered":"JULBORD"},"content":{"rendered":"<div class=\"wpb-content-wrapper\"><p>[vc_row full_width=&#8221;stretch_row&#8221; content_placement=&#8221;top&#8221; bg_type=&#8221;image&#8221; css=&#8221;.vc_custom_1633684436261{padding-top: 250px !important;padding-bottom: 250px !important;background-image: url(https:\/\/eventcenter.se\/vaxjo\/wp-content\/uploads\/2021\/10\/Julbord-toppbild.jpg?id=4073) !important;}&#8221; el_class=&#8221;vc_hidden-xs&#8221;][vc_column offset=&#8221;vc_hidden-xs&#8221;][\/vc_column][\/vc_row][vc_row full_width=&#8221;stretch_row_content&#8221; content_placement=&#8221;top&#8221; bg_type=&#8221;image&#8221; css=&#8221;.vc_custom_1633684657411{padding-top: 450px !important;padding-bottom: 0px !important;background-image: url(https:\/\/eventcenter.se\/vaxjo\/wp-content\/uploads\/2021\/10\/Julbord-mobil.jpg?id=4075) !important;}&#8221; el_class=&#8221;vc_hidden-lg vc_hidden-md vc_hidden-sm&#8221;][vc_column offset=&#8221;vc_hidden-xs&#8221;][\/vc_column][\/vc_row][vc_row bg_type=&#8221;image&#8221; parallax_style=&#8221;vcpb-default&#8221; bg_image_new=&#8221;id^1247|url^https:\/\/eventcenter.se\/vaxjo\/wp-content\/uploads\/2019\/04\/menu-bg5.jpg|caption^Event Center Knock em Down V\u00e4xj\u00f6 Restaurang Bowling Boule Biljard Background Event Center V\u00e4xj\u00f6 Restaurang Bowling Boule Biljard Knock em Down|alt^Event Center Knock em Down V\u00e4xj\u00f6 Restaurang Bowling Boule Biljard Background Event Center V\u00e4xj\u00f6 Restaurang Bowling Boule Biljard Knock em Down The Challenge 3-kamp eventcenter|title^Event Center Knock em Down V\u00e4xj\u00f6 Restaurang Bowling Boule Biljard Background Event Center V\u00e4xj\u00f6 Restaurang Bowling Boule Biljard Knock em Down|description^Event Center Knock em Down V\u00e4xj\u00f6 Restaurang Bowling Boule Biljard Background Event Center V\u00e4xj\u00f6 Restaurang Bowling Boule Biljard Knock em Down&#8221; bg_image_size=&#8221;initial&#8221; css=&#8221;.vc_custom_1555773171556{margin-top: -40px !important;margin-right: 0px !important;margin-left: 0px !important;background-color: #ffffff !important;background-position: 0 0 !important;background-repeat: repeat !important;}&#8221; el_class=&#8221;pinklft shadow zindexed&#8221;][vc_column width=&#8221;2\/3&#8243; css=&#8221;.vc_custom_1554197063644{padding-top: 10px !important;padding-bottom: 0px !important;padding-left: 44px !important;}&#8221;][vc_column_text css=&#8221;.vc_custom_1767176578952{padding-top: 10px !important;}&#8221;]<\/p>\n<h1><span style=\"color: #cca402;\"><strong>Julbord V\u00e4xj\u00f6<\/strong><\/span><\/h1>\n<p data-start=\"453\" data-end=\"528\"><strong data-start=\"453\" data-end=\"528\"><a href=\"https:\/\/popupvaxjo\/\"><img loading=\"lazy\" decoding=\"async\" class=\"alignnone wp-image-6038\" src=\"https:\/\/eventcenter.se\/vaxjo\/wp-content\/uploads\/2025\/11\/Bokningsforfragan-150x100.jpg\" alt=\"Boka Julbord\" width=\"200\" height=\"52\" srcset=\"https:\/\/eventcenter.se\/vaxjo\/wp-content\/uploads\/2025\/11\/Bokningsforfragan-300x78.jpg 300w, https:\/\/eventcenter.se\/vaxjo\/wp-content\/uploads\/2025\/11\/Bokningsforfragan.jpg 384w\" sizes=\"auto, (max-width: 200px) 100vw, 200px\" \/><\/a><\/strong><\/p>\n<p data-start=\"453\" data-end=\"528\"><strong data-start=\"453\" data-end=\"528\">V\u00e4lkommen till Event Center Knock \u2019em Down \u2013 V\u00e4xj\u00f6s roligaste julbord!<\/strong><\/p>\n<p data-start=\"530\" data-end=\"791\">Hos oss kombineras ett stort klassiskt julbord med unika aktiviteter. En social helkv\u00e4ll som passar perfekt f\u00f6r b\u00e5de v\u00e4nnerna, familjen, personalfesten och f\u00f6retagseventet. H\u00e4r finns flera f\u00e4rdiga paketl\u00f6sningar med b\u00e5de mat och upplevelser \u2013 allt under ett tak!<\/p>\n<p data-start=\"530\" data-end=\"791\">Priser och paket f\u00f6r 2026 uppdateras inom kort och du \u00e4r hj\u00e4rtlig v\u00e4lkommen att kontakta oss f\u00f6r bokning redan nu. Nedan syns pris f\u00f6r 2025.<\/p>\n<p><strong>V\u00e4lj ert uppl\u00e4gg<\/strong><\/p>\n<h3 data-start=\"1999\" data-end=\"2057\"><strong data-start=\"2003\" data-end=\"2057\">Klassiskt Julbord<\/strong><\/h3>\n<p>V\u00e5rt stora klassiska julbord inneh\u00e5ller alla inneh\u00e5ller de r\u00e4tter man f\u00f6rv\u00e4ntar sig och avslutas med ett magiskt dessertbord som f\u00f6rgyller kv\u00e4llen. Njut av god mat i h\u00e4rlig milj\u00f6.<\/p>\n<p><strong>M\u00e5n-Tis 498 kr<\/strong> (445 kr)<\/p>\n<p><strong>Ons-Tors 554 kr<\/strong> (495 kr)<\/p>\n<p><strong>Fre-L\u00f6r 778 kr<\/strong> (695 kr)<\/p>\n<p><em>Per person <strong>inkl. moms <\/strong>(ex. moms)<\/em><\/p>\n<p>&nbsp;<\/p>\n<h3 data-start=\"1672\" data-end=\"1725\"><strong data-start=\"1676\" data-end=\"1725\">\ud83c\udfb3\u00a0<\/strong><strong data-start=\"1676\" data-end=\"1725\">Julbordsaktiviteten<\/strong><\/h3>\n<p data-start=\"1727\" data-end=\"1904\">V\u00e5rt stora klassiska julbord med valfri aktivitet:<br data-start=\"1770\" data-end=\"1773\" \/>55 minuters bowling, shufflebowling, shuffleboard, interaktiv dart eller biljard. En perfekt balans mellan mat, mingel och aktivitet.<\/p>\n<p><strong>M\u00e5n-Tis 551 kr <\/strong>(495 kr)<\/p>\n<p><strong>Ons-Tors 607 kr <\/strong>(545 kr)<\/p>\n<p><strong>Fre-L\u00f6r 874 kr <\/strong>(785 kr)<\/p>\n<p><em>Per person <strong>inkl. moms <\/strong>(ex. moms)<\/em><\/p>\n<p>&nbsp;<\/p>\n<h3 data-start=\"1235\" data-end=\"1290\"><strong data-start=\"1239\" data-end=\"1290\">\ud83d\udd25\u00a0<\/strong><strong data-start=\"1239\" data-end=\"1290\">Julbordsutmaningen \u2013 action och teambuilding<\/strong><\/h3>\n<p data-start=\"1292\" data-end=\"1513\">V\u00e5rt mest popul\u00e4ra julbordspaket f\u00f6r st\u00f6rre grupper! H\u00e4r ing\u00e5r <a href=\"https:\/\/eventcenter.se\/vaxjo\/the-challenge-vaxjo\/\"><strong data-start=\"1352\" data-end=\"1369\">The Challenge<\/strong><\/a>, ett t\u00e4vlingsformat i 10 olika actionrum som s\u00e4tter samarbete, kommunikation och probleml\u00f6sning p\u00e5 prov \u2013 samtidigt som ni har fantastiskt kul.<\/p>\n<p><strong>M\u00e5n-Tis 711 kr <\/strong>(615 kr)<\/p>\n<p><strong>Ons-Tors 767 kr <\/strong>(665 kr)<\/p>\n<p><strong>Fre-L\u00f6r 991 kr <\/strong>(865 kr)<\/p>\n<p><em>Per person <strong>inkl. moms <\/strong>(ex. moms)<\/em><\/p>\n<p>&nbsp;<\/p>\n<h3 data-start=\"838\" data-end=\"895\"><strong data-start=\"842\" data-end=\"895\">\ud83e\udd47\u00a0<\/strong><strong data-start=\"842\" data-end=\"895\">Stora Julbordskampen \u2013 den ultimata helkv\u00e4llen<\/strong><\/h3>\n<p data-start=\"897\" data-end=\"1084\">Klassiskt julbord och en egen v\u00e4rd som guidar er genom kv\u00e4llen. Ni utmanar varandra i bowling, shuffleboard och interaktiv dart \u2013 en fartfylld och rolig t\u00e4vling d\u00e4r laget s\u00e4tts p\u00e5 prov.<\/p>\n<p data-start=\"1086\" data-end=\"1138\">Perfekt f\u00f6r f\u00f6retag och grupper fr\u00e5n 8 personer.<\/p>\n<p><strong>M\u00e5n-Tis 842 kr <\/strong>(745 kr)<\/p>\n<p><strong>Ons-Tors 898 kr <\/strong>(795 kr)<\/p>\n<p><strong>Fre-L\u00f6r 1122 kr <\/strong>(995 kr)<\/p>\n<p><em>Per person <strong>inkl. moms <\/strong>(ex. moms)<\/em><\/p>\n<p>&nbsp;<\/p>\n<p><strong>NYHET &#8211; Julbordslunch med konferens, <a href=\"https:\/\/popupvaxjo\/\">kontakta oss f\u00f6r offert!<\/a><\/strong><\/p>\n<p>&nbsp;<\/p>\n<p><iframe loading=\"lazy\" title=\"YouTube video player\" src=\"https:\/\/www.youtube.com\/embed\/EwBAEHe7jqk?si=dwuzpmR-dnEvgmwH\" width=\"560\" height=\"315\" frameborder=\"0\" allowfullscreen=\"allowfullscreen\"><\/iframe><\/p>\n<p><em>Event Center Knock \u2019em Down \u2013 Julbord V\u00e4xj\u00f6. Vi vill att din matupplevelse ska vara s\u00e5 bra som m\u00f6jligt<strong>.\u00a0<\/strong>D\u00e4rf\u00f6r arbetar h\u00e5rt f\u00f6r att servera mat av h\u00f6gsta kvalitet. Passa p\u00e5 att kombinera upplevelsen av h\u00e4rlig mat och dryck tillsammans med sp\u00e4nnande <a href=\"https:\/\/eventcenter.se\/vaxjo\/aktiviteter-vaxjo\/\">aktiviteter<\/a>. Allt under ett tak.<\/em>[\/vc_column_text][vc_empty_space height=&#8221;20px&#8221;][\/vc_column][vc_column width=&#8221;1\/3&#8243; css=&#8221;.vc_custom_1555773184442{margin-left: 22px !important;padding-top: 17px !important;padding-right: 10px !important;padding-bottom: 25px !important;}&#8221;][vc_column_text css=&#8221;.vc_custom_1668604956842{padding-top: 10px !important;}&#8221;]<span style=\"color: #999999;\">Kontakta oss via <strong>0470-122 22<\/strong> eller <\/span><strong><a href=\"mailto:vaxjo@eventcenter.se\"><span style=\"color: #999999;\">vaxjo@eventcenter.se<\/span><\/a><\/strong>[\/vc_column_text]<style type=\"text\/css\" data-type=\"the7_shortcodes-inline-css\">#default-btn-1f460cd4ad33ecad3ae13e96424777e6 {\n  border-radius: 1px;\n  font-size: 14px;\n  line-height: 16px;\n}\n.btn-shadow#default-btn-1f460cd4ad33ecad3ae13e96424777e6 {\n  box-shadow: 0 1px 6px rgba(0,0,0,0.12);\n  transition: box-shadow 0.2s ease-out, opacity 0.45s;\n}\n.btn-shadow#default-btn-1f460cd4ad33ecad3ae13e96424777e6:hover {\n  box-shadow: 0 5px 11px 0 rgba(0,0,0,0.18), 0 4px 15px 0 rgba(0,0,0,0.15);\n}\n.btn-3d#default-btn-1f460cd4ad33ecad3ae13e96424777e6 {\n  box-shadow: 0px 2px 0px 0px #816b10;\n}\n.btn-3d#default-btn-1f460cd4ad33ecad3ae13e96424777e6:hover {\n  box-shadow: 0px 2px 0px 0px #816b10;\n}\n.btn-flat#default-btn-1f460cd4ad33ecad3ae13e96424777e6 {\n  box-shadow: none;\n}\n.btn-flat#default-btn-1f460cd4ad33ecad3ae13e96424777e6:hover {\n  box-shadow: none;\n}\n#default-btn-1f460cd4ad33ecad3ae13e96424777e6.ico-right-side > i {\n  margin-right: 0px;\n  margin-left: 8px;\n}\n#default-btn-1f460cd4ad33ecad3ae13e96424777e6 > i {\n  margin-right: 8px;\n  font-size: 14px;\n}\n#default-btn-1f460cd4ad33ecad3ae13e96424777e6:not(:hover) {\n  border-width: 0px;\n  color: #000000;\n  background: #cca402 !important;\n  padding: 12px 18px 12px 18px;\n}\n#default-btn-1f460cd4ad33ecad3ae13e96424777e6:not(:hover) * {\n  color: #000000;\n}\n#default-btn-1f460cd4ad33ecad3ae13e96424777e6:hover {\n  border-width: 0px;\n  background: #cca402 !important;\n  padding: 12px 18px 12px 18px;\n}\n#default-btn-1f460cd4ad33ecad3ae13e96424777e6.ico-right-side > i {\n  margin-right: 0px;\n  margin-left: 8px;\n}\n#default-btn-1f460cd4ad33ecad3ae13e96424777e6 > i {\n  margin-right: 8px;\n}<\/style><a href=\"https:\/\/popupvaxjo\/\" class=\"default-btn-shortcode dt-btn rubberBand animate-element animation-builder link-hover-off btn-inline-left btn-flat  vc_custom_1767176357902\" id=\"default-btn-1f460cd4ad33ecad3ae13e96424777e6\" style=\"width:265px;\"><span>Bokningsf\u00f6rfr\u00e5gan<\/span><\/a>[vc_empty_space height=&#8221;20px&#8221;][vc_single_image image=&#8221;5591&#8243; img_size=&#8221;full&#8221; onclick=&#8221;img_link_large&#8221; css=&#8221;.vc_custom_1734952370595{padding-right: 50px !important;}&#8221;][\/vc_column][\/vc_row][vc_row disable_element=&#8221;yes&#8221; el_class=&#8221;teaserbx vc_hidden-lg vc_hidden-md vc_hidden-sm&#8221;][vc_column width=&#8221;1\/2&#8243;][\/vc_column][\/vc_row][vc_row][vc_column][vc_empty_space height=&#8221;100px&#8221;][\/vc_column][\/vc_row][vc_row][vc_column][vc_column_text][\/vc_column_text][\/vc_column][\/vc_row]<\/p>\n<\/div>","protected":false},"excerpt":{"rendered":"<p>[vc_row full_width=&#8221;stretch_row&#8221; content_placement=&#8221;top&#8221; bg_type=&#8221;image&#8221; css=&#8221;.vc_custom_1633684436261{padding-top: 250px !important;padding-bottom: 250px !important;background-image: url(https:\/\/eventcenter.se\/vaxjo\/wp-content\/uploads\/2021\/10\/Julbord-toppbild.jpg?id=4073) !important;}&#8221; el_class=&#8221;vc_hidden-xs&#8221;][vc_column offset=&#8221;vc_hidden-xs&#8221;][\/vc_column][\/vc_row][vc_row full_width=&#8221;stretch_row_content&#8221; content_placement=&#8221;top&#8221; bg_type=&#8221;image&#8221; css=&#8221;.vc_custom_1633684657411{padding-top: 450px !important;padding-bottom: 0px !important;background-image: url(https:\/\/eventcenter.se\/vaxjo\/wp-content\/uploads\/2021\/10\/Julbord-mobil.jpg?id=4075) !important;}&#8221; el_class=&#8221;vc_hidden-lg vc_hidden-md vc_hidden-sm&#8221;][vc_column offset=&#8221;vc_hidden-xs&#8221;][\/vc_column][\/vc_row][vc_row bg_type=&#8221;image&#8221; parallax_style=&#8221;vcpb-default&#8221; bg_image_new=&#8221;id^1247|url^https:\/\/eventcenter.se\/vaxjo\/wp-content\/uploads\/2019\/04\/menu-bg5.jpg|caption^Event Center Knock em Down V\u00e4xj\u00f6 Restaurang Bowling Boule Biljard Background Event Center V\u00e4xj\u00f6 Restaurang Bowling Boule Biljard Knock em Down|alt^Event Center Knock em Down V\u00e4xj\u00f6&hellip;<\/p>\n","protected":false},"author":3,"featured_media":0,"parent":0,"menu_order":0,"comment_status":"closed","ping_status":"closed","template":"","meta":{"footnotes":""},"class_list":["post-845","page","type-page","status-publish","hentry","description-off"],"yoast_head":"<!-- This site is optimized with the Yoast SEO plugin v27.2 - https:\/\/yoast.com\/product\/yoast-seo-wordpress\/ -->\n<title>JULBORD V\u00c4XJ\u00d6 - Knock &#039;em Down - Julbord och aktiviteter<\/title>\n<meta name=\"description\" content=\"Julbord V\u00e4xj\u00f6 - \u00c5rets roligaste julbord! N\u00e4r ditt s\u00e4llskap vill g\u00f6ra n\u00e5got extra roligt och f\u00e5 en h\u00e4rlig upplevelse tillsammans!\" \/>\n<meta name=\"robots\" content=\"index, follow, max-snippet:-1, max-image-preview:large, max-video-preview:-1\" \/>\n<link rel=\"canonical\" href=\"https:\/\/eventcenter.se\/vaxjo\/julbord-vaxjo\/\" \/>\n<meta property=\"og:locale\" content=\"sv_SE\" \/>\n<meta property=\"og:type\" content=\"article\" \/>\n<meta property=\"og:title\" content=\"JULBORD V\u00c4XJ\u00d6 - Knock &#039;em Down - Julbord och aktiviteter\" \/>\n<meta property=\"og:description\" content=\"Julbord V\u00e4xj\u00f6 - \u00c5rets roligaste julbord! N\u00e4r ditt s\u00e4llskap vill g\u00f6ra n\u00e5got extra roligt och f\u00e5 en h\u00e4rlig upplevelse tillsammans!\" \/>\n<meta property=\"og:url\" content=\"https:\/\/eventcenter.se\/vaxjo\/julbord-vaxjo\/\" \/>\n<meta property=\"og:site_name\" content=\"Event Center Knock &#039;em Down\" \/>\n<meta property=\"article:modified_time\" content=\"2025-12-31T10:23:01+00:00\" \/>\n<meta property=\"og:image\" content=\"https:\/\/eventcenter.se\/vaxjo\/wp-content\/uploads\/2025\/11\/Bokningsforfragan.jpg\" \/>\n\t<meta property=\"og:image:width\" content=\"384\" \/>\n\t<meta property=\"og:image:height\" content=\"100\" \/>\n\t<meta property=\"og:image:type\" content=\"image\/jpeg\" \/>\n<meta name=\"twitter:card\" content=\"summary_large_image\" \/>\n<meta name=\"twitter:label1\" content=\"Ber\u00e4knad l\u00e4stid\" \/>\n\t<meta name=\"twitter:data1\" content=\"4 minuter\" \/>\n<script type=\"application\/ld+json\" class=\"yoast-schema-graph\">{\"@context\":\"https:\/\/schema.org\",\"@graph\":[{\"@type\":\"WebPage\",\"@id\":\"https:\/\/eventcenter.se\/vaxjo\/julbord-vaxjo\/\",\"url\":\"https:\/\/eventcenter.se\/vaxjo\/julbord-vaxjo\/\",\"name\":\"JULBORD V\u00c4XJ\u00d6 - Knock 'em Down - Julbord och aktiviteter\",\"isPartOf\":{\"@id\":\"https:\/\/eventcenter.se\/vaxjo\/#website\"},\"primaryImageOfPage\":{\"@id\":\"https:\/\/eventcenter.se\/vaxjo\/julbord-vaxjo\/#primaryimage\"},\"image\":{\"@id\":\"https:\/\/eventcenter.se\/vaxjo\/julbord-vaxjo\/#primaryimage\"},\"thumbnailUrl\":\"https:\/\/eventcenter.se\/vaxjo\/wp-content\/uploads\/2025\/11\/Bokningsforfragan-150x100.jpg\",\"datePublished\":\"2019-04-11T05:36:01+00:00\",\"dateModified\":\"2025-12-31T10:23:01+00:00\",\"description\":\"Julbord V\u00e4xj\u00f6 - \u00c5rets roligaste julbord! N\u00e4r ditt s\u00e4llskap vill g\u00f6ra n\u00e5got extra roligt och f\u00e5 en h\u00e4rlig upplevelse tillsammans!\",\"breadcrumb\":{\"@id\":\"https:\/\/eventcenter.se\/vaxjo\/julbord-vaxjo\/#breadcrumb\"},\"inLanguage\":\"sv-SE\",\"potentialAction\":[{\"@type\":\"ReadAction\",\"target\":[\"https:\/\/eventcenter.se\/vaxjo\/julbord-vaxjo\/\"]}]},{\"@type\":\"ImageObject\",\"inLanguage\":\"sv-SE\",\"@id\":\"https:\/\/eventcenter.se\/vaxjo\/julbord-vaxjo\/#primaryimage\",\"url\":\"https:\/\/eventcenter.se\/vaxjo\/wp-content\/uploads\/2025\/11\/Bokningsforfragan.jpg\",\"contentUrl\":\"https:\/\/eventcenter.se\/vaxjo\/wp-content\/uploads\/2025\/11\/Bokningsforfragan.jpg\",\"width\":384,\"height\":100,\"caption\":\"Boka Julbord\"},{\"@type\":\"BreadcrumbList\",\"@id\":\"https:\/\/eventcenter.se\/vaxjo\/julbord-vaxjo\/#breadcrumb\",\"itemListElement\":[{\"@type\":\"ListItem\",\"position\":1,\"name\":\"Home\",\"item\":\"https:\/\/eventcenter.se\/vaxjo\/\"},{\"@type\":\"ListItem\",\"position\":2,\"name\":\"JULBORD\"}]},{\"@type\":\"WebSite\",\"@id\":\"https:\/\/eventcenter.se\/vaxjo\/#website\",\"url\":\"https:\/\/eventcenter.se\/vaxjo\/\",\"name\":\"Event Center Knock &#039;em Down\",\"description\":\"Ger dig upplevelser i v\u00e4rldsklass\",\"potentialAction\":[{\"@type\":\"SearchAction\",\"target\":{\"@type\":\"EntryPoint\",\"urlTemplate\":\"https:\/\/eventcenter.se\/vaxjo\/?s={search_term_string}\"},\"query-input\":{\"@type\":\"PropertyValueSpecification\",\"valueRequired\":true,\"valueName\":\"search_term_string\"}}],\"inLanguage\":\"sv-SE\"}]}<\/script>\n<!-- \/ Yoast SEO plugin. -->","yoast_head_json":{"title":"JULBORD V\u00c4XJ\u00d6 - Knock 'em Down - Julbord och aktiviteter","description":"Julbord V\u00e4xj\u00f6 - \u00c5rets roligaste julbord! N\u00e4r ditt s\u00e4llskap vill g\u00f6ra n\u00e5got extra roligt och f\u00e5 en h\u00e4rlig upplevelse tillsammans!","robots":{"index":"index","follow":"follow","max-snippet":"max-snippet:-1","max-image-preview":"max-image-preview:large","max-video-preview":"max-video-preview:-1"},"canonical":"https:\/\/eventcenter.se\/vaxjo\/julbord-vaxjo\/","og_locale":"sv_SE","og_type":"article","og_title":"JULBORD V\u00c4XJ\u00d6 - Knock 'em Down - Julbord och aktiviteter","og_description":"Julbord V\u00e4xj\u00f6 - \u00c5rets roligaste julbord! N\u00e4r ditt s\u00e4llskap vill g\u00f6ra n\u00e5got extra roligt och f\u00e5 en h\u00e4rlig upplevelse tillsammans!","og_url":"https:\/\/eventcenter.se\/vaxjo\/julbord-vaxjo\/","og_site_name":"Event Center Knock &#039;em Down","article_modified_time":"2025-12-31T10:23:01+00:00","og_image":[{"width":384,"height":100,"url":"https:\/\/eventcenter.se\/vaxjo\/wp-content\/uploads\/2025\/11\/Bokningsforfragan.jpg","type":"image\/jpeg"}],"twitter_card":"summary_large_image","twitter_misc":{"Ber\u00e4knad l\u00e4stid":"4 minuter"},"schema":{"@context":"https:\/\/schema.org","@graph":[{"@type":"WebPage","@id":"https:\/\/eventcenter.se\/vaxjo\/julbord-vaxjo\/","url":"https:\/\/eventcenter.se\/vaxjo\/julbord-vaxjo\/","name":"JULBORD V\u00c4XJ\u00d6 - Knock 'em Down - Julbord och aktiviteter","isPartOf":{"@id":"https:\/\/eventcenter.se\/vaxjo\/#website"},"primaryImageOfPage":{"@id":"https:\/\/eventcenter.se\/vaxjo\/julbord-vaxjo\/#primaryimage"},"image":{"@id":"https:\/\/eventcenter.se\/vaxjo\/julbord-vaxjo\/#primaryimage"},"thumbnailUrl":"https:\/\/eventcenter.se\/vaxjo\/wp-content\/uploads\/2025\/11\/Bokningsforfragan-150x100.jpg","datePublished":"2019-04-11T05:36:01+00:00","dateModified":"2025-12-31T10:23:01+00:00","description":"Julbord V\u00e4xj\u00f6 - \u00c5rets roligaste julbord! N\u00e4r ditt s\u00e4llskap vill g\u00f6ra n\u00e5got extra roligt och f\u00e5 en h\u00e4rlig upplevelse tillsammans!","breadcrumb":{"@id":"https:\/\/eventcenter.se\/vaxjo\/julbord-vaxjo\/#breadcrumb"},"inLanguage":"sv-SE","potentialAction":[{"@type":"ReadAction","target":["https:\/\/eventcenter.se\/vaxjo\/julbord-vaxjo\/"]}]},{"@type":"ImageObject","inLanguage":"sv-SE","@id":"https:\/\/eventcenter.se\/vaxjo\/julbord-vaxjo\/#primaryimage","url":"https:\/\/eventcenter.se\/vaxjo\/wp-content\/uploads\/2025\/11\/Bokningsforfragan.jpg","contentUrl":"https:\/\/eventcenter.se\/vaxjo\/wp-content\/uploads\/2025\/11\/Bokningsforfragan.jpg","width":384,"height":100,"caption":"Boka Julbord"},{"@type":"BreadcrumbList","@id":"https:\/\/eventcenter.se\/vaxjo\/julbord-vaxjo\/#breadcrumb","itemListElement":[{"@type":"ListItem","position":1,"name":"Home","item":"https:\/\/eventcenter.se\/vaxjo\/"},{"@type":"ListItem","position":2,"name":"JULBORD"}]},{"@type":"WebSite","@id":"https:\/\/eventcenter.se\/vaxjo\/#website","url":"https:\/\/eventcenter.se\/vaxjo\/","name":"Event Center Knock &#039;em Down","description":"Ger dig upplevelser i v\u00e4rldsklass","potentialAction":[{"@type":"SearchAction","target":{"@type":"EntryPoint","urlTemplate":"https:\/\/eventcenter.se\/vaxjo\/?s={search_term_string}"},"query-input":{"@type":"PropertyValueSpecification","valueRequired":true,"valueName":"search_term_string"}}],"inLanguage":"sv-SE"}]}},"_links":{"self":[{"href":"https:\/\/eventcenter.se\/vaxjo\/wp-json\/wp\/v2\/pages\/845","targetHints":{"allow":["GET"]}}],"collection":[{"href":"https:\/\/eventcenter.se\/vaxjo\/wp-json\/wp\/v2\/pages"}],"about":[{"href":"https:\/\/eventcenter.se\/vaxjo\/wp-json\/wp\/v2\/types\/page"}],"author":[{"embeddable":true,"href":"https:\/\/eventcenter.se\/vaxjo\/wp-json\/wp\/v2\/users\/3"}],"replies":[{"embeddable":true,"href":"https:\/\/eventcenter.se\/vaxjo\/wp-json\/wp\/v2\/comments?post=845"}],"version-history":[{"count":141,"href":"https:\/\/eventcenter.se\/vaxjo\/wp-json\/wp\/v2\/pages\/845\/revisions"}],"predecessor-version":[{"id":6075,"href":"https:\/\/eventcenter.se\/vaxjo\/wp-json\/wp\/v2\/pages\/845\/revisions\/6075"}],"wp:attachment":[{"href":"https:\/\/eventcenter.se\/vaxjo\/wp-json\/wp\/v2\/media?parent=845"}],"curies":[{"name":"wp","href":"https:\/\/api.w.org\/{rel}","templated":true}]}}