{"id":936,"date":"2019-04-12T16:02:24","date_gmt":"2019-04-12T16:02:24","guid":{"rendered":"https:\/\/eventcenter.se\/vaxjo\/?page_id=936"},"modified":"2026-01-02T09:44:13","modified_gmt":"2026-01-02T08:44:13","slug":"paket-1h-aktivitet-vaxjo","status":"publish","type":"page","link":"https:\/\/eventcenter.se\/vaxjo\/paket-1h-aktivitet-vaxjo\/","title":{"rendered":"BOWLINGPAKET"},"content":{"rendered":"<div class=\"wpb-content-wrapper\"><p>[vc_row full_width=&#8221;stretch_row&#8221; content_placement=&#8221;top&#8221; bg_type=&#8221;image&#8221; css=&#8221;.vc_custom_1599904758679{padding-top: 250px !important;padding-bottom: 250px !important;background-image: url(https:\/\/eventcenter.se\/vaxjo\/wp-content\/uploads\/2019\/04\/Bowling-1920-500.jpg?id=1578) !important;}&#8221; el_class=&#8221;vc_hidden-xs&#8221;][vc_column offset=&#8221;vc_hidden-xs&#8221;][\/vc_column][\/vc_row][vc_row full_width=&#8221;stretch_row_content&#8221; content_placement=&#8221;top&#8221; bg_type=&#8221;image&#8221; css=&#8221;.vc_custom_1599904777875{padding-top: 450px !important;padding-bottom: 0px !important;background-image: url(https:\/\/eventcenter.se\/vaxjo\/wp-content\/uploads\/2019\/04\/Bowling-800-1185.jpg?id=1581) !important;}&#8221; el_class=&#8221;vc_hidden-lg vc_hidden-md vc_hidden-sm&#8221;][vc_column offset=&#8221;vc_hidden-xs&#8221;][\/vc_column][\/vc_row][vc_row bg_type=&#8221;image&#8221; parallax_style=&#8221;vcpb-default&#8221; bg_image_new=&#8221;id^1247|url^https:\/\/eventcenter.se\/vaxjo\/wp-content\/uploads\/2019\/04\/menu-bg5.jpg|caption^Event Center Knock em Down V\u00e4xj\u00f6 Restaurang Bowling Boule Biljard Background Event Center V\u00e4xj\u00f6 Restaurang Bowling Boule Biljard Knock em Down|alt^Event Center Knock em Down V\u00e4xj\u00f6 Restaurang Bowling Boule Biljard Background Event Center V\u00e4xj\u00f6 Restaurang Bowling Boule Biljard Knock em Down The Challenge 3-kamp eventcenter|title^Event Center Knock em Down V\u00e4xj\u00f6 Restaurang Bowling Boule Biljard Background Event Center V\u00e4xj\u00f6 Restaurang Bowling Boule Biljard Knock em Down|description^Event Center Knock em Down V\u00e4xj\u00f6 Restaurang Bowling Boule Biljard Background Event Center V\u00e4xj\u00f6 Restaurang Bowling Boule Biljard Knock em Down&#8221; bg_image_size=&#8221;initial&#8221; css=&#8221;.vc_custom_1555769673666{margin-top: -40px !important;margin-right: 0px !important;background: #ffffff url(https:\/\/eventcenter.se\/vaxjo\/wp-content\/uploads\/2019\/03\/menu-bg.jpg?id=674) !important;background-position: 0 0 !important;background-repeat: repeat !important;}&#8221; el_class=&#8221;pinklft shadow zindexed&#8221;][vc_column width=&#8221;2\/3&#8243; css=&#8221;.vc_custom_1554197063644{padding-top: 10px !important;padding-bottom: 0px !important;padding-left: 44px !important;}&#8221;][vc_column_text css=&#8221;.vc_custom_1767343451190{padding-top: 15px !important;}&#8221;]<\/p>\n<h1><span style=\"color: #cca402;\"><strong>Knock-buff\u00e9n &amp; Bowling<\/strong><\/span><\/h1>\n<p><strong>H\u00e4rliga Knock-Buff\u00e9n tillsammans med en timma p\u00e5 bowlingbanorna.<\/strong><\/p>\n<p><a href=\"https:\/\/popupvaxjo\/\"><img loading=\"lazy\" decoding=\"async\" class=\"alignnone wp-image-4527\" src=\"https:\/\/eventcenter.se\/vaxjo\/wp-content\/uploads\/2022\/10\/Boka.jpg\" alt=\"Boka\" width=\"200\" height=\"52\" srcset=\"https:\/\/eventcenter.se\/vaxjo\/wp-content\/uploads\/2022\/10\/Boka.jpg 384w, https:\/\/eventcenter.se\/vaxjo\/wp-content\/uploads\/2022\/10\/Boka-300x78.jpg 300w\" sizes=\"auto, (max-width: 200px) 100vw, 200px\" \/><\/a><\/p>\n<p>\u200bPris per person inkl. moms<br \/>\n<strong>Tis-tors 379 kr<\/strong> (342 kr ex. moms)<br \/>\n<strong>Fre-l\u00f6r 399 kr <\/strong>(361 kr ex. moms)<br \/>\n<em>(priset g\u00e4ller vid minst fyra personer per aktivitet)<\/em><\/p>\n<p>&nbsp;<\/p>\n<p>Vid f\u00f6rfr\u00e5gan finns \u00e4ven liknande uppl\u00e4gg med shufflebowling, shuffleboard, biljard och interaktiv dart.[\/vc_column_text][vc_empty_space height=&#8221;20px&#8221;][\/vc_column][vc_column width=&#8221;1\/3&#8243; css=&#8221;.vc_custom_1555769682451{margin-left: 22px !important;padding-top: 17px !important;padding-right: 10px !important;padding-bottom: 25px !important;}&#8221;][vc_column_text css=&#8221;.vc_custom_1668607772288{padding-top: 15px !important;}&#8221;]<span style=\"color: #999999;\">Kontakta oss via <strong>0470-122 22<\/strong> eller <\/span><strong><a href=\"mailto:vaxjo@eventcenter.se\"><span style=\"color: #999999;\">vaxjo@eventcenter.se<\/span><\/a><\/strong>[\/vc_column_text]<style type=\"text\/css\" data-type=\"the7_shortcodes-inline-css\">#default-btn-8980bb810af4635bce340fe41eb6f040 {\n  border-radius: 1px;\n  font-size: 14px;\n  line-height: 16px;\n}\n.btn-shadow#default-btn-8980bb810af4635bce340fe41eb6f040 {\n  box-shadow: 0 1px 6px rgba(0,0,0,0.12);\n  transition: box-shadow 0.2s ease-out, opacity 0.45s;\n}\n.btn-shadow#default-btn-8980bb810af4635bce340fe41eb6f040:hover {\n  box-shadow: 0 5px 11px 0 rgba(0,0,0,0.18), 0 4px 15px 0 rgba(0,0,0,0.15);\n}\n.btn-3d#default-btn-8980bb810af4635bce340fe41eb6f040 {\n  box-shadow: 0px 2px 0px 0px #816b10;\n}\n.btn-3d#default-btn-8980bb810af4635bce340fe41eb6f040:hover {\n  box-shadow: 0px 2px 0px 0px #816b10;\n}\n.btn-flat#default-btn-8980bb810af4635bce340fe41eb6f040 {\n  box-shadow: none;\n}\n.btn-flat#default-btn-8980bb810af4635bce340fe41eb6f040:hover {\n  box-shadow: none;\n}\n#default-btn-8980bb810af4635bce340fe41eb6f040.ico-right-side > i {\n  margin-right: 0px;\n  margin-left: 8px;\n}\n#default-btn-8980bb810af4635bce340fe41eb6f040 > i {\n  margin-right: 8px;\n  font-size: 14px;\n}\n#default-btn-8980bb810af4635bce340fe41eb6f040:not(:hover) {\n  border-width: 0px;\n  color: #000000;\n  background: #cca402 !important;\n  padding: 12px 18px 12px 18px;\n}\n#default-btn-8980bb810af4635bce340fe41eb6f040:not(:hover) * {\n  color: #000000;\n}\n#default-btn-8980bb810af4635bce340fe41eb6f040:hover {\n  border-width: 0px;\n  background: #cca402 !important;\n  padding: 12px 18px 12px 18px;\n}\n#default-btn-8980bb810af4635bce340fe41eb6f040.ico-right-side > i {\n  margin-right: 0px;\n  margin-left: 8px;\n}\n#default-btn-8980bb810af4635bce340fe41eb6f040 > i {\n  margin-right: 8px;\n}<\/style><a href=\"https:\/\/popupvaxjo\/\" class=\"default-btn-shortcode dt-btn rubberBand animate-element animation-builder link-hover-off btn-inline-left btn-flat  vc_custom_1668607759665\" id=\"default-btn-8980bb810af4635bce340fe41eb6f040\" style=\"width:265px;\"><span>Bokningsf\u00f6rfr\u00e5gan<\/span><\/a>[vc_empty_space height=&#8221;20px&#8221;][vc_single_image image=&#8221;3043&#8243; img_size=&#8221;full&#8221; css=&#8221;.vc_custom_1599904725498{padding-right: 50px !important;}&#8221; image_hovers=&#8221;false&#8221;][\/vc_column][\/vc_row][vc_row disable_element=&#8221;yes&#8221; el_class=&#8221;teaserbx vc_hidden-lg vc_hidden-md vc_hidden-sm&#8221;][vc_column width=&#8221;1\/2&#8243;][\/vc_column][\/vc_row][vc_row][vc_column][vc_empty_space height=&#8221;00px&#8221;][\/vc_column][\/vc_row]<\/p>\n<\/div>","protected":false},"excerpt":{"rendered":"<p>[vc_row full_width=&#8221;stretch_row&#8221; content_placement=&#8221;top&#8221; bg_type=&#8221;image&#8221; css=&#8221;.vc_custom_1599904758679{padding-top: 250px !important;padding-bottom: 250px !important;background-image: url(https:\/\/eventcenter.se\/vaxjo\/wp-content\/uploads\/2019\/04\/Bowling-1920-500.jpg?id=1578) !important;}&#8221; el_class=&#8221;vc_hidden-xs&#8221;][vc_column offset=&#8221;vc_hidden-xs&#8221;][\/vc_column][\/vc_row][vc_row full_width=&#8221;stretch_row_content&#8221; content_placement=&#8221;top&#8221; bg_type=&#8221;image&#8221; css=&#8221;.vc_custom_1599904777875{padding-top: 450px !important;padding-bottom: 0px !important;background-image: url(https:\/\/eventcenter.se\/vaxjo\/wp-content\/uploads\/2019\/04\/Bowling-800-1185.jpg?id=1581) !important;}&#8221; el_class=&#8221;vc_hidden-lg vc_hidden-md vc_hidden-sm&#8221;][vc_column offset=&#8221;vc_hidden-xs&#8221;][\/vc_column][\/vc_row][vc_row bg_type=&#8221;image&#8221; parallax_style=&#8221;vcpb-default&#8221; bg_image_new=&#8221;id^1247|url^https:\/\/eventcenter.se\/vaxjo\/wp-content\/uploads\/2019\/04\/menu-bg5.jpg|caption^Event Center Knock em Down V\u00e4xj\u00f6 Restaurang Bowling Boule Biljard Background Event Center V\u00e4xj\u00f6 Restaurang Bowling Boule Biljard Knock em Down|alt^Event Center Knock em Down V\u00e4xj\u00f6&hellip;<\/p>\n","protected":false},"author":3,"featured_media":0,"parent":0,"menu_order":0,"comment_status":"closed","ping_status":"closed","template":"","meta":{"footnotes":""},"class_list":["post-936","page","type-page","status-publish","hentry","description-off"],"yoast_head":"<!-- This site is optimized with the Yoast SEO plugin v27.2 - https:\/\/yoast.com\/product\/yoast-seo-wordpress\/ -->\n<title>BUFFE &amp; BOWLING - Knock &#039;em Down - Upplevelser i v\u00e4rldsklass<\/title>\n<meta name=\"description\" content=\"Knock-buff\u00e9 &amp; Bowling i V\u00e4xj\u00f6. Njut av den h\u00e4rlig knock-buff\u00e9n tillsammans med en timma p\u00e5 bowlingbanorna.\" \/>\n<meta name=\"robots\" content=\"index, follow, max-snippet:-1, max-image-preview:large, max-video-preview:-1\" \/>\n<link rel=\"canonical\" href=\"https:\/\/eventcenter.se\/vaxjo\/paket-1h-aktivitet-vaxjo\/\" \/>\n<meta property=\"og:locale\" content=\"sv_SE\" \/>\n<meta property=\"og:type\" content=\"article\" \/>\n<meta property=\"og:title\" content=\"BUFFE &amp; BOWLING - Knock &#039;em Down - Upplevelser i v\u00e4rldsklass\" \/>\n<meta property=\"og:description\" content=\"Knock-buff\u00e9 &amp; Bowling i V\u00e4xj\u00f6. Njut av den h\u00e4rlig knock-buff\u00e9n tillsammans med en timma p\u00e5 bowlingbanorna.\" \/>\n<meta property=\"og:url\" content=\"https:\/\/eventcenter.se\/vaxjo\/paket-1h-aktivitet-vaxjo\/\" \/>\n<meta property=\"og:site_name\" content=\"Event Center Knock &#039;em Down\" \/>\n<meta property=\"article:modified_time\" content=\"2026-01-02T08:44:13+00:00\" \/>\n<meta property=\"og:image\" content=\"https:\/\/eventcenter.se\/vaxjo\/wp-content\/uploads\/2022\/10\/Boka.jpg\" \/>\n\t<meta property=\"og:image:width\" content=\"384\" \/>\n\t<meta property=\"og:image:height\" content=\"100\" \/>\n\t<meta property=\"og:image:type\" content=\"image\/jpeg\" \/>\n<meta name=\"twitter:card\" content=\"summary_large_image\" \/>\n<meta name=\"twitter:label1\" content=\"Ber\u00e4knad l\u00e4stid\" \/>\n\t<meta name=\"twitter:data1\" content=\"2 minuter\" \/>\n<script type=\"application\/ld+json\" class=\"yoast-schema-graph\">{\"@context\":\"https:\/\/schema.org\",\"@graph\":[{\"@type\":\"WebPage\",\"@id\":\"https:\/\/eventcenter.se\/vaxjo\/paket-1h-aktivitet-vaxjo\/\",\"url\":\"https:\/\/eventcenter.se\/vaxjo\/paket-1h-aktivitet-vaxjo\/\",\"name\":\"BUFFE & BOWLING - Knock 'em Down - Upplevelser i v\u00e4rldsklass\",\"isPartOf\":{\"@id\":\"https:\/\/eventcenter.se\/vaxjo\/#website\"},\"primaryImageOfPage\":{\"@id\":\"https:\/\/eventcenter.se\/vaxjo\/paket-1h-aktivitet-vaxjo\/#primaryimage\"},\"image\":{\"@id\":\"https:\/\/eventcenter.se\/vaxjo\/paket-1h-aktivitet-vaxjo\/#primaryimage\"},\"thumbnailUrl\":\"https:\/\/eventcenter.se\/vaxjo\/wp-content\/uploads\/2022\/10\/Boka.jpg\",\"datePublished\":\"2019-04-12T16:02:24+00:00\",\"dateModified\":\"2026-01-02T08:44:13+00:00\",\"description\":\"Knock-buff\u00e9 & Bowling i V\u00e4xj\u00f6. Njut av den h\u00e4rlig knock-buff\u00e9n tillsammans med en timma p\u00e5 bowlingbanorna.\",\"breadcrumb\":{\"@id\":\"https:\/\/eventcenter.se\/vaxjo\/paket-1h-aktivitet-vaxjo\/#breadcrumb\"},\"inLanguage\":\"sv-SE\",\"potentialAction\":[{\"@type\":\"ReadAction\",\"target\":[\"https:\/\/eventcenter.se\/vaxjo\/paket-1h-aktivitet-vaxjo\/\"]}]},{\"@type\":\"ImageObject\",\"inLanguage\":\"sv-SE\",\"@id\":\"https:\/\/eventcenter.se\/vaxjo\/paket-1h-aktivitet-vaxjo\/#primaryimage\",\"url\":\"https:\/\/eventcenter.se\/vaxjo\/wp-content\/uploads\/2022\/10\/Boka.jpg\",\"contentUrl\":\"https:\/\/eventcenter.se\/vaxjo\/wp-content\/uploads\/2022\/10\/Boka.jpg\",\"width\":384,\"height\":100,\"caption\":\"Boka\"},{\"@type\":\"BreadcrumbList\",\"@id\":\"https:\/\/eventcenter.se\/vaxjo\/paket-1h-aktivitet-vaxjo\/#breadcrumb\",\"itemListElement\":[{\"@type\":\"ListItem\",\"position\":1,\"name\":\"Home\",\"item\":\"https:\/\/eventcenter.se\/vaxjo\/\"},{\"@type\":\"ListItem\",\"position\":2,\"name\":\"BOWLINGPAKET\"}]},{\"@type\":\"WebSite\",\"@id\":\"https:\/\/eventcenter.se\/vaxjo\/#website\",\"url\":\"https:\/\/eventcenter.se\/vaxjo\/\",\"name\":\"Event Center Knock &#039;em Down\",\"description\":\"Ger dig upplevelser i v\u00e4rldsklass\",\"potentialAction\":[{\"@type\":\"SearchAction\",\"target\":{\"@type\":\"EntryPoint\",\"urlTemplate\":\"https:\/\/eventcenter.se\/vaxjo\/?s={search_term_string}\"},\"query-input\":{\"@type\":\"PropertyValueSpecification\",\"valueRequired\":true,\"valueName\":\"search_term_string\"}}],\"inLanguage\":\"sv-SE\"}]}<\/script>\n<!-- \/ Yoast SEO plugin. -->","yoast_head_json":{"title":"BUFFE & BOWLING - Knock 'em Down - Upplevelser i v\u00e4rldsklass","description":"Knock-buff\u00e9 & Bowling i V\u00e4xj\u00f6. Njut av den h\u00e4rlig knock-buff\u00e9n tillsammans med en timma p\u00e5 bowlingbanorna.","robots":{"index":"index","follow":"follow","max-snippet":"max-snippet:-1","max-image-preview":"max-image-preview:large","max-video-preview":"max-video-preview:-1"},"canonical":"https:\/\/eventcenter.se\/vaxjo\/paket-1h-aktivitet-vaxjo\/","og_locale":"sv_SE","og_type":"article","og_title":"BUFFE & BOWLING - Knock 'em Down - Upplevelser i v\u00e4rldsklass","og_description":"Knock-buff\u00e9 & Bowling i V\u00e4xj\u00f6. Njut av den h\u00e4rlig knock-buff\u00e9n tillsammans med en timma p\u00e5 bowlingbanorna.","og_url":"https:\/\/eventcenter.se\/vaxjo\/paket-1h-aktivitet-vaxjo\/","og_site_name":"Event Center Knock &#039;em Down","article_modified_time":"2026-01-02T08:44:13+00:00","og_image":[{"width":384,"height":100,"url":"https:\/\/eventcenter.se\/vaxjo\/wp-content\/uploads\/2022\/10\/Boka.jpg","type":"image\/jpeg"}],"twitter_card":"summary_large_image","twitter_misc":{"Ber\u00e4knad l\u00e4stid":"2 minuter"},"schema":{"@context":"https:\/\/schema.org","@graph":[{"@type":"WebPage","@id":"https:\/\/eventcenter.se\/vaxjo\/paket-1h-aktivitet-vaxjo\/","url":"https:\/\/eventcenter.se\/vaxjo\/paket-1h-aktivitet-vaxjo\/","name":"BUFFE & BOWLING - Knock 'em Down - Upplevelser i v\u00e4rldsklass","isPartOf":{"@id":"https:\/\/eventcenter.se\/vaxjo\/#website"},"primaryImageOfPage":{"@id":"https:\/\/eventcenter.se\/vaxjo\/paket-1h-aktivitet-vaxjo\/#primaryimage"},"image":{"@id":"https:\/\/eventcenter.se\/vaxjo\/paket-1h-aktivitet-vaxjo\/#primaryimage"},"thumbnailUrl":"https:\/\/eventcenter.se\/vaxjo\/wp-content\/uploads\/2022\/10\/Boka.jpg","datePublished":"2019-04-12T16:02:24+00:00","dateModified":"2026-01-02T08:44:13+00:00","description":"Knock-buff\u00e9 & Bowling i V\u00e4xj\u00f6. Njut av den h\u00e4rlig knock-buff\u00e9n tillsammans med en timma p\u00e5 bowlingbanorna.","breadcrumb":{"@id":"https:\/\/eventcenter.se\/vaxjo\/paket-1h-aktivitet-vaxjo\/#breadcrumb"},"inLanguage":"sv-SE","potentialAction":[{"@type":"ReadAction","target":["https:\/\/eventcenter.se\/vaxjo\/paket-1h-aktivitet-vaxjo\/"]}]},{"@type":"ImageObject","inLanguage":"sv-SE","@id":"https:\/\/eventcenter.se\/vaxjo\/paket-1h-aktivitet-vaxjo\/#primaryimage","url":"https:\/\/eventcenter.se\/vaxjo\/wp-content\/uploads\/2022\/10\/Boka.jpg","contentUrl":"https:\/\/eventcenter.se\/vaxjo\/wp-content\/uploads\/2022\/10\/Boka.jpg","width":384,"height":100,"caption":"Boka"},{"@type":"BreadcrumbList","@id":"https:\/\/eventcenter.se\/vaxjo\/paket-1h-aktivitet-vaxjo\/#breadcrumb","itemListElement":[{"@type":"ListItem","position":1,"name":"Home","item":"https:\/\/eventcenter.se\/vaxjo\/"},{"@type":"ListItem","position":2,"name":"BOWLINGPAKET"}]},{"@type":"WebSite","@id":"https:\/\/eventcenter.se\/vaxjo\/#website","url":"https:\/\/eventcenter.se\/vaxjo\/","name":"Event Center Knock &#039;em Down","description":"Ger dig upplevelser i v\u00e4rldsklass","potentialAction":[{"@type":"SearchAction","target":{"@type":"EntryPoint","urlTemplate":"https:\/\/eventcenter.se\/vaxjo\/?s={search_term_string}"},"query-input":{"@type":"PropertyValueSpecification","valueRequired":true,"valueName":"search_term_string"}}],"inLanguage":"sv-SE"}]}},"_links":{"self":[{"href":"https:\/\/eventcenter.se\/vaxjo\/wp-json\/wp\/v2\/pages\/936","targetHints":{"allow":["GET"]}}],"collection":[{"href":"https:\/\/eventcenter.se\/vaxjo\/wp-json\/wp\/v2\/pages"}],"about":[{"href":"https:\/\/eventcenter.se\/vaxjo\/wp-json\/wp\/v2\/types\/page"}],"author":[{"embeddable":true,"href":"https:\/\/eventcenter.se\/vaxjo\/wp-json\/wp\/v2\/users\/3"}],"replies":[{"embeddable":true,"href":"https:\/\/eventcenter.se\/vaxjo\/wp-json\/wp\/v2\/comments?post=936"}],"version-history":[{"count":30,"href":"https:\/\/eventcenter.se\/vaxjo\/wp-json\/wp\/v2\/pages\/936\/revisions"}],"predecessor-version":[{"id":6137,"href":"https:\/\/eventcenter.se\/vaxjo\/wp-json\/wp\/v2\/pages\/936\/revisions\/6137"}],"wp:attachment":[{"href":"https:\/\/eventcenter.se\/vaxjo\/wp-json\/wp\/v2\/media?parent=936"}],"curies":[{"name":"wp","href":"https:\/\/api.w.org\/{rel}","templated":true}]}}