{"id":952,"date":"2019-04-13T07:23:42","date_gmt":"2019-04-13T07:23:42","guid":{"rendered":"https:\/\/eventcenter.se\/vaxjo\/?page_id=952"},"modified":"2026-01-02T09:05:45","modified_gmt":"2026-01-02T08:05:45","slug":"shuffleboard-vaxjo","status":"publish","type":"page","link":"https:\/\/eventcenter.se\/vaxjo\/shuffleboard-vaxjo\/","title":{"rendered":"SHUFFLEBOARD"},"content":{"rendered":"<div class=\"wpb-content-wrapper\"><p>[vc_row full_width=&#8221;stretch_row&#8221; content_placement=&#8221;top&#8221; bg_type=&#8221;image&#8221; css=&#8221;.vc_custom_1556649962667{padding-top: 250px !important;padding-bottom: 250px !important;background-image: url(https:\/\/eventcenter.se\/vaxjo\/wp-content\/uploads\/2019\/04\/Shuffleboard-1920-500.jpg?id=1594) !important;}&#8221; el_class=&#8221;vc_hidden-xs&#8221;][vc_column offset=&#8221;vc_hidden-xs&#8221;][\/vc_column][\/vc_row][vc_row full_width=&#8221;stretch_row_content&#8221; content_placement=&#8221;top&#8221; bg_type=&#8221;image&#8221; css=&#8221;.vc_custom_1556649739055{padding-top: 450px !important;padding-bottom: 0px !important;background-image: url(https:\/\/eventcenter.se\/vaxjo\/wp-content\/uploads\/2019\/04\/Shuffle-800-1185.jpg?id=1583) !important;}&#8221; el_class=&#8221;vc_hidden-lg vc_hidden-md vc_hidden-sm&#8221;][vc_column offset=&#8221;vc_hidden-xs&#8221;][\/vc_column][\/vc_row][vc_row bg_type=&#8221;image&#8221; parallax_style=&#8221;vcpb-default&#8221; bg_image_new=&#8221;id^1247|url^https:\/\/eventcenter.se\/vaxjo\/wp-content\/uploads\/2019\/04\/menu-bg5.jpg|caption^Event Center Knock em Down V\u00e4xj\u00f6 Restaurang Bowling Boule Biljard Background Event Center V\u00e4xj\u00f6 Restaurang Bowling Boule Biljard Knock em Down|alt^Event Center Knock em Down V\u00e4xj\u00f6 Restaurang Bowling Boule Biljard Background Event Center V\u00e4xj\u00f6 Restaurang Bowling Boule Biljard Knock em Down The Challenge 3-kamp eventcenter|title^Event Center Knock em Down V\u00e4xj\u00f6 Restaurang Bowling Boule Biljard Background Event Center V\u00e4xj\u00f6 Restaurang Bowling Boule Biljard Knock em Down|description^Event Center Knock em Down V\u00e4xj\u00f6 Restaurang Bowling Boule Biljard Background Event Center V\u00e4xj\u00f6 Restaurang Bowling Boule Biljard Knock em Down&#8221; bg_image_size=&#8221;initial&#8221; css=&#8221;.vc_custom_1555771562656{margin-top: -40px !important;margin-right: 0px !important;margin-left: 0px !important;background-color: #ffffff !important;background-position: 0 0 !important;background-repeat: repeat !important;}&#8221; el_class=&#8221;pinklft shadow zindexed&#8221;][vc_column width=&#8221;2\/3&#8243; css=&#8221;.vc_custom_1554197063644{padding-top: 10px !important;padding-bottom: 0px !important;padding-left: 44px !important;}&#8221;][vc_column_text css=&#8221;.vc_custom_1767341143008{padding-top: 10px !important;}&#8221;]<\/p>\n<h1><span style=\"color: #cca402;\"><strong>Shuffleboard V\u00e4xj\u00f6<\/strong><\/span><\/h1>\n<p><strong>\u201dBowling \u00e4r kul men vill du ha riktigt roligt s\u00e5 ska du testa v\u00e5ra sju meter l\u00e5nga sk\u00f6nheter\u201d<\/strong><\/p>\n<p>329 kr bana\/h<br \/>\n429 kr bana\/h <em>fre-l\u00f6r (g\u00e4ller \u00e4ven helgdagar)<\/em><\/p>\n<p><em>*Game Night 50% rabatt g\u00e4ller p\u00e5 denna aktivitet fr\u00e5n kl.23<\/em><\/p>\n<p><a href=\"https:\/\/knockvaxjo.bokad.se\/s\/4\"><img loading=\"lazy\" decoding=\"async\" class=\"alignnone wp-image-4635 size-full\" src=\"https:\/\/eventcenter.se\/vaxjo\/wp-content\/uploads\/2022\/11\/Boka-shuffleboard.jpg\" alt=\"Boka shuffleboard\" width=\"960\" height=\"540\" srcset=\"https:\/\/eventcenter.se\/vaxjo\/wp-content\/uploads\/2022\/11\/Boka-shuffleboard.jpg 960w, https:\/\/eventcenter.se\/vaxjo\/wp-content\/uploads\/2022\/11\/Boka-shuffleboard-300x169.jpg 300w, https:\/\/eventcenter.se\/vaxjo\/wp-content\/uploads\/2022\/11\/Boka-shuffleboard-768x432.jpg 768w\" sizes=\"auto, (max-width: 960px) 100vw, 960px\" \/><\/a><\/p>\n<p>\u200bShuffleboard \u00e4r ett gammalt klassiskt spel som h\u00e4rstammar fr\u00e5n 1500-talets England och har sedan vidareutvecklats i Amerika. Spelet kan ses som en blandning mellan curling och ett gigantiskt \u201dfia med knuff\u201d. Det \u00e4r enkelt att komma ig\u00e5ng och spelet passar utm\u00e4rkt f\u00f6r kompisg\u00e4nget eller kollegorna. Vi rekommenderar 2-6 personer per bord men det g\u00e5r att vara \u00e4nda upp till 8 personer. V\u00e5ra fem shuffleboard i V\u00e4xj\u00f6 \u00e4r amerikanska Hudson-bord av marknadens finaste kvalitet. Testa sj\u00e4lv s\u00e5 f\u00e5r du k\u00e4nna skillnaden i b\u00e5de spelupplevelse och k\u00e4nsla!<\/p>\n<p>Varning beroendeframkallande och Knock \u2019em Down avs\u00e4ger sig ansvaret om du fastnar!<\/p>\n<p><a href=\"https:\/\/eventcenter.se\/vaxjo\/wp-content\/uploads\/2025\/11\/Shuffleboard.jpg\"><img loading=\"lazy\" decoding=\"async\" class=\"alignnone wp-image-6051 size-full\" src=\"https:\/\/eventcenter.se\/vaxjo\/wp-content\/uploads\/2025\/11\/Shuffleboard.jpg\" alt=\"Shuflleboard Vaxjo\" width=\"960\" height=\"540\" srcset=\"https:\/\/eventcenter.se\/vaxjo\/wp-content\/uploads\/2025\/11\/Shuffleboard.jpg 960w, https:\/\/eventcenter.se\/vaxjo\/wp-content\/uploads\/2025\/11\/Shuffleboard-300x169.jpg 300w, https:\/\/eventcenter.se\/vaxjo\/wp-content\/uploads\/2025\/11\/Shuffleboard-768x432.jpg 768w\" sizes=\"auto, (max-width: 960px) 100vw, 960px\" \/><\/a><\/p>\n<p><em>Event Center Knock \u2019em Down \u00e4r V\u00e4xj\u00f6s Event- &amp; N\u00f6jescenter. Kombinera g\u00e4rna din tid hos oss med <a href=\"https:\/\/eventcenter.se\/vaxjo\/restaurang-vaxjo\/\">mat<\/a>,\u00a0<a href=\"https:\/\/eventcenter.se\/vaxjo\/aktiviteter-vaxjo\/\">fler aktiviteter<\/a>\u00a0och v\u00e5ra uppskattade\u00a0<a href=\"https:\/\/eventcenter.se\/vaxjo\/kamper-paket\/\">kamper &amp; paket<\/a><\/em>[\/vc_column_text][vc_empty_space height=&#8221;20px&#8221;][\/vc_column][vc_column width=&#8221;1\/3&#8243; css=&#8221;.vc_custom_1555771572697{margin-left: 22px !important;padding-top: 17px !important;padding-right: 10px !important;padding-bottom: 25px !important;}&#8221;]<style type=\"text\/css\" data-type=\"the7_shortcodes-inline-css\">#default-btn-eca05ff39cb90b7827c7cf5e4af67c66 {\n  border-radius: 1px;\n  font-size: 14px;\n  line-height: 16px;\n}\n.btn-shadow#default-btn-eca05ff39cb90b7827c7cf5e4af67c66 {\n  box-shadow: 0 1px 6px rgba(0,0,0,0.12);\n  transition: box-shadow 0.2s ease-out, opacity 0.45s;\n}\n.btn-shadow#default-btn-eca05ff39cb90b7827c7cf5e4af67c66:hover {\n  box-shadow: 0 5px 11px 0 rgba(0,0,0,0.18), 0 4px 15px 0 rgba(0,0,0,0.15);\n}\n.btn-3d#default-btn-eca05ff39cb90b7827c7cf5e4af67c66 {\n  box-shadow: 0px 2px 0px 0px #816b10;\n}\n.btn-3d#default-btn-eca05ff39cb90b7827c7cf5e4af67c66:hover {\n  box-shadow: 0px 2px 0px 0px #816b10;\n}\n.btn-flat#default-btn-eca05ff39cb90b7827c7cf5e4af67c66 {\n  box-shadow: none;\n}\n.btn-flat#default-btn-eca05ff39cb90b7827c7cf5e4af67c66:hover {\n  box-shadow: none;\n}\n#default-btn-eca05ff39cb90b7827c7cf5e4af67c66.ico-right-side > i {\n  margin-right: 0px;\n  margin-left: 8px;\n}\n#default-btn-eca05ff39cb90b7827c7cf5e4af67c66 > i {\n  margin-right: 8px;\n  font-size: 14px;\n}\n#default-btn-eca05ff39cb90b7827c7cf5e4af67c66:not(:hover) {\n  border-width: 0px;\n  color: #000000;\n  background: #cca402 !important;\n  padding: 12px 18px 12px 18px;\n}\n#default-btn-eca05ff39cb90b7827c7cf5e4af67c66:not(:hover) * {\n  color: #000000;\n}\n#default-btn-eca05ff39cb90b7827c7cf5e4af67c66:hover {\n  border-width: 0px;\n  background: #cca402 !important;\n  padding: 12px 18px 12px 18px;\n}\n#default-btn-eca05ff39cb90b7827c7cf5e4af67c66.ico-right-side > i {\n  margin-right: 0px;\n  margin-left: 8px;\n}\n#default-btn-eca05ff39cb90b7827c7cf5e4af67c66 > i {\n  margin-right: 8px;\n}<\/style><a href=\"https:\/\/knockvaxjo.bokad.se\/s\/4\" class=\"default-btn-shortcode dt-btn rubberBand animate-element animation-builder link-hover-off btn-inline-left btn-flat  vc_custom_1668610279688\" target=\"_blank\" id=\"default-btn-eca05ff39cb90b7827c7cf5e4af67c66\" style=\"width:265px;\" rel=\"noopener\"><span>Boka nu<\/span><\/a>[vc_column_text css=&#8221;.vc_custom_1578047425807{padding-top: 10px !important;}&#8221;]<span style=\"color: #999999;\">Eller kontakta oss via 0470-122 22 <\/span><a href=\"mailto:vaxjo@eventcenter.se\"><span style=\"color: #999999;\">vaxjo@eventcenter.se<\/span><\/a>[\/vc_column_text][vc_empty_space height=&#8221;20px&#8221;][vc_single_image image=&#8221;588&#8243; img_size=&#8221;full&#8221; css=&#8221;.vc_custom_1555771579493{padding-right: 50px !important;}&#8221; image_hovers=&#8221;false&#8221;][\/vc_column][\/vc_row][vc_row disable_element=&#8221;yes&#8221; el_class=&#8221;teaserbx vc_hidden-lg vc_hidden-md vc_hidden-sm&#8221;][vc_column width=&#8221;1\/2&#8243;][\/vc_column][\/vc_row][vc_row][vc_column][vc_empty_space height=&#8221;00px&#8221;][\/vc_column][\/vc_row]<\/p>\n<\/div>","protected":false},"excerpt":{"rendered":"<p>[vc_row full_width=&#8221;stretch_row&#8221; content_placement=&#8221;top&#8221; bg_type=&#8221;image&#8221; css=&#8221;.vc_custom_1556649962667{padding-top: 250px !important;padding-bottom: 250px !important;background-image: url(https:\/\/eventcenter.se\/vaxjo\/wp-content\/uploads\/2019\/04\/Shuffleboard-1920-500.jpg?id=1594) !important;}&#8221; el_class=&#8221;vc_hidden-xs&#8221;][vc_column offset=&#8221;vc_hidden-xs&#8221;][\/vc_column][\/vc_row][vc_row full_width=&#8221;stretch_row_content&#8221; content_placement=&#8221;top&#8221; bg_type=&#8221;image&#8221; css=&#8221;.vc_custom_1556649739055{padding-top: 450px !important;padding-bottom: 0px !important;background-image: url(https:\/\/eventcenter.se\/vaxjo\/wp-content\/uploads\/2019\/04\/Shuffle-800-1185.jpg?id=1583) !important;}&#8221; el_class=&#8221;vc_hidden-lg vc_hidden-md vc_hidden-sm&#8221;][vc_column offset=&#8221;vc_hidden-xs&#8221;][\/vc_column][\/vc_row][vc_row bg_type=&#8221;image&#8221; parallax_style=&#8221;vcpb-default&#8221; bg_image_new=&#8221;id^1247|url^https:\/\/eventcenter.se\/vaxjo\/wp-content\/uploads\/2019\/04\/menu-bg5.jpg|caption^Event Center Knock em Down V\u00e4xj\u00f6 Restaurang Bowling Boule Biljard Background Event Center V\u00e4xj\u00f6 Restaurang Bowling Boule Biljard Knock em Down|alt^Event Center Knock em Down V\u00e4xj\u00f6&hellip;<\/p>\n","protected":false},"author":3,"featured_media":0,"parent":0,"menu_order":0,"comment_status":"closed","ping_status":"closed","template":"","meta":{"footnotes":""},"class_list":["post-952","page","type-page","status-publish","hentry","description-off"],"yoast_head":"<!-- This site is optimized with the Yoast SEO plugin v27.2 - https:\/\/yoast.com\/product\/yoast-seo-wordpress\/ -->\n<title>SHUFFLEBOARD V\u00c4XJ\u00d6 - Knock &#039;em Down - Upplevelser i v\u00e4rldsklass<\/title>\n<meta name=\"description\" content=\"Shuffleboard V\u00e4xj\u00f6. Bowling och boule \u00e4r kul men vill du ha riktigt roligt s\u00e5 ska du testa v\u00e5ra sju meter l\u00e5nga sk\u00f6nheter!\" \/>\n<meta name=\"robots\" content=\"index, follow, max-snippet:-1, max-image-preview:large, max-video-preview:-1\" \/>\n<link rel=\"canonical\" href=\"https:\/\/eventcenter.se\/vaxjo\/shuffleboard-vaxjo\/\" \/>\n<meta property=\"og:locale\" content=\"sv_SE\" \/>\n<meta property=\"og:type\" content=\"article\" \/>\n<meta property=\"og:title\" content=\"SHUFFLEBOARD V\u00c4XJ\u00d6 - Knock &#039;em Down - Upplevelser i v\u00e4rldsklass\" \/>\n<meta property=\"og:description\" content=\"Shuffleboard V\u00e4xj\u00f6. Bowling och boule \u00e4r kul men vill du ha riktigt roligt s\u00e5 ska du testa v\u00e5ra sju meter l\u00e5nga sk\u00f6nheter!\" \/>\n<meta property=\"og:url\" content=\"https:\/\/eventcenter.se\/vaxjo\/shuffleboard-vaxjo\/\" \/>\n<meta property=\"og:site_name\" content=\"Event Center Knock &#039;em Down\" \/>\n<meta property=\"article:modified_time\" content=\"2026-01-02T08:05:45+00:00\" \/>\n<meta property=\"og:image\" content=\"https:\/\/eventcenter.se\/vaxjo\/wp-content\/uploads\/2022\/11\/Boka-shuffleboard.jpg\" \/>\n\t<meta property=\"og:image:width\" content=\"960\" \/>\n\t<meta property=\"og:image:height\" content=\"540\" \/>\n\t<meta property=\"og:image:type\" content=\"image\/jpeg\" \/>\n<meta name=\"twitter:card\" content=\"summary_large_image\" \/>\n<meta name=\"twitter:label1\" content=\"Ber\u00e4knad l\u00e4stid\" \/>\n\t<meta name=\"twitter:data1\" content=\"3 minuter\" \/>\n<script type=\"application\/ld+json\" class=\"yoast-schema-graph\">{\"@context\":\"https:\/\/schema.org\",\"@graph\":[{\"@type\":\"WebPage\",\"@id\":\"https:\/\/eventcenter.se\/vaxjo\/shuffleboard-vaxjo\/\",\"url\":\"https:\/\/eventcenter.se\/vaxjo\/shuffleboard-vaxjo\/\",\"name\":\"SHUFFLEBOARD V\u00c4XJ\u00d6 - Knock 'em Down - Upplevelser i v\u00e4rldsklass\",\"isPartOf\":{\"@id\":\"https:\/\/eventcenter.se\/vaxjo\/#website\"},\"primaryImageOfPage\":{\"@id\":\"https:\/\/eventcenter.se\/vaxjo\/shuffleboard-vaxjo\/#primaryimage\"},\"image\":{\"@id\":\"https:\/\/eventcenter.se\/vaxjo\/shuffleboard-vaxjo\/#primaryimage\"},\"thumbnailUrl\":\"https:\/\/eventcenter.se\/vaxjo\/wp-content\/uploads\/2022\/11\/Boka-shuffleboard.jpg\",\"datePublished\":\"2019-04-13T07:23:42+00:00\",\"dateModified\":\"2026-01-02T08:05:45+00:00\",\"description\":\"Shuffleboard V\u00e4xj\u00f6. Bowling och boule \u00e4r kul men vill du ha riktigt roligt s\u00e5 ska du testa v\u00e5ra sju meter l\u00e5nga sk\u00f6nheter!\",\"breadcrumb\":{\"@id\":\"https:\/\/eventcenter.se\/vaxjo\/shuffleboard-vaxjo\/#breadcrumb\"},\"inLanguage\":\"sv-SE\",\"potentialAction\":[{\"@type\":\"ReadAction\",\"target\":[\"https:\/\/eventcenter.se\/vaxjo\/shuffleboard-vaxjo\/\"]}]},{\"@type\":\"ImageObject\",\"inLanguage\":\"sv-SE\",\"@id\":\"https:\/\/eventcenter.se\/vaxjo\/shuffleboard-vaxjo\/#primaryimage\",\"url\":\"https:\/\/eventcenter.se\/vaxjo\/wp-content\/uploads\/2022\/11\/Boka-shuffleboard.jpg\",\"contentUrl\":\"https:\/\/eventcenter.se\/vaxjo\/wp-content\/uploads\/2022\/11\/Boka-shuffleboard.jpg\",\"width\":960,\"height\":540,\"caption\":\"Boka shuffleboard\"},{\"@type\":\"BreadcrumbList\",\"@id\":\"https:\/\/eventcenter.se\/vaxjo\/shuffleboard-vaxjo\/#breadcrumb\",\"itemListElement\":[{\"@type\":\"ListItem\",\"position\":1,\"name\":\"Home\",\"item\":\"https:\/\/eventcenter.se\/vaxjo\/\"},{\"@type\":\"ListItem\",\"position\":2,\"name\":\"SHUFFLEBOARD\"}]},{\"@type\":\"WebSite\",\"@id\":\"https:\/\/eventcenter.se\/vaxjo\/#website\",\"url\":\"https:\/\/eventcenter.se\/vaxjo\/\",\"name\":\"Event Center Knock &#039;em Down\",\"description\":\"Ger dig upplevelser i v\u00e4rldsklass\",\"potentialAction\":[{\"@type\":\"SearchAction\",\"target\":{\"@type\":\"EntryPoint\",\"urlTemplate\":\"https:\/\/eventcenter.se\/vaxjo\/?s={search_term_string}\"},\"query-input\":{\"@type\":\"PropertyValueSpecification\",\"valueRequired\":true,\"valueName\":\"search_term_string\"}}],\"inLanguage\":\"sv-SE\"}]}<\/script>\n<!-- \/ Yoast SEO plugin. -->","yoast_head_json":{"title":"SHUFFLEBOARD V\u00c4XJ\u00d6 - Knock 'em Down - Upplevelser i v\u00e4rldsklass","description":"Shuffleboard V\u00e4xj\u00f6. Bowling och boule \u00e4r kul men vill du ha riktigt roligt s\u00e5 ska du testa v\u00e5ra sju meter l\u00e5nga sk\u00f6nheter!","robots":{"index":"index","follow":"follow","max-snippet":"max-snippet:-1","max-image-preview":"max-image-preview:large","max-video-preview":"max-video-preview:-1"},"canonical":"https:\/\/eventcenter.se\/vaxjo\/shuffleboard-vaxjo\/","og_locale":"sv_SE","og_type":"article","og_title":"SHUFFLEBOARD V\u00c4XJ\u00d6 - Knock 'em Down - Upplevelser i v\u00e4rldsklass","og_description":"Shuffleboard V\u00e4xj\u00f6. Bowling och boule \u00e4r kul men vill du ha riktigt roligt s\u00e5 ska du testa v\u00e5ra sju meter l\u00e5nga sk\u00f6nheter!","og_url":"https:\/\/eventcenter.se\/vaxjo\/shuffleboard-vaxjo\/","og_site_name":"Event Center Knock &#039;em Down","article_modified_time":"2026-01-02T08:05:45+00:00","og_image":[{"width":960,"height":540,"url":"https:\/\/eventcenter.se\/vaxjo\/wp-content\/uploads\/2022\/11\/Boka-shuffleboard.jpg","type":"image\/jpeg"}],"twitter_card":"summary_large_image","twitter_misc":{"Ber\u00e4knad l\u00e4stid":"3 minuter"},"schema":{"@context":"https:\/\/schema.org","@graph":[{"@type":"WebPage","@id":"https:\/\/eventcenter.se\/vaxjo\/shuffleboard-vaxjo\/","url":"https:\/\/eventcenter.se\/vaxjo\/shuffleboard-vaxjo\/","name":"SHUFFLEBOARD V\u00c4XJ\u00d6 - Knock 'em Down - Upplevelser i v\u00e4rldsklass","isPartOf":{"@id":"https:\/\/eventcenter.se\/vaxjo\/#website"},"primaryImageOfPage":{"@id":"https:\/\/eventcenter.se\/vaxjo\/shuffleboard-vaxjo\/#primaryimage"},"image":{"@id":"https:\/\/eventcenter.se\/vaxjo\/shuffleboard-vaxjo\/#primaryimage"},"thumbnailUrl":"https:\/\/eventcenter.se\/vaxjo\/wp-content\/uploads\/2022\/11\/Boka-shuffleboard.jpg","datePublished":"2019-04-13T07:23:42+00:00","dateModified":"2026-01-02T08:05:45+00:00","description":"Shuffleboard V\u00e4xj\u00f6. Bowling och boule \u00e4r kul men vill du ha riktigt roligt s\u00e5 ska du testa v\u00e5ra sju meter l\u00e5nga sk\u00f6nheter!","breadcrumb":{"@id":"https:\/\/eventcenter.se\/vaxjo\/shuffleboard-vaxjo\/#breadcrumb"},"inLanguage":"sv-SE","potentialAction":[{"@type":"ReadAction","target":["https:\/\/eventcenter.se\/vaxjo\/shuffleboard-vaxjo\/"]}]},{"@type":"ImageObject","inLanguage":"sv-SE","@id":"https:\/\/eventcenter.se\/vaxjo\/shuffleboard-vaxjo\/#primaryimage","url":"https:\/\/eventcenter.se\/vaxjo\/wp-content\/uploads\/2022\/11\/Boka-shuffleboard.jpg","contentUrl":"https:\/\/eventcenter.se\/vaxjo\/wp-content\/uploads\/2022\/11\/Boka-shuffleboard.jpg","width":960,"height":540,"caption":"Boka shuffleboard"},{"@type":"BreadcrumbList","@id":"https:\/\/eventcenter.se\/vaxjo\/shuffleboard-vaxjo\/#breadcrumb","itemListElement":[{"@type":"ListItem","position":1,"name":"Home","item":"https:\/\/eventcenter.se\/vaxjo\/"},{"@type":"ListItem","position":2,"name":"SHUFFLEBOARD"}]},{"@type":"WebSite","@id":"https:\/\/eventcenter.se\/vaxjo\/#website","url":"https:\/\/eventcenter.se\/vaxjo\/","name":"Event Center Knock &#039;em Down","description":"Ger dig upplevelser i v\u00e4rldsklass","potentialAction":[{"@type":"SearchAction","target":{"@type":"EntryPoint","urlTemplate":"https:\/\/eventcenter.se\/vaxjo\/?s={search_term_string}"},"query-input":{"@type":"PropertyValueSpecification","valueRequired":true,"valueName":"search_term_string"}}],"inLanguage":"sv-SE"}]}},"_links":{"self":[{"href":"https:\/\/eventcenter.se\/vaxjo\/wp-json\/wp\/v2\/pages\/952","targetHints":{"allow":["GET"]}}],"collection":[{"href":"https:\/\/eventcenter.se\/vaxjo\/wp-json\/wp\/v2\/pages"}],"about":[{"href":"https:\/\/eventcenter.se\/vaxjo\/wp-json\/wp\/v2\/types\/page"}],"author":[{"embeddable":true,"href":"https:\/\/eventcenter.se\/vaxjo\/wp-json\/wp\/v2\/users\/3"}],"replies":[{"embeddable":true,"href":"https:\/\/eventcenter.se\/vaxjo\/wp-json\/wp\/v2\/comments?post=952"}],"version-history":[{"count":16,"href":"https:\/\/eventcenter.se\/vaxjo\/wp-json\/wp\/v2\/pages\/952\/revisions"}],"predecessor-version":[{"id":6130,"href":"https:\/\/eventcenter.se\/vaxjo\/wp-json\/wp\/v2\/pages\/952\/revisions\/6130"}],"wp:attachment":[{"href":"https:\/\/eventcenter.se\/vaxjo\/wp-json\/wp\/v2\/media?parent=952"}],"curies":[{"name":"wp","href":"https:\/\/api.w.org\/{rel}","templated":true}]}}