{"id":954,"date":"2019-04-13T07:24:16","date_gmt":"2019-04-13T07:24:16","guid":{"rendered":"https:\/\/eventcenter.se\/vaxjo\/?page_id=954"},"modified":"2025-11-27T11:48:50","modified_gmt":"2025-11-27T10:48:50","slug":"the-challenge-vaxjo","status":"publish","type":"page","link":"https:\/\/eventcenter.se\/vaxjo\/the-challenge-vaxjo\/","title":{"rendered":"THE CHALLENGE"},"content":{"rendered":"<div class=\"wpb-content-wrapper\"><p>[vc_row full_width=&#8221;stretch_row&#8221; content_placement=&#8221;top&#8221; bg_type=&#8221;image&#8221; css=&#8221;.vc_custom_1649079134194{padding-top: 250px !important;padding-bottom: 250px !important;background-image: url(https:\/\/eventcenter.se\/vaxjo\/wp-content\/uploads\/2022\/04\/The-Bomb.jpg?id=4408) !important;}&#8221; el_class=&#8221;vc_hidden-xs&#8221;][vc_column offset=&#8221;vc_hidden-xs&#8221;][\/vc_column][\/vc_row][vc_row full_width=&#8221;stretch_row_content&#8221; content_placement=&#8221;top&#8221; bg_type=&#8221;image&#8221; css=&#8221;.vc_custom_1747298197630{padding-top: 450px !important;padding-bottom: 0px !important;background-image: url(https:\/\/eventcenter.se\/vaxjo\/wp-content\/uploads\/2025\/05\/The-Box.jpg?id=5813) !important;}&#8221; el_class=&#8221;vc_hidden-lg vc_hidden-md vc_hidden-sm&#8221;][vc_column offset=&#8221;vc_hidden-xs&#8221;][\/vc_column][\/vc_row][vc_row bg_type=&#8221;image&#8221; parallax_style=&#8221;vcpb-default&#8221; bg_image_new=&#8221;id^1247|url^https:\/\/eventcenter.se\/vaxjo\/wp-content\/uploads\/2019\/04\/menu-bg5.jpg|caption^Event Center Knock em Down V\u00e4xj\u00f6 Restaurang Bowling Boule Biljard Background Event Center V\u00e4xj\u00f6 Restaurang Bowling Boule Biljard Knock em Down|alt^Event Center Knock em Down V\u00e4xj\u00f6 Restaurang Bowling Boule Biljard Background Event Center V\u00e4xj\u00f6 Restaurang Bowling Boule Biljard Knock em Down The Challenge 3-kamp eventcenter|title^Event Center Knock em Down V\u00e4xj\u00f6 Restaurang Bowling Boule Biljard Background Event Center V\u00e4xj\u00f6 Restaurang Bowling Boule Biljard Knock em Down|description^Event Center Knock em Down V\u00e4xj\u00f6 Restaurang Bowling Boule Biljard Background Event Center V\u00e4xj\u00f6 Restaurang Bowling Boule Biljard Knock em Down&#8221; bg_image_size=&#8221;initial&#8221; css=&#8221;.vc_custom_1555771077405{margin-top: -40px !important;margin-right: 0px !important;margin-left: 0px !important;background-color: #ffffff !important;background-position: 0 0 !important;background-repeat: repeat !important;}&#8221; el_class=&#8221;pinklft shadow zindexed&#8221;][vc_column width=&#8221;2\/3&#8243; css=&#8221;.vc_custom_1554197063644{padding-top: 10px !important;padding-bottom: 0px !important;padding-left: 44px !important;}&#8221;][vc_empty_space height=&#8221;20px&#8221;][vc_column_text css=&#8221;.vc_custom_1764240529113{padding-top: 10px !important;}&#8221;]<\/p>\n<h1><span style=\"color: #cca402;\"><strong>The Challenge<\/strong><\/span><\/h1>\n<p data-start=\"409\" data-end=\"710\"><strong>Det h\u00e4r \u00e4r aktiviteten som f\u00e5tt h\u00f6gst betyg av v\u00e5ra g\u00e4ster \u2013 och det med all r\u00e4tt. The Challenge best\u00e5r av 10 sp\u00e4nnande actionrum d\u00e4r ditt lag ska samla s\u00e5 m\u00e5nga po\u00e4ng som m\u00f6jligt innan tiden rinner ut.<\/strong><\/p>\n<p><a href=\"https:\/\/knockvaxjo.bokad.se\/s\/2\"><img loading=\"lazy\" decoding=\"async\" class=\"alignnone size-full wp-image-4646\" src=\"https:\/\/eventcenter.se\/vaxjo\/wp-content\/uploads\/2022\/11\/Boka-The-Challenge.jpg\" alt=\"Boka The Challenge\" width=\"960\" height=\"540\" srcset=\"https:\/\/eventcenter.se\/vaxjo\/wp-content\/uploads\/2022\/11\/Boka-The-Challenge.jpg 960w, https:\/\/eventcenter.se\/vaxjo\/wp-content\/uploads\/2022\/11\/Boka-The-Challenge-300x169.jpg 300w, https:\/\/eventcenter.se\/vaxjo\/wp-content\/uploads\/2022\/11\/Boka-The-Challenge-768x432.jpg 768w\" sizes=\"auto, (max-width: 960px) 100vw, 960px\" \/><\/a><\/p>\n<p>Varje rum bjuder p\u00e5 en unik utmaning som tr\u00e4nar samarbete, kommunikation och probleml\u00f6sning \u2013 h\u00e4r g\u00e4ller det att anv\u00e4nda b\u00e5de huvudet och kroppen! Aktiviteten passar alla fr\u00e5n 10 \u00e5r och upp\u00e5t och \u00e4r inte s\u00e4rskilt fysiskt kr\u00e4vande, vilket g\u00f6r den perfekt f\u00f6r b\u00e5de v\u00e4nner, familj och kollegor. <strong>Vi utvecklar och uppgraderar st\u00e4ndigt upplevelsen<\/strong> \u2013 och nu har vi fyllt p\u00e5 med nya, sp\u00e4nnande inslag:<\/p>\n<p class=\"\" data-start=\"895\" data-end=\"1083\">\ud83d\udd38 <strong data-start=\"898\" data-end=\"909\">The Box<\/strong> \u2013 En helt ny typ av utmaning d\u00e4r kreativitet och probleml\u00f6sning st\u00e5r i centrum. Ett intensivt samarbete kr\u00e4vs f\u00f6r att hitta ledtr\u00e5dar och l\u00f6sa rummet innan tiden tar slut.<\/p>\n<p class=\"\" data-start=\"1085\" data-end=\"1251\">\ud83d\udd38 <strong data-start=\"1088\" data-end=\"1102\">Crazy Hunt<\/strong> \u2013 F\u00f6r action\u00e4lskare! Nu med uppgraderad teknik och coola pistoler f\u00f6r en nostalgisk och fartfylld upplevelse d\u00e4r snabbhet och precision ger po\u00e4ng.<\/p>\n<p class=\"\" data-start=\"1253\" data-end=\"1437\"><strong data-start=\"1253\" data-end=\"1291\">Det h\u00e4r v\u00e4ntar er i The Challenge:<\/strong><br data-start=\"1291\" data-end=\"1294\" \/>&#8211; 10 unika actionrum med varierande utmaningar<br data-start=\"258\" data-end=\"261\" \/>&#8211; Utformat f\u00f6r samarbete och probleml\u00f6sning under tidspress<br data-start=\"339\" data-end=\"342\" \/>&#8211; 60 minuter fyllda av sp\u00e4nning, skratt och t\u00e4vlingsk\u00e4nsla<\/p>\n<p><strong>249 kr per person <\/strong>(ett lag best\u00e5r av 2-5 personer)<\/p>\n<p>149 kr f\u00f6r barn upp till 12 \u00e5r. Fr\u00e5n 8 \u00e5r med minst en vuxen per lag.[\/vc_column_text][vc_video link=&#8221;https:\/\/youtu.be\/Q1VrEIYNbD8&#8243; css=&#8221;&#8221;][vc_column_text css=&#8221;&#8221;]<em>Event Center Knock \u2019em Down \u00e4r V\u00e4xj\u00f6s Event- &amp; N\u00f6jescenter. Kombinera g\u00e4rna din tid hos oss med <a href=\"https:\/\/eventcenter.se\/vaxjo\/restaurang-vaxjo\/\">mat<\/a>,\u00a0<a href=\"https:\/\/eventcenter.se\/vaxjo\/aktiviteter-vaxjo\/\">fler aktiviteter<\/a>\u00a0och v\u00e5ra uppskattade\u00a0<a href=\"https:\/\/eventcenter.se\/vaxjo\/kamper-paket\/\">kamper &amp; paket<\/a>.<\/em>[\/vc_column_text][vc_empty_space height=&#8221;10px&#8221;][\/vc_column][vc_column width=&#8221;1\/3&#8243; css=&#8221;.vc_custom_1555771091774{margin-left: 22px !important;padding-top: 17px !important;padding-right: 10px !important;padding-bottom: 25px !important;}&#8221;]<style type=\"text\/css\" data-type=\"the7_shortcodes-inline-css\">#default-btn-6ab4d6c4afd00cd788853bccdfc1b35d {\n  border-radius: 1px;\n  font-size: 14px;\n  line-height: 16px;\n}\n.btn-shadow#default-btn-6ab4d6c4afd00cd788853bccdfc1b35d {\n  box-shadow: 0 1px 6px rgba(0,0,0,0.12);\n  transition: box-shadow 0.2s ease-out, opacity 0.45s;\n}\n.btn-shadow#default-btn-6ab4d6c4afd00cd788853bccdfc1b35d:hover {\n  box-shadow: 0 5px 11px 0 rgba(0,0,0,0.18), 0 4px 15px 0 rgba(0,0,0,0.15);\n}\n.btn-3d#default-btn-6ab4d6c4afd00cd788853bccdfc1b35d {\n  box-shadow: 0px 2px 0px 0px #816b10;\n}\n.btn-3d#default-btn-6ab4d6c4afd00cd788853bccdfc1b35d:hover {\n  box-shadow: 0px 2px 0px 0px #816b10;\n}\n.btn-flat#default-btn-6ab4d6c4afd00cd788853bccdfc1b35d {\n  box-shadow: none;\n}\n.btn-flat#default-btn-6ab4d6c4afd00cd788853bccdfc1b35d:hover {\n  box-shadow: none;\n}\n#default-btn-6ab4d6c4afd00cd788853bccdfc1b35d.ico-right-side > i {\n  margin-right: 0px;\n  margin-left: 8px;\n}\n#default-btn-6ab4d6c4afd00cd788853bccdfc1b35d > i {\n  margin-right: 8px;\n  font-size: 14px;\n}\n#default-btn-6ab4d6c4afd00cd788853bccdfc1b35d:not(:hover) {\n  border-width: 0px;\n  color: #000000;\n  background: #cca402 !important;\n  padding: 12px 18px 12px 18px;\n}\n#default-btn-6ab4d6c4afd00cd788853bccdfc1b35d:not(:hover) * {\n  color: #000000;\n}\n#default-btn-6ab4d6c4afd00cd788853bccdfc1b35d:hover {\n  border-width: 0px;\n  background: #cca402 !important;\n  padding: 12px 18px 12px 18px;\n}\n#default-btn-6ab4d6c4afd00cd788853bccdfc1b35d.ico-right-side > i {\n  margin-right: 0px;\n  margin-left: 8px;\n}\n#default-btn-6ab4d6c4afd00cd788853bccdfc1b35d > i {\n  margin-right: 8px;\n}<\/style><a href=\"https:\/\/knockvaxjo.bokad.se\/s\/2\" class=\"default-btn-shortcode dt-btn rubberBand animate-element animation-builder link-hover-off btn-inline-left btn-flat  vc_custom_1668611670596\" target=\"_blank\" id=\"default-btn-6ab4d6c4afd00cd788853bccdfc1b35d\" style=\"width:256px;\" rel=\"noopener\"><span>Boka nu<\/span><\/a>[vc_column_text css=&#8221;.vc_custom_1578047526713{padding-top: 10px !important;}&#8221;]<span style=\"color: #999999;\">Eller kontakta oss via 0470-122 22 <\/span><a href=\"mailto:vaxjo@eventcenter.se\"><span style=\"color: #999999;\">vaxjo@eventcenter.se<\/span><\/a>[\/vc_column_text][vc_empty_space height=&#8221;20px&#8221;][vc_single_image image=&#8221;3563&#8243; img_size=&#8221;full&#8221; css=&#8221;.vc_custom_1613915943696{padding-right: 50px !important;}&#8221; image_hovers=&#8221;false&#8221;][\/vc_column][\/vc_row][vc_row disable_element=&#8221;yes&#8221; el_class=&#8221;teaserbx vc_hidden-lg vc_hidden-md vc_hidden-sm&#8221;][vc_column width=&#8221;1\/2&#8243;][\/vc_column][\/vc_row][vc_row][vc_column][vc_empty_space height=&#8221;00px&#8221;][\/vc_column][\/vc_row][vc_row][vc_column][\/vc_column][\/vc_row][vc_row][vc_column][\/vc_column][\/vc_row]<\/p>\n<\/div>","protected":false},"excerpt":{"rendered":"<p>[vc_row full_width=&#8221;stretch_row&#8221; content_placement=&#8221;top&#8221; bg_type=&#8221;image&#8221; css=&#8221;.vc_custom_1649079134194{padding-top: 250px !important;padding-bottom: 250px !important;background-image: url(https:\/\/eventcenter.se\/vaxjo\/wp-content\/uploads\/2022\/04\/The-Bomb.jpg?id=4408) !important;}&#8221; el_class=&#8221;vc_hidden-xs&#8221;][vc_column offset=&#8221;vc_hidden-xs&#8221;][\/vc_column][\/vc_row][vc_row full_width=&#8221;stretch_row_content&#8221; content_placement=&#8221;top&#8221; bg_type=&#8221;image&#8221; css=&#8221;.vc_custom_1747298197630{padding-top: 450px !important;padding-bottom: 0px !important;background-image: url(https:\/\/eventcenter.se\/vaxjo\/wp-content\/uploads\/2025\/05\/The-Box.jpg?id=5813) !important;}&#8221; el_class=&#8221;vc_hidden-lg vc_hidden-md vc_hidden-sm&#8221;][vc_column offset=&#8221;vc_hidden-xs&#8221;][\/vc_column][\/vc_row][vc_row bg_type=&#8221;image&#8221; parallax_style=&#8221;vcpb-default&#8221; bg_image_new=&#8221;id^1247|url^https:\/\/eventcenter.se\/vaxjo\/wp-content\/uploads\/2019\/04\/menu-bg5.jpg|caption^Event Center Knock em Down V\u00e4xj\u00f6 Restaurang Bowling Boule Biljard Background Event Center V\u00e4xj\u00f6 Restaurang Bowling Boule Biljard Knock em Down|alt^Event Center Knock em Down V\u00e4xj\u00f6&hellip;<\/p>\n","protected":false},"author":3,"featured_media":0,"parent":0,"menu_order":0,"comment_status":"closed","ping_status":"closed","template":"","meta":{"footnotes":""},"class_list":["post-954","page","type-page","status-publish","hentry","description-off"],"yoast_head":"<!-- This site is optimized with the Yoast SEO plugin v27.2 - https:\/\/yoast.com\/product\/yoast-seo-wordpress\/ -->\n<title>THE CHALLENGE - Knock &#039;em Down - Upplevelser i v\u00e4rldsklass<\/title>\n<meta name=\"description\" content=\"Teambuilding, utmaningar och upplevelser st\u00e5r i fokus. \u201cVi var inte n\u00f6jda med marknadens utbud \u2013 d\u00e4rf\u00f6r skapade vi flaggskeppet The Challenge i V\u00e4xj\u00f6!\u201d\" \/>\n<meta name=\"robots\" content=\"index, follow, max-snippet:-1, max-image-preview:large, max-video-preview:-1\" \/>\n<link rel=\"canonical\" href=\"https:\/\/eventcenter.se\/vaxjo\/the-challenge-vaxjo\/\" \/>\n<meta property=\"og:locale\" content=\"sv_SE\" \/>\n<meta property=\"og:type\" content=\"article\" \/>\n<meta property=\"og:title\" content=\"THE CHALLENGE - Knock &#039;em Down - Upplevelser i v\u00e4rldsklass\" \/>\n<meta property=\"og:description\" content=\"Teambuilding, utmaningar och upplevelser st\u00e5r i fokus. \u201cVi var inte n\u00f6jda med marknadens utbud \u2013 d\u00e4rf\u00f6r skapade vi flaggskeppet The Challenge i V\u00e4xj\u00f6!\u201d\" \/>\n<meta property=\"og:url\" content=\"https:\/\/eventcenter.se\/vaxjo\/the-challenge-vaxjo\/\" \/>\n<meta property=\"og:site_name\" content=\"Event Center Knock &#039;em Down\" \/>\n<meta property=\"article:modified_time\" content=\"2025-11-27T10:48:50+00:00\" \/>\n<meta property=\"og:image\" content=\"https:\/\/eventcenter.se\/vaxjo\/wp-content\/uploads\/2022\/11\/Boka-The-Challenge.jpg\" \/>\n\t<meta property=\"og:image:width\" content=\"960\" \/>\n\t<meta property=\"og:image:height\" content=\"540\" \/>\n\t<meta property=\"og:image:type\" content=\"image\/jpeg\" \/>\n<meta name=\"twitter:card\" content=\"summary_large_image\" \/>\n<meta name=\"twitter:label1\" content=\"Ber\u00e4knad l\u00e4stid\" \/>\n\t<meta name=\"twitter:data1\" content=\"3 minuter\" \/>\n<script type=\"application\/ld+json\" class=\"yoast-schema-graph\">{\"@context\":\"https:\/\/schema.org\",\"@graph\":[{\"@type\":\"WebPage\",\"@id\":\"https:\/\/eventcenter.se\/vaxjo\/the-challenge-vaxjo\/\",\"url\":\"https:\/\/eventcenter.se\/vaxjo\/the-challenge-vaxjo\/\",\"name\":\"THE CHALLENGE - Knock 'em Down - Upplevelser i v\u00e4rldsklass\",\"isPartOf\":{\"@id\":\"https:\/\/eventcenter.se\/vaxjo\/#website\"},\"primaryImageOfPage\":{\"@id\":\"https:\/\/eventcenter.se\/vaxjo\/the-challenge-vaxjo\/#primaryimage\"},\"image\":{\"@id\":\"https:\/\/eventcenter.se\/vaxjo\/the-challenge-vaxjo\/#primaryimage\"},\"thumbnailUrl\":\"https:\/\/eventcenter.se\/vaxjo\/wp-content\/uploads\/2022\/11\/Boka-The-Challenge.jpg\",\"datePublished\":\"2019-04-13T07:24:16+00:00\",\"dateModified\":\"2025-11-27T10:48:50+00:00\",\"description\":\"Teambuilding, utmaningar och upplevelser st\u00e5r i fokus. \u201cVi var inte n\u00f6jda med marknadens utbud \u2013 d\u00e4rf\u00f6r skapade vi flaggskeppet The Challenge i V\u00e4xj\u00f6!\u201d\",\"breadcrumb\":{\"@id\":\"https:\/\/eventcenter.se\/vaxjo\/the-challenge-vaxjo\/#breadcrumb\"},\"inLanguage\":\"sv-SE\",\"potentialAction\":[{\"@type\":\"ReadAction\",\"target\":[\"https:\/\/eventcenter.se\/vaxjo\/the-challenge-vaxjo\/\"]}]},{\"@type\":\"ImageObject\",\"inLanguage\":\"sv-SE\",\"@id\":\"https:\/\/eventcenter.se\/vaxjo\/the-challenge-vaxjo\/#primaryimage\",\"url\":\"https:\/\/eventcenter.se\/vaxjo\/wp-content\/uploads\/2022\/11\/Boka-The-Challenge.jpg\",\"contentUrl\":\"https:\/\/eventcenter.se\/vaxjo\/wp-content\/uploads\/2022\/11\/Boka-The-Challenge.jpg\",\"width\":960,\"height\":540,\"caption\":\"Boka The Challenge\"},{\"@type\":\"BreadcrumbList\",\"@id\":\"https:\/\/eventcenter.se\/vaxjo\/the-challenge-vaxjo\/#breadcrumb\",\"itemListElement\":[{\"@type\":\"ListItem\",\"position\":1,\"name\":\"Home\",\"item\":\"https:\/\/eventcenter.se\/vaxjo\/\"},{\"@type\":\"ListItem\",\"position\":2,\"name\":\"THE CHALLENGE\"}]},{\"@type\":\"WebSite\",\"@id\":\"https:\/\/eventcenter.se\/vaxjo\/#website\",\"url\":\"https:\/\/eventcenter.se\/vaxjo\/\",\"name\":\"Event Center Knock &#039;em Down\",\"description\":\"Ger dig upplevelser i v\u00e4rldsklass\",\"potentialAction\":[{\"@type\":\"SearchAction\",\"target\":{\"@type\":\"EntryPoint\",\"urlTemplate\":\"https:\/\/eventcenter.se\/vaxjo\/?s={search_term_string}\"},\"query-input\":{\"@type\":\"PropertyValueSpecification\",\"valueRequired\":true,\"valueName\":\"search_term_string\"}}],\"inLanguage\":\"sv-SE\"}]}<\/script>\n<!-- \/ Yoast SEO plugin. -->","yoast_head_json":{"title":"THE CHALLENGE - Knock 'em Down - Upplevelser i v\u00e4rldsklass","description":"Teambuilding, utmaningar och upplevelser st\u00e5r i fokus. \u201cVi var inte n\u00f6jda med marknadens utbud \u2013 d\u00e4rf\u00f6r skapade vi flaggskeppet The Challenge i V\u00e4xj\u00f6!\u201d","robots":{"index":"index","follow":"follow","max-snippet":"max-snippet:-1","max-image-preview":"max-image-preview:large","max-video-preview":"max-video-preview:-1"},"canonical":"https:\/\/eventcenter.se\/vaxjo\/the-challenge-vaxjo\/","og_locale":"sv_SE","og_type":"article","og_title":"THE CHALLENGE - Knock 'em Down - Upplevelser i v\u00e4rldsklass","og_description":"Teambuilding, utmaningar och upplevelser st\u00e5r i fokus. \u201cVi var inte n\u00f6jda med marknadens utbud \u2013 d\u00e4rf\u00f6r skapade vi flaggskeppet The Challenge i V\u00e4xj\u00f6!\u201d","og_url":"https:\/\/eventcenter.se\/vaxjo\/the-challenge-vaxjo\/","og_site_name":"Event Center Knock &#039;em Down","article_modified_time":"2025-11-27T10:48:50+00:00","og_image":[{"width":960,"height":540,"url":"https:\/\/eventcenter.se\/vaxjo\/wp-content\/uploads\/2022\/11\/Boka-The-Challenge.jpg","type":"image\/jpeg"}],"twitter_card":"summary_large_image","twitter_misc":{"Ber\u00e4knad l\u00e4stid":"3 minuter"},"schema":{"@context":"https:\/\/schema.org","@graph":[{"@type":"WebPage","@id":"https:\/\/eventcenter.se\/vaxjo\/the-challenge-vaxjo\/","url":"https:\/\/eventcenter.se\/vaxjo\/the-challenge-vaxjo\/","name":"THE CHALLENGE - Knock 'em Down - Upplevelser i v\u00e4rldsklass","isPartOf":{"@id":"https:\/\/eventcenter.se\/vaxjo\/#website"},"primaryImageOfPage":{"@id":"https:\/\/eventcenter.se\/vaxjo\/the-challenge-vaxjo\/#primaryimage"},"image":{"@id":"https:\/\/eventcenter.se\/vaxjo\/the-challenge-vaxjo\/#primaryimage"},"thumbnailUrl":"https:\/\/eventcenter.se\/vaxjo\/wp-content\/uploads\/2022\/11\/Boka-The-Challenge.jpg","datePublished":"2019-04-13T07:24:16+00:00","dateModified":"2025-11-27T10:48:50+00:00","description":"Teambuilding, utmaningar och upplevelser st\u00e5r i fokus. \u201cVi var inte n\u00f6jda med marknadens utbud \u2013 d\u00e4rf\u00f6r skapade vi flaggskeppet The Challenge i V\u00e4xj\u00f6!\u201d","breadcrumb":{"@id":"https:\/\/eventcenter.se\/vaxjo\/the-challenge-vaxjo\/#breadcrumb"},"inLanguage":"sv-SE","potentialAction":[{"@type":"ReadAction","target":["https:\/\/eventcenter.se\/vaxjo\/the-challenge-vaxjo\/"]}]},{"@type":"ImageObject","inLanguage":"sv-SE","@id":"https:\/\/eventcenter.se\/vaxjo\/the-challenge-vaxjo\/#primaryimage","url":"https:\/\/eventcenter.se\/vaxjo\/wp-content\/uploads\/2022\/11\/Boka-The-Challenge.jpg","contentUrl":"https:\/\/eventcenter.se\/vaxjo\/wp-content\/uploads\/2022\/11\/Boka-The-Challenge.jpg","width":960,"height":540,"caption":"Boka The Challenge"},{"@type":"BreadcrumbList","@id":"https:\/\/eventcenter.se\/vaxjo\/the-challenge-vaxjo\/#breadcrumb","itemListElement":[{"@type":"ListItem","position":1,"name":"Home","item":"https:\/\/eventcenter.se\/vaxjo\/"},{"@type":"ListItem","position":2,"name":"THE CHALLENGE"}]},{"@type":"WebSite","@id":"https:\/\/eventcenter.se\/vaxjo\/#website","url":"https:\/\/eventcenter.se\/vaxjo\/","name":"Event Center Knock &#039;em Down","description":"Ger dig upplevelser i v\u00e4rldsklass","potentialAction":[{"@type":"SearchAction","target":{"@type":"EntryPoint","urlTemplate":"https:\/\/eventcenter.se\/vaxjo\/?s={search_term_string}"},"query-input":{"@type":"PropertyValueSpecification","valueRequired":true,"valueName":"search_term_string"}}],"inLanguage":"sv-SE"}]}},"_links":{"self":[{"href":"https:\/\/eventcenter.se\/vaxjo\/wp-json\/wp\/v2\/pages\/954","targetHints":{"allow":["GET"]}}],"collection":[{"href":"https:\/\/eventcenter.se\/vaxjo\/wp-json\/wp\/v2\/pages"}],"about":[{"href":"https:\/\/eventcenter.se\/vaxjo\/wp-json\/wp\/v2\/types\/page"}],"author":[{"embeddable":true,"href":"https:\/\/eventcenter.se\/vaxjo\/wp-json\/wp\/v2\/users\/3"}],"replies":[{"embeddable":true,"href":"https:\/\/eventcenter.se\/vaxjo\/wp-json\/wp\/v2\/comments?post=954"}],"version-history":[{"count":41,"href":"https:\/\/eventcenter.se\/vaxjo\/wp-json\/wp\/v2\/pages\/954\/revisions"}],"predecessor-version":[{"id":6056,"href":"https:\/\/eventcenter.se\/vaxjo\/wp-json\/wp\/v2\/pages\/954\/revisions\/6056"}],"wp:attachment":[{"href":"https:\/\/eventcenter.se\/vaxjo\/wp-json\/wp\/v2\/media?parent=954"}],"curies":[{"name":"wp","href":"https:\/\/api.w.org\/{rel}","templated":true}]}}